{"id":32138,"date":"2024-09-09T05:55:58","date_gmt":"2024-09-09T03:55:58","guid":{"rendered":"https:\/\/info.openlane.eu\/search-2\/"},"modified":"2025-01-14T16:49:57","modified_gmt":"2025-01-14T15:49:57","slug":"search","status":"publish","type":"page","link":"https:\/\/info.openlane.eu\/es\/start-to-buy\/buying-features\/search\/","title":{"rendered":"Subastas de autom\u00f3viles en l\u00ednea"},"content":{"rendered":"<section class=\"l-section wpb_row height_medium\"><div class=\"l-section-h i-cf\"><div class=\"g-cols vc_row via_grid cols_1 laptops-cols_inherit tablets-cols_inherit mobiles-cols_1 valign_top type_default stacking_default\"><div class=\"wpb_column vc_column_container\"><div class=\"vc_column-inner\"><div class=\"wpb_text_column\"><div class=\"wpb_wrapper\"><div class=\"g-breadcrumbs\"><div class=\"g-breadcrumbs-item\"><a href=\"https:\/\/info.openlane.eu\/es\/\" title=\"Centro de informaci\u00f3n\">Centro de informaci\u00f3n<\/a><\/div><div class=\"g-breadcrumbs-separator\">\/<\/div><\/div>\n<\/div><\/div><div class=\"w-separator size_small\"><\/div><div class=\"g-cols wpb_row via_grid cols_1 laptops-cols_inherit tablets-cols_inherit mobiles-cols_1 valign_top type_default stacking_default\" style=\"--columns-gap:3rem;\"><div class=\"wpb_column vc_column_container\"><div class=\"vc_column-inner\"><div class=\"wpb_text_column\"><div class=\"wpb_wrapper\"><h1>Subastas de autom\u00f3viles en l\u00ednea<\/h1>\n<p><strong>El mercado de autom\u00f3viles en l\u00ednea de OPENLANE brinda a los comerciantes y distribuidores de autom\u00f3viles profesionales acceso a m\u00e1s de 12.000 veh\u00edculos todos los d\u00edas.\u202fComprar autom\u00f3viles a trav\u00e9s de OPENLANE es f\u00e1cil, pr\u00e1ctico y una excelente manera de ahorrar mucho dinero. Ofrecemos todo tipo de autom\u00f3viles, desde <a href=\"https:\/\/www.openlane.eu\/es\/findcar?bodyTypes=Berline%2CCompact%2CBreak%2CCoup%C3%A9%2CMPV%2CCabriolet%2CHatchback%2CSUV%2CMinibus\" target=\"_blank\" rel=\"noopener\">Turismos<\/a> hasta <a href=\"https:\/\/www.openlane.eu\/es\/findcar?bodyTypes=Lighttruck\" target=\"_blank\" rel=\"noopener\">furgonetas y camiones ligeros<\/a>, e incluso Veh\u00edculos <a href=\"https:\/\/www.openlane.eu\/es\/findcar?damageTypes=4%2C2%2C3\" target=\"_blank\" rel=\"noopener\">accidentados<\/a>. <a href=\"\/es?page_id=4180\">Explore nuestra oferta<\/a>.\u202f\u202f <\/strong><\/p>\n<\/div><\/div><\/div><\/div><\/div><\/div><\/div><\/div><\/div><\/section><section class=\"l-section wpb_row height_medium color_alternate\"><div class=\"l-section-h i-cf\"><div class=\"g-cols vc_row via_grid cols_1 laptops-cols_inherit tablets-cols_inherit mobiles-cols_1 valign_top type_default stacking_default\"><div class=\"wpb_column vc_column_container\"><div class=\"vc_column-inner\"><div class=\"g-cols wpb_row via_grid cols_1 laptops-cols_inherit tablets-cols_inherit mobiles-cols_1 valign_top type_default stacking_default\" style=\"--columns-gap:3rem;\"><div class=\"wpb_column vc_column_container\"><div class=\"vc_column-inner\"><div class=\"wpb_text_column\"><div class=\"wpb_wrapper\"><h2>Busque veh\u00edculos espec\u00edficos o explore nuestras subastas<\/h2>\n<p>Ya necesite encontrar un determinado tipo de veh\u00edculo o simplemente est\u00e9 buscando una ganga, descubrir\u00e1 un mont\u00f3n de opciones en OPENLANE. Utilice nuestras opciones de b\u00fasqueda integradas para encontrar el autom\u00f3vil que enecesita con s\u00f3lo unos pocos clics:<\/p>\n<\/div><\/div><div class=\"w-separator size_medium\"><\/div><div class=\"w-hwrapper counter--section valign_top stack_on_mobiles align_none\" style=\"--hwrapper-gap:1.5rem\"><div class=\"wpb_text_column counter--number\"><div class=\"wpb_wrapper\"><p><span data-metadata=\"&amp;lt;!--(figmeta)eyJmaWxlS2V5IjoicjVDUFlXREM4OEVxUW5GQVNua2RRNyIsInBhc3RlSUQiOjE1MTEwNTM0OTIsImRhdGFUeXBlIjoic2NlbmUifQo=(\/figmeta)--&amp;gt;\"><\/span>1<\/p>\n<\/div><\/div><div class=\"wpb_text_column\"><div class=\"wpb_wrapper\"><h5>B\u00fasqueda r\u00e1pida<\/h5>\n<p>La funci\u00f3n B\u00fasqueda r\u00e1pida est\u00e1 disponible directamente en <a href=\"https:\/\/www.openlane.eu\/es\/home\" target=\"_blank\" rel=\"noopener\">nuestra p\u00e1gina de inicio<\/a>. Simplemente seleccione los criterios que m\u00e1s le convengan y haga clic en el bot\u00f3n &#8216;Mostrar X n\u00famero de veh\u00edculos&#8217; para comenzar a explorar las coincidencias disponibles.<\/p>\n<\/div><\/div><\/div><div class=\"w-separator size_medium\"><\/div><div class=\"w-hwrapper counter--section valign_top stack_on_mobiles align_none\" style=\"--hwrapper-gap:1.5rem\"><div class=\"wpb_text_column counter--number\"><div class=\"wpb_wrapper\"><p><span data-metadata=\"&amp;lt;!--(figmeta)eyJmaWxlS2V5IjoicjVDUFlXREM4OEVxUW5GQVNua2RRNyIsInBhc3RlSUQiOjE1MTEwNTM0OTIsImRhdGFUeXBlIjoic2NlbmUifQo=(\/figmeta)--&amp;gt;\"><\/span>2<\/p>\n<\/div><\/div><div class=\"wpb_text_column\"><div class=\"wpb_wrapper\"><h5>B\u00fasqueda avanzada<\/h5>\n<p>Las b\u00fasquedas m\u00e1s matizadas requieren algunos detalles adicionales. Si no encuentra lo que busca con una B\u00fasqueda r\u00e1pida, este es su siguiente paso. Haga clic en <a href=\"https:\/\/www.openlane.eu\/es\/findcar\/advanced\" target=\"_blank\" rel=\"noopener\">Buscar <\/a>\u202fe ingrese los criterios de b\u00fasqueda m\u00e1s apropiados, como Marca, Modelo, Tipo de combustible y Rango de precios. Usted decide qu\u00e9 es lo m\u00e1s importante y qu\u00e9 criterios le ayudar\u00e1n a encontrar el coche que necesita. \u00bfCompra regularmente el mismo tipo de coches? Inicie sesi\u00f3n para guardar sus par\u00e1metros de b\u00fasqueda para que todo sea m\u00e1s f\u00e1cil la pr\u00f3xima vez.<\/p>\n<p><strong>Consejo:<\/strong>\u202fsi guarda sus par\u00e1metros de b\u00fasqueda le enviaremos un correo electr\u00f3nico cuando haya un veh\u00edculo disponible que coincida con sus necesidades. Puede optar por recibir o no estos correos electr\u00f3nicos personalizando sus Notificaciones en la secci\u00f3n &#8216;Configuraci\u00f3n&#8217; de la p\u00e1gina &#8216;Mi cuenta&#8217;.<\/p>\n<\/div><\/div><\/div><div class=\"w-separator size_medium\"><\/div><div class=\"w-hwrapper counter--section valign_top stack_on_mobiles align_none\" style=\"--hwrapper-gap:1.5rem\"><div class=\"wpb_text_column counter--number\"><div class=\"wpb_wrapper\"><p><span data-metadata=\"&amp;lt;!--(figmeta)eyJmaWxlS2V5IjoicjVDUFlXREM4OEVxUW5GQVNua2RRNyIsInBhc3RlSUQiOjE1MTEwNTM0OTIsImRhdGFUeXBlIjoic2NlbmUifQo=(\/figmeta)--&amp;gt;\"><\/span>3<\/p>\n<\/div><\/div><div class=\"wpb_text_column\"><div class=\"wpb_wrapper\"><h5>Resumen de subastas<\/h5>\n<p>Para explorar las subastas que est\u00e1n sucediendo en un momento dado, vaya a la\u202fp\u00e1gina \u202f<a href=\"https:\/\/www.openlane.eu\/es\/auctions\" target=\"_blank\" rel=\"noopener\">Subastas<\/a>. Refine su b\u00fasqueda utilizando las opciones de Filtro en el lado izquierdo de la pantalla para ver r\u00e1pidamente los veh\u00edculos disponibles que satisfagan sus necesidades. Guarde sus filtros de b\u00fasqueda para que las b\u00fasquedas posteriores sean a\u00fan m\u00e1s r\u00e1pidas y sencillas.<\/p>\n<p><strong>Consejo:<\/strong> Tambi\u00e9n puede usar nuestra <a href=\"https:\/\/www.openlane.eu\/es\/auctions\" target=\"_blank\" rel=\"noopener\"><strong>aplicaci\u00f3n\u202f<\/strong><\/a><strong><a href=\"\/es?page_id=9616\">m\u00f3vil<\/a><\/strong>, disponible para Android e iOS. Esta le ayuda a administrar sus ofertas y le permite realizar un seguimiento de las subastas en tiempo real, sin importar d\u00f3nde se encuentre f\u00edsicamente.<\/p>\n<\/div><\/div><\/div><\/div><\/div><\/div><\/div><\/div><\/div><\/div><\/section>\n","protected":false},"excerpt":{"rendered":"<p>El mercado de autom\u00f3viles en l\u00ednea de OPENLANE brinda a los comerciantes y distribuidores de autom\u00f3viles profesionales acceso a m\u00e1s de 12.000 veh\u00edculos todos los d\u00edas.\u202fComprar autom\u00f3viles a trav\u00e9s de OPENLANE es f\u00e1cil, pr\u00e1ctico y una excelente manera de ahorrar mucho dinero. Ofrecemos todo tipo de autom\u00f3viles, desde Turismos hasta furgonetas y camiones ligeros, e incluso Veh\u00edculos accidentados. Explore nuestra oferta.\u202f\u202f<\/p>\n","protected":false},"author":1,"featured_media":0,"parent":32137,"menu_order":0,"comment_status":"closed","ping_status":"closed","template":"","meta":{"_acf_changed":false,"footnotes":""},"class_list":["post-32138","page","type-page","status-publish","hentry"],"acf":[],"yoast_head":"<!-- This site is optimized with the Yoast SEO Premium plugin v26.9 (Yoast SEO v27.5) - https:\/\/yoast.com\/product\/yoast-seo-premium-wordpress\/ -->\n<title>3 maneras de buscar de manera efectiva en nuestra plataforma | OPENLANE<\/title>\n<meta name=\"description\" content=\"Descubra c\u00f3mo buscar de forma eficiente en OPENLANE. Explore tres m\u00e9todos sencillos para localizar veh\u00edculos, refinar resultados y navegar por nuestra plataforma con facilidad. \u00a1Empiece a buscar de forma m\u00e1s inteligente hoy mismo!\" \/>\n<meta name=\"robots\" content=\"index, follow, max-snippet:-1, max-image-preview:large, max-video-preview:-1\" \/>\n<link rel=\"canonical\" href=\"https:\/\/info.openlane.eu\/es\/start-to-buy\/buying-features\/search\/\" \/>\n<meta property=\"og:locale\" content=\"es_ES\" \/>\n<meta property=\"og:type\" content=\"article\" \/>\n<meta property=\"og:title\" content=\"Subastas de autom\u00f3viles en l\u00ednea\" \/>\n<meta property=\"og:description\" content=\"Descubra c\u00f3mo buscar de forma eficiente en OPENLANE. Explore tres m\u00e9todos sencillos para localizar veh\u00edculos, refinar resultados y navegar por nuestra plataforma con facilidad. \u00a1Empiece a buscar de forma m\u00e1s inteligente hoy mismo!\" \/>\n<meta property=\"og:url\" content=\"https:\/\/info.openlane.eu\/es\/start-to-buy\/buying-features\/search\/\" \/>\n<meta property=\"og:site_name\" content=\"OPENLANE\" \/>\n<meta property=\"article:publisher\" content=\"https:\/\/www.facebook.com\/OPENLANE.Europe\" \/>\n<meta property=\"article:modified_time\" content=\"2025-01-14T15:49:57+00:00\" \/>\n<meta property=\"og:image\" content=\"https:\/\/info.openlane.eu\/wp-content\/uploads\/2025\/12\/logo-1200x675-1.png\" \/>\n\t<meta property=\"og:image:width\" content=\"1200\" \/>\n\t<meta property=\"og:image:height\" content=\"675\" \/>\n\t<meta property=\"og:image:type\" content=\"image\/png\" \/>\n<meta name=\"twitter:card\" content=\"summary_large_image\" \/>\n<meta name=\"twitter:site\" content=\"@OPENLANE_Europe\" \/>\n<meta name=\"twitter:label1\" content=\"Tiempo de lectura\" \/>\n\t<meta name=\"twitter:data1\" content=\"2 minutos\" \/>\n<script type=\"application\/ld+json\" class=\"yoast-schema-graph\">{\"@context\":\"https:\\\/\\\/schema.org\",\"@graph\":[{\"@type\":\"WebPage\",\"@id\":\"https:\\\/\\\/info.openlane.eu\\\/es\\\/start-to-buy\\\/buying-features\\\/search\\\/\",\"url\":\"https:\\\/\\\/info.openlane.eu\\\/es\\\/start-to-buy\\\/buying-features\\\/search\\\/\",\"name\":\"3 maneras de buscar de manera efectiva en nuestra plataforma | OPENLANE\",\"isPartOf\":{\"@id\":\"https:\\\/\\\/info.openlane.eu\\\/es\\\/#website\"},\"datePublished\":\"2024-09-09T03:55:58+00:00\",\"dateModified\":\"2025-01-14T15:49:57+00:00\",\"description\":\"Descubra c\u00f3mo buscar de forma eficiente en OPENLANE. Explore tres m\u00e9todos sencillos para localizar veh\u00edculos, refinar resultados y navegar por nuestra plataforma con facilidad. \u00a1Empiece a buscar de forma m\u00e1s inteligente hoy mismo!\",\"breadcrumb\":{\"@id\":\"https:\\\/\\\/info.openlane.eu\\\/es\\\/start-to-buy\\\/buying-features\\\/search\\\/#breadcrumb\"},\"inLanguage\":\"es\",\"potentialAction\":[{\"@type\":\"ReadAction\",\"target\":[\"https:\\\/\\\/info.openlane.eu\\\/es\\\/start-to-buy\\\/buying-features\\\/search\\\/\"]}]},{\"@type\":\"BreadcrumbList\",\"@id\":\"https:\\\/\\\/info.openlane.eu\\\/es\\\/start-to-buy\\\/buying-features\\\/search\\\/#breadcrumb\",\"itemListElement\":[{\"@type\":\"ListItem\",\"position\":1,\"name\":\"Home\",\"item\":\"https:\\\/\\\/info.openlane.eu\\\/es\\\/\"},{\"@type\":\"ListItem\",\"position\":2,\"name\":\"Empiece a comprar\",\"item\":\"https:\\\/\\\/info.openlane.eu\\\/es\\\/start-to-buy\\\/\"},{\"@type\":\"ListItem\",\"position\":3,\"name\":\"Funciones de compra\",\"item\":\"https:\\\/\\\/info.openlane.eu\\\/es\\\/start-to-buy\\\/buying-features\\\/\"},{\"@type\":\"ListItem\",\"position\":4,\"name\":\"Subastas de autom\u00f3viles en l\u00ednea\"}]},{\"@type\":\"WebSite\",\"@id\":\"https:\\\/\\\/info.openlane.eu\\\/es\\\/#website\",\"url\":\"https:\\\/\\\/info.openlane.eu\\\/es\\\/\",\"name\":\"OPENLANE\",\"description\":\"Online used car auction website\",\"publisher\":{\"@id\":\"https:\\\/\\\/info.openlane.eu\\\/es\\\/#organization\"},\"potentialAction\":[{\"@type\":\"SearchAction\",\"target\":{\"@type\":\"EntryPoint\",\"urlTemplate\":\"https:\\\/\\\/info.openlane.eu\\\/es\\\/?s={search_term_string}\"},\"query-input\":{\"@type\":\"PropertyValueSpecification\",\"valueRequired\":true,\"valueName\":\"search_term_string\"}}],\"inLanguage\":\"es\"},{\"@type\":\"Organization\",\"@id\":\"https:\\\/\\\/info.openlane.eu\\\/es\\\/#organization\",\"name\":\"OPENLANE\",\"url\":\"https:\\\/\\\/info.openlane.eu\\\/es\\\/\",\"logo\":{\"@type\":\"ImageObject\",\"inLanguage\":\"es\",\"@id\":\"https:\\\/\\\/info.openlane.eu\\\/es\\\/#\\\/schema\\\/logo\\\/image\\\/\",\"url\":\"https:\\\/\\\/info.openlane.eu\\\/wp-content\\\/uploads\\\/2025\\\/12\\\/openlane-RGB-on-Wht.png\",\"contentUrl\":\"https:\\\/\\\/info.openlane.eu\\\/wp-content\\\/uploads\\\/2025\\\/12\\\/openlane-RGB-on-Wht.png\",\"width\":615,\"height\":159,\"caption\":\"OPENLANE\"},\"image\":{\"@id\":\"https:\\\/\\\/info.openlane.eu\\\/es\\\/#\\\/schema\\\/logo\\\/image\\\/\"},\"sameAs\":[\"https:\\\/\\\/www.facebook.com\\\/OPENLANE.Europe\",\"https:\\\/\\\/x.com\\\/OPENLANE_Europe\",\"https:\\\/\\\/www.linkedin.com\\\/company\\\/openlane-europe\",\"https:\\\/\\\/www.instagram.com\\\/openlane_europe\\\/\"],\"description\":\"Our purpose is to make used car wholesale easy so our customers can be more successful. We sell high-quality second-hand vehicles exclusively and directly to car dealers and traders. All cars come with quality car descriptions and inspections. Our digital marketplace is the fresh wave carrying the automotive industry into the digital age. We give car traders more opportunities, more flexibility and more freedom than can be found anywhere else. Our strong commitment to quality and service drives us to continuously improve our offerings to suit the industry\u2019s ever-evolving needs. We aim to be the best and we strive to help our customers do the same. With flexible, modular and end-to-end remarketing solutions, and customer service in more than 20 languages, we offer innovative, tech-driven solutions and services that help customers to buy and sell with ease across Europe.\",\"email\":\"info@openlane.eu\",\"telephone\":\"+32 (0)16 38 00 68\",\"legalName\":\"OPENLANE Europe NV\",\"vatID\":\"BE0867129223\",\"numberOfEmployees\":{\"@type\":\"QuantitativeValue\",\"minValue\":\"201\",\"maxValue\":\"500\"}}]}<\/script>\n<!-- \/ Yoast SEO Premium plugin. -->","yoast_head_json":{"title":"3 maneras de buscar de manera efectiva en nuestra plataforma | OPENLANE","description":"Descubra c\u00f3mo buscar de forma eficiente en OPENLANE. Explore tres m\u00e9todos sencillos para localizar veh\u00edculos, refinar resultados y navegar por nuestra plataforma con facilidad. \u00a1Empiece a buscar de forma m\u00e1s inteligente hoy mismo!","robots":{"index":"index","follow":"follow","max-snippet":"max-snippet:-1","max-image-preview":"max-image-preview:large","max-video-preview":"max-video-preview:-1"},"canonical":"https:\/\/info.openlane.eu\/es\/start-to-buy\/buying-features\/search\/","og_locale":"es_ES","og_type":"article","og_title":"Subastas de autom\u00f3viles en l\u00ednea","og_description":"Descubra c\u00f3mo buscar de forma eficiente en OPENLANE. Explore tres m\u00e9todos sencillos para localizar veh\u00edculos, refinar resultados y navegar por nuestra plataforma con facilidad. \u00a1Empiece a buscar de forma m\u00e1s inteligente hoy mismo!","og_url":"https:\/\/info.openlane.eu\/es\/start-to-buy\/buying-features\/search\/","og_site_name":"OPENLANE","article_publisher":"https:\/\/www.facebook.com\/OPENLANE.Europe","article_modified_time":"2025-01-14T15:49:57+00:00","og_image":[{"width":1200,"height":675,"url":"https:\/\/info.openlane.eu\/wp-content\/uploads\/2025\/12\/logo-1200x675-1.png","type":"image\/png"}],"twitter_card":"summary_large_image","twitter_site":"@OPENLANE_Europe","twitter_misc":{"Tiempo de lectura":"2 minutos"},"schema":{"@context":"https:\/\/schema.org","@graph":[{"@type":"WebPage","@id":"https:\/\/info.openlane.eu\/es\/start-to-buy\/buying-features\/search\/","url":"https:\/\/info.openlane.eu\/es\/start-to-buy\/buying-features\/search\/","name":"3 maneras de buscar de manera efectiva en nuestra plataforma | OPENLANE","isPartOf":{"@id":"https:\/\/info.openlane.eu\/es\/#website"},"datePublished":"2024-09-09T03:55:58+00:00","dateModified":"2025-01-14T15:49:57+00:00","description":"Descubra c\u00f3mo buscar de forma eficiente en OPENLANE. Explore tres m\u00e9todos sencillos para localizar veh\u00edculos, refinar resultados y navegar por nuestra plataforma con facilidad. \u00a1Empiece a buscar de forma m\u00e1s inteligente hoy mismo!","breadcrumb":{"@id":"https:\/\/info.openlane.eu\/es\/start-to-buy\/buying-features\/search\/#breadcrumb"},"inLanguage":"es","potentialAction":[{"@type":"ReadAction","target":["https:\/\/info.openlane.eu\/es\/start-to-buy\/buying-features\/search\/"]}]},{"@type":"BreadcrumbList","@id":"https:\/\/info.openlane.eu\/es\/start-to-buy\/buying-features\/search\/#breadcrumb","itemListElement":[{"@type":"ListItem","position":1,"name":"Home","item":"https:\/\/info.openlane.eu\/es\/"},{"@type":"ListItem","position":2,"name":"Empiece a comprar","item":"https:\/\/info.openlane.eu\/es\/start-to-buy\/"},{"@type":"ListItem","position":3,"name":"Funciones de compra","item":"https:\/\/info.openlane.eu\/es\/start-to-buy\/buying-features\/"},{"@type":"ListItem","position":4,"name":"Subastas de autom\u00f3viles en l\u00ednea"}]},{"@type":"WebSite","@id":"https:\/\/info.openlane.eu\/es\/#website","url":"https:\/\/info.openlane.eu\/es\/","name":"OPENLANE","description":"Online used car auction website","publisher":{"@id":"https:\/\/info.openlane.eu\/es\/#organization"},"potentialAction":[{"@type":"SearchAction","target":{"@type":"EntryPoint","urlTemplate":"https:\/\/info.openlane.eu\/es\/?s={search_term_string}"},"query-input":{"@type":"PropertyValueSpecification","valueRequired":true,"valueName":"search_term_string"}}],"inLanguage":"es"},{"@type":"Organization","@id":"https:\/\/info.openlane.eu\/es\/#organization","name":"OPENLANE","url":"https:\/\/info.openlane.eu\/es\/","logo":{"@type":"ImageObject","inLanguage":"es","@id":"https:\/\/info.openlane.eu\/es\/#\/schema\/logo\/image\/","url":"https:\/\/info.openlane.eu\/wp-content\/uploads\/2025\/12\/openlane-RGB-on-Wht.png","contentUrl":"https:\/\/info.openlane.eu\/wp-content\/uploads\/2025\/12\/openlane-RGB-on-Wht.png","width":615,"height":159,"caption":"OPENLANE"},"image":{"@id":"https:\/\/info.openlane.eu\/es\/#\/schema\/logo\/image\/"},"sameAs":["https:\/\/www.facebook.com\/OPENLANE.Europe","https:\/\/x.com\/OPENLANE_Europe","https:\/\/www.linkedin.com\/company\/openlane-europe","https:\/\/www.instagram.com\/openlane_europe\/"],"description":"Our purpose is to make used car wholesale easy so our customers can be more successful. We sell high-quality second-hand vehicles exclusively and directly to car dealers and traders. All cars come with quality car descriptions and inspections. Our digital marketplace is the fresh wave carrying the automotive industry into the digital age. We give car traders more opportunities, more flexibility and more freedom than can be found anywhere else. Our strong commitment to quality and service drives us to continuously improve our offerings to suit the industry\u2019s ever-evolving needs. We aim to be the best and we strive to help our customers do the same. With flexible, modular and end-to-end remarketing solutions, and customer service in more than 20 languages, we offer innovative, tech-driven solutions and services that help customers to buy and sell with ease across Europe.","email":"info@openlane.eu","telephone":"+32 (0)16 38 00 68","legalName":"OPENLANE Europe NV","vatID":"BE0867129223","numberOfEmployees":{"@type":"QuantitativeValue","minValue":"201","maxValue":"500"}}]}},"_links":{"self":[{"href":"https:\/\/info.openlane.eu\/es\/wp-json\/wp\/v2\/pages\/32138","targetHints":{"allow":["GET"]}}],"collection":[{"href":"https:\/\/info.openlane.eu\/es\/wp-json\/wp\/v2\/pages"}],"about":[{"href":"https:\/\/info.openlane.eu\/es\/wp-json\/wp\/v2\/types\/page"}],"author":[{"embeddable":true,"href":"https:\/\/info.openlane.eu\/es\/wp-json\/wp\/v2\/users\/1"}],"replies":[{"embeddable":true,"href":"https:\/\/info.openlane.eu\/es\/wp-json\/wp\/v2\/comments?post=32138"}],"version-history":[{"count":8,"href":"https:\/\/info.openlane.eu\/es\/wp-json\/wp\/v2\/pages\/32138\/revisions"}],"predecessor-version":[{"id":59338,"href":"https:\/\/info.openlane.eu\/es\/wp-json\/wp\/v2\/pages\/32138\/revisions\/59338"}],"up":[{"embeddable":true,"href":"https:\/\/info.openlane.eu\/es\/wp-json\/wp\/v2\/pages\/32137"}],"wp:attachment":[{"href":"https:\/\/info.openlane.eu\/es\/wp-json\/wp\/v2\/media?parent=32138"}],"curies":[{"name":"wp","href":"https:\/\/api.w.org\/{rel}","templated":true}]}}