{"id":33756,"date":"2024-08-21T08:55:24","date_gmt":"2024-08-21T06:55:24","guid":{"rendered":"https:\/\/info.openlane.eu\/impressum\/"},"modified":"2024-12-18T14:12:45","modified_gmt":"2024-12-18T13:12:45","slug":"impressum","status":"publish","type":"page","link":"https:\/\/info.openlane.eu\/fi\/legal-matters\/impressum\/","title":{"rendered":"Impressum"},"content":{"rendered":"<section class=\"l-section wpb_row height_medium\"><div class=\"l-section-h i-cf\"><div class=\"g-cols vc_row via_grid cols_1 laptops-cols_inherit tablets-cols_inherit mobiles-cols_1 valign_top type_default stacking_default\"><div class=\"wpb_column vc_column_container\"><div class=\"vc_column-inner\"><div class=\"wpb_text_column\"><div class=\"wpb_wrapper\"><div class=\"g-breadcrumbs\"><div class=\"g-breadcrumbs-item\"><a href=\"https:\/\/info.openlane.eu\/fi\/\" title=\"Tiedotuskeskus\">Tiedotuskeskus<\/a><\/div><div class=\"g-breadcrumbs-separator\">\/<\/div><\/div>\n<\/div><\/div><div class=\"w-separator size_small\"><\/div><div class=\"g-cols wpb_row via_grid cols_1 laptops-cols_inherit tablets-cols_inherit mobiles-cols_1 valign_top type_default stacking_default\" style=\"--columns-gap:3rem;\"><div class=\"wpb_column vc_column_container\"><div class=\"vc_column-inner\"><div class=\"wpb_text_column\"><div class=\"wpb_wrapper\"><h1>J\u00e4ljenn\u00f6s<\/h1>\n<p><strong>Kustantaja<\/strong><\/p>\n<\/div><\/div><\/div><\/div><\/div><\/div><\/div><\/div><\/div><\/section><section class=\"l-section wpb_row height_medium color_alternate\"><div class=\"l-section-h i-cf\"><div class=\"g-cols vc_row via_grid cols_1 laptops-cols_inherit tablets-cols_inherit mobiles-cols_1 valign_top type_default stacking_default\"><div class=\"wpb_column vc_column_container\"><div class=\"vc_column-inner\"><div class=\"g-cols wpb_row via_grid cols_1 laptops-cols_inherit tablets-cols_inherit mobiles-cols_1 valign_top type_default stacking_default\" style=\"--columns-gap:3rem;\"><div class=\"wpb_column vc_column_container\"><div class=\"vc_column-inner\"><div class=\"wpb_text_column\"><div class=\"wpb_wrapper\"><h2>Oikeudellinen vastuuvapauslauseke<\/h2>\n<p>OPENLANE Europe NV huolehtii siit\u00e4, ett\u00e4 sen verkkosivustolla \u202f<a href=\"https:\/\/www.openlane.eu\/fi\/home\" target=\"_blank\" rel=\"noopener\">www.openlane.eu <\/a>\u202fja kaikilla muilla verkkotunnuksilla annetut tiedot ovat oikeita. Yritys ei kuitenkaan vastaa annettujen tietojen ja tietojen oikeellisuudesta tai laadusta eik\u00e4 niiden ajantasaisuudesta tai t\u00e4ydellisyydest\u00e4. T\u00e4m\u00e4 koskee my\u00f6s kaikkia muita suoraan tai ep\u00e4suorasti lueteltuja verkkosivustoja, joihin on linkki hyperlinkkien kautta. OPENLANE Europe NV ja sen tyt\u00e4ryhti\u00f6t eiv\u00e4t ole vastuussa t\u00e4llaisten hyperlinkkien kautta vierailtujen verkkosivustojen sis\u00e4ll\u00f6st\u00e4. OPENLANE Europe NV ei my\u00f6sk\u00e4\u00e4n ole vastuussa suorista tai ep\u00e4suorista vahingoista, mukaan lukien ansionmenetykset, jotka johtuvat verkkosivuston \u202f<a href=\"https:\/\/www.openlane.eu\/fi\/home\" target=\"_blank\" rel=\"noopener\">www.openlane.eu <\/a>\u202fsek\u00e4 sen sis\u00e4lt\u00e4mien tietojen ja tietojen k\u00e4yt\u00f6st\u00e4.<\/p>\n<p>OPENLANE Europe NV pid\u00e4tt\u00e4\u00e4 oikeuden muuttaa tai lis\u00e4t\u00e4 annettuja tietoja milloin tahansa ja ilman ennakkoilmoitusta.<\/p>\n<p>T\u00e4m\u00e4n verkkosivuston sis\u00e4lt\u00f6, erityisesti kaikki tekstit, kuvat, grafiikat, logot, web-kamerakuvat, \u00e4\u00e4ni-, video- ja animaatiotiedostot, on suojattu tekij\u00e4noikeuksilla ja muilla immateriaalioikeuksia koskevilla laeilla. OPENLANE-sivuston logoja, webbikuvia, \u00e4\u00e4ni-, video- ja animaatiotiedostoja ei saa tallentaa tai kopioida ilman OPENLANE Europe NV:n ennakkolupaa.<\/p>\n<p>OPENLANE-sivuston sis\u00e4lt\u00e4mi\u00e4 tekstej\u00e4, kuvia, grafiikkaa, logoja jne. ei saa muuttaa, kopioida kaupallisiin tarkoituksiin eik\u00e4 k\u00e4ytt\u00e4\u00e4 muilla sivustoilla. Luettelointi muilla autojen myyntisivustoilla, kuten mobile.de ja autoscout24.de, on ehdottomasti kielletty. Kaikki OPENLANE-sivustolla mainitut tuotemerkit ja logot ovat suojattuja tavaramerkkej\u00e4.<\/p>\n<p>Kaikkiin tietoihin ja tietoihin, niiden k\u00e4ytt\u00f6\u00f6n ja rekister\u00f6intiin OPENLANE-verkkosivustolla sek\u00e4 kaikkiin OPENLANE-verkkosivustoon liittyviin toimintoihin, sallittuihin ja laiminly\u00f6tyihin toimiin sovelletaan yksinomaan Belgian lains\u00e4\u00e4d\u00e4nt\u00f6\u00e4. T\u00e4yt\u00e4nt\u00f6\u00f6npanopaikka ja yksinomainen oikeuspaikka on Leuven, Belgia.<\/p>\n<\/div><\/div><\/div><\/div><\/div><div class=\"w-separator size_medium\"><\/div><div class=\"g-cols wpb_row via_grid cols_1 laptops-cols_inherit tablets-cols_inherit mobiles-cols_1 valign_top type_default stacking_default\" style=\"--columns-gap:3rem;\"><div class=\"wpb_column vc_column_container\"><div class=\"vc_column-inner\"><div class=\"w-hwrapper us_custom_5b555e61 valign_top wrap stack_on_mobiles align_none\" style=\"--hwrapper-gap:1.5rem\"><div class=\"wpb_text_column\"><div class=\"wpb_wrapper\"><p><strong>OPENLANE Europe NV<\/strong><br \/>\nGrijpenlaan 19A<br \/>\n3300 Tienen, Belgia<br \/>\nALV: BE0867129223<\/p>\n<\/div><\/div><div class=\"wpb_text_column\"><div class=\"wpb_wrapper\"><p>BNP PARIBAS FORTIS BANK LEUVEN<br \/>\nIBAN: BE85001436570606<br \/>\nBic \/ Swift: GEBABEBB<\/p>\n<\/div><\/div><\/div><\/div><\/div><\/div><\/div><\/div><\/div><\/div><\/section><section class=\"l-section wpb_row height_medium\"><div class=\"l-section-h i-cf\"><div class=\"g-cols vc_row via_grid cols_1 laptops-cols_inherit tablets-cols_inherit mobiles-cols_1 valign_top type_default stacking_default\"><div class=\"wpb_column vc_column_container\"><div class=\"vc_column-inner\"><div class=\"wpb_text_column\"><div class=\"wpb_wrapper\"><\/div><\/div><\/div><\/div><\/div><\/div><\/section>\n","protected":false},"excerpt":{"rendered":"<p>OPENLANE Europe NV huolehtii siit\u00e4, ett\u00e4 sen verkkosivustolla www.openlane.eu ja kaikilla muilla verkkotunnuksilla annetut tiedot ovat oikeita. Yritys ei kuitenkaan vastaa annettujen tietojen ja tietojen oikeellisuudesta tai laadusta eik\u00e4 niiden ajantasaisuudesta tai t\u00e4ydellisyydest\u00e4.<\/p>\n","protected":false},"author":3,"featured_media":0,"parent":33755,"menu_order":0,"comment_status":"closed","ping_status":"closed","template":"","meta":{"_acf_changed":false,"footnotes":""},"class_list":["post-33756","page","type-page","status-publish","hentry"],"acf":[],"yoast_head":"<!-- This site is optimized with the Yoast SEO Premium plugin v26.9 (Yoast SEO v27.5) - https:\/\/yoast.com\/product\/yoast-seo-premium-wordpress\/ -->\n<title>Impressum - Oikeudellinen informaatio &amp; Yrityksen tiedot | OPENLANE<\/title>\n<meta name=\"description\" content=\"Tutustu yrityksemme olennaisiin oikeudellisiin tietoihin, kuten yhteystietoihin, rekister\u00f6intitietoihin ja vastuullisiin osapuoliin.\" \/>\n<meta name=\"robots\" content=\"index, follow, max-snippet:-1, max-image-preview:large, max-video-preview:-1\" \/>\n<link rel=\"canonical\" href=\"https:\/\/info.openlane.eu\/fi\/legal-matters\/impressum\/\" \/>\n<meta property=\"og:locale\" content=\"fi_FI\" \/>\n<meta property=\"og:type\" content=\"article\" \/>\n<meta property=\"og:title\" content=\"Impressum\" \/>\n<meta property=\"og:description\" content=\"Tutustu yrityksemme olennaisiin oikeudellisiin tietoihin, kuten yhteystietoihin, rekister\u00f6intitietoihin ja vastuullisiin osapuoliin.\" \/>\n<meta property=\"og:url\" content=\"https:\/\/info.openlane.eu\/fi\/legal-matters\/impressum\/\" \/>\n<meta property=\"og:site_name\" content=\"OPENLANE\" \/>\n<meta property=\"article:publisher\" content=\"https:\/\/www.facebook.com\/OPENLANE.Europe\" \/>\n<meta property=\"article:modified_time\" content=\"2024-12-18T13:12:45+00:00\" \/>\n<meta property=\"og:image\" content=\"https:\/\/info.openlane.eu\/wp-content\/uploads\/2025\/12\/logo-1200x675-1.png\" \/>\n\t<meta property=\"og:image:width\" content=\"1200\" \/>\n\t<meta property=\"og:image:height\" content=\"675\" \/>\n\t<meta property=\"og:image:type\" content=\"image\/png\" \/>\n<meta name=\"twitter:card\" content=\"summary_large_image\" \/>\n<meta name=\"twitter:site\" content=\"@OPENLANE_Europe\" \/>\n<meta name=\"twitter:label1\" content=\"Arvioitu lukuaika\" \/>\n\t<meta name=\"twitter:data1\" content=\"2 minuuttia\" \/>\n<script type=\"application\/ld+json\" class=\"yoast-schema-graph\">{\"@context\":\"https:\\\/\\\/schema.org\",\"@graph\":[{\"@type\":\"WebPage\",\"@id\":\"https:\\\/\\\/info.openlane.eu\\\/fi\\\/legal-matters\\\/impressum\\\/\",\"url\":\"https:\\\/\\\/info.openlane.eu\\\/fi\\\/legal-matters\\\/impressum\\\/\",\"name\":\"Impressum - Oikeudellinen informaatio & Yrityksen tiedot | OPENLANE\",\"isPartOf\":{\"@id\":\"https:\\\/\\\/info.openlane.eu\\\/fi\\\/#website\"},\"datePublished\":\"2024-08-21T06:55:24+00:00\",\"dateModified\":\"2024-12-18T13:12:45+00:00\",\"description\":\"Tutustu yrityksemme olennaisiin oikeudellisiin tietoihin, kuten yhteystietoihin, rekister\u00f6intitietoihin ja vastuullisiin osapuoliin.\",\"breadcrumb\":{\"@id\":\"https:\\\/\\\/info.openlane.eu\\\/fi\\\/legal-matters\\\/impressum\\\/#breadcrumb\"},\"inLanguage\":\"fi\",\"potentialAction\":[{\"@type\":\"ReadAction\",\"target\":[\"https:\\\/\\\/info.openlane.eu\\\/fi\\\/legal-matters\\\/impressum\\\/\"]}]},{\"@type\":\"BreadcrumbList\",\"@id\":\"https:\\\/\\\/info.openlane.eu\\\/fi\\\/legal-matters\\\/impressum\\\/#breadcrumb\",\"itemListElement\":[{\"@type\":\"ListItem\",\"position\":1,\"name\":\"Home\",\"item\":\"https:\\\/\\\/info.openlane.eu\\\/fi\\\/\"},{\"@type\":\"ListItem\",\"position\":2,\"name\":\"Oikeudelliset asiat\",\"item\":\"https:\\\/\\\/info.openlane.eu\\\/fi\\\/legal-matters\\\/\"},{\"@type\":\"ListItem\",\"position\":3,\"name\":\"Impressum\"}]},{\"@type\":\"WebSite\",\"@id\":\"https:\\\/\\\/info.openlane.eu\\\/fi\\\/#website\",\"url\":\"https:\\\/\\\/info.openlane.eu\\\/fi\\\/\",\"name\":\"OPENLANE\",\"description\":\"Online used car auction website\",\"publisher\":{\"@id\":\"https:\\\/\\\/info.openlane.eu\\\/fi\\\/#organization\"},\"potentialAction\":[{\"@type\":\"SearchAction\",\"target\":{\"@type\":\"EntryPoint\",\"urlTemplate\":\"https:\\\/\\\/info.openlane.eu\\\/fi\\\/?s={search_term_string}\"},\"query-input\":{\"@type\":\"PropertyValueSpecification\",\"valueRequired\":true,\"valueName\":\"search_term_string\"}}],\"inLanguage\":\"fi\"},{\"@type\":\"Organization\",\"@id\":\"https:\\\/\\\/info.openlane.eu\\\/fi\\\/#organization\",\"name\":\"OPENLANE\",\"url\":\"https:\\\/\\\/info.openlane.eu\\\/fi\\\/\",\"logo\":{\"@type\":\"ImageObject\",\"inLanguage\":\"fi\",\"@id\":\"https:\\\/\\\/info.openlane.eu\\\/fi\\\/#\\\/schema\\\/logo\\\/image\\\/\",\"url\":\"https:\\\/\\\/info.openlane.eu\\\/wp-content\\\/uploads\\\/2025\\\/12\\\/openlane-RGB-on-Wht.png\",\"contentUrl\":\"https:\\\/\\\/info.openlane.eu\\\/wp-content\\\/uploads\\\/2025\\\/12\\\/openlane-RGB-on-Wht.png\",\"width\":615,\"height\":159,\"caption\":\"OPENLANE\"},\"image\":{\"@id\":\"https:\\\/\\\/info.openlane.eu\\\/fi\\\/#\\\/schema\\\/logo\\\/image\\\/\"},\"sameAs\":[\"https:\\\/\\\/www.facebook.com\\\/OPENLANE.Europe\",\"https:\\\/\\\/x.com\\\/OPENLANE_Europe\",\"https:\\\/\\\/www.linkedin.com\\\/company\\\/openlane-europe\",\"https:\\\/\\\/www.instagram.com\\\/openlane_europe\\\/\"],\"description\":\"Our purpose is to make used car wholesale easy so our customers can be more successful. We sell high-quality second-hand vehicles exclusively and directly to car dealers and traders. All cars come with quality car descriptions and inspections. Our digital marketplace is the fresh wave carrying the automotive industry into the digital age. We give car traders more opportunities, more flexibility and more freedom than can be found anywhere else. Our strong commitment to quality and service drives us to continuously improve our offerings to suit the industry\u2019s ever-evolving needs. We aim to be the best and we strive to help our customers do the same. With flexible, modular and end-to-end remarketing solutions, and customer service in more than 20 languages, we offer innovative, tech-driven solutions and services that help customers to buy and sell with ease across Europe.\",\"email\":\"info@openlane.eu\",\"telephone\":\"+32 (0)16 38 00 68\",\"legalName\":\"OPENLANE Europe NV\",\"vatID\":\"BE0867129223\",\"numberOfEmployees\":{\"@type\":\"QuantitativeValue\",\"minValue\":\"201\",\"maxValue\":\"500\"}}]}<\/script>\n<!-- \/ Yoast SEO Premium plugin. -->","yoast_head_json":{"title":"Impressum - Oikeudellinen informaatio & Yrityksen tiedot | OPENLANE","description":"Tutustu yrityksemme olennaisiin oikeudellisiin tietoihin, kuten yhteystietoihin, rekister\u00f6intitietoihin ja vastuullisiin osapuoliin.","robots":{"index":"index","follow":"follow","max-snippet":"max-snippet:-1","max-image-preview":"max-image-preview:large","max-video-preview":"max-video-preview:-1"},"canonical":"https:\/\/info.openlane.eu\/fi\/legal-matters\/impressum\/","og_locale":"fi_FI","og_type":"article","og_title":"Impressum","og_description":"Tutustu yrityksemme olennaisiin oikeudellisiin tietoihin, kuten yhteystietoihin, rekister\u00f6intitietoihin ja vastuullisiin osapuoliin.","og_url":"https:\/\/info.openlane.eu\/fi\/legal-matters\/impressum\/","og_site_name":"OPENLANE","article_publisher":"https:\/\/www.facebook.com\/OPENLANE.Europe","article_modified_time":"2024-12-18T13:12:45+00:00","og_image":[{"width":1200,"height":675,"url":"https:\/\/info.openlane.eu\/wp-content\/uploads\/2025\/12\/logo-1200x675-1.png","type":"image\/png"}],"twitter_card":"summary_large_image","twitter_site":"@OPENLANE_Europe","twitter_misc":{"Arvioitu lukuaika":"2 minuuttia"},"schema":{"@context":"https:\/\/schema.org","@graph":[{"@type":"WebPage","@id":"https:\/\/info.openlane.eu\/fi\/legal-matters\/impressum\/","url":"https:\/\/info.openlane.eu\/fi\/legal-matters\/impressum\/","name":"Impressum - Oikeudellinen informaatio & Yrityksen tiedot | OPENLANE","isPartOf":{"@id":"https:\/\/info.openlane.eu\/fi\/#website"},"datePublished":"2024-08-21T06:55:24+00:00","dateModified":"2024-12-18T13:12:45+00:00","description":"Tutustu yrityksemme olennaisiin oikeudellisiin tietoihin, kuten yhteystietoihin, rekister\u00f6intitietoihin ja vastuullisiin osapuoliin.","breadcrumb":{"@id":"https:\/\/info.openlane.eu\/fi\/legal-matters\/impressum\/#breadcrumb"},"inLanguage":"fi","potentialAction":[{"@type":"ReadAction","target":["https:\/\/info.openlane.eu\/fi\/legal-matters\/impressum\/"]}]},{"@type":"BreadcrumbList","@id":"https:\/\/info.openlane.eu\/fi\/legal-matters\/impressum\/#breadcrumb","itemListElement":[{"@type":"ListItem","position":1,"name":"Home","item":"https:\/\/info.openlane.eu\/fi\/"},{"@type":"ListItem","position":2,"name":"Oikeudelliset asiat","item":"https:\/\/info.openlane.eu\/fi\/legal-matters\/"},{"@type":"ListItem","position":3,"name":"Impressum"}]},{"@type":"WebSite","@id":"https:\/\/info.openlane.eu\/fi\/#website","url":"https:\/\/info.openlane.eu\/fi\/","name":"OPENLANE","description":"Online used car auction website","publisher":{"@id":"https:\/\/info.openlane.eu\/fi\/#organization"},"potentialAction":[{"@type":"SearchAction","target":{"@type":"EntryPoint","urlTemplate":"https:\/\/info.openlane.eu\/fi\/?s={search_term_string}"},"query-input":{"@type":"PropertyValueSpecification","valueRequired":true,"valueName":"search_term_string"}}],"inLanguage":"fi"},{"@type":"Organization","@id":"https:\/\/info.openlane.eu\/fi\/#organization","name":"OPENLANE","url":"https:\/\/info.openlane.eu\/fi\/","logo":{"@type":"ImageObject","inLanguage":"fi","@id":"https:\/\/info.openlane.eu\/fi\/#\/schema\/logo\/image\/","url":"https:\/\/info.openlane.eu\/wp-content\/uploads\/2025\/12\/openlane-RGB-on-Wht.png","contentUrl":"https:\/\/info.openlane.eu\/wp-content\/uploads\/2025\/12\/openlane-RGB-on-Wht.png","width":615,"height":159,"caption":"OPENLANE"},"image":{"@id":"https:\/\/info.openlane.eu\/fi\/#\/schema\/logo\/image\/"},"sameAs":["https:\/\/www.facebook.com\/OPENLANE.Europe","https:\/\/x.com\/OPENLANE_Europe","https:\/\/www.linkedin.com\/company\/openlane-europe","https:\/\/www.instagram.com\/openlane_europe\/"],"description":"Our purpose is to make used car wholesale easy so our customers can be more successful. We sell high-quality second-hand vehicles exclusively and directly to car dealers and traders. All cars come with quality car descriptions and inspections. Our digital marketplace is the fresh wave carrying the automotive industry into the digital age. We give car traders more opportunities, more flexibility and more freedom than can be found anywhere else. Our strong commitment to quality and service drives us to continuously improve our offerings to suit the industry\u2019s ever-evolving needs. We aim to be the best and we strive to help our customers do the same. With flexible, modular and end-to-end remarketing solutions, and customer service in more than 20 languages, we offer innovative, tech-driven solutions and services that help customers to buy and sell with ease across Europe.","email":"info@openlane.eu","telephone":"+32 (0)16 38 00 68","legalName":"OPENLANE Europe NV","vatID":"BE0867129223","numberOfEmployees":{"@type":"QuantitativeValue","minValue":"201","maxValue":"500"}}]}},"_links":{"self":[{"href":"https:\/\/info.openlane.eu\/fi\/wp-json\/wp\/v2\/pages\/33756","targetHints":{"allow":["GET"]}}],"collection":[{"href":"https:\/\/info.openlane.eu\/fi\/wp-json\/wp\/v2\/pages"}],"about":[{"href":"https:\/\/info.openlane.eu\/fi\/wp-json\/wp\/v2\/types\/page"}],"author":[{"embeddable":true,"href":"https:\/\/info.openlane.eu\/fi\/wp-json\/wp\/v2\/users\/3"}],"replies":[{"embeddable":true,"href":"https:\/\/info.openlane.eu\/fi\/wp-json\/wp\/v2\/comments?post=33756"}],"version-history":[{"count":6,"href":"https:\/\/info.openlane.eu\/fi\/wp-json\/wp\/v2\/pages\/33756\/revisions"}],"predecessor-version":[{"id":49034,"href":"https:\/\/info.openlane.eu\/fi\/wp-json\/wp\/v2\/pages\/33756\/revisions\/49034"}],"up":[{"embeddable":true,"href":"https:\/\/info.openlane.eu\/fi\/wp-json\/wp\/v2\/pages\/33755"}],"wp:attachment":[{"href":"https:\/\/info.openlane.eu\/fi\/wp-json\/wp\/v2\/media?parent=33756"}],"curies":[{"name":"wp","href":"https:\/\/api.w.org\/{rel}","templated":true}]}}