{"id":33773,"date":"2024-08-27T11:00:32","date_gmt":"2024-08-27T09:00:32","guid":{"rendered":"https:\/\/info.openlane.eu\/archive-2023\/"},"modified":"2026-04-09T12:45:23","modified_gmt":"2026-04-09T10:45:23","slug":"archive-2023","status":"publish","type":"page","link":"https:\/\/info.openlane.eu\/fi\/help\/newsletters\/archive-2023\/","title":{"rendered":"Arkisto 2023"},"content":{"rendered":"<section class=\"l-section wpb_row height_medium\"><div class=\"l-section-h i-cf\"><div class=\"g-cols vc_row via_grid cols_1 laptops-cols_inherit tablets-cols_inherit mobiles-cols_1 valign_top type_default stacking_default\"><div class=\"wpb_column vc_column_container\"><div class=\"vc_column-inner\"><div class=\"wpb_text_column\"><div class=\"wpb_wrapper\"><div class=\"g-breadcrumbs\"><div class=\"g-breadcrumbs-item\"><a href=\"https:\/\/info.openlane.eu\/fi\/\" title=\"Tiedotuskeskus\">Tiedotuskeskus<\/a><\/div><div class=\"g-breadcrumbs-separator\">\/<\/div><\/div>\n<\/div><\/div><div class=\"w-separator size_small\"><\/div><div class=\"g-cols wpb_row via_grid cols_1 laptops-cols_inherit tablets-cols_inherit mobiles-cols_1 valign_top type_default stacking_default\" style=\"--columns-gap:3rem;\"><div class=\"wpb_column vc_column_container\"><div class=\"vc_column-inner\"><div class=\"wpb_text_column\"><div class=\"wpb_wrapper\"><h1>Uutiskirjeet<\/h1>\n<p>T\u00e4lt\u00e4 sivulta l\u00f6yd\u00e4t kaikki uutiskirjeemme vuodesta 2023, uusimmat uutiskirjeet ylh\u00e4\u00e4ll\u00e4.<\/p>\n<\/div><\/div><div class=\"w-separator size_small\"><\/div><div class=\"wpb_text_column\"><div class=\"wpb_wrapper\">\n<form role=\"search\" method=\"get\" class=\"search-form\" action=\"https:\/\/info.openlane.eu\/fi\/search\/\">\n    <label>\n        <input type=\"search\" class=\"search-field\" placeholder=\"Mit\u00e4 etsit?\" name=\"_keyword\" value=\"\" data-rlvlive=\"true\" data-rlvparentel=\"#rlvlive\" data-rlvconfig=\"default\" required minlength=\"3\">\n    <\/label>\n    <button type=\"submit\" class=\"search-submit\"><i class=\"fas fa-search\"><\/i><\/button>\n    <div id=\"rlvlive\"><\/div>\n<\/form>\n<\/div><\/div><div class=\"w-separator size_small\"><\/div><div class=\"w-hwrapper filter--buttons valign_middle align_left\" style=\"--hwrapper-gap:1rem\"><div class=\"w-btn-wrapper align_none\"><a class=\"w-btn us-btn-style_8\" href=\"https:\/\/info.openlane.eu\/fi\/help\/newsletters\/\"><span class=\"w-btn-label\">2026<\/span><\/a><\/div><div class=\"w-btn-wrapper align_none\"><a class=\"w-btn us-btn-style_8\" href=\"https:\/\/info.openlane.eu\/fi\/help\/newsletters\/archive-2025\/\"><span class=\"w-btn-label\">2025<\/span><\/a><\/div><div class=\"w-btn-wrapper align_none\"><a class=\"w-btn us-btn-style_8\" href=\"https:\/\/info.openlane.eu\/fi\/help\/newsletters\/archive-2024\/\"><span class=\"w-btn-label\">2024<\/span><\/a><\/div><div class=\"w-btn-wrapper align_none\"><a class=\"w-btn us-btn-style_8 active\" href=\"https:\/\/info.openlane.eu\/fi\/help\/newsletters\/archive-2023\/\"><span class=\"w-btn-label\">2023<\/span><\/a><\/div><div class=\"w-btn-wrapper align_none\"><a class=\"w-btn us-btn-style_8\" href=\"https:\/\/info.openlane.eu\/fi\/help\/newsletters\/archive-2022\/\"><span class=\"w-btn-label\">2022<\/span><\/a><\/div><div class=\"w-btn-wrapper align_none\"><a class=\"w-btn us-btn-style_8\" href=\"https:\/\/info.openlane.eu\/fi\/help\/newsletters\/archive-2021\/\"><span class=\"w-btn-label\">2021<\/span><\/a><\/div><div class=\"w-btn-wrapper align_none\"><a class=\"w-btn us-btn-style_8\" href=\"https:\/\/info.openlane.eu\/fi\/help\/newsletters\/archive-2020\/\"><span class=\"w-btn-label\">2020<\/span><\/a><\/div><\/div><\/div><\/div><\/div><div class=\"w-separator size_medium\"><\/div><div class=\"g-cols wpb_row via_grid cols_1 laptops-cols_inherit tablets-cols_inherit mobiles-cols_1 valign_top type_default stacking_default\" style=\"--columns-gap:3rem;\" id=\"grid--newsletter\"><div class=\"wpb_column vc_column_container\"><div class=\"vc_column-inner\"><div class=\"wpb_text_column\"><div class=\"wpb_wrapper\"><ul>\n<li>29.12.2023<\/li>\n<li>Hyv\u00e4\u00e4 uutta vuotta! Koe uudelleen OPENLANEn 5 kohokohdat 2023<\/li>\n<\/ul>\n<\/div><\/div><div class=\"wpb_text_column\"><div class=\"wpb_wrapper\"><ul>\n<li>22.12.2023<\/li>\n<li>Tulevat muutokset maksuihimme | Muistutus ruotsalaisten autojen noutok\u00e4yt\u00e4nn\u00f6ist\u00e4<\/li>\n<\/ul>\n<\/div><\/div><div class=\"wpb_text_column\"><div class=\"wpb_wrapper\"><ul>\n<li>21.12.2023<\/li>\n<li>Ole valppaana huijausk\u00e4yt\u00e4nt\u00f6jen suhteen<\/li>\n<\/ul>\n<\/div><\/div><div class=\"wpb_text_column\"><div class=\"wpb_wrapper\"><ul>\n<li>22.11.2023<\/li>\n<li>Tervehdi OPENLANEa | ADESA on nyt OPENLANE!<\/li>\n<\/ul>\n<\/div><\/div><div class=\"wpb_text_column\"><div class=\"wpb_wrapper\"><ul>\n<li>13.10.2023<\/li>\n<li>Hub Genk: uusi osoite<\/li>\n<\/ul>\n<\/div><\/div><div class=\"wpb_text_column\"><div class=\"wpb_wrapper\"><ul>\n<li>26.09.2023<\/li>\n<li>Uuden &#8217;Omat korvausvaatimukset&#8217; -sivun avulla voit hallita korvausvaatimuksia helposti | Ongelma ratkaistu<\/li>\n<\/ul>\n<\/div><\/div><div class=\"wpb_text_column\"><div class=\"wpb_wrapper\"><ul>\n<li>7.09.2023<\/li>\n<li>Uuden &#8217;Omat korvausvaatimukset&#8217; -sivun avulla voit hallita korvausvaatimuksia helposti<\/li>\n<\/ul>\n<\/div><\/div><div class=\"wpb_text_column\"><div class=\"wpb_wrapper\"><ul>\n<li>17.08.2023<\/li>\n<li>P\u00e4ivitetty &#8217;Oma tili&#8217; | &#8217;Omat asiakirjat&#8217; on uudistettu<\/li>\n<\/ul>\n<\/div><\/div><div class=\"wpb_text_column\"><div class=\"wpb_wrapper\"><ul>\n<li>9.08.2023<\/li>\n<li>P\u00e4ivitetty &#8217;Oma tili&#8217;<\/li>\n<\/ul>\n<\/div><\/div><div class=\"wpb_text_column\"><div class=\"wpb_wrapper\"><ul>\n<li>18.07.2023<\/li>\n<li>Kaksi uutta keskitetty\u00e4 noutopaikkaa Ruotsissa!<\/li>\n<\/ul>\n<\/div><\/div><div class=\"wpb_text_column\"><div class=\"wpb_wrapper\"><ul>\n<li>20.06.2023<\/li>\n<li>Kuljetus | ostajakyselyn tulokset | 3 UKK<\/li>\n<\/ul>\n<\/div><\/div><div class=\"wpb_text_column\"><div class=\"wpb_wrapper\"><ul>\n<li>31.05.2023<\/li>\n<li>T\u00c4RKE\u00c4\u00c4: v\u00e4\u00e4rennettyj\u00e4 OPENLANE-s\u00e4hk\u00f6posteja ja WhatsApp-viestej\u00e4 on liikkeell\u00e4<\/li>\n<\/ul>\n<\/div><\/div><div class=\"wpb_text_column\"><div class=\"wpb_wrapper\"><ul>\n<li>31.03.2023<\/li>\n<li>P\u00e4ivit\u00e4 Oma tili helpompaan teht\u00e4vien hallintaan | Istuinten m\u00e4\u00e4r\u00e4 ja AWD | 24\/7 varastomyynti | Saksalaisen j\u00e4lleenmyyj\u00e4n autot<\/li>\n<\/ul>\n<\/div><\/div><div class=\"wpb_text_column\"><div class=\"wpb_wrapper\"><ul>\n<li>16.03.2023<\/li>\n<li>&#8217;Omat suositukset&#8217; -sivu: valikoima kiinnostuksen kohteitasi vastaavia autoja<\/li>\n<\/ul>\n<\/div><\/div><div class=\"wpb_text_column\"><div class=\"wpb_wrapper\"><ul>\n<li>15.03.2023<\/li>\n<li>Optimo, optimaalinen maksu- ja katsastuspalvelusi on palannut!<\/li>\n<\/ul>\n<\/div><\/div><div class=\"wpb_text_column\"><div class=\"wpb_wrapper\"><ul>\n<li>6.03.2023<\/li>\n<li>Osta varastossa olevia autoja kiinte\u00e4\u00e4n hintaan 24\/7<\/li>\n<\/ul>\n<\/div><\/div><div class=\"wpb_text_column\"><div class=\"wpb_wrapper\"><ul>\n<li>24.02.2023<\/li>\n<li>UUTUUS: digitaalinen hintaneuvotteluominaisuus<\/li>\n<\/ul>\n<\/div><\/div><div class=\"wpb_text_column\"><div class=\"wpb_wrapper\"><ul>\n<li>19.01.2023<\/li>\n<li>OPENLANE yhdistyy yhdeksi eurooppalaiseksi alustaksi.<\/li>\n<\/ul>\n<\/div><\/div><\/div><\/div><\/div><\/div><\/div><\/div><\/div><\/section>\n","protected":false},"excerpt":{"rendered":"Tiedotuskeskus\/ Uutiskirjeet T\u00e4lt\u00e4 sivulta l\u00f6yd\u00e4t kaikki uutiskirjeemme vuodesta 2023, uusimmat uutiskirjeet ylh\u00e4\u00e4ll\u00e4. 2026202520242023202220212020 29.12.2023 Hyv\u00e4\u00e4 uutta vuotta! Koe uudelleen OPENLANEn 5 kohokohdat 2023 22.12.2023 Tulevat muutokset maksuihimme | Muistutus ruotsalaisten autojen noutok\u00e4yt\u00e4nn\u00f6ist\u00e4 21.12.2023 Ole valppaana huijausk\u00e4yt\u00e4nt\u00f6jen suhteen 22.11.2023 Tervehdi OPENLANEa | ADESA on nyt OPENLANE! 13.10.2023 Hub Genk: uusi osoite 26.09.2023 Uuden &#8217;Omat korvausvaatimukset&#8217; -sivun...","protected":false},"author":3,"featured_media":0,"parent":33752,"menu_order":0,"comment_status":"closed","ping_status":"closed","template":"","meta":{"_acf_changed":false,"footnotes":""},"class_list":["post-33773","page","type-page","status-publish","hentry"],"acf":[],"yoast_head":"<!-- This site is optimized with the Yoast SEO Premium plugin v26.9 (Yoast SEO v27.4) - https:\/\/yoast.com\/product\/yoast-seo-premium-wordpress\/ -->\n<title>Pysy ajan tasalla myyj\u00e4n &amp; ostajan uutiskirjeill\u00e4 | OPENLANE<\/title>\n<meta name=\"description\" content=\"Tutustu myyjille ja ostajille r\u00e4\u00e4t\u00e4l\u00f6ityihin uutiskirjeisiin OPENLANE-sivustolla. Pysy ajan tasalla uusimmista p\u00e4ivityksist\u00e4, vinkeist\u00e4 ja markkinatiedoista, jotka parantavat osto- ja myyntikokemusta.\" \/>\n<meta name=\"robots\" content=\"index, follow, max-snippet:-1, max-image-preview:large, max-video-preview:-1\" \/>\n<link rel=\"canonical\" href=\"https:\/\/info.openlane.eu\/fi\/help\/newsletters\/archive-2023\/\" \/>\n<meta property=\"og:locale\" content=\"fi_FI\" \/>\n<meta property=\"og:type\" content=\"article\" \/>\n<meta property=\"og:title\" content=\"Arkisto 2023\" \/>\n<meta property=\"og:description\" content=\"Tutustu myyjille ja ostajille r\u00e4\u00e4t\u00e4l\u00f6ityihin uutiskirjeisiin OPENLANE-sivustolla. Pysy ajan tasalla uusimmista p\u00e4ivityksist\u00e4, vinkeist\u00e4 ja markkinatiedoista, jotka parantavat osto- ja myyntikokemusta.\" \/>\n<meta property=\"og:url\" content=\"https:\/\/info.openlane.eu\/fi\/help\/newsletters\/archive-2023\/\" \/>\n<meta property=\"og:site_name\" content=\"OPENLANE\" \/>\n<meta property=\"article:publisher\" content=\"https:\/\/www.facebook.com\/OPENLANE.Europe\" \/>\n<meta property=\"article:modified_time\" content=\"2026-04-09T10:45:23+00:00\" \/>\n<meta property=\"og:image\" content=\"https:\/\/info.openlane.eu\/wp-content\/uploads\/2025\/12\/logo-1200x675-1.png\" \/>\n\t<meta property=\"og:image:width\" content=\"1200\" \/>\n\t<meta property=\"og:image:height\" content=\"675\" \/>\n\t<meta property=\"og:image:type\" content=\"image\/png\" \/>\n<meta name=\"twitter:card\" content=\"summary_large_image\" \/>\n<meta name=\"twitter:site\" content=\"@OPENLANE_Europe\" \/>\n<meta name=\"twitter:label1\" content=\"Arvioitu lukuaika\" \/>\n\t<meta name=\"twitter:data1\" content=\"1 minuutti\" \/>\n<script type=\"application\/ld+json\" class=\"yoast-schema-graph\">{\"@context\":\"https:\\\/\\\/schema.org\",\"@graph\":[{\"@type\":\"WebPage\",\"@id\":\"https:\\\/\\\/info.openlane.eu\\\/fi\\\/help\\\/newsletters\\\/archive-2023\\\/\",\"url\":\"https:\\\/\\\/info.openlane.eu\\\/fi\\\/help\\\/newsletters\\\/archive-2023\\\/\",\"name\":\"Pysy ajan tasalla myyj\u00e4n & ostajan uutiskirjeill\u00e4 | OPENLANE\",\"isPartOf\":{\"@id\":\"https:\\\/\\\/info.openlane.eu\\\/fi\\\/#website\"},\"datePublished\":\"2024-08-27T09:00:32+00:00\",\"dateModified\":\"2026-04-09T10:45:23+00:00\",\"description\":\"Tutustu myyjille ja ostajille r\u00e4\u00e4t\u00e4l\u00f6ityihin uutiskirjeisiin OPENLANE-sivustolla. Pysy ajan tasalla uusimmista p\u00e4ivityksist\u00e4, vinkeist\u00e4 ja markkinatiedoista, jotka parantavat osto- ja myyntikokemusta.\",\"breadcrumb\":{\"@id\":\"https:\\\/\\\/info.openlane.eu\\\/fi\\\/help\\\/newsletters\\\/archive-2023\\\/#breadcrumb\"},\"inLanguage\":\"fi\",\"potentialAction\":[{\"@type\":\"ReadAction\",\"target\":[\"https:\\\/\\\/info.openlane.eu\\\/fi\\\/help\\\/newsletters\\\/archive-2023\\\/\"]}]},{\"@type\":\"BreadcrumbList\",\"@id\":\"https:\\\/\\\/info.openlane.eu\\\/fi\\\/help\\\/newsletters\\\/archive-2023\\\/#breadcrumb\",\"itemListElement\":[{\"@type\":\"ListItem\",\"position\":1,\"name\":\"Home\",\"item\":\"https:\\\/\\\/info.openlane.eu\\\/fi\\\/\"},{\"@type\":\"ListItem\",\"position\":2,\"name\":\"Apua\",\"item\":\"https:\\\/\\\/info.openlane.eu\\\/fi\\\/help\\\/\"},{\"@type\":\"ListItem\",\"position\":3,\"name\":\"Uutiskirjeet\",\"item\":\"https:\\\/\\\/info.openlane.eu\\\/fi\\\/help\\\/newsletters\\\/\"},{\"@type\":\"ListItem\",\"position\":4,\"name\":\"Arkisto 2023\"}]},{\"@type\":\"WebSite\",\"@id\":\"https:\\\/\\\/info.openlane.eu\\\/fi\\\/#website\",\"url\":\"https:\\\/\\\/info.openlane.eu\\\/fi\\\/\",\"name\":\"OPENLANE\",\"description\":\"Online used car auction website\",\"publisher\":{\"@id\":\"https:\\\/\\\/info.openlane.eu\\\/fi\\\/#organization\"},\"potentialAction\":[{\"@type\":\"SearchAction\",\"target\":{\"@type\":\"EntryPoint\",\"urlTemplate\":\"https:\\\/\\\/info.openlane.eu\\\/fi\\\/?s={search_term_string}\"},\"query-input\":{\"@type\":\"PropertyValueSpecification\",\"valueRequired\":true,\"valueName\":\"search_term_string\"}}],\"inLanguage\":\"fi\"},{\"@type\":\"Organization\",\"@id\":\"https:\\\/\\\/info.openlane.eu\\\/fi\\\/#organization\",\"name\":\"OPENLANE\",\"url\":\"https:\\\/\\\/info.openlane.eu\\\/fi\\\/\",\"logo\":{\"@type\":\"ImageObject\",\"inLanguage\":\"fi\",\"@id\":\"https:\\\/\\\/info.openlane.eu\\\/fi\\\/#\\\/schema\\\/logo\\\/image\\\/\",\"url\":\"https:\\\/\\\/info.openlane.eu\\\/wp-content\\\/uploads\\\/2025\\\/12\\\/openlane-RGB-on-Wht.png\",\"contentUrl\":\"https:\\\/\\\/info.openlane.eu\\\/wp-content\\\/uploads\\\/2025\\\/12\\\/openlane-RGB-on-Wht.png\",\"width\":615,\"height\":159,\"caption\":\"OPENLANE\"},\"image\":{\"@id\":\"https:\\\/\\\/info.openlane.eu\\\/fi\\\/#\\\/schema\\\/logo\\\/image\\\/\"},\"sameAs\":[\"https:\\\/\\\/www.facebook.com\\\/OPENLANE.Europe\",\"https:\\\/\\\/x.com\\\/OPENLANE_Europe\",\"https:\\\/\\\/www.linkedin.com\\\/company\\\/openlane-europe\",\"https:\\\/\\\/www.instagram.com\\\/openlane_europe\\\/\"],\"description\":\"Our purpose is to make used car wholesale easy so our customers can be more successful. We sell high-quality second-hand vehicles exclusively and directly to car dealers and traders. All cars come with quality car descriptions and inspections. Our digital marketplace is the fresh wave carrying the automotive industry into the digital age. We give car traders more opportunities, more flexibility and more freedom than can be found anywhere else. Our strong commitment to quality and service drives us to continuously improve our offerings to suit the industry\u2019s ever-evolving needs. We aim to be the best and we strive to help our customers do the same. With flexible, modular and end-to-end remarketing solutions, and customer service in more than 20 languages, we offer innovative, tech-driven solutions and services that help customers to buy and sell with ease across Europe.\",\"email\":\"info@openlane.eu\",\"telephone\":\"+32 (0)16 38 00 68\",\"legalName\":\"OPENLANE Europe NV\",\"vatID\":\"BE0867129223\",\"numberOfEmployees\":{\"@type\":\"QuantitativeValue\",\"minValue\":\"201\",\"maxValue\":\"500\"}}]}<\/script>\n<!-- \/ Yoast SEO Premium plugin. -->","yoast_head_json":{"title":"Pysy ajan tasalla myyj\u00e4n & ostajan uutiskirjeill\u00e4 | OPENLANE","description":"Tutustu myyjille ja ostajille r\u00e4\u00e4t\u00e4l\u00f6ityihin uutiskirjeisiin OPENLANE-sivustolla. Pysy ajan tasalla uusimmista p\u00e4ivityksist\u00e4, vinkeist\u00e4 ja markkinatiedoista, jotka parantavat osto- ja myyntikokemusta.","robots":{"index":"index","follow":"follow","max-snippet":"max-snippet:-1","max-image-preview":"max-image-preview:large","max-video-preview":"max-video-preview:-1"},"canonical":"https:\/\/info.openlane.eu\/fi\/help\/newsletters\/archive-2023\/","og_locale":"fi_FI","og_type":"article","og_title":"Arkisto 2023","og_description":"Tutustu myyjille ja ostajille r\u00e4\u00e4t\u00e4l\u00f6ityihin uutiskirjeisiin OPENLANE-sivustolla. Pysy ajan tasalla uusimmista p\u00e4ivityksist\u00e4, vinkeist\u00e4 ja markkinatiedoista, jotka parantavat osto- ja myyntikokemusta.","og_url":"https:\/\/info.openlane.eu\/fi\/help\/newsletters\/archive-2023\/","og_site_name":"OPENLANE","article_publisher":"https:\/\/www.facebook.com\/OPENLANE.Europe","article_modified_time":"2026-04-09T10:45:23+00:00","og_image":[{"width":1200,"height":675,"url":"https:\/\/info.openlane.eu\/wp-content\/uploads\/2025\/12\/logo-1200x675-1.png","type":"image\/png"}],"twitter_card":"summary_large_image","twitter_site":"@OPENLANE_Europe","twitter_misc":{"Arvioitu lukuaika":"1 minuutti"},"schema":{"@context":"https:\/\/schema.org","@graph":[{"@type":"WebPage","@id":"https:\/\/info.openlane.eu\/fi\/help\/newsletters\/archive-2023\/","url":"https:\/\/info.openlane.eu\/fi\/help\/newsletters\/archive-2023\/","name":"Pysy ajan tasalla myyj\u00e4n & ostajan uutiskirjeill\u00e4 | OPENLANE","isPartOf":{"@id":"https:\/\/info.openlane.eu\/fi\/#website"},"datePublished":"2024-08-27T09:00:32+00:00","dateModified":"2026-04-09T10:45:23+00:00","description":"Tutustu myyjille ja ostajille r\u00e4\u00e4t\u00e4l\u00f6ityihin uutiskirjeisiin OPENLANE-sivustolla. Pysy ajan tasalla uusimmista p\u00e4ivityksist\u00e4, vinkeist\u00e4 ja markkinatiedoista, jotka parantavat osto- ja myyntikokemusta.","breadcrumb":{"@id":"https:\/\/info.openlane.eu\/fi\/help\/newsletters\/archive-2023\/#breadcrumb"},"inLanguage":"fi","potentialAction":[{"@type":"ReadAction","target":["https:\/\/info.openlane.eu\/fi\/help\/newsletters\/archive-2023\/"]}]},{"@type":"BreadcrumbList","@id":"https:\/\/info.openlane.eu\/fi\/help\/newsletters\/archive-2023\/#breadcrumb","itemListElement":[{"@type":"ListItem","position":1,"name":"Home","item":"https:\/\/info.openlane.eu\/fi\/"},{"@type":"ListItem","position":2,"name":"Apua","item":"https:\/\/info.openlane.eu\/fi\/help\/"},{"@type":"ListItem","position":3,"name":"Uutiskirjeet","item":"https:\/\/info.openlane.eu\/fi\/help\/newsletters\/"},{"@type":"ListItem","position":4,"name":"Arkisto 2023"}]},{"@type":"WebSite","@id":"https:\/\/info.openlane.eu\/fi\/#website","url":"https:\/\/info.openlane.eu\/fi\/","name":"OPENLANE","description":"Online used car auction website","publisher":{"@id":"https:\/\/info.openlane.eu\/fi\/#organization"},"potentialAction":[{"@type":"SearchAction","target":{"@type":"EntryPoint","urlTemplate":"https:\/\/info.openlane.eu\/fi\/?s={search_term_string}"},"query-input":{"@type":"PropertyValueSpecification","valueRequired":true,"valueName":"search_term_string"}}],"inLanguage":"fi"},{"@type":"Organization","@id":"https:\/\/info.openlane.eu\/fi\/#organization","name":"OPENLANE","url":"https:\/\/info.openlane.eu\/fi\/","logo":{"@type":"ImageObject","inLanguage":"fi","@id":"https:\/\/info.openlane.eu\/fi\/#\/schema\/logo\/image\/","url":"https:\/\/info.openlane.eu\/wp-content\/uploads\/2025\/12\/openlane-RGB-on-Wht.png","contentUrl":"https:\/\/info.openlane.eu\/wp-content\/uploads\/2025\/12\/openlane-RGB-on-Wht.png","width":615,"height":159,"caption":"OPENLANE"},"image":{"@id":"https:\/\/info.openlane.eu\/fi\/#\/schema\/logo\/image\/"},"sameAs":["https:\/\/www.facebook.com\/OPENLANE.Europe","https:\/\/x.com\/OPENLANE_Europe","https:\/\/www.linkedin.com\/company\/openlane-europe","https:\/\/www.instagram.com\/openlane_europe\/"],"description":"Our purpose is to make used car wholesale easy so our customers can be more successful. We sell high-quality second-hand vehicles exclusively and directly to car dealers and traders. All cars come with quality car descriptions and inspections. Our digital marketplace is the fresh wave carrying the automotive industry into the digital age. We give car traders more opportunities, more flexibility and more freedom than can be found anywhere else. Our strong commitment to quality and service drives us to continuously improve our offerings to suit the industry\u2019s ever-evolving needs. We aim to be the best and we strive to help our customers do the same. With flexible, modular and end-to-end remarketing solutions, and customer service in more than 20 languages, we offer innovative, tech-driven solutions and services that help customers to buy and sell with ease across Europe.","email":"info@openlane.eu","telephone":"+32 (0)16 38 00 68","legalName":"OPENLANE Europe NV","vatID":"BE0867129223","numberOfEmployees":{"@type":"QuantitativeValue","minValue":"201","maxValue":"500"}}]}},"_links":{"self":[{"href":"https:\/\/info.openlane.eu\/fi\/wp-json\/wp\/v2\/pages\/33773","targetHints":{"allow":["GET"]}}],"collection":[{"href":"https:\/\/info.openlane.eu\/fi\/wp-json\/wp\/v2\/pages"}],"about":[{"href":"https:\/\/info.openlane.eu\/fi\/wp-json\/wp\/v2\/types\/page"}],"author":[{"embeddable":true,"href":"https:\/\/info.openlane.eu\/fi\/wp-json\/wp\/v2\/users\/3"}],"replies":[{"embeddable":true,"href":"https:\/\/info.openlane.eu\/fi\/wp-json\/wp\/v2\/comments?post=33773"}],"version-history":[{"count":12,"href":"https:\/\/info.openlane.eu\/fi\/wp-json\/wp\/v2\/pages\/33773\/revisions"}],"predecessor-version":[{"id":87667,"href":"https:\/\/info.openlane.eu\/fi\/wp-json\/wp\/v2\/pages\/33773\/revisions\/87667"}],"up":[{"embeddable":true,"href":"https:\/\/info.openlane.eu\/fi\/wp-json\/wp\/v2\/pages\/33752"}],"wp:attachment":[{"href":"https:\/\/info.openlane.eu\/fi\/wp-json\/wp\/v2\/media?parent=33773"}],"curies":[{"name":"wp","href":"https:\/\/api.w.org\/{rel}","templated":true}]}}