{"id":41837,"date":"2024-08-27T10:46:23","date_gmt":"2024-08-27T08:46:23","guid":{"rendered":"https:\/\/info.openlane.eu\/archive-2020\/"},"modified":"2026-04-14T14:09:34","modified_gmt":"2026-04-14T12:09:34","slug":"archive-2020","status":"publish","type":"page","link":"https:\/\/info.openlane.eu\/fr-fr\/help\/newsletters\/archive-2020\/","title":{"rendered":"Archives 2020"},"content":{"rendered":"<section class=\"l-section wpb_row height_medium\"><div class=\"l-section-h i-cf\"><div class=\"g-cols vc_row via_grid cols_1 laptops-cols_inherit tablets-cols_inherit mobiles-cols_1 valign_top type_default stacking_default\"><div class=\"wpb_column vc_column_container\"><div class=\"vc_column-inner\"><div class=\"wpb_text_column\"><div class=\"wpb_wrapper\"><div class=\"g-breadcrumbs\"><div class=\"g-breadcrumbs-item\"><a href=\"https:\/\/info.openlane.eu\/fr-fr\/\" title=\"Centre d&rsquo;information\">Centre d&rsquo;information<\/a><\/div><div class=\"g-breadcrumbs-separator\">\/<\/div><\/div>\n<\/div><\/div><div class=\"w-separator size_small\"><\/div><div class=\"g-cols wpb_row via_grid cols_1 laptops-cols_inherit tablets-cols_inherit mobiles-cols_1 valign_top type_default stacking_default\" style=\"--columns-gap:3rem;\"><div class=\"wpb_column vc_column_container\"><div class=\"vc_column-inner\"><div class=\"wpb_text_column\"><div class=\"wpb_wrapper\"><h1>Newsletters<\/h1>\n<p>Sur cette page, vous trouverez toutes nos newsletters de 2020 des plus r\u00e9centes au plus anciennes.<\/p>\n<\/div><\/div><div class=\"w-separator size_small\"><\/div><div class=\"wpb_text_column\"><div class=\"wpb_wrapper\">\n<form role=\"search\" method=\"get\" class=\"search-form\" action=\"https:\/\/info.openlane.eu\/fr-fr\/search\/\">\n    <label>\n        <input type=\"search\" class=\"search-field\" placeholder=\"Que recherchez-vous ?\" name=\"_keyword\" value=\"\" data-rlvlive=\"true\" data-rlvparentel=\"#rlvlive\" data-rlvconfig=\"default\" required minlength=\"3\">\n    <\/label>\n    <button type=\"submit\" class=\"search-submit\"><i class=\"fas fa-search\"><\/i><\/button>\n    <div id=\"rlvlive\"><\/div>\n<\/form>\n<\/div><\/div><div class=\"w-separator size_small\"><\/div><div class=\"w-hwrapper filter--buttons valign_middle align_left\" style=\"--hwrapper-gap:1rem\"><div class=\"w-btn-wrapper align_none\"><a class=\"w-btn us-btn-style_8\" href=\"https:\/\/info.openlane.eu\/fr-fr\/help\/newsletters\/\"><span class=\"w-btn-label\">2026<\/span><\/a><\/div><div class=\"w-btn-wrapper align_none\"><a class=\"w-btn us-btn-style_8\" href=\"https:\/\/info.openlane.eu\/fr-fr\/help\/newsletters\/archive-2025\/\"><span class=\"w-btn-label\">2025<\/span><\/a><\/div><div class=\"w-btn-wrapper align_none\"><a class=\"w-btn us-btn-style_8\" href=\"https:\/\/info.openlane.eu\/fr-fr\/help\/newsletters\/archive-2024\/\"><span class=\"w-btn-label\">2024<\/span><\/a><\/div><div class=\"w-btn-wrapper align_none\"><a class=\"w-btn us-btn-style_8\" href=\"https:\/\/info.openlane.eu\/fr-fr\/help\/newsletters\/archive-2023\/\"><span class=\"w-btn-label\">2023<\/span><\/a><\/div><div class=\"w-btn-wrapper align_none\"><a class=\"w-btn us-btn-style_8\" href=\"https:\/\/info.openlane.eu\/fr-fr\/help\/newsletters\/archive-2022\/\"><span class=\"w-btn-label\">2022<\/span><\/a><\/div><div class=\"w-btn-wrapper align_none\"><a class=\"w-btn us-btn-style_8\" href=\"https:\/\/info.openlane.eu\/fr-fr\/help\/newsletters\/archive-2021\/\"><span class=\"w-btn-label\">2021<\/span><\/a><\/div><div class=\"w-btn-wrapper align_none\"><a class=\"w-btn us-btn-style_8 active\" href=\"https:\/\/info.openlane.eu\/fr-fr\/help\/newsletters\/archive-2020\/\"><span class=\"w-btn-label\">2020<\/span><\/a><\/div><\/div><\/div><\/div><\/div><div class=\"w-separator size_medium\"><\/div><div class=\"g-cols wpb_row via_grid cols_1 laptops-cols_inherit tablets-cols_inherit mobiles-cols_1 valign_top type_default stacking_default\" style=\"--columns-gap:3rem;\" id=\"grid--newsletter\"><div class=\"wpb_column vc_column_container\"><div class=\"vc_column-inner\"><div class=\"wpb_text_column\"><div class=\"wpb_wrapper\"><ul>\n<li>22\/12\/2020<\/li>\n<li>Vente aux ench\u00e8res de No\u00ebl : Leaseplan Netherlands | OPENLANE<\/li>\n<\/ul>\n<\/div><\/div><div class=\"wpb_text_column\"><div class=\"wpb_wrapper\"><ul>\n<li>18\/12\/2020<\/li>\n<li>Joyeux No\u00ebl &amp; Bonne ann\u00e9e ! | OPENLANE<\/li>\n<\/ul>\n<\/div><\/div><div class=\"wpb_text_column\"><div class=\"wpb_wrapper\"><ul>\n<li>13\/11\/2020<\/li>\n<li>IMPORTANT : modifications tarifaires \u00e0 partir du 1er d\u00e9cembre 2020 | OPENLANE<\/li>\n<\/ul>\n<\/div><\/div><div class=\"wpb_text_column\"><div class=\"wpb_wrapper\"><ul>\n<li>17\/11\/2020<\/li>\n<li>Centre de ressources | Descriptions des dommages | Blog : 5conseils pour assurer le fonctionnement optimal de votre entreprise pendant l&rsquo;hiver | Comment modifier vos param\u00e8tres linguistiques ?<\/li>\n<\/ul>\n<\/div><\/div><div class=\"wpb_text_column\"><div class=\"wpb_wrapper\"><ul>\n<li>27\/11\/2020<\/li>\n<li>Rappel : modifications tarifaires en vigueur \u00e0 partir du 1er d\u00e9cembre 2020 | OPENLANE<\/li>\n<\/ul>\n<\/div><\/div><div class=\"wpb_text_column\"><div class=\"wpb_wrapper\"><ul>\n<li>15\/12\/2020<\/li>\n<li>Proc\u00e9dures de collecte en France | Jours de fermeture<\/li>\n<\/ul>\n<\/div><\/div><div class=\"wpb_text_column\"><div class=\"wpb_wrapper\"><ul>\n<li>26\/10\/2020<\/li>\n<li>Nouveau lieu de collecte en France | OPENLANE<\/li>\n<\/ul>\n<\/div><\/div><div class=\"wpb_text_column\"><div class=\"wpb_wrapper\"><ul>\n<li>20\/10\/2020<\/li>\n<li>Assistance t\u00e9l\u00e9phonique | Vous pouvez payer plusieurs voitures en un seul transfert | Nouvelles ventes aux ench\u00e8res exclusives d&rsquo;OPENLANE Italie<\/li>\n<\/ul>\n<\/div><\/div><div class=\"wpb_text_column\"><div class=\"wpb_wrapper\"><ul>\n<li>22\/09\/2020<\/li>\n<li>CMR : t\u00e9l\u00e9charger ou non ? | Mise \u00e0 jour concernant les documents de v\u00e9hicule n\u00e9cessaires en Italie | Devenir un professionnel de l&rsquo;ench\u00e8re<\/li>\n<\/ul>\n<\/div><\/div><div class=\"wpb_text_column\"><div class=\"wpb_wrapper\"><ul>\n<li>21\/08\/2020<\/li>\n<li>Saviez-vous que&#8230; Tenir compte des jeunes marques automobiles fran\u00e7aises | Processus d&rsquo;achat : 8 \u00e9tapes simples<\/li>\n<\/ul>\n<\/div><\/div><div class=\"wpb_text_column\"><div class=\"wpb_wrapper\"><ul>\n<li>22\/07\/2020<\/li>\n<li>Partage d&rsquo;\u00e9cran avec le service \u00e0 la client\u00e8le | Les vente aux ench\u00e8res de Volkswagen AG | Pourquoi et quand les ench\u00e8res sont-elles parfois prolong\u00e9es<\/li>\n<\/ul>\n<\/div><\/div><div class=\"wpb_text_column\"><div class=\"wpb_wrapper\"><ul>\n<li>24\/06\/2020<\/li>\n<li>Retour \u00e0 la normale | OPENLANE<\/li>\n<\/ul>\n<\/div><\/div><div class=\"wpb_text_column\"><div class=\"wpb_wrapper\"><ul>\n<li>09\/06\/2020<\/li>\n<li>Modifications apport\u00e9es au processus d&rsquo;ex\u00e9cution des commandes | OPENLANE<\/li>\n<\/ul>\n<\/div><\/div><div class=\"wpb_text_column\"><div class=\"wpb_wrapper\"><ul>\n<li>07\/05\/2020<\/li>\n<li>Nous sommes sur la bonne voie | OPENLANE<\/li>\n<\/ul>\n<\/div><\/div><div class=\"wpb_text_column\"><div class=\"wpb_wrapper\"><ul>\n<li>15\/04\/2020<\/li>\n<li>AVERTISSEMENT : de faux courriels OPENLANE circulent en provenance d&rsquo;un site Web copi\u00e9 | OPENLANE<\/li>\n<\/ul>\n<\/div><\/div><div class=\"wpb_text_column\"><div class=\"wpb_wrapper\"><ul>\n<li>03\/04\/2020<\/li>\n<li>AVERTISSEMENT : de faux courriels OPENLANE circulent en provenance d&rsquo;un site Web copi\u00e9 | OPENLANE<\/li>\n<\/ul>\n<\/div><\/div><div class=\"wpb_text_column\"><div class=\"wpb_wrapper\"><ul>\n<li>19\/03\/2020<\/li>\n<li>Mise \u00e0 jour importante sur Corona | 19 mars | OPENLANE<\/li>\n<\/ul>\n<\/div><\/div><div class=\"wpb_text_column\"><div class=\"wpb_wrapper\"><ul>\n<li>13\/03\/2020<\/li>\n<li>Les affaires avec OPENLANE continuent<\/li>\n<\/ul>\n<\/div><\/div><div class=\"wpb_text_column\"><div class=\"wpb_wrapper\"><ul>\n<li>28\/02\/2020<\/li>\n<li>La COVID-19 \u2013 directives pour entrer dans le HUB de Lonato (Italie)<\/li>\n<\/ul>\n<\/div><\/div><div class=\"wpb_text_column\"><div class=\"wpb_wrapper\"><ul>\n<li>18\/02\/2020<\/li>\n<li>Leaseplan Pays-bas : changements dans les ventes aux ench\u00e8res x-Time | Nouvelles r\u00e9glementations portant sur l&rsquo;exportation de v\u00e9hicules italiens | Gino Talks : My Bids page (ma page d&rsquo;offres d&rsquo;ench\u00e8res) | Voiture de l&rsquo;ann\u00e9e 2020 : c&rsquo;est le moment de voter !<\/li>\n<\/ul>\n<\/div><\/div><div class=\"wpb_text_column\"><div class=\"wpb_wrapper\"><ul>\n<li>30\/01\/2020<\/li>\n<li>Mes offres : toute l&rsquo;exp\u00e9rience de l&rsquo;ench\u00e8re sur une seule page | Am\u00e9liorez le succ\u00e8s de vos ench\u00e8res et les d\u00e9lais de collecte et de livraison | Partenariat avec COC | Symbole D : le r\u00e9gime du r\u00e9el normal de TVA<\/li>\n<\/ul>\n<\/div><\/div><\/div><\/div><\/div><\/div><\/div><\/div><\/div><\/section>\n","protected":false},"excerpt":{"rendered":"Centre d&rsquo;information\/ Newsletters Sur cette page, vous trouverez toutes nos newsletters de 2020 des plus r\u00e9centes au plus anciennes. 2026202520242023202220212020 22\/12\/2020 Vente aux ench\u00e8res de No\u00ebl : Leaseplan Netherlands | OPENLANE 18\/12\/2020 Joyeux No\u00ebl &amp; Bonne ann\u00e9e ! | OPENLANE 13\/11\/2020 IMPORTANT : modifications tarifaires \u00e0 partir du 1er d\u00e9cembre 2020 | OPENLANE 17\/11\/2020 Centre...","protected":false},"author":3,"featured_media":0,"parent":41823,"menu_order":0,"comment_status":"closed","ping_status":"closed","template":"","meta":{"_acf_changed":false,"footnotes":""},"class_list":["post-41837","page","type-page","status-publish","hentry"],"acf":[],"yoast_head":"<!-- This site is optimized with the Yoast SEO Premium plugin v26.9 (Yoast SEO v27.4) - https:\/\/yoast.com\/product\/yoast-seo-premium-wordpress\/ -->\n<title>Restez inform\u00e9 gr\u00e2ce aux newsletters des acheteurs | OPENLANE<\/title>\n<meta name=\"description\" content=\"D\u00e9couvrez les newsletters con\u00e7ues pour les vendeurs et les acheteurs sur OPENLANE. Restez inform\u00e9 des derni\u00e8res mises \u00e0 jour, des conseils et des informations sur le march\u00e9 afin d&#039;am\u00e9liorer votre exp\u00e9rience d&#039;achat et de vente.\" \/>\n<meta name=\"robots\" content=\"index, follow, max-snippet:-1, max-image-preview:large, max-video-preview:-1\" \/>\n<link rel=\"canonical\" href=\"https:\/\/info.openlane.eu\/fr-fr\/help\/newsletters\/archive-2020\/\" \/>\n<meta property=\"og:locale\" content=\"fr_FR\" \/>\n<meta property=\"og:type\" content=\"article\" \/>\n<meta property=\"og:title\" content=\"Archives 2020\" \/>\n<meta property=\"og:description\" content=\"D\u00e9couvrez les newsletters con\u00e7ues pour les vendeurs et les acheteurs sur OPENLANE. Restez inform\u00e9 des derni\u00e8res mises \u00e0 jour, des conseils et des informations sur le march\u00e9 afin d&#039;am\u00e9liorer votre exp\u00e9rience d&#039;achat et de vente.\" \/>\n<meta property=\"og:url\" content=\"https:\/\/info.openlane.eu\/fr-fr\/help\/newsletters\/archive-2020\/\" \/>\n<meta property=\"og:site_name\" content=\"OPENLANE\" \/>\n<meta property=\"article:publisher\" content=\"https:\/\/www.facebook.com\/OPENLANE.Europe\" \/>\n<meta property=\"article:modified_time\" content=\"2026-04-14T12:09:34+00:00\" \/>\n<meta property=\"og:image\" content=\"https:\/\/info.openlane.eu\/wp-content\/uploads\/2025\/12\/logo-1200x675-1.png\" \/>\n\t<meta property=\"og:image:width\" content=\"1200\" \/>\n\t<meta property=\"og:image:height\" content=\"675\" \/>\n\t<meta property=\"og:image:type\" content=\"image\/png\" \/>\n<meta name=\"twitter:card\" content=\"summary_large_image\" \/>\n<meta name=\"twitter:site\" content=\"@OPENLANE_Europe\" \/>\n<meta name=\"twitter:label1\" content=\"Dur\u00e9e de lecture estim\u00e9e\" \/>\n\t<meta name=\"twitter:data1\" content=\"2 minutes\" \/>\n<script type=\"application\/ld+json\" class=\"yoast-schema-graph\">{\"@context\":\"https:\\\/\\\/schema.org\",\"@graph\":[{\"@type\":\"WebPage\",\"@id\":\"https:\\\/\\\/info.openlane.eu\\\/fr-fr\\\/help\\\/newsletters\\\/archive-2020\\\/\",\"url\":\"https:\\\/\\\/info.openlane.eu\\\/fr-fr\\\/help\\\/newsletters\\\/archive-2020\\\/\",\"name\":\"Restez inform\u00e9 gr\u00e2ce aux newsletters des acheteurs | OPENLANE\",\"isPartOf\":{\"@id\":\"https:\\\/\\\/info.openlane.eu\\\/fr-fr\\\/#website\"},\"datePublished\":\"2024-08-27T08:46:23+00:00\",\"dateModified\":\"2026-04-14T12:09:34+00:00\",\"description\":\"D\u00e9couvrez les newsletters con\u00e7ues pour les vendeurs et les acheteurs sur OPENLANE. Restez inform\u00e9 des derni\u00e8res mises \u00e0 jour, des conseils et des informations sur le march\u00e9 afin d'am\u00e9liorer votre exp\u00e9rience d'achat et de vente.\",\"breadcrumb\":{\"@id\":\"https:\\\/\\\/info.openlane.eu\\\/fr-fr\\\/help\\\/newsletters\\\/archive-2020\\\/#breadcrumb\"},\"inLanguage\":\"fr-FR\",\"potentialAction\":[{\"@type\":\"ReadAction\",\"target\":[\"https:\\\/\\\/info.openlane.eu\\\/fr-fr\\\/help\\\/newsletters\\\/archive-2020\\\/\"]}]},{\"@type\":\"BreadcrumbList\",\"@id\":\"https:\\\/\\\/info.openlane.eu\\\/fr-fr\\\/help\\\/newsletters\\\/archive-2020\\\/#breadcrumb\",\"itemListElement\":[{\"@type\":\"ListItem\",\"position\":1,\"name\":\"Home\",\"item\":\"https:\\\/\\\/info.openlane.eu\\\/fr-fr\\\/\"},{\"@type\":\"ListItem\",\"position\":2,\"name\":\"Aide\",\"item\":\"https:\\\/\\\/info.openlane.eu\\\/fr-fr\\\/help\\\/\"},{\"@type\":\"ListItem\",\"position\":3,\"name\":\"Newsletters\",\"item\":\"https:\\\/\\\/info.openlane.eu\\\/fr-fr\\\/help\\\/newsletters\\\/\"},{\"@type\":\"ListItem\",\"position\":4,\"name\":\"Archives 2020\"}]},{\"@type\":\"WebSite\",\"@id\":\"https:\\\/\\\/info.openlane.eu\\\/fr-fr\\\/#website\",\"url\":\"https:\\\/\\\/info.openlane.eu\\\/fr-fr\\\/\",\"name\":\"OPENLANE\",\"description\":\"Online used car auction website\",\"publisher\":{\"@id\":\"https:\\\/\\\/info.openlane.eu\\\/fr-fr\\\/#organization\"},\"potentialAction\":[{\"@type\":\"SearchAction\",\"target\":{\"@type\":\"EntryPoint\",\"urlTemplate\":\"https:\\\/\\\/info.openlane.eu\\\/fr-fr\\\/?s={search_term_string}\"},\"query-input\":{\"@type\":\"PropertyValueSpecification\",\"valueRequired\":true,\"valueName\":\"search_term_string\"}}],\"inLanguage\":\"fr-FR\"},{\"@type\":\"Organization\",\"@id\":\"https:\\\/\\\/info.openlane.eu\\\/fr-fr\\\/#organization\",\"name\":\"OPENLANE\",\"url\":\"https:\\\/\\\/info.openlane.eu\\\/fr-fr\\\/\",\"logo\":{\"@type\":\"ImageObject\",\"inLanguage\":\"fr-FR\",\"@id\":\"https:\\\/\\\/info.openlane.eu\\\/fr-fr\\\/#\\\/schema\\\/logo\\\/image\\\/\",\"url\":\"https:\\\/\\\/info.openlane.eu\\\/wp-content\\\/uploads\\\/2025\\\/12\\\/openlane-RGB-on-Wht.png\",\"contentUrl\":\"https:\\\/\\\/info.openlane.eu\\\/wp-content\\\/uploads\\\/2025\\\/12\\\/openlane-RGB-on-Wht.png\",\"width\":615,\"height\":159,\"caption\":\"OPENLANE\"},\"image\":{\"@id\":\"https:\\\/\\\/info.openlane.eu\\\/fr-fr\\\/#\\\/schema\\\/logo\\\/image\\\/\"},\"sameAs\":[\"https:\\\/\\\/www.facebook.com\\\/OPENLANE.Europe\",\"https:\\\/\\\/x.com\\\/OPENLANE_Europe\",\"https:\\\/\\\/www.linkedin.com\\\/company\\\/openlane-europe\",\"https:\\\/\\\/www.instagram.com\\\/openlane_europe\\\/\"],\"description\":\"Our purpose is to make used car wholesale easy so our customers can be more successful. We sell high-quality second-hand vehicles exclusively and directly to car dealers and traders. All cars come with quality car descriptions and inspections. Our digital marketplace is the fresh wave carrying the automotive industry into the digital age. We give car traders more opportunities, more flexibility and more freedom than can be found anywhere else. Our strong commitment to quality and service drives us to continuously improve our offerings to suit the industry\u2019s ever-evolving needs. We aim to be the best and we strive to help our customers do the same. With flexible, modular and end-to-end remarketing solutions, and customer service in more than 20 languages, we offer innovative, tech-driven solutions and services that help customers to buy and sell with ease across Europe.\",\"email\":\"info@openlane.eu\",\"telephone\":\"+32 (0)16 38 00 68\",\"legalName\":\"OPENLANE Europe NV\",\"vatID\":\"BE0867129223\",\"numberOfEmployees\":{\"@type\":\"QuantitativeValue\",\"minValue\":\"201\",\"maxValue\":\"500\"}}]}<\/script>\n<!-- \/ Yoast SEO Premium plugin. -->","yoast_head_json":{"title":"Restez inform\u00e9 gr\u00e2ce aux newsletters des acheteurs | OPENLANE","description":"D\u00e9couvrez les newsletters con\u00e7ues pour les vendeurs et les acheteurs sur OPENLANE. Restez inform\u00e9 des derni\u00e8res mises \u00e0 jour, des conseils et des informations sur le march\u00e9 afin d'am\u00e9liorer votre exp\u00e9rience d'achat et de vente.","robots":{"index":"index","follow":"follow","max-snippet":"max-snippet:-1","max-image-preview":"max-image-preview:large","max-video-preview":"max-video-preview:-1"},"canonical":"https:\/\/info.openlane.eu\/fr-fr\/help\/newsletters\/archive-2020\/","og_locale":"fr_FR","og_type":"article","og_title":"Archives 2020","og_description":"D\u00e9couvrez les newsletters con\u00e7ues pour les vendeurs et les acheteurs sur OPENLANE. Restez inform\u00e9 des derni\u00e8res mises \u00e0 jour, des conseils et des informations sur le march\u00e9 afin d'am\u00e9liorer votre exp\u00e9rience d'achat et de vente.","og_url":"https:\/\/info.openlane.eu\/fr-fr\/help\/newsletters\/archive-2020\/","og_site_name":"OPENLANE","article_publisher":"https:\/\/www.facebook.com\/OPENLANE.Europe","article_modified_time":"2026-04-14T12:09:34+00:00","og_image":[{"width":1200,"height":675,"url":"https:\/\/info.openlane.eu\/wp-content\/uploads\/2025\/12\/logo-1200x675-1.png","type":"image\/png"}],"twitter_card":"summary_large_image","twitter_site":"@OPENLANE_Europe","twitter_misc":{"Dur\u00e9e de lecture estim\u00e9e":"2 minutes"},"schema":{"@context":"https:\/\/schema.org","@graph":[{"@type":"WebPage","@id":"https:\/\/info.openlane.eu\/fr-fr\/help\/newsletters\/archive-2020\/","url":"https:\/\/info.openlane.eu\/fr-fr\/help\/newsletters\/archive-2020\/","name":"Restez inform\u00e9 gr\u00e2ce aux newsletters des acheteurs | OPENLANE","isPartOf":{"@id":"https:\/\/info.openlane.eu\/fr-fr\/#website"},"datePublished":"2024-08-27T08:46:23+00:00","dateModified":"2026-04-14T12:09:34+00:00","description":"D\u00e9couvrez les newsletters con\u00e7ues pour les vendeurs et les acheteurs sur OPENLANE. Restez inform\u00e9 des derni\u00e8res mises \u00e0 jour, des conseils et des informations sur le march\u00e9 afin d'am\u00e9liorer votre exp\u00e9rience d'achat et de vente.","breadcrumb":{"@id":"https:\/\/info.openlane.eu\/fr-fr\/help\/newsletters\/archive-2020\/#breadcrumb"},"inLanguage":"fr-FR","potentialAction":[{"@type":"ReadAction","target":["https:\/\/info.openlane.eu\/fr-fr\/help\/newsletters\/archive-2020\/"]}]},{"@type":"BreadcrumbList","@id":"https:\/\/info.openlane.eu\/fr-fr\/help\/newsletters\/archive-2020\/#breadcrumb","itemListElement":[{"@type":"ListItem","position":1,"name":"Home","item":"https:\/\/info.openlane.eu\/fr-fr\/"},{"@type":"ListItem","position":2,"name":"Aide","item":"https:\/\/info.openlane.eu\/fr-fr\/help\/"},{"@type":"ListItem","position":3,"name":"Newsletters","item":"https:\/\/info.openlane.eu\/fr-fr\/help\/newsletters\/"},{"@type":"ListItem","position":4,"name":"Archives 2020"}]},{"@type":"WebSite","@id":"https:\/\/info.openlane.eu\/fr-fr\/#website","url":"https:\/\/info.openlane.eu\/fr-fr\/","name":"OPENLANE","description":"Online used car auction website","publisher":{"@id":"https:\/\/info.openlane.eu\/fr-fr\/#organization"},"potentialAction":[{"@type":"SearchAction","target":{"@type":"EntryPoint","urlTemplate":"https:\/\/info.openlane.eu\/fr-fr\/?s={search_term_string}"},"query-input":{"@type":"PropertyValueSpecification","valueRequired":true,"valueName":"search_term_string"}}],"inLanguage":"fr-FR"},{"@type":"Organization","@id":"https:\/\/info.openlane.eu\/fr-fr\/#organization","name":"OPENLANE","url":"https:\/\/info.openlane.eu\/fr-fr\/","logo":{"@type":"ImageObject","inLanguage":"fr-FR","@id":"https:\/\/info.openlane.eu\/fr-fr\/#\/schema\/logo\/image\/","url":"https:\/\/info.openlane.eu\/wp-content\/uploads\/2025\/12\/openlane-RGB-on-Wht.png","contentUrl":"https:\/\/info.openlane.eu\/wp-content\/uploads\/2025\/12\/openlane-RGB-on-Wht.png","width":615,"height":159,"caption":"OPENLANE"},"image":{"@id":"https:\/\/info.openlane.eu\/fr-fr\/#\/schema\/logo\/image\/"},"sameAs":["https:\/\/www.facebook.com\/OPENLANE.Europe","https:\/\/x.com\/OPENLANE_Europe","https:\/\/www.linkedin.com\/company\/openlane-europe","https:\/\/www.instagram.com\/openlane_europe\/"],"description":"Our purpose is to make used car wholesale easy so our customers can be more successful. We sell high-quality second-hand vehicles exclusively and directly to car dealers and traders. All cars come with quality car descriptions and inspections. Our digital marketplace is the fresh wave carrying the automotive industry into the digital age. We give car traders more opportunities, more flexibility and more freedom than can be found anywhere else. Our strong commitment to quality and service drives us to continuously improve our offerings to suit the industry\u2019s ever-evolving needs. We aim to be the best and we strive to help our customers do the same. With flexible, modular and end-to-end remarketing solutions, and customer service in more than 20 languages, we offer innovative, tech-driven solutions and services that help customers to buy and sell with ease across Europe.","email":"info@openlane.eu","telephone":"+32 (0)16 38 00 68","legalName":"OPENLANE Europe NV","vatID":"BE0867129223","numberOfEmployees":{"@type":"QuantitativeValue","minValue":"201","maxValue":"500"}}]}},"_links":{"self":[{"href":"https:\/\/info.openlane.eu\/fr-fr\/wp-json\/wp\/v2\/pages\/41837","targetHints":{"allow":["GET"]}}],"collection":[{"href":"https:\/\/info.openlane.eu\/fr-fr\/wp-json\/wp\/v2\/pages"}],"about":[{"href":"https:\/\/info.openlane.eu\/fr-fr\/wp-json\/wp\/v2\/types\/page"}],"author":[{"embeddable":true,"href":"https:\/\/info.openlane.eu\/fr-fr\/wp-json\/wp\/v2\/users\/3"}],"replies":[{"embeddable":true,"href":"https:\/\/info.openlane.eu\/fr-fr\/wp-json\/wp\/v2\/comments?post=41837"}],"version-history":[{"count":8,"href":"https:\/\/info.openlane.eu\/fr-fr\/wp-json\/wp\/v2\/pages\/41837\/revisions"}],"predecessor-version":[{"id":87753,"href":"https:\/\/info.openlane.eu\/fr-fr\/wp-json\/wp\/v2\/pages\/41837\/revisions\/87753"}],"up":[{"embeddable":true,"href":"https:\/\/info.openlane.eu\/fr-fr\/wp-json\/wp\/v2\/pages\/41823"}],"wp:attachment":[{"href":"https:\/\/info.openlane.eu\/fr-fr\/wp-json\/wp\/v2\/media?parent=41837"}],"curies":[{"name":"wp","href":"https:\/\/api.w.org\/{rel}","templated":true}]}}