{"id":41840,"date":"2024-08-27T11:00:32","date_gmt":"2024-08-27T09:00:32","guid":{"rendered":"https:\/\/info.openlane.eu\/archive-2023\/"},"modified":"2026-04-09T12:51:28","modified_gmt":"2026-04-09T10:51:28","slug":"archive-2023","status":"publish","type":"page","link":"https:\/\/info.openlane.eu\/fr-fr\/help\/newsletters\/archive-2023\/","title":{"rendered":"Archives 2023"},"content":{"rendered":"<section class=\"l-section wpb_row height_medium\"><div class=\"l-section-h i-cf\"><div class=\"g-cols vc_row via_grid cols_1 laptops-cols_inherit tablets-cols_inherit mobiles-cols_1 valign_top type_default stacking_default\"><div class=\"wpb_column vc_column_container\"><div class=\"vc_column-inner\"><div class=\"wpb_text_column\"><div class=\"wpb_wrapper\"><div class=\"g-breadcrumbs\"><div class=\"g-breadcrumbs-item\"><a href=\"https:\/\/info.openlane.eu\/fr-fr\/\" title=\"Centre d&rsquo;information\">Centre d&rsquo;information<\/a><\/div><div class=\"g-breadcrumbs-separator\">\/<\/div><\/div>\n<\/div><\/div><div class=\"w-separator size_small\"><\/div><div class=\"g-cols wpb_row via_grid cols_1 laptops-cols_inherit tablets-cols_inherit mobiles-cols_1 valign_top type_default stacking_default\" style=\"--columns-gap:3rem;\"><div class=\"wpb_column vc_column_container\"><div class=\"vc_column-inner\"><div class=\"wpb_text_column\"><div class=\"wpb_wrapper\"><h1>Newsletters<\/h1>\n<p>Sur cette page, vous trouverez toutes nos newsletters de 2023 class\u00e9es \u00e0 partir des plus r\u00e9centes.<\/p>\n<\/div><\/div><div class=\"w-separator size_small\"><\/div><div class=\"wpb_text_column\"><div class=\"wpb_wrapper\">\n<form role=\"search\" method=\"get\" class=\"search-form\" action=\"https:\/\/info.openlane.eu\/fr-fr\/search\/\">\n    <label>\n        <input type=\"search\" class=\"search-field\" placeholder=\"Que recherchez-vous ?\" name=\"_keyword\" value=\"\" data-rlvlive=\"true\" data-rlvparentel=\"#rlvlive\" data-rlvconfig=\"default\" required minlength=\"3\">\n    <\/label>\n    <button type=\"submit\" class=\"search-submit\"><i class=\"fas fa-search\"><\/i><\/button>\n    <div id=\"rlvlive\"><\/div>\n<\/form>\n<\/div><\/div><div class=\"w-separator size_small\"><\/div><div class=\"w-hwrapper filter--buttons valign_middle align_left\" style=\"--hwrapper-gap:1rem\"><div class=\"w-btn-wrapper align_none\"><a class=\"w-btn us-btn-style_8\" href=\"https:\/\/info.openlane.eu\/fr-fr\/help\/newsletters\/\"><span class=\"w-btn-label\">2026<\/span><\/a><\/div><div class=\"w-btn-wrapper align_none\"><a class=\"w-btn us-btn-style_8\" href=\"https:\/\/info.openlane.eu\/fr-fr\/help\/newsletters\/archive-2025\/\"><span class=\"w-btn-label\">2025<\/span><\/a><\/div><div class=\"w-btn-wrapper align_none\"><a class=\"w-btn us-btn-style_8\" href=\"https:\/\/info.openlane.eu\/fr-fr\/help\/newsletters\/archive-2024\/\"><span class=\"w-btn-label\">2024<\/span><\/a><\/div><div class=\"w-btn-wrapper align_none\"><a class=\"w-btn us-btn-style_8 active\" href=\"https:\/\/info.openlane.eu\/fr-fr\/help\/newsletters\/archive-2023\/\"><span class=\"w-btn-label\">2023<\/span><\/a><\/div><div class=\"w-btn-wrapper align_none\"><a class=\"w-btn us-btn-style_8\" href=\"https:\/\/info.openlane.eu\/fr-fr\/help\/newsletters\/archive-2022\/\"><span class=\"w-btn-label\">2022<\/span><\/a><\/div><div class=\"w-btn-wrapper align_none\"><a class=\"w-btn us-btn-style_8\" href=\"https:\/\/info.openlane.eu\/fr-fr\/help\/newsletters\/archive-2021\/\"><span class=\"w-btn-label\">2021<\/span><\/a><\/div><div class=\"w-btn-wrapper align_none\"><a class=\"w-btn us-btn-style_8\" href=\"https:\/\/info.openlane.eu\/fr-fr\/help\/newsletters\/archive-2020\/\"><span class=\"w-btn-label\">2020<\/span><\/a><\/div><\/div><\/div><\/div><\/div><div class=\"w-separator size_medium\"><\/div><div class=\"g-cols wpb_row via_grid cols_1 laptops-cols_inherit tablets-cols_inherit mobiles-cols_1 valign_top type_default stacking_default\" style=\"--columns-gap:3rem;\" id=\"grid--newsletter\"><div class=\"wpb_column vc_column_container\"><div class=\"vc_column-inner\"><div class=\"wpb_text_column\"><div class=\"wpb_wrapper\"><ul>\n<li>29\/12\/2023<\/li>\n<li>Bonne ann\u00e9e ! Revivez les 5 temps forts d&rsquo;OPENLANE en 2023<\/li>\n<\/ul>\n<\/div><\/div><div class=\"wpb_text_column\"><div class=\"wpb_wrapper\"><ul>\n<li>22\/12\/2023<\/li>\n<li>Prochaines modifications tarifaires | Rappel sur la politique de collecte des voitures su\u00e9doises<\/li>\n<\/ul>\n<\/div><\/div><div class=\"wpb_text_column\"><div class=\"wpb_wrapper\"><ul>\n<li>21\/12\/2023<\/li>\n<li>Soyez vigilants face aux pratiques frauduleuses<\/li>\n<\/ul>\n<\/div><\/div><div class=\"wpb_text_column\"><div class=\"wpb_wrapper\"><ul>\n<li>22\/11\/2023<\/li>\n<li>OPENLANE existe officiellement | ADESA est d\u00e9sormais OPENLANE !<\/li>\n<\/ul>\n<\/div><\/div><div class=\"wpb_text_column\"><div class=\"wpb_wrapper\"><ul>\n<li>13\/10\/2023<\/li>\n<li>Hub Genk : nouvelle adresse<\/li>\n<\/ul>\n<\/div><\/div><div class=\"wpb_text_column\"><div class=\"wpb_wrapper\"><ul>\n<li>26\/09\/2023<\/li>\n<li>La nouvelle page \u00ab Mes r\u00e9clamations \u00bb vous permet de g\u00e9rer facilement vos r\u00e9clamations | Probl\u00e8me r\u00e9solu<\/li>\n<\/ul>\n<\/div><\/div><div class=\"wpb_text_column\"><div class=\"wpb_wrapper\"><ul>\n<li>7\/09\/2023<\/li>\n<li>La nouvelle page \u00ab\u00a0Mes r\u00e9clamations\u00a0\u00bb vous permet de g\u00e9rer facilement vos r\u00e9clamations<\/li>\n<\/ul>\n<\/div><\/div><div class=\"wpb_text_column\"><div class=\"wpb_wrapper\"><ul>\n<li>17\/08\/2023<\/li>\n<li>Mise \u00e0 jour de \u00ab Mon compte \u00bb | Modification du design de \u00ab Mes documents \u00bb<\/li>\n<\/ul>\n<\/div><\/div><div class=\"wpb_text_column\"><div class=\"wpb_wrapper\"><ul>\n<li>09\/08\/2023<\/li>\n<li>Mise \u00e0 jour de \u00ab\u00a0Mon compte\u00a0\u00bb<\/li>\n<\/ul>\n<\/div><\/div><div class=\"wpb_text_column\"><div class=\"wpb_wrapper\"><ul>\n<li>18\/07\/2023<\/li>\n<li>Deux nouveaux points de collecte centraux en Su\u00e8de!<\/li>\n<\/ul>\n<\/div><\/div><div class=\"wpb_text_column\"><div class=\"wpb_wrapper\"><ul>\n<li>20\/06\/2023<\/li>\n<li>Transport | Enqu\u00eate aupr\u00e8s des acheteurs : r\u00e9sultats | 3 FAQ<\/li>\n<\/ul>\n<\/div><\/div><div class=\"wpb_text_column\"><div class=\"wpb_wrapper\"><ul>\n<li>31\/05\/2023<\/li>\n<li>IMPORTANT : de faux e-mails OPENLANE et de faux messages WhatsApp circulent<\/li>\n<\/ul>\n<\/div><\/div><div class=\"wpb_text_column\"><div class=\"wpb_wrapper\"><ul>\n<li>31\/03\/2023<\/li>\n<li>Mise \u00e0 jour de Mon compte pour une gestion plus facile des t\u00e2ches | Nombre de places et traction int\u00e9grale | Vente en stock 24\/7 | Voitures de concessionnaires allemands<\/li>\n<\/ul>\n<\/div><\/div><div class=\"wpb_text_column\"><div class=\"wpb_wrapper\"><ul>\n<li>16\/03\/2023<\/li>\n<li>Page \u00ab\u00a0Mes recommandations\u00a0\u00bb : une s\u00e9lection de voitures qui r\u00e9pondent \u00e0 vos int\u00e9r\u00eats<\/li>\n<\/ul>\n<\/div><\/div><div class=\"wpb_text_column\"><div class=\"wpb_wrapper\"><ul>\n<li>15\/03\/2023<\/li>\n<li>Optimo, votre service de paiement et d&rsquo;inspection optimal est de retour !<\/li>\n<\/ul>\n<\/div><\/div><div class=\"wpb_text_column\"><div class=\"wpb_wrapper\"><ul>\n<li>06\/03\/2023<\/li>\n<li>Achetez des voitures de stock \u00e0 des prix fixes 24 heures sur 24, 7 jours sur 7<\/li>\n<\/ul>\n<\/div><\/div><div class=\"wpb_text_column\"><div class=\"wpb_wrapper\"><ul>\n<li>24\/02\/2023<\/li>\n<li>NOUVEAU : fonction de n\u00e9gociation num\u00e9rique des prix<\/li>\n<\/ul>\n<\/div><\/div><div class=\"wpb_text_column\"><div class=\"wpb_wrapper\"><ul>\n<li>19\/01\/2023<\/li>\n<li>OPENLANE se consolide en une seule plateforme europ\u00e9enne<\/li>\n<\/ul>\n<\/div><\/div><\/div><\/div><\/div><\/div><\/div><\/div><\/div><\/section>\n","protected":false},"excerpt":{"rendered":"Centre d&rsquo;information\/ Newsletters Sur cette page, vous trouverez toutes nos newsletters de 2023 class\u00e9es \u00e0 partir des plus r\u00e9centes. 2026202520242023202220212020 29\/12\/2023 Bonne ann\u00e9e ! Revivez les 5 temps forts d&rsquo;OPENLANE en 2023 22\/12\/2023 Prochaines modifications tarifaires | Rappel sur la politique de collecte des voitures su\u00e9doises 21\/12\/2023 Soyez vigilants face aux pratiques frauduleuses 22\/11\/2023 OPENLANE...","protected":false},"author":3,"featured_media":0,"parent":41823,"menu_order":0,"comment_status":"closed","ping_status":"closed","template":"","meta":{"_acf_changed":false,"footnotes":""},"class_list":["post-41840","page","type-page","status-publish","hentry"],"acf":[],"yoast_head":"<!-- This site is optimized with the Yoast SEO Premium plugin v26.9 (Yoast SEO v27.4) - https:\/\/yoast.com\/product\/yoast-seo-premium-wordpress\/ -->\n<title>Restez inform\u00e9 gr\u00e2ce aux newsletters des acheteurs | OPENLANE<\/title>\n<meta name=\"description\" content=\"D\u00e9couvrez les newsletters con\u00e7ues pour les vendeurs et les acheteurs sur OPENLANE. Restez inform\u00e9 des derni\u00e8res mises \u00e0 jour, des conseils et des informations sur le march\u00e9 afin d&#039;am\u00e9liorer votre exp\u00e9rience d&#039;achat et de vente.\" \/>\n<meta name=\"robots\" content=\"index, follow, max-snippet:-1, max-image-preview:large, max-video-preview:-1\" \/>\n<link rel=\"canonical\" href=\"https:\/\/info.openlane.eu\/fr-fr\/help\/newsletters\/archive-2023\/\" \/>\n<meta property=\"og:locale\" content=\"fr_FR\" \/>\n<meta property=\"og:type\" content=\"article\" \/>\n<meta property=\"og:title\" content=\"Archives 2023\" \/>\n<meta property=\"og:description\" content=\"D\u00e9couvrez les newsletters con\u00e7ues pour les vendeurs et les acheteurs sur OPENLANE. Restez inform\u00e9 des derni\u00e8res mises \u00e0 jour, des conseils et des informations sur le march\u00e9 afin d&#039;am\u00e9liorer votre exp\u00e9rience d&#039;achat et de vente.\" \/>\n<meta property=\"og:url\" content=\"https:\/\/info.openlane.eu\/fr-fr\/help\/newsletters\/archive-2023\/\" \/>\n<meta property=\"og:site_name\" content=\"OPENLANE\" \/>\n<meta property=\"article:publisher\" content=\"https:\/\/www.facebook.com\/OPENLANE.Europe\" \/>\n<meta property=\"article:modified_time\" content=\"2026-04-09T10:51:28+00:00\" \/>\n<meta property=\"og:image\" content=\"https:\/\/info.openlane.eu\/wp-content\/uploads\/2025\/12\/logo-1200x675-1.png\" \/>\n\t<meta property=\"og:image:width\" content=\"1200\" \/>\n\t<meta property=\"og:image:height\" content=\"675\" \/>\n\t<meta property=\"og:image:type\" content=\"image\/png\" \/>\n<meta name=\"twitter:card\" content=\"summary_large_image\" \/>\n<meta name=\"twitter:site\" content=\"@OPENLANE_Europe\" \/>\n<meta name=\"twitter:label1\" content=\"Dur\u00e9e de lecture estim\u00e9e\" \/>\n\t<meta name=\"twitter:data1\" content=\"2 minutes\" \/>\n<script type=\"application\/ld+json\" class=\"yoast-schema-graph\">{\"@context\":\"https:\\\/\\\/schema.org\",\"@graph\":[{\"@type\":\"WebPage\",\"@id\":\"https:\\\/\\\/info.openlane.eu\\\/fr-fr\\\/help\\\/newsletters\\\/archive-2023\\\/\",\"url\":\"https:\\\/\\\/info.openlane.eu\\\/fr-fr\\\/help\\\/newsletters\\\/archive-2023\\\/\",\"name\":\"Restez inform\u00e9 gr\u00e2ce aux newsletters des acheteurs | OPENLANE\",\"isPartOf\":{\"@id\":\"https:\\\/\\\/info.openlane.eu\\\/fr-fr\\\/#website\"},\"datePublished\":\"2024-08-27T09:00:32+00:00\",\"dateModified\":\"2026-04-09T10:51:28+00:00\",\"description\":\"D\u00e9couvrez les newsletters con\u00e7ues pour les vendeurs et les acheteurs sur OPENLANE. Restez inform\u00e9 des derni\u00e8res mises \u00e0 jour, des conseils et des informations sur le march\u00e9 afin d'am\u00e9liorer votre exp\u00e9rience d'achat et de vente.\",\"breadcrumb\":{\"@id\":\"https:\\\/\\\/info.openlane.eu\\\/fr-fr\\\/help\\\/newsletters\\\/archive-2023\\\/#breadcrumb\"},\"inLanguage\":\"fr-FR\",\"potentialAction\":[{\"@type\":\"ReadAction\",\"target\":[\"https:\\\/\\\/info.openlane.eu\\\/fr-fr\\\/help\\\/newsletters\\\/archive-2023\\\/\"]}]},{\"@type\":\"BreadcrumbList\",\"@id\":\"https:\\\/\\\/info.openlane.eu\\\/fr-fr\\\/help\\\/newsletters\\\/archive-2023\\\/#breadcrumb\",\"itemListElement\":[{\"@type\":\"ListItem\",\"position\":1,\"name\":\"Home\",\"item\":\"https:\\\/\\\/info.openlane.eu\\\/fr-fr\\\/\"},{\"@type\":\"ListItem\",\"position\":2,\"name\":\"Aide\",\"item\":\"https:\\\/\\\/info.openlane.eu\\\/fr-fr\\\/help\\\/\"},{\"@type\":\"ListItem\",\"position\":3,\"name\":\"Newsletters\",\"item\":\"https:\\\/\\\/info.openlane.eu\\\/fr-fr\\\/help\\\/newsletters\\\/\"},{\"@type\":\"ListItem\",\"position\":4,\"name\":\"Archives 2023\"}]},{\"@type\":\"WebSite\",\"@id\":\"https:\\\/\\\/info.openlane.eu\\\/fr-fr\\\/#website\",\"url\":\"https:\\\/\\\/info.openlane.eu\\\/fr-fr\\\/\",\"name\":\"OPENLANE\",\"description\":\"Online used car auction website\",\"publisher\":{\"@id\":\"https:\\\/\\\/info.openlane.eu\\\/fr-fr\\\/#organization\"},\"potentialAction\":[{\"@type\":\"SearchAction\",\"target\":{\"@type\":\"EntryPoint\",\"urlTemplate\":\"https:\\\/\\\/info.openlane.eu\\\/fr-fr\\\/?s={search_term_string}\"},\"query-input\":{\"@type\":\"PropertyValueSpecification\",\"valueRequired\":true,\"valueName\":\"search_term_string\"}}],\"inLanguage\":\"fr-FR\"},{\"@type\":\"Organization\",\"@id\":\"https:\\\/\\\/info.openlane.eu\\\/fr-fr\\\/#organization\",\"name\":\"OPENLANE\",\"url\":\"https:\\\/\\\/info.openlane.eu\\\/fr-fr\\\/\",\"logo\":{\"@type\":\"ImageObject\",\"inLanguage\":\"fr-FR\",\"@id\":\"https:\\\/\\\/info.openlane.eu\\\/fr-fr\\\/#\\\/schema\\\/logo\\\/image\\\/\",\"url\":\"https:\\\/\\\/info.openlane.eu\\\/wp-content\\\/uploads\\\/2025\\\/12\\\/openlane-RGB-on-Wht.png\",\"contentUrl\":\"https:\\\/\\\/info.openlane.eu\\\/wp-content\\\/uploads\\\/2025\\\/12\\\/openlane-RGB-on-Wht.png\",\"width\":615,\"height\":159,\"caption\":\"OPENLANE\"},\"image\":{\"@id\":\"https:\\\/\\\/info.openlane.eu\\\/fr-fr\\\/#\\\/schema\\\/logo\\\/image\\\/\"},\"sameAs\":[\"https:\\\/\\\/www.facebook.com\\\/OPENLANE.Europe\",\"https:\\\/\\\/x.com\\\/OPENLANE_Europe\",\"https:\\\/\\\/www.linkedin.com\\\/company\\\/openlane-europe\",\"https:\\\/\\\/www.instagram.com\\\/openlane_europe\\\/\"],\"description\":\"Our purpose is to make used car wholesale easy so our customers can be more successful. We sell high-quality second-hand vehicles exclusively and directly to car dealers and traders. All cars come with quality car descriptions and inspections. Our digital marketplace is the fresh wave carrying the automotive industry into the digital age. We give car traders more opportunities, more flexibility and more freedom than can be found anywhere else. Our strong commitment to quality and service drives us to continuously improve our offerings to suit the industry\u2019s ever-evolving needs. We aim to be the best and we strive to help our customers do the same. With flexible, modular and end-to-end remarketing solutions, and customer service in more than 20 languages, we offer innovative, tech-driven solutions and services that help customers to buy and sell with ease across Europe.\",\"email\":\"info@openlane.eu\",\"telephone\":\"+32 (0)16 38 00 68\",\"legalName\":\"OPENLANE Europe NV\",\"vatID\":\"BE0867129223\",\"numberOfEmployees\":{\"@type\":\"QuantitativeValue\",\"minValue\":\"201\",\"maxValue\":\"500\"}}]}<\/script>\n<!-- \/ Yoast SEO Premium plugin. -->","yoast_head_json":{"title":"Restez inform\u00e9 gr\u00e2ce aux newsletters des acheteurs | OPENLANE","description":"D\u00e9couvrez les newsletters con\u00e7ues pour les vendeurs et les acheteurs sur OPENLANE. Restez inform\u00e9 des derni\u00e8res mises \u00e0 jour, des conseils et des informations sur le march\u00e9 afin d'am\u00e9liorer votre exp\u00e9rience d'achat et de vente.","robots":{"index":"index","follow":"follow","max-snippet":"max-snippet:-1","max-image-preview":"max-image-preview:large","max-video-preview":"max-video-preview:-1"},"canonical":"https:\/\/info.openlane.eu\/fr-fr\/help\/newsletters\/archive-2023\/","og_locale":"fr_FR","og_type":"article","og_title":"Archives 2023","og_description":"D\u00e9couvrez les newsletters con\u00e7ues pour les vendeurs et les acheteurs sur OPENLANE. Restez inform\u00e9 des derni\u00e8res mises \u00e0 jour, des conseils et des informations sur le march\u00e9 afin d'am\u00e9liorer votre exp\u00e9rience d'achat et de vente.","og_url":"https:\/\/info.openlane.eu\/fr-fr\/help\/newsletters\/archive-2023\/","og_site_name":"OPENLANE","article_publisher":"https:\/\/www.facebook.com\/OPENLANE.Europe","article_modified_time":"2026-04-09T10:51:28+00:00","og_image":[{"width":1200,"height":675,"url":"https:\/\/info.openlane.eu\/wp-content\/uploads\/2025\/12\/logo-1200x675-1.png","type":"image\/png"}],"twitter_card":"summary_large_image","twitter_site":"@OPENLANE_Europe","twitter_misc":{"Dur\u00e9e de lecture estim\u00e9e":"2 minutes"},"schema":{"@context":"https:\/\/schema.org","@graph":[{"@type":"WebPage","@id":"https:\/\/info.openlane.eu\/fr-fr\/help\/newsletters\/archive-2023\/","url":"https:\/\/info.openlane.eu\/fr-fr\/help\/newsletters\/archive-2023\/","name":"Restez inform\u00e9 gr\u00e2ce aux newsletters des acheteurs | OPENLANE","isPartOf":{"@id":"https:\/\/info.openlane.eu\/fr-fr\/#website"},"datePublished":"2024-08-27T09:00:32+00:00","dateModified":"2026-04-09T10:51:28+00:00","description":"D\u00e9couvrez les newsletters con\u00e7ues pour les vendeurs et les acheteurs sur OPENLANE. Restez inform\u00e9 des derni\u00e8res mises \u00e0 jour, des conseils et des informations sur le march\u00e9 afin d'am\u00e9liorer votre exp\u00e9rience d'achat et de vente.","breadcrumb":{"@id":"https:\/\/info.openlane.eu\/fr-fr\/help\/newsletters\/archive-2023\/#breadcrumb"},"inLanguage":"fr-FR","potentialAction":[{"@type":"ReadAction","target":["https:\/\/info.openlane.eu\/fr-fr\/help\/newsletters\/archive-2023\/"]}]},{"@type":"BreadcrumbList","@id":"https:\/\/info.openlane.eu\/fr-fr\/help\/newsletters\/archive-2023\/#breadcrumb","itemListElement":[{"@type":"ListItem","position":1,"name":"Home","item":"https:\/\/info.openlane.eu\/fr-fr\/"},{"@type":"ListItem","position":2,"name":"Aide","item":"https:\/\/info.openlane.eu\/fr-fr\/help\/"},{"@type":"ListItem","position":3,"name":"Newsletters","item":"https:\/\/info.openlane.eu\/fr-fr\/help\/newsletters\/"},{"@type":"ListItem","position":4,"name":"Archives 2023"}]},{"@type":"WebSite","@id":"https:\/\/info.openlane.eu\/fr-fr\/#website","url":"https:\/\/info.openlane.eu\/fr-fr\/","name":"OPENLANE","description":"Online used car auction website","publisher":{"@id":"https:\/\/info.openlane.eu\/fr-fr\/#organization"},"potentialAction":[{"@type":"SearchAction","target":{"@type":"EntryPoint","urlTemplate":"https:\/\/info.openlane.eu\/fr-fr\/?s={search_term_string}"},"query-input":{"@type":"PropertyValueSpecification","valueRequired":true,"valueName":"search_term_string"}}],"inLanguage":"fr-FR"},{"@type":"Organization","@id":"https:\/\/info.openlane.eu\/fr-fr\/#organization","name":"OPENLANE","url":"https:\/\/info.openlane.eu\/fr-fr\/","logo":{"@type":"ImageObject","inLanguage":"fr-FR","@id":"https:\/\/info.openlane.eu\/fr-fr\/#\/schema\/logo\/image\/","url":"https:\/\/info.openlane.eu\/wp-content\/uploads\/2025\/12\/openlane-RGB-on-Wht.png","contentUrl":"https:\/\/info.openlane.eu\/wp-content\/uploads\/2025\/12\/openlane-RGB-on-Wht.png","width":615,"height":159,"caption":"OPENLANE"},"image":{"@id":"https:\/\/info.openlane.eu\/fr-fr\/#\/schema\/logo\/image\/"},"sameAs":["https:\/\/www.facebook.com\/OPENLANE.Europe","https:\/\/x.com\/OPENLANE_Europe","https:\/\/www.linkedin.com\/company\/openlane-europe","https:\/\/www.instagram.com\/openlane_europe\/"],"description":"Our purpose is to make used car wholesale easy so our customers can be more successful. We sell high-quality second-hand vehicles exclusively and directly to car dealers and traders. All cars come with quality car descriptions and inspections. Our digital marketplace is the fresh wave carrying the automotive industry into the digital age. We give car traders more opportunities, more flexibility and more freedom than can be found anywhere else. Our strong commitment to quality and service drives us to continuously improve our offerings to suit the industry\u2019s ever-evolving needs. We aim to be the best and we strive to help our customers do the same. With flexible, modular and end-to-end remarketing solutions, and customer service in more than 20 languages, we offer innovative, tech-driven solutions and services that help customers to buy and sell with ease across Europe.","email":"info@openlane.eu","telephone":"+32 (0)16 38 00 68","legalName":"OPENLANE Europe NV","vatID":"BE0867129223","numberOfEmployees":{"@type":"QuantitativeValue","minValue":"201","maxValue":"500"}}]}},"_links":{"self":[{"href":"https:\/\/info.openlane.eu\/fr-fr\/wp-json\/wp\/v2\/pages\/41840","targetHints":{"allow":["GET"]}}],"collection":[{"href":"https:\/\/info.openlane.eu\/fr-fr\/wp-json\/wp\/v2\/pages"}],"about":[{"href":"https:\/\/info.openlane.eu\/fr-fr\/wp-json\/wp\/v2\/types\/page"}],"author":[{"embeddable":true,"href":"https:\/\/info.openlane.eu\/fr-fr\/wp-json\/wp\/v2\/users\/3"}],"replies":[{"embeddable":true,"href":"https:\/\/info.openlane.eu\/fr-fr\/wp-json\/wp\/v2\/comments?post=41840"}],"version-history":[{"count":9,"href":"https:\/\/info.openlane.eu\/fr-fr\/wp-json\/wp\/v2\/pages\/41840\/revisions"}],"predecessor-version":[{"id":87670,"href":"https:\/\/info.openlane.eu\/fr-fr\/wp-json\/wp\/v2\/pages\/41840\/revisions\/87670"}],"up":[{"embeddable":true,"href":"https:\/\/info.openlane.eu\/fr-fr\/wp-json\/wp\/v2\/pages\/41823"}],"wp:attachment":[{"href":"https:\/\/info.openlane.eu\/fr-fr\/wp-json\/wp\/v2\/media?parent=41840"}],"curies":[{"name":"wp","href":"https:\/\/api.w.org\/{rel}","templated":true}]}}