{"id":41876,"date":"2024-10-07T12:49:46","date_gmt":"2024-10-07T10:49:46","guid":{"rendered":"https:\/\/info.openlane.eu\/notifications\/"},"modified":"2024-12-13T14:29:02","modified_gmt":"2024-12-13T13:29:02","slug":"notifications","status":"publish","type":"page","link":"https:\/\/info.openlane.eu\/fr-fr\/start-to-buy\/buying-features\/bidding-options\/notifications\/","title":{"rendered":"Notifications"},"content":{"rendered":"<section class=\"l-section wpb_row height_medium\"><div class=\"l-section-h i-cf\"><div class=\"g-cols vc_row via_grid cols_1 laptops-cols_inherit tablets-cols_inherit mobiles-cols_1 valign_top type_default stacking_default\"><div class=\"wpb_column vc_column_container\"><div class=\"vc_column-inner\"><div class=\"wpb_text_column\"><div class=\"wpb_wrapper\"><div class=\"g-breadcrumbs\"><div class=\"g-breadcrumbs-item\"><a href=\"https:\/\/info.openlane.eu\/fr-fr\/\" title=\"Centre d&rsquo;information\">Centre d&rsquo;information<\/a><\/div><div class=\"g-breadcrumbs-separator\">\/<\/div><\/div>\n<\/div><\/div><div class=\"w-separator size_small\"><\/div><div class=\"g-cols wpb_row via_grid cols_1 laptops-cols_inherit tablets-cols_inherit mobiles-cols_1 valign_top type_default stacking_default\" style=\"--columns-gap:3rem;\"><div class=\"wpb_column vc_column_container\"><div class=\"vc_column-inner\"><div class=\"wpb_text_column\"><div class=\"wpb_wrapper\"><h1>Notifications<\/h1>\n<p><strong>Vous avez d\u00e9j\u00e0 \u00e9norm\u00e9ment de courriels dans votre bo\u00eete de r\u00e9ception, c&rsquo;est pourquoi nous vous proposons une m\u00e9thode plus rapide et plus efficace pour vous informer en temps r\u00e9el sur nos ventes aux ench\u00e8res. Dans certaines situations, le temps est crucial, et vous devez pouvoir agir imm\u00e9diatement. <\/strong><\/p>\n<\/div><\/div><\/div><\/div><\/div><\/div><\/div><\/div><\/div><\/section><section class=\"l-section wpb_row height_medium color_alternate\"><div class=\"l-section-h i-cf\"><div class=\"g-cols vc_row via_grid cols_1 laptops-cols_inherit tablets-cols_inherit mobiles-cols_1 valign_top type_default stacking_default\"><div class=\"wpb_column vc_column_container\"><div class=\"vc_column-inner\"><div class=\"g-cols wpb_row via_grid cols_1 laptops-cols_inherit tablets-cols_inherit mobiles-cols_1 valign_top type_default stacking_default\" style=\"--columns-gap:3rem;\"><div class=\"wpb_column vc_column_container\"><div class=\"vc_column-inner\"><div class=\"wpb_text_column\"><div class=\"wpb_wrapper\"><p>Nous proposons actuellement une activation de notifications pour trois cas de figure :<\/p>\n<ul>\n<li>une offre d\u00e9passe la v\u00f4tre ;<\/li>\n<li>La phase <a href=\"\/fr-fr?page_id=12617\">x-Time<\/a> d\u00e9marre pour un v\u00e9hicule sur lequel vous ench\u00e9rissez ou que vous suivez ;<\/li>\n<li>une offre sur un v\u00e9hicule sur lequel vous ench\u00e9rissez ou que vous suivez a atteint le prix estim\u00e9.<\/li>\n<\/ul>\n<p>Les notifications peuvent arriver de deux mani\u00e8res :<\/p>\n<ul>\n<li>dans votre navigateur web ;<\/li>\n<li>sur votre t\u00e9l\u00e9phone portable.<\/li>\n<\/ul>\n<\/div><\/div><\/div><\/div><\/div><\/div><\/div><\/div><\/div><\/section><section class=\"l-section wpb_row height_medium\"><div class=\"l-section-h i-cf\"><div class=\"g-cols vc_row via_grid cols_1 laptops-cols_inherit tablets-cols_inherit mobiles-cols_1 valign_top type_default stacking_default\"><div class=\"wpb_column vc_column_container\"><div class=\"vc_column-inner\"><div class=\"g-cols wpb_row via_grid cols_1 laptops-cols_inherit tablets-cols_inherit mobiles-cols_1 valign_top type_default stacking_default\" style=\"--columns-gap:3rem;\"><div class=\"wpb_column vc_column_container\"><div class=\"vc_column-inner\"><div class=\"w-hwrapper counter--section valign_top stack_on_mobiles align_none\" style=\"--hwrapper-gap:1.5rem\"><div class=\"wpb_text_column counter--number\"><div class=\"wpb_wrapper\"><p><span data-metadata=\"&amp;lt;!--(figmeta)eyJmaWxlS2V5IjoicjVDUFlXREM4OEVxUW5GQVNua2RRNyIsInBhc3RlSUQiOjE1MTEwNTM0OTIsImRhdGFUeXBlIjoic2NlbmUifQo=(\/figmeta)--&amp;gt;\"> <\/span>1<\/p>\n<\/div><\/div><div class=\"wpb_text_column\"><div class=\"wpb_wrapper\"><h5>Notifications du navigateur<\/h5>\n<p>Les notifications du navigateur sont des messages qui apparaissent dans le coin inf\u00e9rieur droit de votre \u00e9cran. Ces notifications appara\u00eetront \u00e0 l&rsquo;int\u00e9rieur et \u00e0 l&rsquo;ext\u00e9rieur de l&rsquo;environnement OPENLANE, m\u00eame si vous n&rsquo;y \u00eates pas connect\u00e9 ou si vous utilisez d&rsquo;autres sites Web.<\/p>\n<p><strong>Comment activer les notifications du navigateur ? <\/strong>Les notifications du navigateur ne fonctionnent que pour Google Chrome et Mozilla Firefox. Ces navigateurs vous offriront la meilleure exp\u00e9rience possible lors de l&rsquo;utilisation de la plateforme OPENLANE. Lorsque vous vous connectez \u00e0 notre site web, votre navigateur vous demandera si vous souhaitez autoriser les notifications les notifications \u00ab push \u00bb. Appuyez sur Autoriser pour activer les notifications. Cliquer sur les liens suivants pour en savoir plus sur l&rsquo;activation des notifications pour\u00a0<a href=\"https:\/\/cms.openlane.eu\/docs\/default-source\/default-document-library\/google-chrome---2019.pdf?sfvrsn=2\" target=\"_blank\" rel=\"noopener\"><span>Google Chrome<\/span><\/a><span>\u00a0 \u00a0<\/span>ou<span><\/span><a href=\"https:\/\/cms.openlane.eu\/docs\/default-source\/default-document-library\/mozilla-firefox---2019.pdf?sfvrsn=2\" target=\"_blank\" rel=\"noopener\">\u00a0<span>Mozilla Firefox<\/span><\/a>.<\/p>\n<p><strong>Comment puis-je ajuster les param\u00e8tres de notification de mon navigateur ? <\/strong>Vous d\u00e9cidez des cas o\u00f9 vous souhaitez recevoir des notifications. Cela vous permet de vous concentrer sur ce qui est important pour vous. Pour activer ou d\u00e9sactiver des notifications sp\u00e9cifiques, allez dans \u00ab\u00a0Mon compte\u00a0\u00bb puis s\u00e9lectionnez \u00ab\u00a0Param\u00e8tres du compte\u00a0\u00bb &gt; \u00ab\u00a0Ajuster mes param\u00e8tres de notification\u00a0\u00bb.<\/p>\n<\/div><\/div><\/div><div class=\"w-separator size_medium\"><\/div><div class=\"w-hwrapper counter--section valign_top stack_on_mobiles align_none\" style=\"--hwrapper-gap:1.5rem\"><div class=\"wpb_text_column counter--number\"><div class=\"wpb_wrapper\"><p><span data-metadata=\"&amp;lt;!--(figmeta)eyJmaWxlS2V5IjoicjVDUFlXREM4OEVxUW5GQVNua2RRNyIsInBhc3RlSUQiOjE1MTEwNTM0OTIsImRhdGFUeXBlIjoic2NlbmUifQo=(\/figmeta)--&amp;gt;\"><\/span>2 Notifications mobiles<\/p>\n<p><span>Il s&rsquo;agit de notifications qui s&rsquo;affichent sur votre t\u00e9l\u00e9phone<\/p>\n<\/div><\/div><div class=\"wpb_text_column\"><div class=\"wpb_wrapper\"><p> <\/span><\/p>\n<h5>portable.<\/h5>\n<ul>\n<li><span>T\u00e9l\u00e9charger notre application mobile de l&rsquo;<\/span><a href=\"https:\/\/apps.apple.com\/be\/app\/openlane-com\/id1306619811\" target=\"_blank\" rel=\"noopener\"><span>Apple App store<\/span><\/a><span> ou de\u00a0<\/span><a href=\"https:\/\/play.google.com\/store\/apps\/details?id=com.carsontheweb\" target=\"_blank\" rel=\"noopener\"><span>Google Play store<\/span><\/a><span>.<\/span><\/li>\n<li><span>Connectez-vous \u00e0 l&rsquo;application<\/span><\/li>\n<li><span>Un message vous demandera alors d&rsquo;accepter les notifications.<\/span><\/li>\n<\/ul>\n<p><span>Pour r\u00e9gler les param\u00e8tres de notification, acc\u00e9der au menu utilisateur de l&rsquo;application mobile.<\/span><\/p>\n<\/div><\/div><\/div><\/div><\/div><\/div><\/div><\/div><\/div><\/div><\/section>\n","protected":false},"excerpt":{"rendered":"Centre d&rsquo;information\/ Notifications Vous avez d\u00e9j\u00e0 \u00e9norm\u00e9ment de courriels dans votre bo\u00eete de r\u00e9ception, c&rsquo;est pourquoi nous vous proposons une m\u00e9thode plus rapide et plus efficace pour vous informer en temps r\u00e9el sur nos ventes aux ench\u00e8res. Dans certaines situations, le temps est crucial, et vous devez pouvoir agir imm\u00e9diatement. Nous proposons actuellement une activation...","protected":false},"author":3,"featured_media":0,"parent":41856,"menu_order":0,"comment_status":"closed","ping_status":"closed","template":"","meta":{"_acf_changed":false,"footnotes":""},"class_list":["post-41876","page","type-page","status-publish","hentry"],"acf":[],"yoast_head":"<!-- This site is optimized with the Yoast SEO Premium plugin v26.9 (Yoast SEO v27.4) - https:\/\/yoast.com\/product\/yoast-seo-premium-wordpress\/ -->\n<title>Restez inform\u00e9 gr\u00e2ce aux notifications OPENLANE | OPENLANE<\/title>\n<meta name=\"description\" content=\"D\u00e9couvrez comment les notifications peuvent rationaliser votre exp\u00e9rience de la vente aux ench\u00e8res. Recevez des alertes en temps utile pour les trois cas les plus importants. Agissez rapidement sur les mises \u00e0 jour urgentes et am\u00e9liorez votre strat\u00e9gie d&#039;ench\u00e8res.\" \/>\n<meta name=\"robots\" content=\"index, follow, max-snippet:-1, max-image-preview:large, max-video-preview:-1\" \/>\n<link rel=\"canonical\" href=\"https:\/\/info.openlane.eu\/fr-fr\/start-to-buy\/buying-features\/bidding-options\/notifications\/\" \/>\n<meta property=\"og:locale\" content=\"fr_FR\" \/>\n<meta property=\"og:type\" content=\"article\" \/>\n<meta property=\"og:title\" content=\"Notifications\" \/>\n<meta property=\"og:description\" content=\"D\u00e9couvrez comment les notifications peuvent rationaliser votre exp\u00e9rience de la vente aux ench\u00e8res. Recevez des alertes en temps utile pour les trois cas les plus importants. Agissez rapidement sur les mises \u00e0 jour urgentes et am\u00e9liorez votre strat\u00e9gie d&#039;ench\u00e8res.\" \/>\n<meta property=\"og:url\" content=\"https:\/\/info.openlane.eu\/fr-fr\/start-to-buy\/buying-features\/bidding-options\/notifications\/\" \/>\n<meta property=\"og:site_name\" content=\"OPENLANE\" \/>\n<meta property=\"article:publisher\" content=\"https:\/\/www.facebook.com\/OPENLANE.Europe\" \/>\n<meta property=\"article:modified_time\" content=\"2024-12-13T13:29:02+00:00\" \/>\n<meta property=\"og:image\" content=\"https:\/\/info.openlane.eu\/wp-content\/uploads\/2025\/12\/logo-1200x675-1.png\" \/>\n\t<meta property=\"og:image:width\" content=\"1200\" \/>\n\t<meta property=\"og:image:height\" content=\"675\" \/>\n\t<meta property=\"og:image:type\" content=\"image\/png\" \/>\n<meta name=\"twitter:card\" content=\"summary_large_image\" \/>\n<meta name=\"twitter:site\" content=\"@OPENLANE_Europe\" \/>\n<meta name=\"twitter:label1\" content=\"Dur\u00e9e de lecture estim\u00e9e\" \/>\n\t<meta name=\"twitter:data1\" content=\"2 minutes\" \/>\n<script type=\"application\/ld+json\" class=\"yoast-schema-graph\">{\"@context\":\"https:\\\/\\\/schema.org\",\"@graph\":[{\"@type\":\"WebPage\",\"@id\":\"https:\\\/\\\/info.openlane.eu\\\/fr-fr\\\/start-to-buy\\\/buying-features\\\/bidding-options\\\/notifications\\\/\",\"url\":\"https:\\\/\\\/info.openlane.eu\\\/fr-fr\\\/start-to-buy\\\/buying-features\\\/bidding-options\\\/notifications\\\/\",\"name\":\"Restez inform\u00e9 gr\u00e2ce aux notifications OPENLANE | OPENLANE\",\"isPartOf\":{\"@id\":\"https:\\\/\\\/info.openlane.eu\\\/fr-fr\\\/#website\"},\"datePublished\":\"2024-10-07T10:49:46+00:00\",\"dateModified\":\"2024-12-13T13:29:02+00:00\",\"description\":\"D\u00e9couvrez comment les notifications peuvent rationaliser votre exp\u00e9rience de la vente aux ench\u00e8res. Recevez des alertes en temps utile pour les trois cas les plus importants. Agissez rapidement sur les mises \u00e0 jour urgentes et am\u00e9liorez votre strat\u00e9gie d'ench\u00e8res.\",\"breadcrumb\":{\"@id\":\"https:\\\/\\\/info.openlane.eu\\\/fr-fr\\\/start-to-buy\\\/buying-features\\\/bidding-options\\\/notifications\\\/#breadcrumb\"},\"inLanguage\":\"fr-FR\",\"potentialAction\":[{\"@type\":\"ReadAction\",\"target\":[\"https:\\\/\\\/info.openlane.eu\\\/fr-fr\\\/start-to-buy\\\/buying-features\\\/bidding-options\\\/notifications\\\/\"]}]},{\"@type\":\"BreadcrumbList\",\"@id\":\"https:\\\/\\\/info.openlane.eu\\\/fr-fr\\\/start-to-buy\\\/buying-features\\\/bidding-options\\\/notifications\\\/#breadcrumb\",\"itemListElement\":[{\"@type\":\"ListItem\",\"position\":1,\"name\":\"Home\",\"item\":\"https:\\\/\\\/info.openlane.eu\\\/fr-fr\\\/\"},{\"@type\":\"ListItem\",\"position\":2,\"name\":\"Commencer \u00e0 acheter\",\"item\":\"https:\\\/\\\/info.openlane.eu\\\/fr-fr\\\/start-to-buy\\\/\"},{\"@type\":\"ListItem\",\"position\":3,\"name\":\"Caract\u00e9ristiques d&#8217;achat\",\"item\":\"https:\\\/\\\/info.openlane.eu\\\/fr-fr\\\/start-to-buy\\\/buying-features\\\/\"},{\"@type\":\"ListItem\",\"position\":4,\"name\":\"Options d&#8217;offres\",\"item\":\"https:\\\/\\\/info.openlane.eu\\\/fr-fr\\\/start-to-buy\\\/buying-features\\\/bidding-options\\\/\"},{\"@type\":\"ListItem\",\"position\":5,\"name\":\"Notifications\"}]},{\"@type\":\"WebSite\",\"@id\":\"https:\\\/\\\/info.openlane.eu\\\/fr-fr\\\/#website\",\"url\":\"https:\\\/\\\/info.openlane.eu\\\/fr-fr\\\/\",\"name\":\"OPENLANE\",\"description\":\"Online used car auction website\",\"publisher\":{\"@id\":\"https:\\\/\\\/info.openlane.eu\\\/fr-fr\\\/#organization\"},\"potentialAction\":[{\"@type\":\"SearchAction\",\"target\":{\"@type\":\"EntryPoint\",\"urlTemplate\":\"https:\\\/\\\/info.openlane.eu\\\/fr-fr\\\/?s={search_term_string}\"},\"query-input\":{\"@type\":\"PropertyValueSpecification\",\"valueRequired\":true,\"valueName\":\"search_term_string\"}}],\"inLanguage\":\"fr-FR\"},{\"@type\":\"Organization\",\"@id\":\"https:\\\/\\\/info.openlane.eu\\\/fr-fr\\\/#organization\",\"name\":\"OPENLANE\",\"url\":\"https:\\\/\\\/info.openlane.eu\\\/fr-fr\\\/\",\"logo\":{\"@type\":\"ImageObject\",\"inLanguage\":\"fr-FR\",\"@id\":\"https:\\\/\\\/info.openlane.eu\\\/fr-fr\\\/#\\\/schema\\\/logo\\\/image\\\/\",\"url\":\"https:\\\/\\\/info.openlane.eu\\\/wp-content\\\/uploads\\\/2025\\\/12\\\/openlane-RGB-on-Wht.png\",\"contentUrl\":\"https:\\\/\\\/info.openlane.eu\\\/wp-content\\\/uploads\\\/2025\\\/12\\\/openlane-RGB-on-Wht.png\",\"width\":615,\"height\":159,\"caption\":\"OPENLANE\"},\"image\":{\"@id\":\"https:\\\/\\\/info.openlane.eu\\\/fr-fr\\\/#\\\/schema\\\/logo\\\/image\\\/\"},\"sameAs\":[\"https:\\\/\\\/www.facebook.com\\\/OPENLANE.Europe\",\"https:\\\/\\\/x.com\\\/OPENLANE_Europe\",\"https:\\\/\\\/www.linkedin.com\\\/company\\\/openlane-europe\",\"https:\\\/\\\/www.instagram.com\\\/openlane_europe\\\/\"],\"description\":\"Our purpose is to make used car wholesale easy so our customers can be more successful. We sell high-quality second-hand vehicles exclusively and directly to car dealers and traders. All cars come with quality car descriptions and inspections. Our digital marketplace is the fresh wave carrying the automotive industry into the digital age. We give car traders more opportunities, more flexibility and more freedom than can be found anywhere else. Our strong commitment to quality and service drives us to continuously improve our offerings to suit the industry\u2019s ever-evolving needs. We aim to be the best and we strive to help our customers do the same. With flexible, modular and end-to-end remarketing solutions, and customer service in more than 20 languages, we offer innovative, tech-driven solutions and services that help customers to buy and sell with ease across Europe.\",\"email\":\"info@openlane.eu\",\"telephone\":\"+32 (0)16 38 00 68\",\"legalName\":\"OPENLANE Europe NV\",\"vatID\":\"BE0867129223\",\"numberOfEmployees\":{\"@type\":\"QuantitativeValue\",\"minValue\":\"201\",\"maxValue\":\"500\"}}]}<\/script>\n<!-- \/ Yoast SEO Premium plugin. -->","yoast_head_json":{"title":"Restez inform\u00e9 gr\u00e2ce aux notifications OPENLANE | OPENLANE","description":"D\u00e9couvrez comment les notifications peuvent rationaliser votre exp\u00e9rience de la vente aux ench\u00e8res. Recevez des alertes en temps utile pour les trois cas les plus importants. Agissez rapidement sur les mises \u00e0 jour urgentes et am\u00e9liorez votre strat\u00e9gie d'ench\u00e8res.","robots":{"index":"index","follow":"follow","max-snippet":"max-snippet:-1","max-image-preview":"max-image-preview:large","max-video-preview":"max-video-preview:-1"},"canonical":"https:\/\/info.openlane.eu\/fr-fr\/start-to-buy\/buying-features\/bidding-options\/notifications\/","og_locale":"fr_FR","og_type":"article","og_title":"Notifications","og_description":"D\u00e9couvrez comment les notifications peuvent rationaliser votre exp\u00e9rience de la vente aux ench\u00e8res. Recevez des alertes en temps utile pour les trois cas les plus importants. Agissez rapidement sur les mises \u00e0 jour urgentes et am\u00e9liorez votre strat\u00e9gie d'ench\u00e8res.","og_url":"https:\/\/info.openlane.eu\/fr-fr\/start-to-buy\/buying-features\/bidding-options\/notifications\/","og_site_name":"OPENLANE","article_publisher":"https:\/\/www.facebook.com\/OPENLANE.Europe","article_modified_time":"2024-12-13T13:29:02+00:00","og_image":[{"width":1200,"height":675,"url":"https:\/\/info.openlane.eu\/wp-content\/uploads\/2025\/12\/logo-1200x675-1.png","type":"image\/png"}],"twitter_card":"summary_large_image","twitter_site":"@OPENLANE_Europe","twitter_misc":{"Dur\u00e9e de lecture estim\u00e9e":"2 minutes"},"schema":{"@context":"https:\/\/schema.org","@graph":[{"@type":"WebPage","@id":"https:\/\/info.openlane.eu\/fr-fr\/start-to-buy\/buying-features\/bidding-options\/notifications\/","url":"https:\/\/info.openlane.eu\/fr-fr\/start-to-buy\/buying-features\/bidding-options\/notifications\/","name":"Restez inform\u00e9 gr\u00e2ce aux notifications OPENLANE | OPENLANE","isPartOf":{"@id":"https:\/\/info.openlane.eu\/fr-fr\/#website"},"datePublished":"2024-10-07T10:49:46+00:00","dateModified":"2024-12-13T13:29:02+00:00","description":"D\u00e9couvrez comment les notifications peuvent rationaliser votre exp\u00e9rience de la vente aux ench\u00e8res. Recevez des alertes en temps utile pour les trois cas les plus importants. Agissez rapidement sur les mises \u00e0 jour urgentes et am\u00e9liorez votre strat\u00e9gie d'ench\u00e8res.","breadcrumb":{"@id":"https:\/\/info.openlane.eu\/fr-fr\/start-to-buy\/buying-features\/bidding-options\/notifications\/#breadcrumb"},"inLanguage":"fr-FR","potentialAction":[{"@type":"ReadAction","target":["https:\/\/info.openlane.eu\/fr-fr\/start-to-buy\/buying-features\/bidding-options\/notifications\/"]}]},{"@type":"BreadcrumbList","@id":"https:\/\/info.openlane.eu\/fr-fr\/start-to-buy\/buying-features\/bidding-options\/notifications\/#breadcrumb","itemListElement":[{"@type":"ListItem","position":1,"name":"Home","item":"https:\/\/info.openlane.eu\/fr-fr\/"},{"@type":"ListItem","position":2,"name":"Commencer \u00e0 acheter","item":"https:\/\/info.openlane.eu\/fr-fr\/start-to-buy\/"},{"@type":"ListItem","position":3,"name":"Caract\u00e9ristiques d&#8217;achat","item":"https:\/\/info.openlane.eu\/fr-fr\/start-to-buy\/buying-features\/"},{"@type":"ListItem","position":4,"name":"Options d&#8217;offres","item":"https:\/\/info.openlane.eu\/fr-fr\/start-to-buy\/buying-features\/bidding-options\/"},{"@type":"ListItem","position":5,"name":"Notifications"}]},{"@type":"WebSite","@id":"https:\/\/info.openlane.eu\/fr-fr\/#website","url":"https:\/\/info.openlane.eu\/fr-fr\/","name":"OPENLANE","description":"Online used car auction website","publisher":{"@id":"https:\/\/info.openlane.eu\/fr-fr\/#organization"},"potentialAction":[{"@type":"SearchAction","target":{"@type":"EntryPoint","urlTemplate":"https:\/\/info.openlane.eu\/fr-fr\/?s={search_term_string}"},"query-input":{"@type":"PropertyValueSpecification","valueRequired":true,"valueName":"search_term_string"}}],"inLanguage":"fr-FR"},{"@type":"Organization","@id":"https:\/\/info.openlane.eu\/fr-fr\/#organization","name":"OPENLANE","url":"https:\/\/info.openlane.eu\/fr-fr\/","logo":{"@type":"ImageObject","inLanguage":"fr-FR","@id":"https:\/\/info.openlane.eu\/fr-fr\/#\/schema\/logo\/image\/","url":"https:\/\/info.openlane.eu\/wp-content\/uploads\/2025\/12\/openlane-RGB-on-Wht.png","contentUrl":"https:\/\/info.openlane.eu\/wp-content\/uploads\/2025\/12\/openlane-RGB-on-Wht.png","width":615,"height":159,"caption":"OPENLANE"},"image":{"@id":"https:\/\/info.openlane.eu\/fr-fr\/#\/schema\/logo\/image\/"},"sameAs":["https:\/\/www.facebook.com\/OPENLANE.Europe","https:\/\/x.com\/OPENLANE_Europe","https:\/\/www.linkedin.com\/company\/openlane-europe","https:\/\/www.instagram.com\/openlane_europe\/"],"description":"Our purpose is to make used car wholesale easy so our customers can be more successful. We sell high-quality second-hand vehicles exclusively and directly to car dealers and traders. All cars come with quality car descriptions and inspections. Our digital marketplace is the fresh wave carrying the automotive industry into the digital age. We give car traders more opportunities, more flexibility and more freedom than can be found anywhere else. Our strong commitment to quality and service drives us to continuously improve our offerings to suit the industry\u2019s ever-evolving needs. We aim to be the best and we strive to help our customers do the same. With flexible, modular and end-to-end remarketing solutions, and customer service in more than 20 languages, we offer innovative, tech-driven solutions and services that help customers to buy and sell with ease across Europe.","email":"info@openlane.eu","telephone":"+32 (0)16 38 00 68","legalName":"OPENLANE Europe NV","vatID":"BE0867129223","numberOfEmployees":{"@type":"QuantitativeValue","minValue":"201","maxValue":"500"}}]}},"_links":{"self":[{"href":"https:\/\/info.openlane.eu\/fr-fr\/wp-json\/wp\/v2\/pages\/41876","targetHints":{"allow":["GET"]}}],"collection":[{"href":"https:\/\/info.openlane.eu\/fr-fr\/wp-json\/wp\/v2\/pages"}],"about":[{"href":"https:\/\/info.openlane.eu\/fr-fr\/wp-json\/wp\/v2\/types\/page"}],"author":[{"embeddable":true,"href":"https:\/\/info.openlane.eu\/fr-fr\/wp-json\/wp\/v2\/users\/3"}],"replies":[{"embeddable":true,"href":"https:\/\/info.openlane.eu\/fr-fr\/wp-json\/wp\/v2\/comments?post=41876"}],"version-history":[{"count":3,"href":"https:\/\/info.openlane.eu\/fr-fr\/wp-json\/wp\/v2\/pages\/41876\/revisions"}],"predecessor-version":[{"id":48442,"href":"https:\/\/info.openlane.eu\/fr-fr\/wp-json\/wp\/v2\/pages\/41876\/revisions\/48442"}],"up":[{"embeddable":true,"href":"https:\/\/info.openlane.eu\/fr-fr\/wp-json\/wp\/v2\/pages\/41856"}],"wp:attachment":[{"href":"https:\/\/info.openlane.eu\/fr-fr\/wp-json\/wp\/v2\/media?parent=41876"}],"curies":[{"name":"wp","href":"https:\/\/api.w.org\/{rel}","templated":true}]}}