{"id":20888,"date":"2024-09-09T05:55:58","date_gmt":"2024-09-09T03:55:58","guid":{"rendered":"https:\/\/info.openlane.eu\/start-to-buy\/buying-features\/search\/"},"modified":"2025-01-14T16:25:39","modified_gmt":"2025-01-14T15:25:39","slug":"search","status":"publish","type":"page","link":"https:\/\/info.openlane.eu\/hr\/start-to-buy\/buying-features\/search\/","title":{"rendered":"Internetske aukcije automobila"},"content":{"rendered":"<section class=\"l-section wpb_row height_medium\"><div class=\"l-section-h i-cf\"><div class=\"g-cols vc_row via_grid cols_1 laptops-cols_inherit tablets-cols_inherit mobiles-cols_1 valign_top type_default stacking_default\"><div class=\"wpb_column vc_column_container\"><div class=\"vc_column-inner\"><div class=\"wpb_text_column\"><div class=\"wpb_wrapper\"><div class=\"g-breadcrumbs\"><div class=\"g-breadcrumbs-item\"><a href=\"https:\/\/info.openlane.eu\/hr\/\" title=\"Info centar\">Info centar<\/a><\/div><div class=\"g-breadcrumbs-separator\">\/<\/div><\/div>\n<\/div><\/div><div class=\"w-separator size_small\"><\/div><div class=\"g-cols wpb_row via_grid cols_1 laptops-cols_inherit tablets-cols_inherit mobiles-cols_1 valign_top type_default stacking_default\" style=\"--columns-gap:3rem;\"><div class=\"wpb_column vc_column_container\"><div class=\"vc_column-inner\"><div class=\"wpb_text_column\"><div class=\"wpb_wrapper\"><h1>Internetske aukcije automobila<\/h1>\n<p><strong>Internetsko tr\u017ei\u0161te automobila OPENLANE daje profesionalnim trgovcima automobilima i trgovcima pristup do vi\u0161e od 12 000 vozila svaki dan.Kupnja automobila putem OPENLANE-a je prakti\u010dna, jednostavna za napraviti i odli\u010dan na\u010din da u\u0161tedite mnogo novca. Nudimo sve vrste automobila, od <a href=\"https:\/\/www.openlane.eu\/hr\/findcar?bodyTypes=Berline%2CCompact%2CBreak%2CCoup%C3%A9%2CMPV%2CCabriolet%2CHatchback%2CSUV%2CMinibus\" target=\"_blank\" rel=\"noopener\">osobnih<\/a> do <a href=\"https:\/\/www.openlane.eu\/hr\/findcar?bodyTypes=Lighttruck\" target=\"_blank\" rel=\"noopener\">kombija i lakih teretnih vozila<\/a>, pa \u010dak i <a href=\"https:\/\/www.openlane.eu\/hr\/findcar?damageTypes=4%2C2%2C3\" target=\"_blank\" rel=\"noopener\">havarisanih vozila<\/a>. <a href=\"\/hr?page_id=4180\">Istra\u017eite na\u0161u ponudu<\/a>.<\/strong><\/p>\n<\/div><\/div><\/div><\/div><\/div><\/div><\/div><\/div><\/div><\/section><section class=\"l-section wpb_row height_medium color_alternate\"><div class=\"l-section-h i-cf\"><div class=\"g-cols vc_row via_grid cols_1 laptops-cols_inherit tablets-cols_inherit mobiles-cols_1 valign_top type_default stacking_default\"><div class=\"wpb_column vc_column_container\"><div class=\"vc_column-inner\"><div class=\"g-cols wpb_row via_grid cols_1 laptops-cols_inherit tablets-cols_inherit mobiles-cols_1 valign_top type_default stacking_default\" style=\"--columns-gap:3rem;\"><div class=\"wpb_column vc_column_container\"><div class=\"vc_column-inner\"><div class=\"wpb_text_column\"><div class=\"wpb_wrapper\"><h2>Potra\u017eite odre\u0111ena vozila ili pregledajte na\u0161e aukcije<\/h2>\n<p>Bilo da trebate prona\u0107i odre\u0111enu vrstu vozila ili ste samo u potrazi za povoljnim cijenama, na OPENLANE-u \u0107ete otkriti hrpu opcija. Koristite na\u0161e ugra\u0111ene opcije pretra\u017eivanja kako biste prona\u0161li automobil koji tra\u017eite u samo nekoliko klikova:<\/p>\n<\/div><\/div><div class=\"w-separator size_medium\"><\/div><div class=\"w-hwrapper counter--section valign_top stack_on_mobiles align_none\" style=\"--hwrapper-gap:1.5rem\"><div class=\"wpb_text_column counter--number\"><div class=\"wpb_wrapper\"><p><span data-metadata=\"&lt;!--(figmeta)eyJmaWxlS2V5IjoicjVDUFlXREM4OEVxUW5GQVNua2RRNyIsInBhc3RlSUQiOjE1MTEwNTM0OTIsImRhdGFUeXBlIjoic2NlbmUifQo=(\/figmeta)--&gt;\"><\/span>1<\/p>\n<\/div><\/div><div class=\"wpb_text_column\"><div class=\"wpb_wrapper\"><h5>Brza pretraga<\/h5>\n<p>Na\u0161a zna\u010dajka brzog pretra\u017eivanja dostupna je na <a href=\"https:\/\/www.openlane.eu\/hr\/home\" target=\"_blank\" rel=\"noopener\">na\u0161oj po\u010detnoj stranici<\/a>. Jednostavno odaberite kriterije koji vam odgovaraju i kliknite gumb &#8220;Prika\u017ei X broj vozila&#8221; kako biste zapo\u010deli pregledavanje dostupnih rezultata.<\/p>\n<\/div><\/div><\/div><div class=\"w-separator size_medium\"><\/div><div class=\"w-hwrapper counter--section valign_top stack_on_mobiles align_none\" style=\"--hwrapper-gap:1.5rem\"><div class=\"wpb_text_column counter--number\"><div class=\"wpb_wrapper\"><p><span data-metadata=\"&lt;!--(figmeta)eyJmaWxlS2V5IjoicjVDUFlXREM4OEVxUW5GQVNua2RRNyIsInBhc3RlSUQiOjE1MTEwNTM0OTIsImRhdGFUeXBlIjoic2NlbmUifQo=(\/figmeta)--&gt;\"><\/span>2<\/p>\n<\/div><\/div><div class=\"wpb_text_column\"><div class=\"wpb_wrapper\"><h5>Napredno pretra\u017eivanje<\/h5>\n<p>Nijansiranija pretra\u017eivanja zahtijevaju jo\u0161 nekoliko detalja. Ako brzim pretra\u017eivanjem ne prona\u0111ete ono \u0161to tra\u017eite, ovo je va\u0161 sljede\u0107i korak. Kliknite <a href=\"https:\/\/www.openlane.eu\/hr\/findcar\/advanced\" target=\"_blank\" rel=\"noopener\">Prona\u0111i automobile<\/a> i unesite najprikladnije kriterije pretra\u017eivanja, kao \u0161to su marka, model, vrsta goriva i raspon cijena. Vi odlu\u010dujete \u0161to je najva\u017enije i koji \u0107e vam kriteriji najbolje pomo\u0107i da prona\u0111ete automobil koji vam je potreban. Redovito kupujete isti tip automobila? Prijavite se kako biste spremili svoje parametre pretra\u017eivanja i sljede\u0107i put sve u\u010dinili lak\u0161im.<\/p>\n<p><strong>Savjet:<\/strong> ako spremite svoje parametre pretra\u017eivanja, poslat \u0107emo vam e-poruku kad god odgovaraju\u0107e vozilo postane dostupno. Mo\u017eete uklju\u010diti ili isklju\u010diti ovu e-po\u0161tu prilago\u0111avanjem svojih obavijesti u odjeljku &#8220;Postavke&#8221; na portalu &#8220;Moj ra\u010dun&#8221;.<\/p>\n<\/div><\/div><\/div><div class=\"w-separator size_medium\"><\/div><div class=\"w-hwrapper counter--section valign_top stack_on_mobiles align_none\" style=\"--hwrapper-gap:1.5rem\"><div class=\"wpb_text_column counter--number\"><div class=\"wpb_wrapper\"><p><span data-metadata=\"&lt;!--(figmeta)eyJmaWxlS2V5IjoicjVDUFlXREM4OEVxUW5GQVNua2RRNyIsInBhc3RlSUQiOjE1MTEwNTM0OTIsImRhdGFUeXBlIjoic2NlbmUifQo=(\/figmeta)--&gt;\"><\/span>3<\/p>\n<\/div><\/div><div class=\"wpb_text_column\"><div class=\"wpb_wrapper\"><h5>Pregled aukcija<\/h5>\n<p>Za pregledavanje aukcija koje se odvijaju u bilo kojem trenutku, idite na stranicu <a href=\"https:\/\/www.openlane.eu\/hr\/auctions\" target=\"_blank\" rel=\"noopener\">Dra\u017ebe<\/a>. Precizirajte svoju pretragu pomo\u0107u opcija filtra na lijevoj strani zaslona kako biste brzo vidjeli dostupna vozila koja zadovoljavaju va\u0161e potrebe. Spremite svoje filtre za pretra\u017eivanje kako bi daljnja pretra\u017eivanja bila jo\u0161 br\u017ea i jednostavnija.<\/p>\n<p><strong>Savjet: <\/strong>tako\u0111er mo\u017eete koristiti na\u0161u <a href=\"\/hr?page_id=9616\">mobilnu aplikaciju<\/a> \u2014 dostupnu za Android i iOS. Poma\u017ee vam u upravljanju va\u0161im ponudama i omogu\u0107uje vam pra\u0107enje dra\u017ebi u stvarnom vremenu, bez obzira gdje se fizi\u010dki nalazite.<\/p>\n<\/div><\/div><\/div><\/div><\/div><\/div><\/div><\/div><\/div><\/div><\/section>\n","protected":false},"excerpt":{"rendered":"<p>Internetsko tr\u017ei\u0161te automobila OPENLANE daje profesionalnim trgovcima automobilima i trgovcima pristup do vi\u0161e od 12 000 vozila svaki dan.Kupnja automobila putem OPENLANE-a je prakti\u010dna, jednostavna za napraviti i odli\u010dan na\u010din da u\u0161tedite mnogo novca. Nudimo sve vrste automobila, od osobnih do kombija i lakih teretnih vozila, pa \u010dak i havarisanih vozila. Istra\u017eite na\u0161u ponudu.<\/p>\n","protected":false},"author":1,"featured_media":0,"parent":17520,"menu_order":0,"comment_status":"closed","ping_status":"closed","template":"","meta":{"_acf_changed":false,"footnotes":""},"class_list":["post-20888","page","type-page","status-publish","hentry"],"acf":[],"yoast_head":"<!-- This site is optimized with the Yoast SEO Premium plugin v26.9 (Yoast SEO v27.5) - https:\/\/yoast.com\/product\/yoast-seo-premium-wordpress\/ -->\n<title>3 na\u010dina za u\u010dinkovito pretra\u017eivanje na na\u0161oj platformi | OPENLANE<\/title>\n<meta name=\"description\" content=\"Saznajte kako u\u010dinkovito pretra\u017eivati \u200b\u200bna OPENLANE-u. Istra\u017eite tri jednostavne metode za lociranje vozila, pro\u010di\u0161\u0107avanje rezultata i lako kretanje kroz na\u0161u platformu. Po\u010dnite tra\u017eiti pametnije ve\u0107 danas!\" \/>\n<meta name=\"robots\" content=\"index, follow, max-snippet:-1, max-image-preview:large, max-video-preview:-1\" \/>\n<link rel=\"canonical\" href=\"https:\/\/info.openlane.eu\/hr\/start-to-buy\/buying-features\/search\/\" \/>\n<meta property=\"og:locale\" content=\"hr_HR\" \/>\n<meta property=\"og:type\" content=\"article\" \/>\n<meta property=\"og:title\" content=\"Internetske aukcije automobila\" \/>\n<meta property=\"og:description\" content=\"Saznajte kako u\u010dinkovito pretra\u017eivati \u200b\u200bna OPENLANE-u. Istra\u017eite tri jednostavne metode za lociranje vozila, pro\u010di\u0161\u0107avanje rezultata i lako kretanje kroz na\u0161u platformu. Po\u010dnite tra\u017eiti pametnije ve\u0107 danas!\" \/>\n<meta property=\"og:url\" content=\"https:\/\/info.openlane.eu\/hr\/start-to-buy\/buying-features\/search\/\" \/>\n<meta property=\"og:site_name\" content=\"OPENLANE\" \/>\n<meta property=\"article:publisher\" content=\"https:\/\/www.facebook.com\/OPENLANE.Europe\" \/>\n<meta property=\"article:modified_time\" content=\"2025-01-14T15:25:39+00:00\" \/>\n<meta property=\"og:image\" content=\"https:\/\/info.openlane.eu\/wp-content\/uploads\/2025\/12\/logo-1200x675-1.png\" \/>\n\t<meta property=\"og:image:width\" content=\"1200\" \/>\n\t<meta property=\"og:image:height\" content=\"675\" \/>\n\t<meta property=\"og:image:type\" content=\"image\/png\" \/>\n<meta name=\"twitter:card\" content=\"summary_large_image\" \/>\n<meta name=\"twitter:site\" content=\"@OPENLANE_Europe\" \/>\n<meta name=\"twitter:label1\" content=\"Procijenjeno vrijeme \u010ditanja\" \/>\n\t<meta name=\"twitter:data1\" content=\"2 minute\" \/>\n<script type=\"application\/ld+json\" class=\"yoast-schema-graph\">{\"@context\":\"https:\\\/\\\/schema.org\",\"@graph\":[{\"@type\":\"WebPage\",\"@id\":\"https:\\\/\\\/info.openlane.eu\\\/hr\\\/start-to-buy\\\/buying-features\\\/search\\\/\",\"url\":\"https:\\\/\\\/info.openlane.eu\\\/hr\\\/start-to-buy\\\/buying-features\\\/search\\\/\",\"name\":\"3 na\u010dina za u\u010dinkovito pretra\u017eivanje na na\u0161oj platformi | OPENLANE\",\"isPartOf\":{\"@id\":\"https:\\\/\\\/info.openlane.eu\\\/hr\\\/#website\"},\"datePublished\":\"2024-09-09T03:55:58+00:00\",\"dateModified\":\"2025-01-14T15:25:39+00:00\",\"description\":\"Saznajte kako u\u010dinkovito pretra\u017eivati \u200b\u200bna OPENLANE-u. Istra\u017eite tri jednostavne metode za lociranje vozila, pro\u010di\u0161\u0107avanje rezultata i lako kretanje kroz na\u0161u platformu. Po\u010dnite tra\u017eiti pametnije ve\u0107 danas!\",\"breadcrumb\":{\"@id\":\"https:\\\/\\\/info.openlane.eu\\\/hr\\\/start-to-buy\\\/buying-features\\\/search\\\/#breadcrumb\"},\"inLanguage\":\"hr\",\"potentialAction\":[{\"@type\":\"ReadAction\",\"target\":[\"https:\\\/\\\/info.openlane.eu\\\/hr\\\/start-to-buy\\\/buying-features\\\/search\\\/\"]}]},{\"@type\":\"BreadcrumbList\",\"@id\":\"https:\\\/\\\/info.openlane.eu\\\/hr\\\/start-to-buy\\\/buying-features\\\/search\\\/#breadcrumb\",\"itemListElement\":[{\"@type\":\"ListItem\",\"position\":1,\"name\":\"Home\",\"item\":\"https:\\\/\\\/info.openlane.eu\\\/hr\\\/\"},{\"@type\":\"ListItem\",\"position\":2,\"name\":\"Po\u010dnite kupovati\",\"item\":\"https:\\\/\\\/info.openlane.eu\\\/hr\\\/start-to-buy\\\/\"},{\"@type\":\"ListItem\",\"position\":3,\"name\":\"Zna\u010dajke kupnje\",\"item\":\"https:\\\/\\\/info.openlane.eu\\\/hr\\\/start-to-buy\\\/buying-features\\\/\"},{\"@type\":\"ListItem\",\"position\":4,\"name\":\"Internetske aukcije automobila\"}]},{\"@type\":\"WebSite\",\"@id\":\"https:\\\/\\\/info.openlane.eu\\\/hr\\\/#website\",\"url\":\"https:\\\/\\\/info.openlane.eu\\\/hr\\\/\",\"name\":\"OPENLANE\",\"description\":\"Online used car auction website\",\"publisher\":{\"@id\":\"https:\\\/\\\/info.openlane.eu\\\/hr\\\/#organization\"},\"potentialAction\":[{\"@type\":\"SearchAction\",\"target\":{\"@type\":\"EntryPoint\",\"urlTemplate\":\"https:\\\/\\\/info.openlane.eu\\\/hr\\\/?s={search_term_string}\"},\"query-input\":{\"@type\":\"PropertyValueSpecification\",\"valueRequired\":true,\"valueName\":\"search_term_string\"}}],\"inLanguage\":\"hr\"},{\"@type\":\"Organization\",\"@id\":\"https:\\\/\\\/info.openlane.eu\\\/hr\\\/#organization\",\"name\":\"OPENLANE\",\"url\":\"https:\\\/\\\/info.openlane.eu\\\/hr\\\/\",\"logo\":{\"@type\":\"ImageObject\",\"inLanguage\":\"hr\",\"@id\":\"https:\\\/\\\/info.openlane.eu\\\/hr\\\/#\\\/schema\\\/logo\\\/image\\\/\",\"url\":\"https:\\\/\\\/info.openlane.eu\\\/wp-content\\\/uploads\\\/2025\\\/12\\\/openlane-RGB-on-Wht.png\",\"contentUrl\":\"https:\\\/\\\/info.openlane.eu\\\/wp-content\\\/uploads\\\/2025\\\/12\\\/openlane-RGB-on-Wht.png\",\"width\":615,\"height\":159,\"caption\":\"OPENLANE\"},\"image\":{\"@id\":\"https:\\\/\\\/info.openlane.eu\\\/hr\\\/#\\\/schema\\\/logo\\\/image\\\/\"},\"sameAs\":[\"https:\\\/\\\/www.facebook.com\\\/OPENLANE.Europe\",\"https:\\\/\\\/x.com\\\/OPENLANE_Europe\",\"https:\\\/\\\/www.linkedin.com\\\/company\\\/openlane-europe\",\"https:\\\/\\\/www.instagram.com\\\/openlane_europe\\\/\"],\"description\":\"Our purpose is to make used car wholesale easy so our customers can be more successful. We sell high-quality second-hand vehicles exclusively and directly to car dealers and traders. All cars come with quality car descriptions and inspections. Our digital marketplace is the fresh wave carrying the automotive industry into the digital age. We give car traders more opportunities, more flexibility and more freedom than can be found anywhere else. Our strong commitment to quality and service drives us to continuously improve our offerings to suit the industry\u2019s ever-evolving needs. We aim to be the best and we strive to help our customers do the same. With flexible, modular and end-to-end remarketing solutions, and customer service in more than 20 languages, we offer innovative, tech-driven solutions and services that help customers to buy and sell with ease across Europe.\",\"email\":\"info@openlane.eu\",\"telephone\":\"+32 (0)16 38 00 68\",\"legalName\":\"OPENLANE Europe NV\",\"vatID\":\"BE0867129223\",\"numberOfEmployees\":{\"@type\":\"QuantitativeValue\",\"minValue\":\"201\",\"maxValue\":\"500\"}}]}<\/script>\n<!-- \/ Yoast SEO Premium plugin. -->","yoast_head_json":{"title":"3 na\u010dina za u\u010dinkovito pretra\u017eivanje na na\u0161oj platformi | OPENLANE","description":"Saznajte kako u\u010dinkovito pretra\u017eivati \u200b\u200bna OPENLANE-u. Istra\u017eite tri jednostavne metode za lociranje vozila, pro\u010di\u0161\u0107avanje rezultata i lako kretanje kroz na\u0161u platformu. Po\u010dnite tra\u017eiti pametnije ve\u0107 danas!","robots":{"index":"index","follow":"follow","max-snippet":"max-snippet:-1","max-image-preview":"max-image-preview:large","max-video-preview":"max-video-preview:-1"},"canonical":"https:\/\/info.openlane.eu\/hr\/start-to-buy\/buying-features\/search\/","og_locale":"hr_HR","og_type":"article","og_title":"Internetske aukcije automobila","og_description":"Saznajte kako u\u010dinkovito pretra\u017eivati \u200b\u200bna OPENLANE-u. Istra\u017eite tri jednostavne metode za lociranje vozila, pro\u010di\u0161\u0107avanje rezultata i lako kretanje kroz na\u0161u platformu. Po\u010dnite tra\u017eiti pametnije ve\u0107 danas!","og_url":"https:\/\/info.openlane.eu\/hr\/start-to-buy\/buying-features\/search\/","og_site_name":"OPENLANE","article_publisher":"https:\/\/www.facebook.com\/OPENLANE.Europe","article_modified_time":"2025-01-14T15:25:39+00:00","og_image":[{"width":1200,"height":675,"url":"https:\/\/info.openlane.eu\/wp-content\/uploads\/2025\/12\/logo-1200x675-1.png","type":"image\/png"}],"twitter_card":"summary_large_image","twitter_site":"@OPENLANE_Europe","twitter_misc":{"Procijenjeno vrijeme \u010ditanja":"2 minute"},"schema":{"@context":"https:\/\/schema.org","@graph":[{"@type":"WebPage","@id":"https:\/\/info.openlane.eu\/hr\/start-to-buy\/buying-features\/search\/","url":"https:\/\/info.openlane.eu\/hr\/start-to-buy\/buying-features\/search\/","name":"3 na\u010dina za u\u010dinkovito pretra\u017eivanje na na\u0161oj platformi | OPENLANE","isPartOf":{"@id":"https:\/\/info.openlane.eu\/hr\/#website"},"datePublished":"2024-09-09T03:55:58+00:00","dateModified":"2025-01-14T15:25:39+00:00","description":"Saznajte kako u\u010dinkovito pretra\u017eivati \u200b\u200bna OPENLANE-u. Istra\u017eite tri jednostavne metode za lociranje vozila, pro\u010di\u0161\u0107avanje rezultata i lako kretanje kroz na\u0161u platformu. Po\u010dnite tra\u017eiti pametnije ve\u0107 danas!","breadcrumb":{"@id":"https:\/\/info.openlane.eu\/hr\/start-to-buy\/buying-features\/search\/#breadcrumb"},"inLanguage":"hr","potentialAction":[{"@type":"ReadAction","target":["https:\/\/info.openlane.eu\/hr\/start-to-buy\/buying-features\/search\/"]}]},{"@type":"BreadcrumbList","@id":"https:\/\/info.openlane.eu\/hr\/start-to-buy\/buying-features\/search\/#breadcrumb","itemListElement":[{"@type":"ListItem","position":1,"name":"Home","item":"https:\/\/info.openlane.eu\/hr\/"},{"@type":"ListItem","position":2,"name":"Po\u010dnite kupovati","item":"https:\/\/info.openlane.eu\/hr\/start-to-buy\/"},{"@type":"ListItem","position":3,"name":"Zna\u010dajke kupnje","item":"https:\/\/info.openlane.eu\/hr\/start-to-buy\/buying-features\/"},{"@type":"ListItem","position":4,"name":"Internetske aukcije automobila"}]},{"@type":"WebSite","@id":"https:\/\/info.openlane.eu\/hr\/#website","url":"https:\/\/info.openlane.eu\/hr\/","name":"OPENLANE","description":"Online used car auction website","publisher":{"@id":"https:\/\/info.openlane.eu\/hr\/#organization"},"potentialAction":[{"@type":"SearchAction","target":{"@type":"EntryPoint","urlTemplate":"https:\/\/info.openlane.eu\/hr\/?s={search_term_string}"},"query-input":{"@type":"PropertyValueSpecification","valueRequired":true,"valueName":"search_term_string"}}],"inLanguage":"hr"},{"@type":"Organization","@id":"https:\/\/info.openlane.eu\/hr\/#organization","name":"OPENLANE","url":"https:\/\/info.openlane.eu\/hr\/","logo":{"@type":"ImageObject","inLanguage":"hr","@id":"https:\/\/info.openlane.eu\/hr\/#\/schema\/logo\/image\/","url":"https:\/\/info.openlane.eu\/wp-content\/uploads\/2025\/12\/openlane-RGB-on-Wht.png","contentUrl":"https:\/\/info.openlane.eu\/wp-content\/uploads\/2025\/12\/openlane-RGB-on-Wht.png","width":615,"height":159,"caption":"OPENLANE"},"image":{"@id":"https:\/\/info.openlane.eu\/hr\/#\/schema\/logo\/image\/"},"sameAs":["https:\/\/www.facebook.com\/OPENLANE.Europe","https:\/\/x.com\/OPENLANE_Europe","https:\/\/www.linkedin.com\/company\/openlane-europe","https:\/\/www.instagram.com\/openlane_europe\/"],"description":"Our purpose is to make used car wholesale easy so our customers can be more successful. We sell high-quality second-hand vehicles exclusively and directly to car dealers and traders. All cars come with quality car descriptions and inspections. Our digital marketplace is the fresh wave carrying the automotive industry into the digital age. We give car traders more opportunities, more flexibility and more freedom than can be found anywhere else. Our strong commitment to quality and service drives us to continuously improve our offerings to suit the industry\u2019s ever-evolving needs. We aim to be the best and we strive to help our customers do the same. With flexible, modular and end-to-end remarketing solutions, and customer service in more than 20 languages, we offer innovative, tech-driven solutions and services that help customers to buy and sell with ease across Europe.","email":"info@openlane.eu","telephone":"+32 (0)16 38 00 68","legalName":"OPENLANE Europe NV","vatID":"BE0867129223","numberOfEmployees":{"@type":"QuantitativeValue","minValue":"201","maxValue":"500"}}]}},"_links":{"self":[{"href":"https:\/\/info.openlane.eu\/hr\/wp-json\/wp\/v2\/pages\/20888","targetHints":{"allow":["GET"]}}],"collection":[{"href":"https:\/\/info.openlane.eu\/hr\/wp-json\/wp\/v2\/pages"}],"about":[{"href":"https:\/\/info.openlane.eu\/hr\/wp-json\/wp\/v2\/types\/page"}],"author":[{"embeddable":true,"href":"https:\/\/info.openlane.eu\/hr\/wp-json\/wp\/v2\/users\/1"}],"replies":[{"embeddable":true,"href":"https:\/\/info.openlane.eu\/hr\/wp-json\/wp\/v2\/comments?post=20888"}],"version-history":[{"count":9,"href":"https:\/\/info.openlane.eu\/hr\/wp-json\/wp\/v2\/pages\/20888\/revisions"}],"predecessor-version":[{"id":59315,"href":"https:\/\/info.openlane.eu\/hr\/wp-json\/wp\/v2\/pages\/20888\/revisions\/59315"}],"up":[{"embeddable":true,"href":"https:\/\/info.openlane.eu\/hr\/wp-json\/wp\/v2\/pages\/17520"}],"wp:attachment":[{"href":"https:\/\/info.openlane.eu\/hr\/wp-json\/wp\/v2\/media?parent=20888"}],"curies":[{"name":"wp","href":"https:\/\/api.w.org\/{rel}","templated":true}]}}