{"id":21338,"date":"2024-09-09T05:57:33","date_gmt":"2024-09-09T03:57:33","guid":{"rendered":"https:\/\/info.openlane.eu\/start-to-buy\/buying-services\/export-expertise\/"},"modified":"2025-11-17T15:04:35","modified_gmt":"2025-11-17T14:04:35","slug":"export-expertise","status":"publish","type":"page","link":"https:\/\/info.openlane.eu\/hr\/start-to-buy\/buying-services\/export-expertise\/","title":{"rendered":"Prekograni\u010dna podr\u0161ka"},"content":{"rendered":"<section class=\"l-section wpb_row height_medium\"><div class=\"l-section-h i-cf\"><div class=\"g-cols vc_row via_grid cols_1 laptops-cols_inherit tablets-cols_inherit mobiles-cols_1 valign_top type_default stacking_default\"><div class=\"wpb_column vc_column_container\"><div class=\"vc_column-inner\"><div class=\"wpb_text_column\"><div class=\"wpb_wrapper\"><div class=\"g-breadcrumbs\"><div class=\"g-breadcrumbs-item\"><a href=\"https:\/\/info.openlane.eu\/hr\/\" title=\"Info centar\">Info centar<\/a><\/div><div class=\"g-breadcrumbs-separator\">\/<\/div><\/div>\n<\/div><\/div><div class=\"w-separator size_small\"><\/div><div class=\"g-cols wpb_row via_grid cols_1 laptops-cols_inherit tablets-cols_inherit mobiles-cols_1 valign_top type_default stacking_default\" style=\"--columns-gap:3rem;\"><div class=\"wpb_column vc_column_container\"><div class=\"vc_column-inner\"><div class=\"wpb_text_column\"><div class=\"wpb_wrapper\"><h1>Stru\u010dnost za uvoz\/izvoz<\/h1>\n<p><strong>OPENLANE pru\u017ea opse\u017enu izvoznu ekspertizu i pomo\u0107.<\/strong><\/p>\n<\/div><\/div><\/div><\/div><\/div><\/div><\/div><\/div><\/div><\/section><section class=\"l-section wpb_row height_medium color_alternate\"><div class=\"l-section-h i-cf\"><div class=\"g-cols vc_row via_grid cols_1 laptops-cols_inherit tablets-cols_inherit mobiles-cols_1 valign_top type_default stacking_default\"><div class=\"wpb_column vc_column_container\"><div class=\"vc_column-inner\"><div class=\"g-cols wpb_row via_grid cols_1 laptops-cols_inherit tablets-cols_inherit mobiles-cols_1 valign_top type_default stacking_default\" style=\"--columns-gap:3rem;\"><div class=\"wpb_column vc_column_container\"><div class=\"vc_column-inner\"><div class=\"wpb_text_column\"><div class=\"wpb_wrapper\"><h2>Administrativna pomo\u0107<\/h2>\n<p>Da biste se osje\u0107ali ugodno pri kupnji vozila putem interneta, morate znati da imate sve potrebne informacije. Zato objavljujemo detaljne opise svakog vozila koje je na OPENLANE dra\u017ebi. Dostupni smo za pomo\u0107 u bilo kojem trenutku u procesu kupnje. Pogotovo \u0161to se ti\u010de papirologije. Za prodaju vozila potrebni su odre\u0111eni dokumenti za stvari poput prijenosa vlasni\u0161tva, dogovora o preuzimanju te prijevoza i izvoza. Na\u0161i stru\u010dnjaci poma\u017eu vam da pro\u0111ete kroz birokraciju bez ikakvih problema.<\/p>\n<p>Tako\u0111er smo sve informacije koje trebate u\u010dinili lako dostupnima na internetu. Na\u0107i \u0107ete pregled i povijest svojih kupnji i pripadaju\u0107u dokumentaciju u &#8220;Moj ra\u010dun&#8221;. Sve je vrlo jednostavno i lako za pratiti. Pobijedili ste na dra\u017ebi? Potvrdite kupnju. U pravom momentu \u0107ete primiti obrazac za narud\u017ebu koji vam omogu\u0107uje pla\u0107anje. Nakon toga va\u0161a faktura postaje dostupna. A kada vozilo bude spremno za preuzimanje, bit \u0107e vam poslano vitalno va\u017eno odobrenje za preuzimanje (PuA). Na zahtjev \u0107emo tako\u0111er dostaviti potvrdu o isporuci (CoD).<\/p>\n<p><a href=\"\/hr?p=1897\">Kliknite ovdje da pro\u010ditate cijeli postupak preuzimanja<\/a><\/p>\n<p>Imate li pitanja? Na\u0161 visoko obu\u010deni tim korisni\u010dke slu\u017ebe stoji vam na raspolaganju kako bi vam pomogao u svakom koraku u procesu. Govore \u0161irok raspon jezika, osiguravaju\u0107i da mo\u017eete jasno komunicirati i mogu vam pru\u017eiti detaljne informacije o tome kako licitirati i organizirati prijevoz.<\/p>\n<\/div><\/div><\/div><\/div><\/div><\/div><\/div><\/div><\/div><\/section><section class=\"l-section wpb_row height_medium\"><div class=\"l-section-h i-cf\"><div class=\"g-cols vc_row via_grid cols_1 laptops-cols_inherit tablets-cols_inherit mobiles-cols_1 valign_top type_default stacking_default\"><div class=\"wpb_column vc_column_container\"><div class=\"vc_column-inner\"><div class=\"g-cols wpb_row via_grid cols_1 laptops-cols_inherit tablets-cols_inherit mobiles-cols_1 valign_top type_default stacking_default\" style=\"--columns-gap:3rem;\"><div class=\"wpb_column vc_column_container\"><div class=\"vc_column-inner\"><div class=\"wpb_text_column\"><div class=\"wpb_wrapper\"><h2>Stru\u010dnjaci za uvoz\/izvoz<\/h2>\n<p data-start=\"766\" data-end=\"854\">OPENLANE ve\u0107 vi\u0161e od dvadeset godina prodaje vozila na me\u0111unarodnoj razini. Znamo sve \u0161to treba znati, uklju\u010duju\u0107i to\u010dno koji su vam dokumenti potrebni za uvoz i izvoz vozila u razli\u010ditim zemljama. Dostupni smo da vam pomognemo slo\u017eiti dolje navedene dokumente uz dodatnu naknadu za pokrivanje rada i resursa.<\/p>\n<p>&nbsp;<\/p>\n<p><strong>Izvoz iz zemlje EU u zemlju izvan EU<\/strong><\/p>\n<p><strong>EX dokument:<\/strong> potreban vam je EX dokument za izvoz vozila iz zemlje EU u zemlju izvan EU. Za vozila koja se fizi\u010dki nalaze u Belgiji ili Nizozemskoj, OPENLANE mo\u017ee osigurati ovaj dokument uz naknadu od 110 \u20ac. Za vozila na drugim lokacijama ovaj dokument mo\u017eete dogovoriti s tre\u0107om stranom.<\/p>\n<p><strong>Napomena:<\/strong><\/p>\n<ul>\n<li>Nizozemska vozila koja su na dra\u017ebi nisu dostupna kupcima izvan EU-a zbog lokalnih poreznih ograni\u010denja.<\/li>\n<li>OPENLANE zahtijeva privremeni depozit za svako vozilo koje se izvozi u zemlju izvan EU. Iznos ovog pla\u0107anja bit \u0107e naveden na obrascu za narud\u017ebu i iznosi dvadeset jedan posto (21%) ukupne cijene vozila, uklju\u010duju\u0107i povezane naknade i tro\u0161kove, s najmanje petsto eura (500 \u20ac ). Ovaj polog bit \u0107e vra\u0107en \u010dim se primi potvrda izlaza i odobri kona\u010dni dokument o isporuci.<\/li>\n<\/ul>\n<\/div><\/div><div class=\"w-separator size_medium\"><\/div><div class=\"wpb_text_column table--days hide_on_mobiles\"><div class=\"wpb_wrapper\"><table>\n<tbody>\n<tr>\n<th><\/th>\n<th><strong>Scenariji<\/strong><\/th>\n<th>Naknade<\/th>\n<th><strong>Napomena<\/strong><\/th>\n<\/tr>\n<tr>\n<td>1.<\/td>\n<td><span>Vozila iz EU prodaju se u zemlju izvan EU<\/span><br \/>\n<span>(Primjer: Belgijski auto je prodat u Srbiju)<\/span><\/td>\n<td>EX dokument: \u20ac110<\/td>\n<td><span>OPENLANE mo\u017ee osigurati ovaj dokument za vozila koja se fizi\u010dki nalaze u Belgiji ili Nizozemskoj. Za vozila na drugim lokacijama ovaj dokument mo\u017eete dogovoriti s tre\u0107om stranom.<\/span><\/td>\n<\/tr>\n<tr>\n<td>2.<\/td>\n<td><span>Vozila iz EU prodaju se u drugu zemlju EU (Primjer: belgijski automobil prodaje se u Rumunjsku)<\/span><\/td>\n<td><span>Bez naknade<\/span><\/td>\n<td><span>Nisu potrebni dokumenti za izvoz.<\/span><\/td>\n<\/tr>\n<\/tbody>\n<\/table>\n<\/div><\/div><div class=\"wpb_text_column table--days hide_on_default hide_on_laptops hide_on_tablets\"><div class=\"wpb_wrapper\"><table>\n<tbody>\n<tr>\n<th>Scenarios<\/th>\n<\/tr>\n<tr>\n<td>\n<div><strong>Scenario 1:<\/strong> Vehicles from the EU are sold to a country outside the EU<br \/>\n(Example: A Belgian car is sold to Serbia)<\/div>\n<div><strong>Fee:<\/strong> EX document: \u20ac110<\/div>\n<div><strong>Remark:<\/strong> OPENLANE can provide this document for vehicles that are physically located in Belgium or The Netherlands. For vehicles in other locations, you can arrange this document with a third party.<\/div>\n<\/td>\n<\/tr>\n<tr>\n<td>\n<div><strong>Scenario 2:<\/strong> Vehicles from the EU are sold to another EU country (Example: Belgian car is sold to Romania)<\/div>\n<div><strong>Fee<\/strong>: No fee<\/div>\n<div><strong>Remark:<\/strong> No export documents required.<\/div>\n<\/td>\n<\/tr>\n<\/tbody>\n<\/table>\n<\/div><\/div><\/div><\/div><\/div><\/div><\/div><\/div><\/div><\/section><section class=\"l-section wpb_row height_medium color_alternate\"><div class=\"l-section-h i-cf\"><div class=\"g-cols vc_row via_grid cols_1 laptops-cols_inherit tablets-cols_inherit mobiles-cols_1 valign_top type_default stacking_default\"><div class=\"wpb_column vc_column_container\"><div class=\"vc_column-inner\"><div class=\"g-cols wpb_row via_grid cols_1 laptops-cols_inherit tablets-cols_inherit mobiles-cols_1 valign_top type_default stacking_default\" style=\"--columns-gap:3rem;\"><div class=\"wpb_column vc_column_container\"><div class=\"vc_column-inner\"><div class=\"wpb_text_column\"><div class=\"wpb_wrapper\"><h2>Sa\u017eeti pregled potrebnih izvoznih dokumenata i procesa:<\/h2>\n<\/div><\/div><div class=\"w-separator size_medium\"><\/div><div class=\"wpb_text_column table--days hide_on_mobiles\"><div class=\"wpb_wrapper\"><table>\n<tbody>\n<tr>\n<th>Izvozni dokument<\/th>\n<th><strong>Potrebni su tro\u0161kovi usluge i dodatne informacije<\/strong><\/th>\n<\/tr>\n<tr>\n<td><strong>Isporu\u010duje se EX dokument (samo za automobile koji se nalaze u Belgiji (BE) i Nizozemskoj (NL)).<\/strong><\/td>\n<td><span>Cijena:<\/span> \u20ac110<\/p>\n<p><span>Potrebne su dodatne informacije: ime i grani\u010dni kod. (na primjer: Karasovi\u0107i, HR080780)<\/span><\/p>\n<p><span>EX dokument se obra\u0111uje \u010dim originalni dokumenti automobila budu dostupni u na\u0161em glavnom uredu u Tienenu.<\/span><\/p>\n<p><span>EX dokument osigurava na\u0161 carinski partner \u010dim vozilo napusti EU\u2014 ovo je slu\u017ebeni dokument potvrde izlaska sa spomenutim datumom izlaska.<\/span><\/p>\n<p><span>Kupac je odgovoran za u\u010ditavanje kompletnog kona\u010dnog CMR-a u \u2018Moj ra\u010dun\u2019 i za tra\u017eenje povrata pla\u0107enog jamstva.<\/span><\/td>\n<\/tr>\n<tr>\n<td><strong>EX dokument organizira kupac.<\/strong><\/td>\n<td>\n<div>\n<p>Carinska agencija mo\u017ee zatra\u017eiti potpisanu\/ovjerenu punomo\u0107. Ako je tako, ovo treba <a href=\"mailto:info@openlane.eu\">poslati e-po\u0161tom<\/a>.<\/p>\n<p>Kupac je odgovoran za u\u010ditavanje kompletnog kona\u010dnog CMR-a u &#8216;Moj ra\u010dun&#8217;, slanje valjane Potvrde o izlasku u digitalnom obliku <a href=\"mailto:info@openlane.eu\">putem e-po\u0161te<\/a> te za tra\u017eenje povrata pla\u0107enog jamstva.<\/p>\n<p>EORI broj OPENLANE-a je BE0867129223. EORI broj je obavezan za carinjenje u Europskoj uniji u vezi sa svim vrstama carinskih operacija, uklju\u010duju\u0107i i izvoz. Kupac \u0107e trebati ovaj broj ako sam organizira EX dokument.<\/p>\n<\/div>\n<\/td>\n<\/tr>\n<\/tbody>\n<\/table>\n<\/div><\/div><div class=\"wpb_text_column table--days hide_on_default hide_on_laptops hide_on_tablets\"><div class=\"wpb_wrapper\"><table>\n<tbody>\n<tr>\n<th>Izvozni dokumenti i proces<\/th>\n<\/tr>\n<tr>\n<td><strong>EX document is supplied (for cars located in Belgium (BE) and The Netherlands (NL) only).<\/strong><\/p>\n<p>Cost: \u20ac110<\/p>\n<p>Additional info required: name and custom border code. (for example: Karasovi\u0107i, HR080780)<\/p>\n<p>The EX document is processed as soon as the original car documents are available at our head office in Tienen.<\/p>\n<p>The EX document is provided by our customs partner as soon as the vehicle leaves the EU\u2014this is the official Exit Confirmation with mentioned date of exit.<\/p>\n<p>The buyer is responsible for uploading the complete final CMR in \u2018My Account\u2019, and for requesting a refund of the paid warranty.<\/td>\n<\/tr>\n<tr>\n<td><strong>EX document is arranged by the buyer.<\/strong><\/p>\n<p><span style=\"font-weight: 400;\">Signed\/stamped Power of Attorney maybe required by the customs agency. If so, this should be sent <\/span><a href=\"mailto:info@openlane.eu\"><span style=\"font-weight: 400;\">via email<\/span><\/a><span style=\"font-weight: 400;\">.<\/span><\/p>\n<p><span style=\"font-weight: 400;\">The buyer is responsible for uploading the complete final CMR in \u2018My Account\u2019, sending valid Exit Confirmation in digital form <\/span><a href=\"mailto:info@openlane.eu\"><span style=\"font-weight: 400;\">via email<\/span><\/a><span style=\"font-weight: 400;\">, and for requesting a refund of the paid warranty.<\/span><\/p>\n<p><span style=\"font-weight: 400;\">OPENLANE\u2019s EORI number is BE0867129223. An EORI number is mandatory for customs clearance in the European Union in relation to all types of customs operations, including exporting. Customer will need this number if he is arranging his own EX document.<\/span><\/td>\n<\/tr>\n<\/tbody>\n<\/table>\n<\/div><\/div><div class=\"w-separator size_medium\"><\/div><div class=\"wpb_text_column\"><div class=\"wpb_wrapper\"><p><strong>Povezano:<\/strong><\/p>\n<p><strong>Jamstvo:<\/strong> Potrebno je platiti jamstvo od 21% ili najmanje 500 eura, \u0161to \u0107e biti vra\u0107eno \u010dim se primi potvrda o izlasku i odobri kona\u010dni CMR.<br \/>\n<strong>Originalni dokumenti za automobil:<\/strong> \u0160alju se kupcu \u010dim budu dostupni u na\u0161em glavnom uredu u Tienenu.<br \/>\n<strong>Kopija dokumenata automobila:<\/strong> Besplatno, na zahtjev kupca.<br \/>\n<strong>Ovla\u0161tenje za preuzimanje (PUA):<\/strong> \u0160alje se \u010dim je automobil spreman za preuzimanje i originalni dokumenti automobila su otpremljeni kupcu.<\/p>\n<\/div><\/div><\/div><\/div><\/div><\/div><\/div><\/div><\/div><\/section>\n","protected":false},"excerpt":{"rendered":"Info centar\/ Stru\u010dnost za uvoz\/izvoz OPENLANE pru\u017ea opse\u017enu izvoznu ekspertizu i pomo\u0107. Administrativna pomo\u0107 Da biste se osje\u0107ali ugodno pri kupnji vozila putem interneta, morate znati da imate sve potrebne informacije. Zato objavljujemo detaljne opise svakog vozila koje je na OPENLANE dra\u017ebi. Dostupni smo za pomo\u0107 u bilo kojem trenutku u procesu kupnje. Pogotovo \u0161to...","protected":false},"author":1,"featured_media":0,"parent":21332,"menu_order":0,"comment_status":"closed","ping_status":"closed","template":"","meta":{"_acf_changed":false,"footnotes":""},"class_list":["post-21338","page","type-page","status-publish","hentry"],"acf":[],"yoast_head":"<!-- This site is optimized with the Yoast SEO Premium plugin v26.9 (Yoast SEO v27.5) - https:\/\/yoast.com\/product\/yoast-seo-premium-wordpress\/ -->\n<title>Pojednostavite transakcije uz na\u0161u ekspertizu za izvoz\/uvoz | OPENLANE<\/title>\n<meta name=\"description\" content=\"Istra\u017eite na\u0161u sveobuhvatnu stru\u010dnost u izvozu\/uvozu. Otkrijte najbolje prakse i uvide kako biste pobolj\u0161ali svoje procese. Steknite znanje potrebno za uspje\u0161no snala\u017eenje na me\u0111unarodnim tr\u017ei\u0161tima.\" \/>\n<meta name=\"robots\" content=\"index, follow, max-snippet:-1, max-image-preview:large, max-video-preview:-1\" \/>\n<link rel=\"canonical\" href=\"https:\/\/info.openlane.eu\/hr\/start-to-buy\/buying-services\/export-expertise\/\" \/>\n<meta property=\"og:locale\" content=\"hr_HR\" \/>\n<meta property=\"og:type\" content=\"article\" \/>\n<meta property=\"og:title\" content=\"Prekograni\u010dna podr\u0161ka\" \/>\n<meta property=\"og:description\" content=\"Istra\u017eite na\u0161u sveobuhvatnu stru\u010dnost u izvozu\/uvozu. Otkrijte najbolje prakse i uvide kako biste pobolj\u0161ali svoje procese. Steknite znanje potrebno za uspje\u0161no snala\u017eenje na me\u0111unarodnim tr\u017ei\u0161tima.\" \/>\n<meta property=\"og:url\" content=\"https:\/\/info.openlane.eu\/hr\/start-to-buy\/buying-services\/export-expertise\/\" \/>\n<meta property=\"og:site_name\" content=\"OPENLANE\" \/>\n<meta property=\"article:publisher\" content=\"https:\/\/www.facebook.com\/OPENLANE.Europe\" \/>\n<meta property=\"article:modified_time\" content=\"2025-11-17T14:04:35+00:00\" \/>\n<meta property=\"og:image\" content=\"https:\/\/info.openlane.eu\/wp-content\/uploads\/2025\/12\/logo-1200x675-1.png\" \/>\n\t<meta property=\"og:image:width\" content=\"1200\" \/>\n\t<meta property=\"og:image:height\" content=\"675\" \/>\n\t<meta property=\"og:image:type\" content=\"image\/png\" \/>\n<meta name=\"twitter:card\" content=\"summary_large_image\" \/>\n<meta name=\"twitter:site\" content=\"@OPENLANE_Europe\" \/>\n<meta name=\"twitter:label1\" content=\"Procijenjeno vrijeme \u010ditanja\" \/>\n\t<meta name=\"twitter:data1\" content=\"5 minuta\" \/>\n<script type=\"application\/ld+json\" class=\"yoast-schema-graph\">{\"@context\":\"https:\\\/\\\/schema.org\",\"@graph\":[{\"@type\":\"WebPage\",\"@id\":\"https:\\\/\\\/info.openlane.eu\\\/hr\\\/start-to-buy\\\/buying-services\\\/export-expertise\\\/\",\"url\":\"https:\\\/\\\/info.openlane.eu\\\/hr\\\/start-to-buy\\\/buying-services\\\/export-expertise\\\/\",\"name\":\"Pojednostavite transakcije uz na\u0161u ekspertizu za izvoz\\\/uvoz | OPENLANE\",\"isPartOf\":{\"@id\":\"https:\\\/\\\/info.openlane.eu\\\/hr\\\/#website\"},\"datePublished\":\"2024-09-09T03:57:33+00:00\",\"dateModified\":\"2025-11-17T14:04:35+00:00\",\"description\":\"Istra\u017eite na\u0161u sveobuhvatnu stru\u010dnost u izvozu\\\/uvozu. Otkrijte najbolje prakse i uvide kako biste pobolj\u0161ali svoje procese. Steknite znanje potrebno za uspje\u0161no snala\u017eenje na me\u0111unarodnim tr\u017ei\u0161tima.\",\"breadcrumb\":{\"@id\":\"https:\\\/\\\/info.openlane.eu\\\/hr\\\/start-to-buy\\\/buying-services\\\/export-expertise\\\/#breadcrumb\"},\"inLanguage\":\"hr\",\"potentialAction\":[{\"@type\":\"ReadAction\",\"target\":[\"https:\\\/\\\/info.openlane.eu\\\/hr\\\/start-to-buy\\\/buying-services\\\/export-expertise\\\/\"]}]},{\"@type\":\"BreadcrumbList\",\"@id\":\"https:\\\/\\\/info.openlane.eu\\\/hr\\\/start-to-buy\\\/buying-services\\\/export-expertise\\\/#breadcrumb\",\"itemListElement\":[{\"@type\":\"ListItem\",\"position\":1,\"name\":\"Home\",\"item\":\"https:\\\/\\\/info.openlane.eu\\\/hr\\\/\"},{\"@type\":\"ListItem\",\"position\":2,\"name\":\"Po\u010dnite kupovati\",\"item\":\"https:\\\/\\\/info.openlane.eu\\\/hr\\\/start-to-buy\\\/\"},{\"@type\":\"ListItem\",\"position\":3,\"name\":\"Kupnja Usluge\",\"item\":\"https:\\\/\\\/info.openlane.eu\\\/hr\\\/start-to-buy\\\/buying-services\\\/\"},{\"@type\":\"ListItem\",\"position\":4,\"name\":\"Prekograni\u010dna podr\u0161ka\"}]},{\"@type\":\"WebSite\",\"@id\":\"https:\\\/\\\/info.openlane.eu\\\/hr\\\/#website\",\"url\":\"https:\\\/\\\/info.openlane.eu\\\/hr\\\/\",\"name\":\"OPENLANE\",\"description\":\"Online used car auction website\",\"publisher\":{\"@id\":\"https:\\\/\\\/info.openlane.eu\\\/hr\\\/#organization\"},\"potentialAction\":[{\"@type\":\"SearchAction\",\"target\":{\"@type\":\"EntryPoint\",\"urlTemplate\":\"https:\\\/\\\/info.openlane.eu\\\/hr\\\/?s={search_term_string}\"},\"query-input\":{\"@type\":\"PropertyValueSpecification\",\"valueRequired\":true,\"valueName\":\"search_term_string\"}}],\"inLanguage\":\"hr\"},{\"@type\":\"Organization\",\"@id\":\"https:\\\/\\\/info.openlane.eu\\\/hr\\\/#organization\",\"name\":\"OPENLANE\",\"url\":\"https:\\\/\\\/info.openlane.eu\\\/hr\\\/\",\"logo\":{\"@type\":\"ImageObject\",\"inLanguage\":\"hr\",\"@id\":\"https:\\\/\\\/info.openlane.eu\\\/hr\\\/#\\\/schema\\\/logo\\\/image\\\/\",\"url\":\"https:\\\/\\\/info.openlane.eu\\\/wp-content\\\/uploads\\\/2025\\\/12\\\/openlane-RGB-on-Wht.png\",\"contentUrl\":\"https:\\\/\\\/info.openlane.eu\\\/wp-content\\\/uploads\\\/2025\\\/12\\\/openlane-RGB-on-Wht.png\",\"width\":615,\"height\":159,\"caption\":\"OPENLANE\"},\"image\":{\"@id\":\"https:\\\/\\\/info.openlane.eu\\\/hr\\\/#\\\/schema\\\/logo\\\/image\\\/\"},\"sameAs\":[\"https:\\\/\\\/www.facebook.com\\\/OPENLANE.Europe\",\"https:\\\/\\\/x.com\\\/OPENLANE_Europe\",\"https:\\\/\\\/www.linkedin.com\\\/company\\\/openlane-europe\",\"https:\\\/\\\/www.instagram.com\\\/openlane_europe\\\/\"],\"description\":\"Our purpose is to make used car wholesale easy so our customers can be more successful. We sell high-quality second-hand vehicles exclusively and directly to car dealers and traders. All cars come with quality car descriptions and inspections. Our digital marketplace is the fresh wave carrying the automotive industry into the digital age. We give car traders more opportunities, more flexibility and more freedom than can be found anywhere else. Our strong commitment to quality and service drives us to continuously improve our offerings to suit the industry\u2019s ever-evolving needs. We aim to be the best and we strive to help our customers do the same. With flexible, modular and end-to-end remarketing solutions, and customer service in more than 20 languages, we offer innovative, tech-driven solutions and services that help customers to buy and sell with ease across Europe.\",\"email\":\"info@openlane.eu\",\"telephone\":\"+32 (0)16 38 00 68\",\"legalName\":\"OPENLANE Europe NV\",\"vatID\":\"BE0867129223\",\"numberOfEmployees\":{\"@type\":\"QuantitativeValue\",\"minValue\":\"201\",\"maxValue\":\"500\"}}]}<\/script>\n<!-- \/ Yoast SEO Premium plugin. -->","yoast_head_json":{"title":"Pojednostavite transakcije uz na\u0161u ekspertizu za izvoz\/uvoz | OPENLANE","description":"Istra\u017eite na\u0161u sveobuhvatnu stru\u010dnost u izvozu\/uvozu. Otkrijte najbolje prakse i uvide kako biste pobolj\u0161ali svoje procese. Steknite znanje potrebno za uspje\u0161no snala\u017eenje na me\u0111unarodnim tr\u017ei\u0161tima.","robots":{"index":"index","follow":"follow","max-snippet":"max-snippet:-1","max-image-preview":"max-image-preview:large","max-video-preview":"max-video-preview:-1"},"canonical":"https:\/\/info.openlane.eu\/hr\/start-to-buy\/buying-services\/export-expertise\/","og_locale":"hr_HR","og_type":"article","og_title":"Prekograni\u010dna podr\u0161ka","og_description":"Istra\u017eite na\u0161u sveobuhvatnu stru\u010dnost u izvozu\/uvozu. Otkrijte najbolje prakse i uvide kako biste pobolj\u0161ali svoje procese. Steknite znanje potrebno za uspje\u0161no snala\u017eenje na me\u0111unarodnim tr\u017ei\u0161tima.","og_url":"https:\/\/info.openlane.eu\/hr\/start-to-buy\/buying-services\/export-expertise\/","og_site_name":"OPENLANE","article_publisher":"https:\/\/www.facebook.com\/OPENLANE.Europe","article_modified_time":"2025-11-17T14:04:35+00:00","og_image":[{"width":1200,"height":675,"url":"https:\/\/info.openlane.eu\/wp-content\/uploads\/2025\/12\/logo-1200x675-1.png","type":"image\/png"}],"twitter_card":"summary_large_image","twitter_site":"@OPENLANE_Europe","twitter_misc":{"Procijenjeno vrijeme \u010ditanja":"5 minuta"},"schema":{"@context":"https:\/\/schema.org","@graph":[{"@type":"WebPage","@id":"https:\/\/info.openlane.eu\/hr\/start-to-buy\/buying-services\/export-expertise\/","url":"https:\/\/info.openlane.eu\/hr\/start-to-buy\/buying-services\/export-expertise\/","name":"Pojednostavite transakcije uz na\u0161u ekspertizu za izvoz\/uvoz | OPENLANE","isPartOf":{"@id":"https:\/\/info.openlane.eu\/hr\/#website"},"datePublished":"2024-09-09T03:57:33+00:00","dateModified":"2025-11-17T14:04:35+00:00","description":"Istra\u017eite na\u0161u sveobuhvatnu stru\u010dnost u izvozu\/uvozu. Otkrijte najbolje prakse i uvide kako biste pobolj\u0161ali svoje procese. Steknite znanje potrebno za uspje\u0161no snala\u017eenje na me\u0111unarodnim tr\u017ei\u0161tima.","breadcrumb":{"@id":"https:\/\/info.openlane.eu\/hr\/start-to-buy\/buying-services\/export-expertise\/#breadcrumb"},"inLanguage":"hr","potentialAction":[{"@type":"ReadAction","target":["https:\/\/info.openlane.eu\/hr\/start-to-buy\/buying-services\/export-expertise\/"]}]},{"@type":"BreadcrumbList","@id":"https:\/\/info.openlane.eu\/hr\/start-to-buy\/buying-services\/export-expertise\/#breadcrumb","itemListElement":[{"@type":"ListItem","position":1,"name":"Home","item":"https:\/\/info.openlane.eu\/hr\/"},{"@type":"ListItem","position":2,"name":"Po\u010dnite kupovati","item":"https:\/\/info.openlane.eu\/hr\/start-to-buy\/"},{"@type":"ListItem","position":3,"name":"Kupnja Usluge","item":"https:\/\/info.openlane.eu\/hr\/start-to-buy\/buying-services\/"},{"@type":"ListItem","position":4,"name":"Prekograni\u010dna podr\u0161ka"}]},{"@type":"WebSite","@id":"https:\/\/info.openlane.eu\/hr\/#website","url":"https:\/\/info.openlane.eu\/hr\/","name":"OPENLANE","description":"Online used car auction website","publisher":{"@id":"https:\/\/info.openlane.eu\/hr\/#organization"},"potentialAction":[{"@type":"SearchAction","target":{"@type":"EntryPoint","urlTemplate":"https:\/\/info.openlane.eu\/hr\/?s={search_term_string}"},"query-input":{"@type":"PropertyValueSpecification","valueRequired":true,"valueName":"search_term_string"}}],"inLanguage":"hr"},{"@type":"Organization","@id":"https:\/\/info.openlane.eu\/hr\/#organization","name":"OPENLANE","url":"https:\/\/info.openlane.eu\/hr\/","logo":{"@type":"ImageObject","inLanguage":"hr","@id":"https:\/\/info.openlane.eu\/hr\/#\/schema\/logo\/image\/","url":"https:\/\/info.openlane.eu\/wp-content\/uploads\/2025\/12\/openlane-RGB-on-Wht.png","contentUrl":"https:\/\/info.openlane.eu\/wp-content\/uploads\/2025\/12\/openlane-RGB-on-Wht.png","width":615,"height":159,"caption":"OPENLANE"},"image":{"@id":"https:\/\/info.openlane.eu\/hr\/#\/schema\/logo\/image\/"},"sameAs":["https:\/\/www.facebook.com\/OPENLANE.Europe","https:\/\/x.com\/OPENLANE_Europe","https:\/\/www.linkedin.com\/company\/openlane-europe","https:\/\/www.instagram.com\/openlane_europe\/"],"description":"Our purpose is to make used car wholesale easy so our customers can be more successful. We sell high-quality second-hand vehicles exclusively and directly to car dealers and traders. All cars come with quality car descriptions and inspections. Our digital marketplace is the fresh wave carrying the automotive industry into the digital age. We give car traders more opportunities, more flexibility and more freedom than can be found anywhere else. Our strong commitment to quality and service drives us to continuously improve our offerings to suit the industry\u2019s ever-evolving needs. We aim to be the best and we strive to help our customers do the same. With flexible, modular and end-to-end remarketing solutions, and customer service in more than 20 languages, we offer innovative, tech-driven solutions and services that help customers to buy and sell with ease across Europe.","email":"info@openlane.eu","telephone":"+32 (0)16 38 00 68","legalName":"OPENLANE Europe NV","vatID":"BE0867129223","numberOfEmployees":{"@type":"QuantitativeValue","minValue":"201","maxValue":"500"}}]}},"_links":{"self":[{"href":"https:\/\/info.openlane.eu\/hr\/wp-json\/wp\/v2\/pages\/21338","targetHints":{"allow":["GET"]}}],"collection":[{"href":"https:\/\/info.openlane.eu\/hr\/wp-json\/wp\/v2\/pages"}],"about":[{"href":"https:\/\/info.openlane.eu\/hr\/wp-json\/wp\/v2\/types\/page"}],"author":[{"embeddable":true,"href":"https:\/\/info.openlane.eu\/hr\/wp-json\/wp\/v2\/users\/1"}],"replies":[{"embeddable":true,"href":"https:\/\/info.openlane.eu\/hr\/wp-json\/wp\/v2\/comments?post=21338"}],"version-history":[{"count":6,"href":"https:\/\/info.openlane.eu\/hr\/wp-json\/wp\/v2\/pages\/21338\/revisions"}],"predecessor-version":[{"id":82568,"href":"https:\/\/info.openlane.eu\/hr\/wp-json\/wp\/v2\/pages\/21338\/revisions\/82568"}],"up":[{"embeddable":true,"href":"https:\/\/info.openlane.eu\/hr\/wp-json\/wp\/v2\/pages\/21332"}],"wp:attachment":[{"href":"https:\/\/info.openlane.eu\/hr\/wp-json\/wp\/v2\/media?parent=21338"}],"curies":[{"name":"wp","href":"https:\/\/api.w.org\/{rel}","templated":true}]}}