{"id":32963,"date":"2024-06-03T04:50:22","date_gmt":"2024-06-03T02:50:22","guid":{"rendered":"https:\/\/info.openlane.eu\/home-2\/"},"modified":"2026-02-27T08:12:14","modified_gmt":"2026-02-27T07:12:14","slug":"home-2","status":"publish","type":"page","link":"https:\/\/info.openlane.eu\/hu\/","title":{"rendered":"Inform\u00e1ci\u00f3s k\u00f6zpont"},"content":{"rendered":"<section class=\"l-section wpb_row us_custom_19737bc8 height_medium\"><div class=\"l-section-h i-cf\"><div class=\"g-cols vc_row via_grid cols_1 laptops-cols_inherit tablets-cols_inherit mobiles-cols_1 valign_top type_default stacking_default\"><div class=\"wpb_column vc_column_container\"><div class=\"vc_column-inner\"><div class=\"g-cols wpb_row via_grid cols_1 laptops-cols_inherit tablets-cols_inherit mobiles-cols_1 valign_top type_default stacking_default\" style=\"--columns-gap:3rem;\"><div class=\"wpb_column vc_column_container\"><div class=\"vc_column-inner\"><section class=\"l-section wpb_row height_auto\"><div class=\"l-section-h i-cf\"><div class=\"g-cols vc_row via_grid cols_1 laptops-cols_inherit tablets-cols_inherit mobiles-cols_1 valign_top type_default stacking_default\"><div class=\"wpb_column vc_column_container\"><div class=\"vc_column-inner\"><div class=\"wpb_text_column hide_on_mobiles\"><div class=\"wpb_wrapper\"><p style=\"text-align: right;\"><\/p>\n<\/div><\/div><div class=\"wpb_text_column us_custom_426110a6 hide_on_default hide_on_laptops hide_on_tablets\"><div class=\"wpb_wrapper\"><p style=\"text-align: left;\"><\/p>\n<\/div><\/div><\/div><\/div><\/div><\/div><\/section>\n<div class=\"wpb_text_column\"><div class=\"wpb_wrapper\"><h1>Inform\u00e1ci\u00f3s k\u00f6zpont<\/h1>\n<p><strong>Ak\u00e1r j\u00e1rm\u0171vek v\u00e1s\u00e1rl\u00e1s\u00e1hoz vagy \u00e9rt\u00e9kes\u00edt\u00e9s\u00e9hez keres inform\u00e1ci\u00f3t, c\u00e9ges inform\u00e1ci\u00f3kra van sz\u00fcks\u00e9ge, seg\u00edts\u00e9get ig\u00e9nyel, vagy jogi t\u00e9m\u00e1kban t\u00e1j\u00e9koz\u00f3dna, j\u00f3 helyen j\u00e1r. V\u00e1lasszon egy szekci\u00f3t az al\u00e1bbi lehet\u0151s\u00e9gek k\u00f6z\u00fcl, vagy ind\u00edtson keres\u00e9st b\u00e1rmely konkr\u00e9t t\u00e9m\u00e1ra. <\/strong><\/p>\n<\/div><\/div><div class=\"w-separator size_medium\"><\/div><div class=\"wpb_text_column\"><div class=\"wpb_wrapper\">\n<form role=\"search\" method=\"get\" class=\"search-form\" action=\"https:\/\/info.openlane.eu\/hu\/search\/\">\n    <label>\n        <input type=\"search\" class=\"search-field\" placeholder=\"Mit keres?\" name=\"_keyword\" value=\"\" data-rlvlive=\"true\" data-rlvparentel=\"#rlvlive\" data-rlvconfig=\"default\" required minlength=\"3\">\n    <\/label>\n    <button type=\"submit\" class=\"search-submit\"><i class=\"fas fa-search\"><\/i><\/button>\n    <div id=\"rlvlive\"><\/div>\n<\/form>\n<\/div><\/div><\/div><\/div><\/div><div class=\"w-separator size_medium\"><\/div><div class=\"g-cols wpb_row via_grid cols_2 laptops-cols_inherit tablets-cols_inherit mobiles-cols_1 valign_top type_default stacking_default\" style=\"--columns-gap:1rem;\"><div class=\"wpb_column vc_column_container us_custom_eb9055ec hover--elevation has_bg_color has-link\"><div class=\"vc_column-inner\"><div class=\"w-hwrapper valign_top align_none\" style=\"--hwrapper-gap:1rem\"><div class=\"w-image us_custom_0be05a09 has_ratio align_none\"><div class=\"w-image-h\"><div style=\"padding-bottom:100%\"><\/div><img decoding=\"async\" data-src=\"https:\/\/info.openlane.eu\/wp-content\/uploads\/2024\/10\/sell-3.svg\" class=\"attachment-full size-full lazyload\" alt=\"Start to sell\" src=\"data:image\/svg+xml;base64,PHN2ZyB3aWR0aD0iMSIgaGVpZ2h0PSIxIiB4bWxucz0iaHR0cDovL3d3dy53My5vcmcvMjAwMC9zdmciPjwvc3ZnPg==\" \/><\/div><\/div><div class=\"w-vwrapper align_none valign_top\" style=\"--vwrapper-gap:0.5rem\"><div class=\"wpb_text_column\"><div class=\"wpb_wrapper\"><h5>\u00c9rt\u00e9kes\u00edt\u00e9s ind\u00edt\u00e1sa<\/h5>\n<\/div><\/div><div class=\"wpb_text_column\"><div class=\"wpb_wrapper\"><p>Fedezze fel, mi\u00e9rt az OPENLANE az ide\u00e1lis partner j\u00e1rm\u0171vei gondtalan \u00e9rt\u00e9kes\u00edt\u00e9s\u00e9hez a megfelel\u0151 piacokon, a megfelel\u0151 \u00e1ron. <\/p>\n<\/div><\/div><div class=\"w-btn-wrapper align_none\"><a class=\"w-btn us-btn-style_9\" href=\"https:\/\/info.openlane.eu\/hu\/start-to-sell\/\"><span class=\"w-btn-label\">Tov\u00e1bbi inform\u00e1ci\u00f3<\/span><\/a><\/div><\/div><\/div><\/div><a href=\"https:\/\/info.openlane.eu\/hu\/start-to-sell\/\" class=\"vc_column-link smooth-scroll\" aria-label=\"Link\"><\/a><\/div><div class=\"wpb_column vc_column_container us_custom_eb9055ec hover--elevation has_bg_color has-link\"><div class=\"vc_column-inner\"><div class=\"w-hwrapper valign_top align_none\" style=\"--hwrapper-gap:1rem\"><div class=\"w-image us_custom_0be05a09 has_ratio align_none\"><div class=\"w-image-h\"><div style=\"padding-bottom:100%\"><\/div><img decoding=\"async\" data-src=\"https:\/\/info.openlane.eu\/wp-content\/uploads\/2024\/10\/buy.svg\" class=\"attachment-full size-full lazyload\" alt=\"Start to buy\" src=\"data:image\/svg+xml;base64,PHN2ZyB3aWR0aD0iMSIgaGVpZ2h0PSIxIiB4bWxucz0iaHR0cDovL3d3dy53My5vcmcvMjAwMC9zdmciPjwvc3ZnPg==\" \/><\/div><\/div><div class=\"w-vwrapper align_none valign_top\" style=\"--vwrapper-gap:0.5rem\"><div class=\"wpb_text_column\"><div class=\"wpb_wrapper\"><h5>V\u00e1s\u00e1rl\u00e1s ind\u00edt\u00e1sa<\/h5>\n<\/div><\/div><div class=\"wpb_text_column\"><div class=\"wpb_wrapper\"><p>Fedezze fel, hogyan teszi az OPENLANE egyszer\u0171v\u00e9, gyorss\u00e1 \u00e9s biztons\u00e1goss\u00e1 a j\u00e1rm\u0171v\u00e1s\u00e1rl\u00e1st Eur\u00f3pa-szerte. <\/p>\n<\/div><\/div><div class=\"w-btn-wrapper align_none\"><a class=\"w-btn us-btn-style_9\" href=\"https:\/\/info.openlane.eu\/hu\/start-to-buy\/\"><span class=\"w-btn-label\">Tov\u00e1bbi inform\u00e1ci\u00f3<\/span><\/a><\/div><\/div><\/div><\/div><a href=\"https:\/\/info.openlane.eu\/hu\/start-to-buy\/\" class=\"vc_column-link smooth-scroll\" aria-label=\"Link\"><\/a><\/div><\/div><div class=\"w-separator size_custom\" style=\"height:1rem\"><\/div><div class=\"g-cols wpb_row via_grid cols_2 laptops-cols_inherit tablets-cols_inherit mobiles-cols_1 valign_top type_default stacking_default\" style=\"--columns-gap:1rem;\"><div class=\"wpb_column vc_column_container us_custom_eb9055ec hover--elevation has_bg_color has-link\"><div class=\"vc_column-inner\"><div class=\"w-hwrapper valign_top align_none\" style=\"--hwrapper-gap:1rem\"><div class=\"w-image us_custom_0be05a09 has_ratio align_none\"><div class=\"w-image-h\"><div style=\"padding-bottom:100%\"><\/div><img decoding=\"async\" data-src=\"https:\/\/info.openlane.eu\/wp-content\/uploads\/2024\/10\/company-information-v4.svg\" class=\"attachment-full size-full lazyload\" alt=\"Company information\" src=\"data:image\/svg+xml;base64,PHN2ZyB3aWR0aD0iMSIgaGVpZ2h0PSIxIiB4bWxucz0iaHR0cDovL3d3dy53My5vcmcvMjAwMC9zdmciPjwvc3ZnPg==\" \/><\/div><\/div><div class=\"w-vwrapper align_none valign_top\" style=\"--vwrapper-gap:0.5rem\"><div class=\"wpb_text_column\"><div class=\"wpb_wrapper\"><h5>C\u00e9ges inform\u00e1ci\u00f3k<\/h5>\n<\/div><\/div><div class=\"wpb_text_column\"><div class=\"wpb_wrapper\"><p>Tudjon meg t\u00f6bbet r\u00f3lunk. <\/p>\n<\/div><\/div><div class=\"w-btn-wrapper align_none\"><a class=\"w-btn us-btn-style_9\" href=\"https:\/\/info.openlane.eu\/hu\/company-information\/\"><span class=\"w-btn-label\">Tov\u00e1bbi inform\u00e1ci\u00f3<\/span><\/a><\/div><\/div><\/div><\/div><a href=\"https:\/\/info.openlane.eu\/hu\/company-information\/\" class=\"vc_column-link smooth-scroll\" aria-label=\"Link\"><\/a><\/div><div class=\"wpb_column vc_column_container us_custom_eb9055ec hover--elevation has_bg_color has-link\"><div class=\"vc_column-inner\"><div class=\"w-hwrapper valign_top align_none\" style=\"--hwrapper-gap:1rem\"><div class=\"w-image us_custom_0be05a09 has_ratio align_none\"><div class=\"w-image-h\"><div style=\"padding-bottom:100%\"><\/div><img decoding=\"async\" data-src=\"https:\/\/info.openlane.eu\/wp-content\/uploads\/2024\/10\/help.svg\" class=\"attachment-full size-full lazyload\" alt=\"Help\" src=\"data:image\/svg+xml;base64,PHN2ZyB3aWR0aD0iMSIgaGVpZ2h0PSIxIiB4bWxucz0iaHR0cDovL3d3dy53My5vcmcvMjAwMC9zdmciPjwvc3ZnPg==\" \/><\/div><\/div><div class=\"w-vwrapper align_none valign_top\" style=\"--vwrapper-gap:0.5rem\"><div class=\"wpb_text_column\"><div class=\"wpb_wrapper\"><h5>Seg\u00edts\u00e9g<\/h5>\n<\/div><\/div><div class=\"wpb_text_column\"><div class=\"wpb_wrapper\"><p>Tal\u00e1ljon v\u00e1laszt k\u00e9rd\u00e9seire a GYIK-en, a chatboton kereszt\u00fcl, vagy vegye fel a kapcsolatot k\u00f6zvetlen\u00fcl csapatunkkal.<\/p>\n<\/div><\/div><div class=\"w-btn-wrapper align_none\"><a class=\"w-btn us-btn-style_9\" href=\"https:\/\/info.openlane.eu\/hu\/help\/\"><span class=\"w-btn-label\">Tov\u00e1bbi inform\u00e1ci\u00f3<\/span><\/a><\/div><\/div><\/div><\/div><a href=\"https:\/\/info.openlane.eu\/hu\/help\/\" class=\"vc_column-link smooth-scroll\" aria-label=\"Link\"><\/a><\/div><\/div><div class=\"w-separator size_custom\" style=\"height:1rem\"><\/div><div class=\"g-cols wpb_row via_grid cols_2 laptops-cols_inherit tablets-cols_inherit mobiles-cols_1 valign_top type_default stacking_default\" style=\"--columns-gap:1rem;\"><div class=\"wpb_column vc_column_container us_custom_eb9055ec hover--elevation has_bg_color has-link\"><div class=\"vc_column-inner\"><div class=\"w-hwrapper valign_top align_none\" style=\"--hwrapper-gap:1rem\"><div class=\"w-image us_custom_0be05a09 has_ratio align_none\"><div class=\"w-image-h\"><div style=\"padding-bottom:100%\"><\/div><img decoding=\"async\" data-src=\"https:\/\/info.openlane.eu\/wp-content\/uploads\/2024\/10\/legal-1.svg\" class=\"attachment-full size-full lazyload\" alt=\"Legal matters\" src=\"data:image\/svg+xml;base64,PHN2ZyB3aWR0aD0iMSIgaGVpZ2h0PSIxIiB4bWxucz0iaHR0cDovL3d3dy53My5vcmcvMjAwMC9zdmciPjwvc3ZnPg==\" \/><\/div><\/div><div class=\"w-vwrapper align_none valign_top\" style=\"--vwrapper-gap:0.5rem\"><div class=\"wpb_text_column\"><div class=\"wpb_wrapper\"><h5>Jogi t\u00e9m\u00e1k<\/h5>\n<\/div><\/div><div class=\"wpb_text_column\"><div class=\"wpb_wrapper\"><p>Ismerje meg jogi szab\u00e1lyzatainkat \u00e9s adatv\u00e9delmi int\u00e9zked\u00e9seinket. Tudja meg, hogyan v\u00e9dekezhet a csal\u00e1sok ellen. <\/p>\n<\/div><\/div><div class=\"w-btn-wrapper align_none\"><a class=\"w-btn us-btn-style_9\" href=\"https:\/\/info.openlane.eu\/hu\/legal-matters\/\"><span class=\"w-btn-label\">Tov\u00e1bbi inform\u00e1ci\u00f3<\/span><\/a><\/div><\/div><\/div><\/div><a href=\"https:\/\/info.openlane.eu\/hu\/legal-matters\/\" class=\"vc_column-link smooth-scroll\" aria-label=\"Link\"><\/a><\/div><div class=\"wpb_column vc_column_container\"><div class=\"vc_column-inner\"><\/div><\/div><\/div><div class=\"w-separator size_medium\"><\/div><section class=\"l-section wpb_row height_auto width_full\"><div class=\"l-section-h i-cf\"><div class=\"g-cols vc_row via_grid cols_1 laptops-cols_inherit tablets-cols_inherit mobiles-cols_1 valign_top type_default stacking_default\"><div class=\"wpb_column vc_column_container\"><div class=\"vc_column-inner\"><div class=\"g-cols wpb_row us_custom_03287248 via_grid cols_3-1 laptops-cols_inherit tablets-cols_inherit mobiles-cols_1 valign_middle type_default stacking_default\" style=\"--columns-gap:3rem;--laptops-columns-gap:3rem;--tablets-columns-gap:3rem;--mobiles-columns-gap:1rem;\"><div class=\"wpb_column vc_column_container\"><div class=\"vc_column-inner\"><div class=\"wpb_text_column us_custom_eecd5a9b\"><div class=\"wpb_wrapper\"><h5><span style=\"color: #0061ff;\">Regisztr\u00e1ljon most az OPENLANE-on, \u00e9s kezdje el a j\u00e1rm\u0171vek elad\u00e1s\u00e1t vagy v\u00e1s\u00e1rl\u00e1s\u00e1t.<\/span><\/h5>\n<\/div><\/div><\/div><\/div><div class=\"wpb_column vc_column_container\"><div class=\"vc_column-inner\"><div class=\"w-btn-wrapper default_align_right laptops_align_right tablets_align_right mobiles_align_justify\"><a class=\"w-btn us-btn-style_3\" target=\"_blank\" href=\"https:\/\/www.openlane.eu\/hu\/register\/\"><span class=\"w-btn-label\">Regisztr\u00e1ci\u00f3<\/span><\/a><\/div><\/div><\/div><\/div><\/div><\/div><\/div><\/div><\/section>\n<div class=\"wpb_text_column\"><div class=\"wpb_wrapper\"><IfSoTrigger tid='72037' class=''  style='display:inline-block;'><\/IfSoTrigger>\n<\/div><\/div><\/div><\/div><\/div><\/div><\/section>\n","protected":false},"excerpt":{"rendered":"<p>Ak\u00e1r j\u00e1rm\u0171veket szeretne v\u00e1s\u00e1rolni vagy eladni, ak\u00e1r c\u00e9ginform\u00e1ci\u00f3kat keres, ak\u00e1r seg\u00edts\u00e9gre van sz\u00fcks\u00e9ge, vagy jogi anyagokat szeretne megn\u00e9zni, akkor a legjobb helyen j\u00e1r. V\u00e1lasszon ki egy szekci\u00f3t az al\u00e1bbi lehet\u0151s\u00e9gek k\u00f6z\u00fcl, vagy ind\u00edtson egy keres\u00e9st b\u00e1rmely konkr\u00e9t t\u00e9m\u00e1ban!<\/p>\n","protected":false},"author":3,"featured_media":0,"parent":0,"menu_order":0,"comment_status":"closed","ping_status":"closed","template":"","meta":{"_acf_changed":false,"footnotes":""},"class_list":["post-32963","page","type-page","status-publish","hentry"],"acf":[],"yoast_head":"<!-- This site is optimized with the Yoast SEO Premium plugin v26.9 (Yoast SEO v27.4) - https:\/\/yoast.com\/product\/yoast-seo-premium-wordpress\/ -->\n<title>Inform\u00e1ci\u00f3s k\u00f6zpont | OPENLANE<\/title>\n<meta name=\"description\" content=\"V\u00e1s\u00e1roljon, adjon el, vegye ig\u00e9nybe a seg\u00edts\u00e9get, fedezze fel a v\u00e1llalati adatokat, \u00e9s tekintse \u00e1t a fontos jogi anyagokat egy helyen!\" \/>\n<meta name=\"robots\" content=\"index, follow, max-snippet:-1, max-image-preview:large, max-video-preview:-1\" \/>\n<link rel=\"canonical\" href=\"https:\/\/info.openlane.eu\/hu\/\" \/>\n<meta property=\"og:locale\" content=\"hu_HU\" \/>\n<meta property=\"og:type\" content=\"article\" \/>\n<meta property=\"og:title\" content=\"Inform\u00e1ci\u00f3s k\u00f6zpont\" \/>\n<meta property=\"og:description\" content=\"V\u00e1s\u00e1roljon, adjon el, vegye ig\u00e9nybe a seg\u00edts\u00e9get, fedezze fel a v\u00e1llalati adatokat, \u00e9s tekintse \u00e1t a fontos jogi anyagokat egy helyen!\" \/>\n<meta property=\"og:url\" content=\"https:\/\/info.openlane.eu\/hu\/\" \/>\n<meta property=\"og:site_name\" content=\"OPENLANE\" \/>\n<meta property=\"article:publisher\" content=\"https:\/\/www.facebook.com\/OPENLANE.Europe\" \/>\n<meta property=\"article:modified_time\" content=\"2026-02-27T07:12:14+00:00\" \/>\n<meta property=\"og:image\" content=\"https:\/\/info.openlane.eu\/wp-content\/uploads\/2025\/12\/logo-1200x675-1.png\" \/>\n\t<meta property=\"og:image:width\" content=\"1200\" \/>\n\t<meta property=\"og:image:height\" content=\"675\" \/>\n\t<meta property=\"og:image:type\" content=\"image\/png\" \/>\n<meta name=\"twitter:card\" content=\"summary_large_image\" \/>\n<meta name=\"twitter:site\" content=\"@OPENLANE_Europe\" \/>\n<meta name=\"twitter:label1\" content=\"Becs\u00fclt olvas\u00e1si id\u0151\" \/>\n\t<meta name=\"twitter:data1\" content=\"1 perc\" \/>\n<script type=\"application\/ld+json\" class=\"yoast-schema-graph\">{\"@context\":\"https:\\\/\\\/schema.org\",\"@graph\":[{\"@type\":\"WebPage\",\"@id\":\"https:\\\/\\\/info.openlane.eu\\\/hu\\\/\",\"url\":\"https:\\\/\\\/info.openlane.eu\\\/hu\\\/\",\"name\":\"Inform\u00e1ci\u00f3s k\u00f6zpont | OPENLANE\",\"isPartOf\":{\"@id\":\"https:\\\/\\\/info.openlane.eu\\\/hu\\\/#website\"},\"datePublished\":\"2024-06-03T02:50:22+00:00\",\"dateModified\":\"2026-02-27T07:12:14+00:00\",\"description\":\"V\u00e1s\u00e1roljon, adjon el, vegye ig\u00e9nybe a seg\u00edts\u00e9get, fedezze fel a v\u00e1llalati adatokat, \u00e9s tekintse \u00e1t a fontos jogi anyagokat egy helyen!\",\"breadcrumb\":{\"@id\":\"https:\\\/\\\/info.openlane.eu\\\/hu\\\/#breadcrumb\"},\"inLanguage\":\"hu\",\"potentialAction\":[{\"@type\":\"ReadAction\",\"target\":[\"https:\\\/\\\/info.openlane.eu\\\/hu\\\/\"]}]},{\"@type\":\"BreadcrumbList\",\"@id\":\"https:\\\/\\\/info.openlane.eu\\\/hu\\\/#breadcrumb\",\"itemListElement\":[{\"@type\":\"ListItem\",\"position\":1,\"name\":\"Home\",\"item\":\"https:\\\/\\\/info.openlane.eu\\\/hu\\\/\"},{\"@type\":\"ListItem\",\"position\":2,\"name\":\"Inform\u00e1ci\u00f3s k\u00f6zpont\"}]},{\"@type\":\"WebSite\",\"@id\":\"https:\\\/\\\/info.openlane.eu\\\/hu\\\/#website\",\"url\":\"https:\\\/\\\/info.openlane.eu\\\/hu\\\/\",\"name\":\"OPENLANE\",\"description\":\"Online used car auction website\",\"publisher\":{\"@id\":\"https:\\\/\\\/info.openlane.eu\\\/hu\\\/#organization\"},\"potentialAction\":[{\"@type\":\"SearchAction\",\"target\":{\"@type\":\"EntryPoint\",\"urlTemplate\":\"https:\\\/\\\/info.openlane.eu\\\/hu\\\/?s={search_term_string}\"},\"query-input\":{\"@type\":\"PropertyValueSpecification\",\"valueRequired\":true,\"valueName\":\"search_term_string\"}}],\"inLanguage\":\"hu\"},{\"@type\":\"Organization\",\"@id\":\"https:\\\/\\\/info.openlane.eu\\\/hu\\\/#organization\",\"name\":\"OPENLANE\",\"url\":\"https:\\\/\\\/info.openlane.eu\\\/hu\\\/\",\"logo\":{\"@type\":\"ImageObject\",\"inLanguage\":\"hu\",\"@id\":\"https:\\\/\\\/info.openlane.eu\\\/hu\\\/#\\\/schema\\\/logo\\\/image\\\/\",\"url\":\"https:\\\/\\\/info.openlane.eu\\\/wp-content\\\/uploads\\\/2025\\\/12\\\/openlane-RGB-on-Wht.png\",\"contentUrl\":\"https:\\\/\\\/info.openlane.eu\\\/wp-content\\\/uploads\\\/2025\\\/12\\\/openlane-RGB-on-Wht.png\",\"width\":615,\"height\":159,\"caption\":\"OPENLANE\"},\"image\":{\"@id\":\"https:\\\/\\\/info.openlane.eu\\\/hu\\\/#\\\/schema\\\/logo\\\/image\\\/\"},\"sameAs\":[\"https:\\\/\\\/www.facebook.com\\\/OPENLANE.Europe\",\"https:\\\/\\\/x.com\\\/OPENLANE_Europe\",\"https:\\\/\\\/www.linkedin.com\\\/company\\\/openlane-europe\",\"https:\\\/\\\/www.instagram.com\\\/openlane_europe\\\/\"],\"description\":\"Our purpose is to make used car wholesale easy so our customers can be more successful. We sell high-quality second-hand vehicles exclusively and directly to car dealers and traders. All cars come with quality car descriptions and inspections. Our digital marketplace is the fresh wave carrying the automotive industry into the digital age. We give car traders more opportunities, more flexibility and more freedom than can be found anywhere else. Our strong commitment to quality and service drives us to continuously improve our offerings to suit the industry\u2019s ever-evolving needs. We aim to be the best and we strive to help our customers do the same. With flexible, modular and end-to-end remarketing solutions, and customer service in more than 20 languages, we offer innovative, tech-driven solutions and services that help customers to buy and sell with ease across Europe.\",\"email\":\"info@openlane.eu\",\"telephone\":\"+32 (0)16 38 00 68\",\"legalName\":\"OPENLANE Europe NV\",\"vatID\":\"BE0867129223\",\"numberOfEmployees\":{\"@type\":\"QuantitativeValue\",\"minValue\":\"201\",\"maxValue\":\"500\"}}]}<\/script>\n<!-- \/ Yoast SEO Premium plugin. -->","yoast_head_json":{"title":"Inform\u00e1ci\u00f3s k\u00f6zpont | OPENLANE","description":"V\u00e1s\u00e1roljon, adjon el, vegye ig\u00e9nybe a seg\u00edts\u00e9get, fedezze fel a v\u00e1llalati adatokat, \u00e9s tekintse \u00e1t a fontos jogi anyagokat egy helyen!","robots":{"index":"index","follow":"follow","max-snippet":"max-snippet:-1","max-image-preview":"max-image-preview:large","max-video-preview":"max-video-preview:-1"},"canonical":"https:\/\/info.openlane.eu\/hu\/","og_locale":"hu_HU","og_type":"article","og_title":"Inform\u00e1ci\u00f3s k\u00f6zpont","og_description":"V\u00e1s\u00e1roljon, adjon el, vegye ig\u00e9nybe a seg\u00edts\u00e9get, fedezze fel a v\u00e1llalati adatokat, \u00e9s tekintse \u00e1t a fontos jogi anyagokat egy helyen!","og_url":"https:\/\/info.openlane.eu\/hu\/","og_site_name":"OPENLANE","article_publisher":"https:\/\/www.facebook.com\/OPENLANE.Europe","article_modified_time":"2026-02-27T07:12:14+00:00","og_image":[{"width":1200,"height":675,"url":"https:\/\/info.openlane.eu\/wp-content\/uploads\/2025\/12\/logo-1200x675-1.png","type":"image\/png"}],"twitter_card":"summary_large_image","twitter_site":"@OPENLANE_Europe","twitter_misc":{"Becs\u00fclt olvas\u00e1si id\u0151":"1 perc"},"schema":{"@context":"https:\/\/schema.org","@graph":[{"@type":"WebPage","@id":"https:\/\/info.openlane.eu\/hu\/","url":"https:\/\/info.openlane.eu\/hu\/","name":"Inform\u00e1ci\u00f3s k\u00f6zpont | OPENLANE","isPartOf":{"@id":"https:\/\/info.openlane.eu\/hu\/#website"},"datePublished":"2024-06-03T02:50:22+00:00","dateModified":"2026-02-27T07:12:14+00:00","description":"V\u00e1s\u00e1roljon, adjon el, vegye ig\u00e9nybe a seg\u00edts\u00e9get, fedezze fel a v\u00e1llalati adatokat, \u00e9s tekintse \u00e1t a fontos jogi anyagokat egy helyen!","breadcrumb":{"@id":"https:\/\/info.openlane.eu\/hu\/#breadcrumb"},"inLanguage":"hu","potentialAction":[{"@type":"ReadAction","target":["https:\/\/info.openlane.eu\/hu\/"]}]},{"@type":"BreadcrumbList","@id":"https:\/\/info.openlane.eu\/hu\/#breadcrumb","itemListElement":[{"@type":"ListItem","position":1,"name":"Home","item":"https:\/\/info.openlane.eu\/hu\/"},{"@type":"ListItem","position":2,"name":"Inform\u00e1ci\u00f3s k\u00f6zpont"}]},{"@type":"WebSite","@id":"https:\/\/info.openlane.eu\/hu\/#website","url":"https:\/\/info.openlane.eu\/hu\/","name":"OPENLANE","description":"Online used car auction website","publisher":{"@id":"https:\/\/info.openlane.eu\/hu\/#organization"},"potentialAction":[{"@type":"SearchAction","target":{"@type":"EntryPoint","urlTemplate":"https:\/\/info.openlane.eu\/hu\/?s={search_term_string}"},"query-input":{"@type":"PropertyValueSpecification","valueRequired":true,"valueName":"search_term_string"}}],"inLanguage":"hu"},{"@type":"Organization","@id":"https:\/\/info.openlane.eu\/hu\/#organization","name":"OPENLANE","url":"https:\/\/info.openlane.eu\/hu\/","logo":{"@type":"ImageObject","inLanguage":"hu","@id":"https:\/\/info.openlane.eu\/hu\/#\/schema\/logo\/image\/","url":"https:\/\/info.openlane.eu\/wp-content\/uploads\/2025\/12\/openlane-RGB-on-Wht.png","contentUrl":"https:\/\/info.openlane.eu\/wp-content\/uploads\/2025\/12\/openlane-RGB-on-Wht.png","width":615,"height":159,"caption":"OPENLANE"},"image":{"@id":"https:\/\/info.openlane.eu\/hu\/#\/schema\/logo\/image\/"},"sameAs":["https:\/\/www.facebook.com\/OPENLANE.Europe","https:\/\/x.com\/OPENLANE_Europe","https:\/\/www.linkedin.com\/company\/openlane-europe","https:\/\/www.instagram.com\/openlane_europe\/"],"description":"Our purpose is to make used car wholesale easy so our customers can be more successful. We sell high-quality second-hand vehicles exclusively and directly to car dealers and traders. All cars come with quality car descriptions and inspections. Our digital marketplace is the fresh wave carrying the automotive industry into the digital age. We give car traders more opportunities, more flexibility and more freedom than can be found anywhere else. Our strong commitment to quality and service drives us to continuously improve our offerings to suit the industry\u2019s ever-evolving needs. We aim to be the best and we strive to help our customers do the same. With flexible, modular and end-to-end remarketing solutions, and customer service in more than 20 languages, we offer innovative, tech-driven solutions and services that help customers to buy and sell with ease across Europe.","email":"info@openlane.eu","telephone":"+32 (0)16 38 00 68","legalName":"OPENLANE Europe NV","vatID":"BE0867129223","numberOfEmployees":{"@type":"QuantitativeValue","minValue":"201","maxValue":"500"}}]}},"_links":{"self":[{"href":"https:\/\/info.openlane.eu\/hu\/wp-json\/wp\/v2\/pages\/32963","targetHints":{"allow":["GET"]}}],"collection":[{"href":"https:\/\/info.openlane.eu\/hu\/wp-json\/wp\/v2\/pages"}],"about":[{"href":"https:\/\/info.openlane.eu\/hu\/wp-json\/wp\/v2\/types\/page"}],"author":[{"embeddable":true,"href":"https:\/\/info.openlane.eu\/hu\/wp-json\/wp\/v2\/users\/3"}],"replies":[{"embeddable":true,"href":"https:\/\/info.openlane.eu\/hu\/wp-json\/wp\/v2\/comments?post=32963"}],"version-history":[{"count":15,"href":"https:\/\/info.openlane.eu\/hu\/wp-json\/wp\/v2\/pages\/32963\/revisions"}],"predecessor-version":[{"id":86855,"href":"https:\/\/info.openlane.eu\/hu\/wp-json\/wp\/v2\/pages\/32963\/revisions\/86855"}],"wp:attachment":[{"href":"https:\/\/info.openlane.eu\/hu\/wp-json\/wp\/v2\/media?parent=32963"}],"curies":[{"name":"wp","href":"https:\/\/api.w.org\/{rel}","templated":true}]}}