{"id":33004,"date":"2024-09-09T05:55:58","date_gmt":"2024-09-09T03:55:58","guid":{"rendered":"https:\/\/info.openlane.eu\/search-2\/"},"modified":"2025-01-14T16:37:33","modified_gmt":"2025-01-14T15:37:33","slug":"search","status":"publish","type":"page","link":"https:\/\/info.openlane.eu\/hu\/start-to-buy\/buying-features\/search\/","title":{"rendered":"Online aut\u00f3\u00e1rver\u00e9s"},"content":{"rendered":"<section class=\"l-section wpb_row height_medium\"><div class=\"l-section-h i-cf\"><div class=\"g-cols vc_row via_grid cols_1 laptops-cols_inherit tablets-cols_inherit mobiles-cols_1 valign_top type_default stacking_default\"><div class=\"wpb_column vc_column_container\"><div class=\"vc_column-inner\"><div class=\"wpb_text_column\"><div class=\"wpb_wrapper\"><div class=\"g-breadcrumbs\"><div class=\"g-breadcrumbs-item\"><a href=\"https:\/\/info.openlane.eu\/hu\/\" title=\"Inform\u00e1ci\u00f3s k\u00f6zpont\">Inform\u00e1ci\u00f3s k\u00f6zpont<\/a><\/div><div class=\"g-breadcrumbs-separator\">\/<\/div><\/div>\n<\/div><\/div><div class=\"w-separator size_small\"><\/div><div class=\"g-cols wpb_row via_grid cols_1 laptops-cols_inherit tablets-cols_inherit mobiles-cols_1 valign_top type_default stacking_default\" style=\"--columns-gap:3rem;\"><div class=\"wpb_column vc_column_container\"><div class=\"vc_column-inner\"><div class=\"wpb_text_column\"><div class=\"wpb_wrapper\"><h1>Online aut\u00f3\u00e1rver\u00e9s<\/h1>\n<p><strong>Az OPENLANE online aut\u00f3piac naponta t\u00f6bb mint 12000 j\u00e1rm\u0171h\u00f6z biztos\u00edt hozz\u00e1f\u00e9r\u00e9st a professzion\u00e1lis aut\u00f3keresked\u0151knek \u00e9s forgalmaz\u00f3knak.\u202fAz OPENLANE-n kereszt\u00fcl t\u00f6rt\u00e9n\u0151 aut\u00f3v\u00e1s\u00e1rl\u00e1s egy k\u00e9nyelmes, egyszer\u0171 \u00e9s nagyszer\u0171 m\u00f3dja annak, hogy sok p\u00e9nzt takar\u00edtson meg. Mindenf\u00e9le aut\u00f3kat, <a href=\"https:\/\/www.openlane.eu\/hu\/findcar?bodyTypes=Berline%2CCompact%2CBreak%2CCoup%C3%A9%2CMPV%2CCabriolet%2CHatchback%2CSUV%2CMinibus\" target=\"_blank\" rel=\"noopener\">szem\u00e9lyg\u00e9pj\u00e1rm\u0171veket<\/a>, <a href=\"https:\/\/www.openlane.eu\/hu\/findcar?bodyTypes=Lighttruck\" target=\"_blank\" rel=\"noopener\">furgonokat \u00e9s k\u00f6nny\u0171 teherg\u00e9pkocsikat<\/a>, \u00e9s m\u00e9g <a href=\"https:\/\/www.openlane.eu\/hu\/findcar?damageTypes=4%2C2%2C3\" target=\"_blank\" rel=\"noopener\">s\u00e9r\u00fclt j\u00e1rm\u0171vek<\/a>et is k\u00edn\u00e1lunk. <a href=\"\/hu?page_id=4180\">Fedezze fel aj\u00e1nlatunkat<\/a>!\u202f\u202f <\/strong><\/p>\n<\/div><\/div><\/div><\/div><\/div><\/div><\/div><\/div><\/div><\/section><section class=\"l-section wpb_row height_medium color_alternate\"><div class=\"l-section-h i-cf\"><div class=\"g-cols vc_row via_grid cols_1 laptops-cols_inherit tablets-cols_inherit mobiles-cols_1 valign_top type_default stacking_default\"><div class=\"wpb_column vc_column_container\"><div class=\"vc_column-inner\"><div class=\"g-cols wpb_row via_grid cols_1 laptops-cols_inherit tablets-cols_inherit mobiles-cols_1 valign_top type_default stacking_default\" style=\"--columns-gap:3rem;\"><div class=\"wpb_column vc_column_container\"><div class=\"vc_column-inner\"><div class=\"wpb_text_column\"><div class=\"wpb_wrapper\"><h2>Keressen speci\u00e1lis j\u00e1rm\u0171veket vagy b\u00f6ng\u00e9sszen az \u00e1rver\u00e9s\u00fcnk\u00f6n!<\/h2>\n<p>Ak\u00e1r egy bizonyos t\u00edpus\u00fa j\u00e1rm\u0171vet szeretne tal\u00e1lni, vagy csak egy alkut szeretne el\u00e9rni, az OPENLANE-n\u00e9l rengeteg lehet\u0151s\u00e9g \u00e1ll rendelkez\u00e9sre. Haszn\u00e1lja a be\u00e9p\u00edtett keres\u00e9s opci\u00f3inkat, hogy n\u00e9h\u00e1ny kattint\u00e1ssal megtal\u00e1lja a keresett aut\u00f3t:<\/p>\n<\/div><\/div><div class=\"w-separator size_medium\"><\/div><div class=\"w-hwrapper counter--section valign_top stack_on_mobiles align_none\" style=\"--hwrapper-gap:1.5rem\"><div class=\"wpb_text_column counter--number\"><div class=\"wpb_wrapper\"><p><span data-metadata=\"&amp;lt;!--(figmeta)eyJmaWxlS2V5IjoicjVDUFlXREM4OEVxUW5GQVNua2RRNyIsInBhc3RlSUQiOjE1MTEwNTM0OTIsImRhdGFUeXBlIjoic2NlbmUifQo=(\/figmeta)--&amp;gt;\"><\/span>1<\/p>\n<\/div><\/div><div class=\"wpb_text_column\"><div class=\"wpb_wrapper\"><h5>Gyorskeres\u00e9s<\/h5>\n<p>Gyorskeres\u00e9s szolg\u00e1ltat\u00e1sunk k\u00f6zvetlen\u00fcl a<a href=\"https:\/\/www.openlane.eu\/hu\/home\" target=\"_blank\" rel=\"noopener\"> honlapunkon \u00e9rhet\u0151 el<\/a>. Egyszer\u0171en v\u00e1lassza ki az \u00d6nnek megfelel\u0151 felt\u00e9teleket, \u00e9s kattintson az &#8222;X sz\u00e1m\u00fa j\u00e1rm\u0171 megjelen\u00edt\u00e9se&#8221; gombra, hogy elkezdje b\u00f6ng\u00e9szni a rendelkez\u00e9sre \u00e1ll\u00f3 tal\u00e1latokat!<\/p>\n<\/div><\/div><\/div><div class=\"w-separator size_medium\"><\/div><div class=\"w-hwrapper counter--section valign_top stack_on_mobiles align_none\" style=\"--hwrapper-gap:1.5rem\"><div class=\"wpb_text_column counter--number\"><div class=\"wpb_wrapper\"><p><span data-metadata=\"&amp;lt;!--(figmeta)eyJmaWxlS2V5IjoicjVDUFlXREM4OEVxUW5GQVNua2RRNyIsInBhc3RlSUQiOjE1MTEwNTM0OTIsImRhdGFUeXBlIjoic2NlbmUifQo=(\/figmeta)--&amp;gt;\"><\/span>2<\/p>\n<\/div><\/div><div class=\"wpb_text_column\"><div class=\"wpb_wrapper\"><h5>R\u00e9szletes keres\u00e9s<\/h5>\n<p>A kifinomultabb keres\u00e9sekhez n\u00e9h\u00e1ny tov\u00e1bbi adatra van sz\u00fcks\u00e9g. Ha a gyorskeres\u00e9ssel nem tal\u00e1lja meg, amit keres, ez a k\u00f6vetkez\u0151 l\u00e9p\u00e9s. Kattintson a <a href=\"https:\/\/www.openlane.eu\/hu\/findcar\/advanced\" target=\"_blank\" rel=\"noopener\">J\u00e1rm\u0171keres\u00e9s<\/a> gombra<a href=\"https:\/\/www.openlane.eu\/hu\/findcar\/advanced\" target=\"_blank\" rel=\"noopener\">,<\/a>\u202f\u00e9s adja meg a legmegfelel\u0151bb keres\u00e9si krit\u00e9riumokat, p\u00e9ld\u00e1ul a gy\u00e1rt\u00f3t, a modellt, az \u00fczemanyag t\u00edpus\u00e1t, \u00e9s az \u00e1rkateg\u00f3ri\u00e1t! \u00d6n d\u00f6nti el, hogy mi a legfontosabb, \u00e9s melyik krit\u00e9riumok seg\u00edtenek a legjobban abban, hogy megtal\u00e1lja a k\u00edv\u00e1nt aut\u00f3t. Rendszeresen ugyanazt a t\u00edpus\u00fa aut\u00f3t v\u00e1s\u00e1rolja? Jelentkezzen be, hogy elmentse a keres\u00e9s param\u00e9tereit, \u00e9s minden k\u00f6nnyebb\u00e9 v\u00e1lik a k\u00f6vetkez\u0151 alkalommal.<\/p>\n<p><strong>Tipp:<\/strong>\u202fHa elmenti a keres\u00e9s param\u00e9tereit, egy e-mailt k\u00fcld\u00fcnk \u00d6nnek, amint egy megfelel\u0151 j\u00e1rm\u0171 el\u00e9rhet\u0151v\u00e9 v\u00e1lik. Ezeket az e-maileket a &#8216;\u00dcgyf\u00e9lsz\u00e1ml\u00e1m&#8217; port\u00e1l &#8222;Be\u00e1ll\u00edt\u00e1sok&#8221; szekci\u00f3j\u00e1ban az \u00e9rtes\u00edt\u00e9sek szem\u00e9lyre szab\u00e1s\u00e1val v\u00e1laszthatja ki vagy utas\u00edthatja el.<\/p>\n<\/div><\/div><\/div><div class=\"w-separator size_medium\"><\/div><div class=\"w-hwrapper counter--section valign_top stack_on_mobiles align_none\" style=\"--hwrapper-gap:1.5rem\"><div class=\"wpb_text_column counter--number\"><div class=\"wpb_wrapper\"><p><span data-metadata=\"&amp;lt;!--(figmeta)eyJmaWxlS2V5IjoicjVDUFlXREM4OEVxUW5GQVNua2RRNyIsInBhc3RlSUQiOjE1MTEwNTM0OTIsImRhdGFUeXBlIjoic2NlbmUifQo=(\/figmeta)--&amp;gt;\"><\/span>3<\/p>\n<\/div><\/div><div class=\"wpb_text_column\"><div class=\"wpb_wrapper\"><h5>Az aukci\u00f3 \u00e1ttekint\u00e9se<\/h5>\n<p>Egy adott id\u0151pontban aktu\u00e1lis \u00e1rver\u00e9sek megtekint\u00e9s\u00e9hez l\u00e1togassa meg az <a href=\"https:\/\/www.openlane.eu\/hu\/auctions\" target=\"_blank\" rel=\"noopener\">\u00c1rver\u00e9sek <\/a>\u202foldalt! Finom\u00edtsa a keres\u00e9st a k\u00e9perny\u0151 bal oldal\u00e1n tal\u00e1lhat\u00f3 sz\u0171r\u0151 seg\u00edts\u00e9g\u00e9vel, hogy gyorsan l\u00e1thassa az ig\u00e9nyeinek megfelel\u0151, rendelkez\u00e9sre \u00e1ll\u00f3 j\u00e1rm\u0171veket! Mentse el a keres\u00e9s sz\u0171r\u0151ket, hogy a k\u00e9s\u0151bbi keres\u00e9sek m\u00e9g gyorsabban \u00e9s egyszer\u0171bben menjenek.<\/p>\n<p><strong>Tipp: <\/strong>Haszn\u00e1lhatja a <a href=\"\/hu?page_id=9616\">mobilalkalmaz\u00e1sunkat is,<\/a> amely Android \u00e9s iOS rendszereken is el\u00e9rhet\u0151. Seg\u00edt az aj\u00e1nlatok kezel\u00e9s\u00e9ben, \u00e9s lehet\u0151v\u00e9 teszi, hogy val\u00f3s id\u0151ben k\u00f6vesse nyomon az \u00e1rver\u00e9st, f\u00fcggetlen\u00fcl att\u00f3l, hogy fizikailag hol tart\u00f3zkodik.<\/p>\n<\/div><\/div><\/div><\/div><\/div><\/div><\/div><\/div><\/div><\/div><\/section>\n","protected":false},"excerpt":{"rendered":"<p>Az OPENLANE online aut\u00f3piac naponta t\u00f6bb mint 12000 j\u00e1rm\u0171h\u00f6z biztos\u00edt hozz\u00e1f\u00e9r\u00e9st a professzion\u00e1lis aut\u00f3keresked\u0151knek \u00e9s forgalmaz\u00f3knak.\u202fAz OPENLANE-n kereszt\u00fcl t\u00f6rt\u00e9n\u0151 aut\u00f3v\u00e1s\u00e1rl\u00e1s egy k\u00e9nyelmes, egyszer\u0171 \u00e9s nagyszer\u0171 m\u00f3dja annak, hogy sok p\u00e9nzt takar\u00edtson meg. Mindenf\u00e9le aut\u00f3kat, szem\u00e9lyg\u00e9pj\u00e1rm\u0171veket, furgonokat \u00e9s k\u00f6nny\u0171 teherg\u00e9pkocsikat, \u00e9s m\u00e9g s\u00e9r\u00fclt j\u00e1rm\u0171veket is k\u00edn\u00e1lunk. Fedezze fel aj\u00e1nlatunkat!\u202f\u202f<\/p>\n","protected":false},"author":3,"featured_media":0,"parent":33003,"menu_order":0,"comment_status":"closed","ping_status":"closed","template":"","meta":{"_acf_changed":false,"footnotes":""},"class_list":["post-33004","page","type-page","status-publish","hentry"],"acf":[],"yoast_head":"<!-- This site is optimized with the Yoast SEO Premium plugin v26.9 (Yoast SEO v27.5) - https:\/\/yoast.com\/product\/yoast-seo-premium-wordpress\/ -->\n<title>3 a Keres\u00e9s hat\u00e9kony haszn\u00e1lata platformunkon | OPENLANE<\/title>\n<meta name=\"description\" content=\"Tudja meg, hogyan lehet hat\u00e9konyan Keres\u00e9s az OPENLANE-on. Fedezze fel a h\u00e1rom egyszer\u0171 m\u00f3dszert a j\u00e1rm\u0171vek keres\u00e9s\u00e9re, az eredm\u00e9nyek finom\u00edt\u00e1s\u00e1ra \u00e9s a platformunkon val\u00f3 k\u00f6nnyed navig\u00e1l\u00e1sra. Kezdjen el okosabban keresni m\u00e9g ma!\" \/>\n<meta name=\"robots\" content=\"index, follow, max-snippet:-1, max-image-preview:large, max-video-preview:-1\" \/>\n<link rel=\"canonical\" href=\"https:\/\/info.openlane.eu\/hu\/start-to-buy\/buying-features\/search\/\" \/>\n<meta property=\"og:locale\" content=\"hu_HU\" \/>\n<meta property=\"og:type\" content=\"article\" \/>\n<meta property=\"og:title\" content=\"Online aut\u00f3\u00e1rver\u00e9s\" \/>\n<meta property=\"og:description\" content=\"Tudja meg, hogyan lehet hat\u00e9konyan Keres\u00e9s az OPENLANE-on. Fedezze fel a h\u00e1rom egyszer\u0171 m\u00f3dszert a j\u00e1rm\u0171vek keres\u00e9s\u00e9re, az eredm\u00e9nyek finom\u00edt\u00e1s\u00e1ra \u00e9s a platformunkon val\u00f3 k\u00f6nnyed navig\u00e1l\u00e1sra. Kezdjen el okosabban keresni m\u00e9g ma!\" \/>\n<meta property=\"og:url\" content=\"https:\/\/info.openlane.eu\/hu\/start-to-buy\/buying-features\/search\/\" \/>\n<meta property=\"og:site_name\" content=\"OPENLANE\" \/>\n<meta property=\"article:publisher\" content=\"https:\/\/www.facebook.com\/OPENLANE.Europe\" \/>\n<meta property=\"article:modified_time\" content=\"2025-01-14T15:37:33+00:00\" \/>\n<meta property=\"og:image\" content=\"https:\/\/info.openlane.eu\/wp-content\/uploads\/2025\/12\/logo-1200x675-1.png\" \/>\n\t<meta property=\"og:image:width\" content=\"1200\" \/>\n\t<meta property=\"og:image:height\" content=\"675\" \/>\n\t<meta property=\"og:image:type\" content=\"image\/png\" \/>\n<meta name=\"twitter:card\" content=\"summary_large_image\" \/>\n<meta name=\"twitter:site\" content=\"@OPENLANE_Europe\" \/>\n<meta name=\"twitter:label1\" content=\"Becs\u00fclt olvas\u00e1si id\u0151\" \/>\n\t<meta name=\"twitter:data1\" content=\"2 perc\" \/>\n<script type=\"application\/ld+json\" class=\"yoast-schema-graph\">{\"@context\":\"https:\\\/\\\/schema.org\",\"@graph\":[{\"@type\":\"WebPage\",\"@id\":\"https:\\\/\\\/info.openlane.eu\\\/hu\\\/start-to-buy\\\/buying-features\\\/search\\\/\",\"url\":\"https:\\\/\\\/info.openlane.eu\\\/hu\\\/start-to-buy\\\/buying-features\\\/search\\\/\",\"name\":\"3 a Keres\u00e9s hat\u00e9kony haszn\u00e1lata platformunkon | OPENLANE\",\"isPartOf\":{\"@id\":\"https:\\\/\\\/info.openlane.eu\\\/hu\\\/#website\"},\"datePublished\":\"2024-09-09T03:55:58+00:00\",\"dateModified\":\"2025-01-14T15:37:33+00:00\",\"description\":\"Tudja meg, hogyan lehet hat\u00e9konyan Keres\u00e9s az OPENLANE-on. Fedezze fel a h\u00e1rom egyszer\u0171 m\u00f3dszert a j\u00e1rm\u0171vek keres\u00e9s\u00e9re, az eredm\u00e9nyek finom\u00edt\u00e1s\u00e1ra \u00e9s a platformunkon val\u00f3 k\u00f6nnyed navig\u00e1l\u00e1sra. Kezdjen el okosabban keresni m\u00e9g ma!\",\"breadcrumb\":{\"@id\":\"https:\\\/\\\/info.openlane.eu\\\/hu\\\/start-to-buy\\\/buying-features\\\/search\\\/#breadcrumb\"},\"inLanguage\":\"hu\",\"potentialAction\":[{\"@type\":\"ReadAction\",\"target\":[\"https:\\\/\\\/info.openlane.eu\\\/hu\\\/start-to-buy\\\/buying-features\\\/search\\\/\"]}]},{\"@type\":\"BreadcrumbList\",\"@id\":\"https:\\\/\\\/info.openlane.eu\\\/hu\\\/start-to-buy\\\/buying-features\\\/search\\\/#breadcrumb\",\"itemListElement\":[{\"@type\":\"ListItem\",\"position\":1,\"name\":\"Home\",\"item\":\"https:\\\/\\\/info.openlane.eu\\\/hu\\\/\"},{\"@type\":\"ListItem\",\"position\":2,\"name\":\"V\u00e1s\u00e1rl\u00e1s megkezd\u00e9se\",\"item\":\"https:\\\/\\\/info.openlane.eu\\\/hu\\\/start-to-buy\\\/\"},{\"@type\":\"ListItem\",\"position\":3,\"name\":\"V\u00e1s\u00e1rl\u00e1si jellemz\u0151k\",\"item\":\"https:\\\/\\\/info.openlane.eu\\\/hu\\\/start-to-buy\\\/buying-features\\\/\"},{\"@type\":\"ListItem\",\"position\":4,\"name\":\"Online aut\u00f3\u00e1rver\u00e9s\"}]},{\"@type\":\"WebSite\",\"@id\":\"https:\\\/\\\/info.openlane.eu\\\/hu\\\/#website\",\"url\":\"https:\\\/\\\/info.openlane.eu\\\/hu\\\/\",\"name\":\"OPENLANE\",\"description\":\"Online used car auction website\",\"publisher\":{\"@id\":\"https:\\\/\\\/info.openlane.eu\\\/hu\\\/#organization\"},\"potentialAction\":[{\"@type\":\"SearchAction\",\"target\":{\"@type\":\"EntryPoint\",\"urlTemplate\":\"https:\\\/\\\/info.openlane.eu\\\/hu\\\/?s={search_term_string}\"},\"query-input\":{\"@type\":\"PropertyValueSpecification\",\"valueRequired\":true,\"valueName\":\"search_term_string\"}}],\"inLanguage\":\"hu\"},{\"@type\":\"Organization\",\"@id\":\"https:\\\/\\\/info.openlane.eu\\\/hu\\\/#organization\",\"name\":\"OPENLANE\",\"url\":\"https:\\\/\\\/info.openlane.eu\\\/hu\\\/\",\"logo\":{\"@type\":\"ImageObject\",\"inLanguage\":\"hu\",\"@id\":\"https:\\\/\\\/info.openlane.eu\\\/hu\\\/#\\\/schema\\\/logo\\\/image\\\/\",\"url\":\"https:\\\/\\\/info.openlane.eu\\\/wp-content\\\/uploads\\\/2025\\\/12\\\/openlane-RGB-on-Wht.png\",\"contentUrl\":\"https:\\\/\\\/info.openlane.eu\\\/wp-content\\\/uploads\\\/2025\\\/12\\\/openlane-RGB-on-Wht.png\",\"width\":615,\"height\":159,\"caption\":\"OPENLANE\"},\"image\":{\"@id\":\"https:\\\/\\\/info.openlane.eu\\\/hu\\\/#\\\/schema\\\/logo\\\/image\\\/\"},\"sameAs\":[\"https:\\\/\\\/www.facebook.com\\\/OPENLANE.Europe\",\"https:\\\/\\\/x.com\\\/OPENLANE_Europe\",\"https:\\\/\\\/www.linkedin.com\\\/company\\\/openlane-europe\",\"https:\\\/\\\/www.instagram.com\\\/openlane_europe\\\/\"],\"description\":\"Our purpose is to make used car wholesale easy so our customers can be more successful. We sell high-quality second-hand vehicles exclusively and directly to car dealers and traders. All cars come with quality car descriptions and inspections. Our digital marketplace is the fresh wave carrying the automotive industry into the digital age. We give car traders more opportunities, more flexibility and more freedom than can be found anywhere else. Our strong commitment to quality and service drives us to continuously improve our offerings to suit the industry\u2019s ever-evolving needs. We aim to be the best and we strive to help our customers do the same. With flexible, modular and end-to-end remarketing solutions, and customer service in more than 20 languages, we offer innovative, tech-driven solutions and services that help customers to buy and sell with ease across Europe.\",\"email\":\"info@openlane.eu\",\"telephone\":\"+32 (0)16 38 00 68\",\"legalName\":\"OPENLANE Europe NV\",\"vatID\":\"BE0867129223\",\"numberOfEmployees\":{\"@type\":\"QuantitativeValue\",\"minValue\":\"201\",\"maxValue\":\"500\"}}]}<\/script>\n<!-- \/ Yoast SEO Premium plugin. -->","yoast_head_json":{"title":"3 a Keres\u00e9s hat\u00e9kony haszn\u00e1lata platformunkon | OPENLANE","description":"Tudja meg, hogyan lehet hat\u00e9konyan Keres\u00e9s az OPENLANE-on. Fedezze fel a h\u00e1rom egyszer\u0171 m\u00f3dszert a j\u00e1rm\u0171vek keres\u00e9s\u00e9re, az eredm\u00e9nyek finom\u00edt\u00e1s\u00e1ra \u00e9s a platformunkon val\u00f3 k\u00f6nnyed navig\u00e1l\u00e1sra. Kezdjen el okosabban keresni m\u00e9g ma!","robots":{"index":"index","follow":"follow","max-snippet":"max-snippet:-1","max-image-preview":"max-image-preview:large","max-video-preview":"max-video-preview:-1"},"canonical":"https:\/\/info.openlane.eu\/hu\/start-to-buy\/buying-features\/search\/","og_locale":"hu_HU","og_type":"article","og_title":"Online aut\u00f3\u00e1rver\u00e9s","og_description":"Tudja meg, hogyan lehet hat\u00e9konyan Keres\u00e9s az OPENLANE-on. Fedezze fel a h\u00e1rom egyszer\u0171 m\u00f3dszert a j\u00e1rm\u0171vek keres\u00e9s\u00e9re, az eredm\u00e9nyek finom\u00edt\u00e1s\u00e1ra \u00e9s a platformunkon val\u00f3 k\u00f6nnyed navig\u00e1l\u00e1sra. Kezdjen el okosabban keresni m\u00e9g ma!","og_url":"https:\/\/info.openlane.eu\/hu\/start-to-buy\/buying-features\/search\/","og_site_name":"OPENLANE","article_publisher":"https:\/\/www.facebook.com\/OPENLANE.Europe","article_modified_time":"2025-01-14T15:37:33+00:00","og_image":[{"width":1200,"height":675,"url":"https:\/\/info.openlane.eu\/wp-content\/uploads\/2025\/12\/logo-1200x675-1.png","type":"image\/png"}],"twitter_card":"summary_large_image","twitter_site":"@OPENLANE_Europe","twitter_misc":{"Becs\u00fclt olvas\u00e1si id\u0151":"2 perc"},"schema":{"@context":"https:\/\/schema.org","@graph":[{"@type":"WebPage","@id":"https:\/\/info.openlane.eu\/hu\/start-to-buy\/buying-features\/search\/","url":"https:\/\/info.openlane.eu\/hu\/start-to-buy\/buying-features\/search\/","name":"3 a Keres\u00e9s hat\u00e9kony haszn\u00e1lata platformunkon | OPENLANE","isPartOf":{"@id":"https:\/\/info.openlane.eu\/hu\/#website"},"datePublished":"2024-09-09T03:55:58+00:00","dateModified":"2025-01-14T15:37:33+00:00","description":"Tudja meg, hogyan lehet hat\u00e9konyan Keres\u00e9s az OPENLANE-on. Fedezze fel a h\u00e1rom egyszer\u0171 m\u00f3dszert a j\u00e1rm\u0171vek keres\u00e9s\u00e9re, az eredm\u00e9nyek finom\u00edt\u00e1s\u00e1ra \u00e9s a platformunkon val\u00f3 k\u00f6nnyed navig\u00e1l\u00e1sra. Kezdjen el okosabban keresni m\u00e9g ma!","breadcrumb":{"@id":"https:\/\/info.openlane.eu\/hu\/start-to-buy\/buying-features\/search\/#breadcrumb"},"inLanguage":"hu","potentialAction":[{"@type":"ReadAction","target":["https:\/\/info.openlane.eu\/hu\/start-to-buy\/buying-features\/search\/"]}]},{"@type":"BreadcrumbList","@id":"https:\/\/info.openlane.eu\/hu\/start-to-buy\/buying-features\/search\/#breadcrumb","itemListElement":[{"@type":"ListItem","position":1,"name":"Home","item":"https:\/\/info.openlane.eu\/hu\/"},{"@type":"ListItem","position":2,"name":"V\u00e1s\u00e1rl\u00e1s megkezd\u00e9se","item":"https:\/\/info.openlane.eu\/hu\/start-to-buy\/"},{"@type":"ListItem","position":3,"name":"V\u00e1s\u00e1rl\u00e1si jellemz\u0151k","item":"https:\/\/info.openlane.eu\/hu\/start-to-buy\/buying-features\/"},{"@type":"ListItem","position":4,"name":"Online aut\u00f3\u00e1rver\u00e9s"}]},{"@type":"WebSite","@id":"https:\/\/info.openlane.eu\/hu\/#website","url":"https:\/\/info.openlane.eu\/hu\/","name":"OPENLANE","description":"Online used car auction website","publisher":{"@id":"https:\/\/info.openlane.eu\/hu\/#organization"},"potentialAction":[{"@type":"SearchAction","target":{"@type":"EntryPoint","urlTemplate":"https:\/\/info.openlane.eu\/hu\/?s={search_term_string}"},"query-input":{"@type":"PropertyValueSpecification","valueRequired":true,"valueName":"search_term_string"}}],"inLanguage":"hu"},{"@type":"Organization","@id":"https:\/\/info.openlane.eu\/hu\/#organization","name":"OPENLANE","url":"https:\/\/info.openlane.eu\/hu\/","logo":{"@type":"ImageObject","inLanguage":"hu","@id":"https:\/\/info.openlane.eu\/hu\/#\/schema\/logo\/image\/","url":"https:\/\/info.openlane.eu\/wp-content\/uploads\/2025\/12\/openlane-RGB-on-Wht.png","contentUrl":"https:\/\/info.openlane.eu\/wp-content\/uploads\/2025\/12\/openlane-RGB-on-Wht.png","width":615,"height":159,"caption":"OPENLANE"},"image":{"@id":"https:\/\/info.openlane.eu\/hu\/#\/schema\/logo\/image\/"},"sameAs":["https:\/\/www.facebook.com\/OPENLANE.Europe","https:\/\/x.com\/OPENLANE_Europe","https:\/\/www.linkedin.com\/company\/openlane-europe","https:\/\/www.instagram.com\/openlane_europe\/"],"description":"Our purpose is to make used car wholesale easy so our customers can be more successful. We sell high-quality second-hand vehicles exclusively and directly to car dealers and traders. All cars come with quality car descriptions and inspections. Our digital marketplace is the fresh wave carrying the automotive industry into the digital age. We give car traders more opportunities, more flexibility and more freedom than can be found anywhere else. Our strong commitment to quality and service drives us to continuously improve our offerings to suit the industry\u2019s ever-evolving needs. We aim to be the best and we strive to help our customers do the same. With flexible, modular and end-to-end remarketing solutions, and customer service in more than 20 languages, we offer innovative, tech-driven solutions and services that help customers to buy and sell with ease across Europe.","email":"info@openlane.eu","telephone":"+32 (0)16 38 00 68","legalName":"OPENLANE Europe NV","vatID":"BE0867129223","numberOfEmployees":{"@type":"QuantitativeValue","minValue":"201","maxValue":"500"}}]}},"_links":{"self":[{"href":"https:\/\/info.openlane.eu\/hu\/wp-json\/wp\/v2\/pages\/33004","targetHints":{"allow":["GET"]}}],"collection":[{"href":"https:\/\/info.openlane.eu\/hu\/wp-json\/wp\/v2\/pages"}],"about":[{"href":"https:\/\/info.openlane.eu\/hu\/wp-json\/wp\/v2\/types\/page"}],"author":[{"embeddable":true,"href":"https:\/\/info.openlane.eu\/hu\/wp-json\/wp\/v2\/users\/3"}],"replies":[{"embeddable":true,"href":"https:\/\/info.openlane.eu\/hu\/wp-json\/wp\/v2\/comments?post=33004"}],"version-history":[{"count":7,"href":"https:\/\/info.openlane.eu\/hu\/wp-json\/wp\/v2\/pages\/33004\/revisions"}],"predecessor-version":[{"id":59326,"href":"https:\/\/info.openlane.eu\/hu\/wp-json\/wp\/v2\/pages\/33004\/revisions\/59326"}],"up":[{"embeddable":true,"href":"https:\/\/info.openlane.eu\/hu\/wp-json\/wp\/v2\/pages\/33003"}],"wp:attachment":[{"href":"https:\/\/info.openlane.eu\/hu\/wp-json\/wp\/v2\/media?parent=33004"}],"curies":[{"name":"wp","href":"https:\/\/api.w.org\/{rel}","templated":true}]}}