{"id":33381,"date":"2024-08-27T11:00:13","date_gmt":"2024-08-27T09:00:13","guid":{"rendered":"https:\/\/info.openlane.eu\/archive-2022\/"},"modified":"2026-04-09T15:28:40","modified_gmt":"2026-04-09T13:28:40","slug":"archive-2022","status":"publish","type":"page","link":"https:\/\/info.openlane.eu\/lt\/help\/newsletters\/archive-2022\/","title":{"rendered":"Archyvas 2022"},"content":{"rendered":"<section class=\"l-section wpb_row height_medium\"><div class=\"l-section-h i-cf\"><div class=\"g-cols vc_row via_grid cols_1 laptops-cols_inherit tablets-cols_inherit mobiles-cols_1 valign_top type_default stacking_default\"><div class=\"wpb_column vc_column_container\"><div class=\"vc_column-inner\"><div class=\"wpb_text_column\"><div class=\"wpb_wrapper\"><div class=\"g-breadcrumbs\"><div class=\"g-breadcrumbs-item\"><a href=\"https:\/\/info.openlane.eu\/lt\/\" title=\"Informacijos centras\">Informacijos centras<\/a><\/div><div class=\"g-breadcrumbs-separator\">\/<\/div><\/div>\n<\/div><\/div><div class=\"w-separator size_small\"><\/div><div class=\"g-cols wpb_row via_grid cols_1 laptops-cols_inherit tablets-cols_inherit mobiles-cols_1 valign_top type_default stacking_default\" style=\"--columns-gap:3rem;\"><div class=\"wpb_column vc_column_container\"><div class=\"vc_column-inner\"><div class=\"wpb_text_column\"><div class=\"wpb_wrapper\"><h1>Naujienlai\u0161kiai<\/h1>\n<p>\u0160iame puslapyje rasite visus 2022 m. naujienlai\u0161kius, kuri\u0173 vir\u0161uje yra naujausi.<\/p>\n<\/div><\/div><div class=\"w-separator size_small\"><\/div><div class=\"wpb_text_column\"><div class=\"wpb_wrapper\">\n<form role=\"search\" method=\"get\" class=\"search-form\" action=\"https:\/\/info.openlane.eu\/lt\/search\/\">\n    <label>\n        <input type=\"search\" class=\"search-field\" placeholder=\"Ko ie\u0161kote?\" name=\"_keyword\" value=\"\" data-rlvlive=\"true\" data-rlvparentel=\"#rlvlive\" data-rlvconfig=\"default\" required minlength=\"3\">\n    <\/label>\n    <button type=\"submit\" class=\"search-submit\"><i class=\"fas fa-search\"><\/i><\/button>\n    <div id=\"rlvlive\"><\/div>\n<\/form>\n<\/div><\/div><div class=\"w-separator size_small\"><\/div><div class=\"w-hwrapper filter--buttons valign_middle align_left\" style=\"--hwrapper-gap:1rem\"><div class=\"w-btn-wrapper align_none\"><a class=\"w-btn us-btn-style_8\" href=\"https:\/\/info.openlane.eu\/lt\/help\/newsletters\/\"><span class=\"w-btn-label\">2026<\/span><\/a><\/div><div class=\"w-btn-wrapper align_none\"><a class=\"w-btn us-btn-style_8\" href=\"https:\/\/info.openlane.eu\/lt\/help\/newsletters\/archive-2025\/\"><span class=\"w-btn-label\">2025<\/span><\/a><\/div><div class=\"w-btn-wrapper align_none\"><a class=\"w-btn us-btn-style_8\" href=\"https:\/\/info.openlane.eu\/lt\/help\/newsletters\/archive-2024\/\"><span class=\"w-btn-label\">2024<\/span><\/a><\/div><div class=\"w-btn-wrapper align_none\"><a class=\"w-btn us-btn-style_8\" href=\"https:\/\/info.openlane.eu\/lt\/help\/newsletters\/archive-2023\/\"><span class=\"w-btn-label\">2023<\/span><\/a><\/div><div class=\"w-btn-wrapper align_none\"><a class=\"w-btn us-btn-style_8 active\" href=\"https:\/\/info.openlane.eu\/lt\/help\/newsletters\/archive-2022\/\"><span class=\"w-btn-label\">2022<\/span><\/a><\/div><div class=\"w-btn-wrapper align_none\"><a class=\"w-btn us-btn-style_8\" href=\"https:\/\/info.openlane.eu\/lt\/help\/newsletters\/archive-2021\/\"><span class=\"w-btn-label\">2021<\/span><\/a><\/div><div class=\"w-btn-wrapper align_none\"><a class=\"w-btn us-btn-style_8\" href=\"https:\/\/info.openlane.eu\/lt\/help\/newsletters\/archive-2020\/\"><span class=\"w-btn-label\">2020<\/span><\/a><\/div><\/div><\/div><\/div><\/div><div class=\"w-separator size_medium\"><\/div><div class=\"g-cols wpb_row via_grid cols_1 laptops-cols_inherit tablets-cols_inherit mobiles-cols_1 valign_top type_default stacking_default\" style=\"--columns-gap:3rem;\" id=\"grid--newsletter\"><div class=\"wpb_column vc_column_container\"><div class=\"vc_column-inner\"><div class=\"wpb_text_column\"><div class=\"wpb_wrapper\"><ul>\n<li>2022\/11\/16<\/li>\n<li>Nauja atsi\u0117mimoi vieta Italijoje<\/li>\n<\/ul>\n<\/div><\/div><div class=\"wpb_text_column\"><div class=\"wpb_wrapper\"><ul>\n<li>2022\/10\/21<\/li>\n<li>B\u016bsimi kain\u0173 pakeitimai<\/li>\n<\/ul>\n<\/div><\/div><div class=\"wpb_text_column\"><div class=\"wpb_wrapper\"><ul>\n<li>2022\/10\/10<\/li>\n<li>PRIVALOMA PERSKAITYTI: Atnaujinimas, susij\u0119s su j\u016bs\u0173 automobilio (-\u0173) atsi\u0117mimu Portugalijoje (Setubal)<\/li>\n<\/ul>\n<\/div><\/div><div class=\"wpb_text_column\"><div class=\"wpb_wrapper\"><ul>\n<li>2022\/10\/06<\/li>\n<li>Svarbus atnaujinimas Optimo ir Optimo Fin naudotojams<\/li>\n<\/ul>\n<\/div><\/div><div class=\"wpb_text_column\"><div class=\"wpb_wrapper\"><ul>\n<li>2022\/09\/20<\/li>\n<li>Tinklara\u0161tis automobili\u0173 parink\u010di\u0173 ateitis | Modifikacija T&amp;Cs | Logotip\u0173 lipdukai: pa\u0161alinti prie\u0161 pristatym\u0105? | Automobiliai, kurie jus gali sudominti<\/li>\n<\/ul>\n<\/div><\/div><div class=\"wpb_text_column\"><div class=\"wpb_wrapper\"><ul>\n<li>2022\/09\/15<\/li>\n<li>Puiki \u017einia: j\u016bs\u0173 OPENLANE automobiliai jau gabenami!<\/li>\n<\/ul>\n<\/div><\/div><div class=\"wpb_text_column\"><div class=\"wpb_wrapper\"><ul>\n<li>2022\/09\/13<\/li>\n<li>Transporto v\u0117lavimai Europoje<\/li>\n<\/ul>\n<\/div><\/div><div class=\"wpb_text_column\"><div class=\"wpb_wrapper\"><ul>\n<li>2022\/09\/13<\/li>\n<li>Transporto v\u0117lavimai Portugalijoje<\/li>\n<\/ul>\n<\/div><\/div><div class=\"wpb_text_column\"><div class=\"wpb_wrapper\"><ul>\n<li>2022\/08\/23<\/li>\n<li>Atgal \u012f mokykl\u0105 | Naujas padalinys Pranc\u016bzijoje| Automobiliai<\/li>\n<\/ul>\n<\/div><\/div><div class=\"wpb_text_column\"><div class=\"wpb_wrapper\"><ul>\n<li>2022\/07\/12<\/li>\n<li>Vasaros sezonas | Automobili\u0173 pakrovimas transporto mazguose | Vaizdo \u012fra\u0161as: kaip i\u0161saugoti paie\u0161kas? | Automobili\u0173 pasi\u016blymai<\/li>\n<\/ul>\n<\/div><\/div><div class=\"wpb_text_column\"><div class=\"wpb_wrapper\"><ul>\n<li>2022\/06\/24<\/li>\n<li>Tinklara\u0161tis: su kokiais i\u0161\u0161\u016bkiais susiduria elektrinis automobilis? | S\u0105lyg\u0173 atnaujinimai | Vaizdo \u012fra\u0161as: kaip u\u017ebaigti u\u017esakym\u0105? | Automobili\u0173 pasi\u016blymai<\/li>\n<\/ul>\n<\/div><\/div><div class=\"wpb_text_column\"><div class=\"wpb_wrapper\"><ul>\n<li>2022\/06\/02<\/li>\n<li>B\u016btina perskaityti: naudot\u0173 automobili\u0173 apibr\u0117\u017eimas | Filtruoti aukciono \u0161altinius | Vaizdo \u012fra\u0161as: i\u0161saugokite savo paie\u0161kas | Automobili\u0173 pasi\u016blymai jums<\/li>\n<\/ul>\n<\/div><\/div><div class=\"wpb_text_column\"><div class=\"wpb_wrapper\"><ul>\n<li>2022\/05\/04<\/li>\n<li>\u012eeinantys mok\u0117jimai atid\u0117ti | Klient\u0173 aptarnavimo tarnyba | Instrukcij\u0173 filmukai: si\u016blymo \u012frankiai | Automobiliai pagal j\u016bs\u0173 aktyvum\u0105<\/li>\n<\/ul>\n<\/div><\/div><div class=\"wpb_text_column\"><div class=\"wpb_wrapper\"><ul>\n<li>2022\/04\/20<\/li>\n<li>GWListe kei\u010dia pavadinim\u0105 \u012f OPENLANE GWListe!<\/li>\n<\/ul>\n<\/div><\/div><div class=\"wpb_text_column\"><div class=\"wpb_wrapper\"><ul>\n<li>2022\/03\/16<\/li>\n<li>Paskyra kei\u010diasi | Transporto priemon\u0117s pagal j\u016bs\u0173 veikl\u0105<\/li>\n<\/ul>\n<\/div><\/div><div class=\"wpb_text_column\"><div class=\"wpb_wrapper\"><ul>\n<li>2022\/02\/25<\/li>\n<li>Tinklara\u0161tis | PVM filmas | Automobili\u0173 dokument\u0173 kopija | &#8222;Google&#8221; vertimas | &#8222;WeTransfer&#8221; | Aukcionas: lengvieji sunkve\u017eimiai<\/li>\n<\/ul>\n<\/div><\/div><div class=\"wpb_text_column\"><div class=\"wpb_wrapper\"><ul>\n<li>2022\/02\/16<\/li>\n<li>Ar jau i\u0161band\u0117te nauj\u0105j\u0105 paie\u0161kos funkcij\u0105 &#8222;Automobili\u0173 pardav\u0117jai&#8221;?<\/li>\n<\/ul>\n<\/div><\/div><div class=\"wpb_text_column\"><div class=\"wpb_wrapper\"><ul>\n<li>2022\/01\/12<\/li>\n<li>OPENLANE si\u016blo jums naujus b\u016bdus prekiauti 2022 m.<\/li>\n<\/ul>\n<\/div><\/div><div class=\"wpb_text_column\"><div class=\"wpb_wrapper\"><ul>\n<li>2022\/01\/07<\/li>\n<li>Naujas tikslinis aukcionas i\u0161 &#8222;Alphabet Vokietijoje&#8221; dabar internete!<\/li>\n<\/ul>\n<\/div><\/div><\/div><\/div><\/div><\/div><\/div><\/div><\/div><\/section>\n","protected":false},"excerpt":{"rendered":"Informacijos centras\/ Naujienlai\u0161kiai \u0160iame puslapyje rasite visus 2022 m. naujienlai\u0161kius, kuri\u0173 vir\u0161uje yra naujausi. 2026202520242023202220212020 2022\/11\/16 Nauja atsi\u0117mimoi vieta Italijoje 2022\/10\/21 B\u016bsimi kain\u0173 pakeitimai 2022\/10\/10 PRIVALOMA PERSKAITYTI: Atnaujinimas, susij\u0119s su j\u016bs\u0173 automobilio (-\u0173) atsi\u0117mimu Portugalijoje (Setubal) 2022\/10\/06 Svarbus atnaujinimas Optimo ir Optimo Fin naudotojams 2022\/09\/20 Tinklara\u0161tis automobili\u0173 parink\u010di\u0173 ateitis | Modifikacija T&amp;Cs | Logotip\u0173 lipdukai:...","protected":false},"author":3,"featured_media":0,"parent":33361,"menu_order":0,"comment_status":"closed","ping_status":"closed","template":"","meta":{"_acf_changed":false,"footnotes":""},"class_list":["post-33381","page","type-page","status-publish","hentry"],"acf":[],"yoast_head":"<!-- This site is optimized with the Yoast SEO Premium plugin v26.9 (Yoast SEO v27.4) - https:\/\/yoast.com\/product\/yoast-seo-premium-wordpress\/ -->\n<title>Gaukite naujausi\u0105 informacij\u0105 i\u0161 Pardav\u0117jas &amp; pirk\u0117j\u0173 naujienlai\u0161ki\u0173 | OPENLANE<\/title>\n<meta name=\"description\" content=\"Susipa\u017einkite su pardav\u0117jams ir pirk\u0117jams skirtais naujienlai\u0161kiais OPENLANE. Gaukite naujausi\u0173 atnaujinim\u0173, patarim\u0173 ir rinkos informacijos, kuri pad\u0117s pagerinti pirkimo ir pardavimo patirt\u012f.\" \/>\n<meta name=\"robots\" content=\"index, follow, max-snippet:-1, max-image-preview:large, max-video-preview:-1\" \/>\n<link rel=\"canonical\" href=\"https:\/\/info.openlane.eu\/lt\/help\/newsletters\/archive-2022\/\" \/>\n<meta property=\"og:locale\" content=\"lt_LT\" \/>\n<meta property=\"og:type\" content=\"article\" \/>\n<meta property=\"og:title\" content=\"Archyvas 2022\" \/>\n<meta property=\"og:description\" content=\"Susipa\u017einkite su pardav\u0117jams ir pirk\u0117jams skirtais naujienlai\u0161kiais OPENLANE. Gaukite naujausi\u0173 atnaujinim\u0173, patarim\u0173 ir rinkos informacijos, kuri pad\u0117s pagerinti pirkimo ir pardavimo patirt\u012f.\" \/>\n<meta property=\"og:url\" content=\"https:\/\/info.openlane.eu\/lt\/help\/newsletters\/archive-2022\/\" \/>\n<meta property=\"og:site_name\" content=\"OPENLANE\" \/>\n<meta property=\"article:publisher\" content=\"https:\/\/www.facebook.com\/OPENLANE.Europe\" \/>\n<meta property=\"article:modified_time\" content=\"2026-04-09T13:28:40+00:00\" \/>\n<meta property=\"og:image\" content=\"https:\/\/info.openlane.eu\/wp-content\/uploads\/2025\/12\/logo-1200x675-1.png\" \/>\n\t<meta property=\"og:image:width\" content=\"1200\" \/>\n\t<meta property=\"og:image:height\" content=\"675\" \/>\n\t<meta property=\"og:image:type\" content=\"image\/png\" \/>\n<meta name=\"twitter:card\" content=\"summary_large_image\" \/>\n<meta name=\"twitter:site\" content=\"@OPENLANE_Europe\" \/>\n<meta name=\"twitter:label1\" content=\"Est. reading time\" \/>\n\t<meta name=\"twitter:data1\" content=\"2 minut\u0117s\" \/>\n<script type=\"application\/ld+json\" class=\"yoast-schema-graph\">{\"@context\":\"https:\\\/\\\/schema.org\",\"@graph\":[{\"@type\":\"WebPage\",\"@id\":\"https:\\\/\\\/info.openlane.eu\\\/lt\\\/help\\\/newsletters\\\/archive-2022\\\/\",\"url\":\"https:\\\/\\\/info.openlane.eu\\\/lt\\\/help\\\/newsletters\\\/archive-2022\\\/\",\"name\":\"Gaukite naujausi\u0105 informacij\u0105 i\u0161 Pardav\u0117jas & pirk\u0117j\u0173 naujienlai\u0161ki\u0173 | OPENLANE\",\"isPartOf\":{\"@id\":\"https:\\\/\\\/info.openlane.eu\\\/lt\\\/#website\"},\"datePublished\":\"2024-08-27T09:00:13+00:00\",\"dateModified\":\"2026-04-09T13:28:40+00:00\",\"description\":\"Susipa\u017einkite su pardav\u0117jams ir pirk\u0117jams skirtais naujienlai\u0161kiais OPENLANE. Gaukite naujausi\u0173 atnaujinim\u0173, patarim\u0173 ir rinkos informacijos, kuri pad\u0117s pagerinti pirkimo ir pardavimo patirt\u012f.\",\"breadcrumb\":{\"@id\":\"https:\\\/\\\/info.openlane.eu\\\/lt\\\/help\\\/newsletters\\\/archive-2022\\\/#breadcrumb\"},\"inLanguage\":\"lt-LT\",\"potentialAction\":[{\"@type\":\"ReadAction\",\"target\":[\"https:\\\/\\\/info.openlane.eu\\\/lt\\\/help\\\/newsletters\\\/archive-2022\\\/\"]}]},{\"@type\":\"BreadcrumbList\",\"@id\":\"https:\\\/\\\/info.openlane.eu\\\/lt\\\/help\\\/newsletters\\\/archive-2022\\\/#breadcrumb\",\"itemListElement\":[{\"@type\":\"ListItem\",\"position\":1,\"name\":\"Home\",\"item\":\"https:\\\/\\\/info.openlane.eu\\\/lt\\\/\"},{\"@type\":\"ListItem\",\"position\":2,\"name\":\"Pagalba\",\"item\":\"https:\\\/\\\/info.openlane.eu\\\/lt\\\/help\\\/\"},{\"@type\":\"ListItem\",\"position\":3,\"name\":\"Naujienlai\u0161kiai\",\"item\":\"https:\\\/\\\/info.openlane.eu\\\/lt\\\/help\\\/newsletters\\\/\"},{\"@type\":\"ListItem\",\"position\":4,\"name\":\"Archyvas 2022\"}]},{\"@type\":\"WebSite\",\"@id\":\"https:\\\/\\\/info.openlane.eu\\\/lt\\\/#website\",\"url\":\"https:\\\/\\\/info.openlane.eu\\\/lt\\\/\",\"name\":\"OPENLANE\",\"description\":\"Online used car auction website\",\"publisher\":{\"@id\":\"https:\\\/\\\/info.openlane.eu\\\/lt\\\/#organization\"},\"potentialAction\":[{\"@type\":\"SearchAction\",\"target\":{\"@type\":\"EntryPoint\",\"urlTemplate\":\"https:\\\/\\\/info.openlane.eu\\\/lt\\\/?s={search_term_string}\"},\"query-input\":{\"@type\":\"PropertyValueSpecification\",\"valueRequired\":true,\"valueName\":\"search_term_string\"}}],\"inLanguage\":\"lt-LT\"},{\"@type\":\"Organization\",\"@id\":\"https:\\\/\\\/info.openlane.eu\\\/lt\\\/#organization\",\"name\":\"OPENLANE\",\"url\":\"https:\\\/\\\/info.openlane.eu\\\/lt\\\/\",\"logo\":{\"@type\":\"ImageObject\",\"inLanguage\":\"lt-LT\",\"@id\":\"https:\\\/\\\/info.openlane.eu\\\/lt\\\/#\\\/schema\\\/logo\\\/image\\\/\",\"url\":\"https:\\\/\\\/info.openlane.eu\\\/wp-content\\\/uploads\\\/2025\\\/12\\\/openlane-RGB-on-Wht.png\",\"contentUrl\":\"https:\\\/\\\/info.openlane.eu\\\/wp-content\\\/uploads\\\/2025\\\/12\\\/openlane-RGB-on-Wht.png\",\"width\":615,\"height\":159,\"caption\":\"OPENLANE\"},\"image\":{\"@id\":\"https:\\\/\\\/info.openlane.eu\\\/lt\\\/#\\\/schema\\\/logo\\\/image\\\/\"},\"sameAs\":[\"https:\\\/\\\/www.facebook.com\\\/OPENLANE.Europe\",\"https:\\\/\\\/x.com\\\/OPENLANE_Europe\",\"https:\\\/\\\/www.linkedin.com\\\/company\\\/openlane-europe\",\"https:\\\/\\\/www.instagram.com\\\/openlane_europe\\\/\"],\"description\":\"Our purpose is to make used car wholesale easy so our customers can be more successful. We sell high-quality second-hand vehicles exclusively and directly to car dealers and traders. All cars come with quality car descriptions and inspections. Our digital marketplace is the fresh wave carrying the automotive industry into the digital age. We give car traders more opportunities, more flexibility and more freedom than can be found anywhere else. Our strong commitment to quality and service drives us to continuously improve our offerings to suit the industry\u2019s ever-evolving needs. We aim to be the best and we strive to help our customers do the same. With flexible, modular and end-to-end remarketing solutions, and customer service in more than 20 languages, we offer innovative, tech-driven solutions and services that help customers to buy and sell with ease across Europe.\",\"email\":\"info@openlane.eu\",\"telephone\":\"+32 (0)16 38 00 68\",\"legalName\":\"OPENLANE Europe NV\",\"vatID\":\"BE0867129223\",\"numberOfEmployees\":{\"@type\":\"QuantitativeValue\",\"minValue\":\"201\",\"maxValue\":\"500\"}}]}<\/script>\n<!-- \/ Yoast SEO Premium plugin. -->","yoast_head_json":{"title":"Gaukite naujausi\u0105 informacij\u0105 i\u0161 Pardav\u0117jas & pirk\u0117j\u0173 naujienlai\u0161ki\u0173 | OPENLANE","description":"Susipa\u017einkite su pardav\u0117jams ir pirk\u0117jams skirtais naujienlai\u0161kiais OPENLANE. Gaukite naujausi\u0173 atnaujinim\u0173, patarim\u0173 ir rinkos informacijos, kuri pad\u0117s pagerinti pirkimo ir pardavimo patirt\u012f.","robots":{"index":"index","follow":"follow","max-snippet":"max-snippet:-1","max-image-preview":"max-image-preview:large","max-video-preview":"max-video-preview:-1"},"canonical":"https:\/\/info.openlane.eu\/lt\/help\/newsletters\/archive-2022\/","og_locale":"lt_LT","og_type":"article","og_title":"Archyvas 2022","og_description":"Susipa\u017einkite su pardav\u0117jams ir pirk\u0117jams skirtais naujienlai\u0161kiais OPENLANE. Gaukite naujausi\u0173 atnaujinim\u0173, patarim\u0173 ir rinkos informacijos, kuri pad\u0117s pagerinti pirkimo ir pardavimo patirt\u012f.","og_url":"https:\/\/info.openlane.eu\/lt\/help\/newsletters\/archive-2022\/","og_site_name":"OPENLANE","article_publisher":"https:\/\/www.facebook.com\/OPENLANE.Europe","article_modified_time":"2026-04-09T13:28:40+00:00","og_image":[{"width":1200,"height":675,"url":"https:\/\/info.openlane.eu\/wp-content\/uploads\/2025\/12\/logo-1200x675-1.png","type":"image\/png"}],"twitter_card":"summary_large_image","twitter_site":"@OPENLANE_Europe","twitter_misc":{"Est. reading time":"2 minut\u0117s"},"schema":{"@context":"https:\/\/schema.org","@graph":[{"@type":"WebPage","@id":"https:\/\/info.openlane.eu\/lt\/help\/newsletters\/archive-2022\/","url":"https:\/\/info.openlane.eu\/lt\/help\/newsletters\/archive-2022\/","name":"Gaukite naujausi\u0105 informacij\u0105 i\u0161 Pardav\u0117jas & pirk\u0117j\u0173 naujienlai\u0161ki\u0173 | OPENLANE","isPartOf":{"@id":"https:\/\/info.openlane.eu\/lt\/#website"},"datePublished":"2024-08-27T09:00:13+00:00","dateModified":"2026-04-09T13:28:40+00:00","description":"Susipa\u017einkite su pardav\u0117jams ir pirk\u0117jams skirtais naujienlai\u0161kiais OPENLANE. Gaukite naujausi\u0173 atnaujinim\u0173, patarim\u0173 ir rinkos informacijos, kuri pad\u0117s pagerinti pirkimo ir pardavimo patirt\u012f.","breadcrumb":{"@id":"https:\/\/info.openlane.eu\/lt\/help\/newsletters\/archive-2022\/#breadcrumb"},"inLanguage":"lt-LT","potentialAction":[{"@type":"ReadAction","target":["https:\/\/info.openlane.eu\/lt\/help\/newsletters\/archive-2022\/"]}]},{"@type":"BreadcrumbList","@id":"https:\/\/info.openlane.eu\/lt\/help\/newsletters\/archive-2022\/#breadcrumb","itemListElement":[{"@type":"ListItem","position":1,"name":"Home","item":"https:\/\/info.openlane.eu\/lt\/"},{"@type":"ListItem","position":2,"name":"Pagalba","item":"https:\/\/info.openlane.eu\/lt\/help\/"},{"@type":"ListItem","position":3,"name":"Naujienlai\u0161kiai","item":"https:\/\/info.openlane.eu\/lt\/help\/newsletters\/"},{"@type":"ListItem","position":4,"name":"Archyvas 2022"}]},{"@type":"WebSite","@id":"https:\/\/info.openlane.eu\/lt\/#website","url":"https:\/\/info.openlane.eu\/lt\/","name":"OPENLANE","description":"Online used car auction website","publisher":{"@id":"https:\/\/info.openlane.eu\/lt\/#organization"},"potentialAction":[{"@type":"SearchAction","target":{"@type":"EntryPoint","urlTemplate":"https:\/\/info.openlane.eu\/lt\/?s={search_term_string}"},"query-input":{"@type":"PropertyValueSpecification","valueRequired":true,"valueName":"search_term_string"}}],"inLanguage":"lt-LT"},{"@type":"Organization","@id":"https:\/\/info.openlane.eu\/lt\/#organization","name":"OPENLANE","url":"https:\/\/info.openlane.eu\/lt\/","logo":{"@type":"ImageObject","inLanguage":"lt-LT","@id":"https:\/\/info.openlane.eu\/lt\/#\/schema\/logo\/image\/","url":"https:\/\/info.openlane.eu\/wp-content\/uploads\/2025\/12\/openlane-RGB-on-Wht.png","contentUrl":"https:\/\/info.openlane.eu\/wp-content\/uploads\/2025\/12\/openlane-RGB-on-Wht.png","width":615,"height":159,"caption":"OPENLANE"},"image":{"@id":"https:\/\/info.openlane.eu\/lt\/#\/schema\/logo\/image\/"},"sameAs":["https:\/\/www.facebook.com\/OPENLANE.Europe","https:\/\/x.com\/OPENLANE_Europe","https:\/\/www.linkedin.com\/company\/openlane-europe","https:\/\/www.instagram.com\/openlane_europe\/"],"description":"Our purpose is to make used car wholesale easy so our customers can be more successful. We sell high-quality second-hand vehicles exclusively and directly to car dealers and traders. All cars come with quality car descriptions and inspections. Our digital marketplace is the fresh wave carrying the automotive industry into the digital age. We give car traders more opportunities, more flexibility and more freedom than can be found anywhere else. Our strong commitment to quality and service drives us to continuously improve our offerings to suit the industry\u2019s ever-evolving needs. We aim to be the best and we strive to help our customers do the same. With flexible, modular and end-to-end remarketing solutions, and customer service in more than 20 languages, we offer innovative, tech-driven solutions and services that help customers to buy and sell with ease across Europe.","email":"info@openlane.eu","telephone":"+32 (0)16 38 00 68","legalName":"OPENLANE Europe NV","vatID":"BE0867129223","numberOfEmployees":{"@type":"QuantitativeValue","minValue":"201","maxValue":"500"}}]}},"_links":{"self":[{"href":"https:\/\/info.openlane.eu\/lt\/wp-json\/wp\/v2\/pages\/33381","targetHints":{"allow":["GET"]}}],"collection":[{"href":"https:\/\/info.openlane.eu\/lt\/wp-json\/wp\/v2\/pages"}],"about":[{"href":"https:\/\/info.openlane.eu\/lt\/wp-json\/wp\/v2\/types\/page"}],"author":[{"embeddable":true,"href":"https:\/\/info.openlane.eu\/lt\/wp-json\/wp\/v2\/users\/3"}],"replies":[{"embeddable":true,"href":"https:\/\/info.openlane.eu\/lt\/wp-json\/wp\/v2\/comments?post=33381"}],"version-history":[{"count":12,"href":"https:\/\/info.openlane.eu\/lt\/wp-json\/wp\/v2\/pages\/33381\/revisions"}],"predecessor-version":[{"id":87700,"href":"https:\/\/info.openlane.eu\/lt\/wp-json\/wp\/v2\/pages\/33381\/revisions\/87700"}],"up":[{"embeddable":true,"href":"https:\/\/info.openlane.eu\/lt\/wp-json\/wp\/v2\/pages\/33361"}],"wp:attachment":[{"href":"https:\/\/info.openlane.eu\/lt\/wp-json\/wp\/v2\/media?parent=33381"}],"curies":[{"name":"wp","href":"https:\/\/api.w.org\/{rel}","templated":true}]}}