{"id":33223,"date":"2024-08-27T10:46:31","date_gmt":"2024-08-27T08:46:31","guid":{"rendered":"https:\/\/info.openlane.eu\/archive-2021\/"},"modified":"2026-04-14T13:51:08","modified_gmt":"2026-04-14T11:51:08","slug":"archive-2021","status":"publish","type":"page","link":"https:\/\/info.openlane.eu\/pt-pt\/help\/newsletters\/archive-2021\/","title":{"rendered":"Arquivo 2021"},"content":{"rendered":"<section class=\"l-section wpb_row height_medium\"><div class=\"l-section-h i-cf\"><div class=\"g-cols vc_row via_grid cols_1 laptops-cols_inherit tablets-cols_inherit mobiles-cols_1 valign_top type_default stacking_default\"><div class=\"wpb_column vc_column_container\"><div class=\"vc_column-inner\"><div class=\"wpb_text_column\"><div class=\"wpb_wrapper\"><div class=\"g-breadcrumbs\"><div class=\"g-breadcrumbs-item\"><a href=\"https:\/\/info.openlane.eu\/pt-pt\/\" title=\"Centro de Informa\u00e7\u00f5es\">Centro de Informa\u00e7\u00f5es<\/a><\/div><div class=\"g-breadcrumbs-separator\">\/<\/div><\/div>\n<\/div><\/div><div class=\"w-separator size_small\"><\/div><div class=\"g-cols wpb_row via_grid cols_1 laptops-cols_inherit tablets-cols_inherit mobiles-cols_1 valign_top type_default stacking_default\" style=\"--columns-gap:3rem;\"><div class=\"wpb_column vc_column_container\"><div class=\"vc_column-inner\"><div class=\"wpb_text_column\"><div class=\"wpb_wrapper\"><h1>Newsletters<\/h1>\n<p>Encontrar\u00e1 todas as newsletters de 2021 nesta p\u00e1gina, com as mais recentes no topo.<\/p>\n<\/div><\/div><div class=\"w-separator size_small\"><\/div><div class=\"wpb_text_column\"><div class=\"wpb_wrapper\">\n<form role=\"search\" method=\"get\" class=\"search-form\" action=\"https:\/\/info.openlane.eu\/pt-pt\/search\/\">\n    <label>\n        <input type=\"search\" class=\"search-field\" placeholder=\"O que \u00e9 que procura?\" name=\"_keyword\" value=\"\" data-rlvlive=\"true\" data-rlvparentel=\"#rlvlive\" data-rlvconfig=\"default\" required minlength=\"3\">\n    <\/label>\n    <button type=\"submit\" class=\"search-submit\"><i class=\"fas fa-search\"><\/i><\/button>\n    <div id=\"rlvlive\"><\/div>\n<\/form>\n<\/div><\/div><div class=\"w-separator size_small\"><\/div><div class=\"w-hwrapper filter--buttons valign_middle align_left\" style=\"--hwrapper-gap:1rem\"><div class=\"w-btn-wrapper align_none\"><a class=\"w-btn us-btn-style_8\" href=\"https:\/\/info.openlane.eu\/pt-pt\/help\/newsletters\/\"><span class=\"w-btn-label\">2026<\/span><\/a><\/div><div class=\"w-btn-wrapper align_none\"><a class=\"w-btn us-btn-style_8\" href=\"https:\/\/info.openlane.eu\/pt-pt\/help\/newsletters\/archive-2025\/\"><span class=\"w-btn-label\">2025<\/span><\/a><\/div><div class=\"w-btn-wrapper align_none\"><a class=\"w-btn us-btn-style_8\" href=\"https:\/\/info.openlane.eu\/pt-pt\/help\/newsletters\/archive-2024\/\"><span class=\"w-btn-label\">2024<\/span><\/a><\/div><div class=\"w-btn-wrapper align_none\"><a class=\"w-btn us-btn-style_8\" href=\"https:\/\/info.openlane.eu\/pt-pt\/help\/newsletters\/archive-2023\/\"><span class=\"w-btn-label\">2023<\/span><\/a><\/div><div class=\"w-btn-wrapper align_none\"><a class=\"w-btn us-btn-style_8\" href=\"https:\/\/info.openlane.eu\/pt-pt\/help\/newsletters\/archive-2022\/\"><span class=\"w-btn-label\">2022<\/span><\/a><\/div><div class=\"w-btn-wrapper align_none\"><a class=\"w-btn us-btn-style_8 active\" href=\"https:\/\/info.openlane.eu\/pt-pt\/help\/newsletters\/archive-2021\/\"><span class=\"w-btn-label\">2021<\/span><\/a><\/div><div class=\"w-btn-wrapper align_none\"><a class=\"w-btn us-btn-style_8\" href=\"https:\/\/info.openlane.eu\/pt-pt\/help\/newsletters\/archive-2020\/\"><span class=\"w-btn-label\">2020<\/span><\/a><\/div><\/div><\/div><\/div><\/div><div class=\"w-separator size_medium\"><\/div><div class=\"g-cols wpb_row via_grid cols_1 laptops-cols_inherit tablets-cols_inherit mobiles-cols_1 valign_top type_default stacking_default\" style=\"--columns-gap:3rem;\" id=\"grid--newsletter\"><div class=\"wpb_column vc_column_container\"><div class=\"vc_column-inner\"><div class=\"wpb_text_column\"><div class=\"wpb_wrapper\"><ul>\n<li>23\/12\/2021<\/li>\n<li>Os novos filtros de pesquisa proporcionam pesquisas mais r\u00e1pidas e maiores probabilidades de ganhar | OPENLANE<\/li>\n<\/ul>\n<\/div><\/div><div class=\"wpb_text_column\"><div class=\"wpb_wrapper\"><ul>\n<li>22\/12\/2021<\/li>\n<li>Votos natal\u00edcios da OPENLANE<\/li>\n<\/ul>\n<\/div><\/div><div class=\"wpb_text_column\"><div class=\"wpb_wrapper\"><ul>\n<li>14\/12\/2021<\/li>\n<li>Blogue &#8211; carros a hidrog\u00e9nio e GNC\/GPL | Localiza\u00e7\u00e3o de levantamento francesa | Hist\u00f3rias de sucesso dos clientes | Carros populares no seu pa\u00eds<\/li>\n<\/ul>\n<\/div><\/div><div class=\"wpb_text_column\"><div class=\"wpb_wrapper\"><ul>\n<li>26\/11\/2021<\/li>\n<li>OPENLANE | Promo\u00e7\u00e3o especial de Black Friday &#8211; b\u00f3nus extra para vencedores!<\/li>\n<\/ul>\n<\/div><\/div><div class=\"wpb_text_column\"><div class=\"wpb_wrapper\"><ul>\n<li>16\/11\/2021<\/li>\n<li>OPENLANE: pr\u00f3ximas altera\u00e7\u00f5es de pre\u00e7o<\/li>\n<\/ul>\n<\/div><\/div><div class=\"wpb_text_column\"><div class=\"wpb_wrapper\"><ul>\n<li>30\/06\/2021<\/li>\n<li>Carros el\u00e9tricos italianos: acabou-se o leasing da bateria! | 5 modelos de carros mais vendidos<\/li>\n<\/ul>\n<\/div><\/div><div class=\"wpb_text_column\"><div class=\"wpb_wrapper\"><ul>\n<li>25\/05\/2021<\/li>\n<li>Comunicado de imprensa: a OPENLANE regista um forte aumento nas vendas de carros | De que forma paga um ve\u00edculo? | Leil\u00f5es estendidos<\/li>\n<\/ul>\n<\/div><\/div><div class=\"wpb_text_column\"><div class=\"wpb_wrapper\"><ul>\n<li>27\/04\/2021<\/li>\n<li>Posso alterar a morada de entrega de um transporte que j\u00e1 solicitei? | Como fa\u00e7o para alterar a minha palavra-passe?<\/li>\n<\/ul>\n<\/div><\/div><div class=\"wpb_text_column\"><div class=\"wpb_wrapper\"><ul>\n<li>15\/04\/2021<\/li>\n<li>Atualiza\u00e7\u00f5es nos nossos Termos e Condi\u00e7\u00f5es | OPENLANE<\/li>\n<\/ul>\n<\/div><\/div><div class=\"wpb_text_column\"><div class=\"wpb_wrapper\"><ul>\n<li>23\/03\/2021<\/li>\n<li>Carros El\u00e9tricos: transfer\u00eancias do leasing de baterias | Procura carros usados a um bom pre\u00e7o? | Quando posso ligar ao servi\u00e7o de apoio ao cliente? | Vencedor do pr\u00e9mio &#8220;Carro do Ano&#8221;<\/li>\n<\/ul>\n<\/div><\/div><div class=\"wpb_text_column\"><div class=\"wpb_wrapper\"><ul>\n<li>23\/02\/2021<\/li>\n<li>Carregar documentos de entrega final | Levantar os ve\u00edculos nas esta\u00e7\u00f5es | Compra agora e Ultimo<\/li>\n<\/ul>\n<\/div><\/div><div class=\"wpb_text_column\"><div class=\"wpb_wrapper\"><ul>\n<li>19\/01\/2021<\/li>\n<li>Brevemente&#8230; | Previs\u00e3o da data de entrega | Carro do ano 2021: nomeados<\/li>\n<\/ul>\n<\/div><\/div><\/div><\/div><\/div><\/div><\/div><\/div><\/div><\/section><section class=\"l-section wpb_row height_medium\"><div class=\"l-section-h i-cf\"><div class=\"g-cols vc_row via_grid cols_1 laptops-cols_inherit tablets-cols_inherit mobiles-cols_1 valign_top type_default stacking_default\"><div class=\"wpb_column vc_column_container\"><div class=\"vc_column-inner\"><div class=\"wpb_text_column\"><div class=\"wpb_wrapper\"><\/div><\/div><\/div><\/div><\/div><\/div><\/section>\n","protected":false},"excerpt":{"rendered":"Centro de Informa\u00e7\u00f5es\/ Newsletters Encontrar\u00e1 todas as newsletters de 2021 nesta p\u00e1gina, com as mais recentes no topo. 2026202520242023202220212020 23\/12\/2021 Os novos filtros de pesquisa proporcionam pesquisas mais r\u00e1pidas e maiores probabilidades de ganhar | OPENLANE 22\/12\/2021 Votos natal\u00edcios da OPENLANE 14\/12\/2021 Blogue &#8211; carros a hidrog\u00e9nio e GNC\/GPL | Localiza\u00e7\u00e3o de levantamento francesa |...","protected":false},"author":3,"featured_media":0,"parent":33204,"menu_order":0,"comment_status":"closed","ping_status":"closed","template":"","meta":{"_acf_changed":false,"footnotes":""},"class_list":["post-33223","page","type-page","status-publish","hentry"],"acf":[],"yoast_head":"<!-- This site is optimized with the Yoast SEO Premium plugin v26.9 (Yoast SEO v27.4) - https:\/\/yoast.com\/product\/yoast-seo-premium-wordpress\/ -->\n<title>Atualize-se com as newsletters do vendedor e do comprador | OPENLANE<\/title>\n<meta name=\"description\" content=\"Explore as newsletters personalizadas para vendedores e compradores na OPENLANE. Informe-se sobre as \u00faltimas atualiza\u00e7\u00f5es, dicas e informa\u00e7\u00f5es de mercado para melhorar a experi\u00eancia de compra e venda.\" \/>\n<meta name=\"robots\" content=\"index, follow, max-snippet:-1, max-image-preview:large, max-video-preview:-1\" \/>\n<link rel=\"canonical\" href=\"https:\/\/info.openlane.eu\/pt-pt\/help\/newsletters\/archive-2021\/\" \/>\n<meta property=\"og:locale\" content=\"pt_PT\" \/>\n<meta property=\"og:type\" content=\"article\" \/>\n<meta property=\"og:title\" content=\"Arquivo 2021\" \/>\n<meta property=\"og:description\" content=\"Explore as newsletters personalizadas para vendedores e compradores na OPENLANE. Informe-se sobre as \u00faltimas atualiza\u00e7\u00f5es, dicas e informa\u00e7\u00f5es de mercado para melhorar a experi\u00eancia de compra e venda.\" \/>\n<meta property=\"og:url\" content=\"https:\/\/info.openlane.eu\/pt-pt\/help\/newsletters\/archive-2021\/\" \/>\n<meta property=\"og:site_name\" content=\"OPENLANE\" \/>\n<meta property=\"article:publisher\" content=\"https:\/\/www.facebook.com\/OPENLANE.Europe\" \/>\n<meta property=\"article:modified_time\" content=\"2026-04-14T11:51:08+00:00\" \/>\n<meta property=\"og:image\" content=\"https:\/\/info.openlane.eu\/wp-content\/uploads\/2025\/12\/logo-1200x675-1.png\" \/>\n\t<meta property=\"og:image:width\" content=\"1200\" \/>\n\t<meta property=\"og:image:height\" content=\"675\" \/>\n\t<meta property=\"og:image:type\" content=\"image\/png\" \/>\n<meta name=\"twitter:card\" content=\"summary_large_image\" \/>\n<meta name=\"twitter:site\" content=\"@OPENLANE_Europe\" \/>\n<meta name=\"twitter:label1\" content=\"Tempo estimado de leitura\" \/>\n\t<meta name=\"twitter:data1\" content=\"2 minutos\" \/>\n<script type=\"application\/ld+json\" class=\"yoast-schema-graph\">{\"@context\":\"https:\\\/\\\/schema.org\",\"@graph\":[{\"@type\":\"WebPage\",\"@id\":\"https:\\\/\\\/info.openlane.eu\\\/pt-pt\\\/help\\\/newsletters\\\/archive-2021\\\/\",\"url\":\"https:\\\/\\\/info.openlane.eu\\\/pt-pt\\\/help\\\/newsletters\\\/archive-2021\\\/\",\"name\":\"Atualize-se com as newsletters do vendedor e do comprador | OPENLANE\",\"isPartOf\":{\"@id\":\"https:\\\/\\\/info.openlane.eu\\\/pt-pt\\\/#website\"},\"datePublished\":\"2024-08-27T08:46:31+00:00\",\"dateModified\":\"2026-04-14T11:51:08+00:00\",\"description\":\"Explore as newsletters personalizadas para vendedores e compradores na OPENLANE. Informe-se sobre as \u00faltimas atualiza\u00e7\u00f5es, dicas e informa\u00e7\u00f5es de mercado para melhorar a experi\u00eancia de compra e venda.\",\"breadcrumb\":{\"@id\":\"https:\\\/\\\/info.openlane.eu\\\/pt-pt\\\/help\\\/newsletters\\\/archive-2021\\\/#breadcrumb\"},\"inLanguage\":\"pt-PT\",\"potentialAction\":[{\"@type\":\"ReadAction\",\"target\":[\"https:\\\/\\\/info.openlane.eu\\\/pt-pt\\\/help\\\/newsletters\\\/archive-2021\\\/\"]}]},{\"@type\":\"BreadcrumbList\",\"@id\":\"https:\\\/\\\/info.openlane.eu\\\/pt-pt\\\/help\\\/newsletters\\\/archive-2021\\\/#breadcrumb\",\"itemListElement\":[{\"@type\":\"ListItem\",\"position\":1,\"name\":\"Home\",\"item\":\"https:\\\/\\\/info.openlane.eu\\\/pt-pt\\\/\"},{\"@type\":\"ListItem\",\"position\":2,\"name\":\"Ajuda\",\"item\":\"https:\\\/\\\/info.openlane.eu\\\/pt-pt\\\/help\\\/\"},{\"@type\":\"ListItem\",\"position\":3,\"name\":\"Newsletters\",\"item\":\"https:\\\/\\\/info.openlane.eu\\\/pt-pt\\\/help\\\/newsletters\\\/\"},{\"@type\":\"ListItem\",\"position\":4,\"name\":\"Arquivo 2021\"}]},{\"@type\":\"WebSite\",\"@id\":\"https:\\\/\\\/info.openlane.eu\\\/pt-pt\\\/#website\",\"url\":\"https:\\\/\\\/info.openlane.eu\\\/pt-pt\\\/\",\"name\":\"OPENLANE\",\"description\":\"Online used car auction website\",\"publisher\":{\"@id\":\"https:\\\/\\\/info.openlane.eu\\\/pt-pt\\\/#organization\"},\"potentialAction\":[{\"@type\":\"SearchAction\",\"target\":{\"@type\":\"EntryPoint\",\"urlTemplate\":\"https:\\\/\\\/info.openlane.eu\\\/pt-pt\\\/?s={search_term_string}\"},\"query-input\":{\"@type\":\"PropertyValueSpecification\",\"valueRequired\":true,\"valueName\":\"search_term_string\"}}],\"inLanguage\":\"pt-PT\"},{\"@type\":\"Organization\",\"@id\":\"https:\\\/\\\/info.openlane.eu\\\/pt-pt\\\/#organization\",\"name\":\"OPENLANE\",\"url\":\"https:\\\/\\\/info.openlane.eu\\\/pt-pt\\\/\",\"logo\":{\"@type\":\"ImageObject\",\"inLanguage\":\"pt-PT\",\"@id\":\"https:\\\/\\\/info.openlane.eu\\\/pt-pt\\\/#\\\/schema\\\/logo\\\/image\\\/\",\"url\":\"https:\\\/\\\/info.openlane.eu\\\/wp-content\\\/uploads\\\/2025\\\/12\\\/openlane-RGB-on-Wht.png\",\"contentUrl\":\"https:\\\/\\\/info.openlane.eu\\\/wp-content\\\/uploads\\\/2025\\\/12\\\/openlane-RGB-on-Wht.png\",\"width\":615,\"height\":159,\"caption\":\"OPENLANE\"},\"image\":{\"@id\":\"https:\\\/\\\/info.openlane.eu\\\/pt-pt\\\/#\\\/schema\\\/logo\\\/image\\\/\"},\"sameAs\":[\"https:\\\/\\\/www.facebook.com\\\/OPENLANE.Europe\",\"https:\\\/\\\/x.com\\\/OPENLANE_Europe\",\"https:\\\/\\\/www.linkedin.com\\\/company\\\/openlane-europe\",\"https:\\\/\\\/www.instagram.com\\\/openlane_europe\\\/\"],\"description\":\"Our purpose is to make used car wholesale easy so our customers can be more successful. We sell high-quality second-hand vehicles exclusively and directly to car dealers and traders. All cars come with quality car descriptions and inspections. Our digital marketplace is the fresh wave carrying the automotive industry into the digital age. We give car traders more opportunities, more flexibility and more freedom than can be found anywhere else. Our strong commitment to quality and service drives us to continuously improve our offerings to suit the industry\u2019s ever-evolving needs. We aim to be the best and we strive to help our customers do the same. With flexible, modular and end-to-end remarketing solutions, and customer service in more than 20 languages, we offer innovative, tech-driven solutions and services that help customers to buy and sell with ease across Europe.\",\"email\":\"info@openlane.eu\",\"telephone\":\"+32 (0)16 38 00 68\",\"legalName\":\"OPENLANE Europe NV\",\"vatID\":\"BE0867129223\",\"numberOfEmployees\":{\"@type\":\"QuantitativeValue\",\"minValue\":\"201\",\"maxValue\":\"500\"}}]}<\/script>\n<!-- \/ Yoast SEO Premium plugin. -->","yoast_head_json":{"title":"Atualize-se com as newsletters do vendedor e do comprador | OPENLANE","description":"Explore as newsletters personalizadas para vendedores e compradores na OPENLANE. Informe-se sobre as \u00faltimas atualiza\u00e7\u00f5es, dicas e informa\u00e7\u00f5es de mercado para melhorar a experi\u00eancia de compra e venda.","robots":{"index":"index","follow":"follow","max-snippet":"max-snippet:-1","max-image-preview":"max-image-preview:large","max-video-preview":"max-video-preview:-1"},"canonical":"https:\/\/info.openlane.eu\/pt-pt\/help\/newsletters\/archive-2021\/","og_locale":"pt_PT","og_type":"article","og_title":"Arquivo 2021","og_description":"Explore as newsletters personalizadas para vendedores e compradores na OPENLANE. Informe-se sobre as \u00faltimas atualiza\u00e7\u00f5es, dicas e informa\u00e7\u00f5es de mercado para melhorar a experi\u00eancia de compra e venda.","og_url":"https:\/\/info.openlane.eu\/pt-pt\/help\/newsletters\/archive-2021\/","og_site_name":"OPENLANE","article_publisher":"https:\/\/www.facebook.com\/OPENLANE.Europe","article_modified_time":"2026-04-14T11:51:08+00:00","og_image":[{"width":1200,"height":675,"url":"https:\/\/info.openlane.eu\/wp-content\/uploads\/2025\/12\/logo-1200x675-1.png","type":"image\/png"}],"twitter_card":"summary_large_image","twitter_site":"@OPENLANE_Europe","twitter_misc":{"Tempo estimado de leitura":"2 minutos"},"schema":{"@context":"https:\/\/schema.org","@graph":[{"@type":"WebPage","@id":"https:\/\/info.openlane.eu\/pt-pt\/help\/newsletters\/archive-2021\/","url":"https:\/\/info.openlane.eu\/pt-pt\/help\/newsletters\/archive-2021\/","name":"Atualize-se com as newsletters do vendedor e do comprador | OPENLANE","isPartOf":{"@id":"https:\/\/info.openlane.eu\/pt-pt\/#website"},"datePublished":"2024-08-27T08:46:31+00:00","dateModified":"2026-04-14T11:51:08+00:00","description":"Explore as newsletters personalizadas para vendedores e compradores na OPENLANE. Informe-se sobre as \u00faltimas atualiza\u00e7\u00f5es, dicas e informa\u00e7\u00f5es de mercado para melhorar a experi\u00eancia de compra e venda.","breadcrumb":{"@id":"https:\/\/info.openlane.eu\/pt-pt\/help\/newsletters\/archive-2021\/#breadcrumb"},"inLanguage":"pt-PT","potentialAction":[{"@type":"ReadAction","target":["https:\/\/info.openlane.eu\/pt-pt\/help\/newsletters\/archive-2021\/"]}]},{"@type":"BreadcrumbList","@id":"https:\/\/info.openlane.eu\/pt-pt\/help\/newsletters\/archive-2021\/#breadcrumb","itemListElement":[{"@type":"ListItem","position":1,"name":"Home","item":"https:\/\/info.openlane.eu\/pt-pt\/"},{"@type":"ListItem","position":2,"name":"Ajuda","item":"https:\/\/info.openlane.eu\/pt-pt\/help\/"},{"@type":"ListItem","position":3,"name":"Newsletters","item":"https:\/\/info.openlane.eu\/pt-pt\/help\/newsletters\/"},{"@type":"ListItem","position":4,"name":"Arquivo 2021"}]},{"@type":"WebSite","@id":"https:\/\/info.openlane.eu\/pt-pt\/#website","url":"https:\/\/info.openlane.eu\/pt-pt\/","name":"OPENLANE","description":"Online used car auction website","publisher":{"@id":"https:\/\/info.openlane.eu\/pt-pt\/#organization"},"potentialAction":[{"@type":"SearchAction","target":{"@type":"EntryPoint","urlTemplate":"https:\/\/info.openlane.eu\/pt-pt\/?s={search_term_string}"},"query-input":{"@type":"PropertyValueSpecification","valueRequired":true,"valueName":"search_term_string"}}],"inLanguage":"pt-PT"},{"@type":"Organization","@id":"https:\/\/info.openlane.eu\/pt-pt\/#organization","name":"OPENLANE","url":"https:\/\/info.openlane.eu\/pt-pt\/","logo":{"@type":"ImageObject","inLanguage":"pt-PT","@id":"https:\/\/info.openlane.eu\/pt-pt\/#\/schema\/logo\/image\/","url":"https:\/\/info.openlane.eu\/wp-content\/uploads\/2025\/12\/openlane-RGB-on-Wht.png","contentUrl":"https:\/\/info.openlane.eu\/wp-content\/uploads\/2025\/12\/openlane-RGB-on-Wht.png","width":615,"height":159,"caption":"OPENLANE"},"image":{"@id":"https:\/\/info.openlane.eu\/pt-pt\/#\/schema\/logo\/image\/"},"sameAs":["https:\/\/www.facebook.com\/OPENLANE.Europe","https:\/\/x.com\/OPENLANE_Europe","https:\/\/www.linkedin.com\/company\/openlane-europe","https:\/\/www.instagram.com\/openlane_europe\/"],"description":"Our purpose is to make used car wholesale easy so our customers can be more successful. We sell high-quality second-hand vehicles exclusively and directly to car dealers and traders. All cars come with quality car descriptions and inspections. Our digital marketplace is the fresh wave carrying the automotive industry into the digital age. We give car traders more opportunities, more flexibility and more freedom than can be found anywhere else. Our strong commitment to quality and service drives us to continuously improve our offerings to suit the industry\u2019s ever-evolving needs. We aim to be the best and we strive to help our customers do the same. With flexible, modular and end-to-end remarketing solutions, and customer service in more than 20 languages, we offer innovative, tech-driven solutions and services that help customers to buy and sell with ease across Europe.","email":"info@openlane.eu","telephone":"+32 (0)16 38 00 68","legalName":"OPENLANE Europe NV","vatID":"BE0867129223","numberOfEmployees":{"@type":"QuantitativeValue","minValue":"201","maxValue":"500"}}]}},"_links":{"self":[{"href":"https:\/\/info.openlane.eu\/pt-pt\/wp-json\/wp\/v2\/pages\/33223","targetHints":{"allow":["GET"]}}],"collection":[{"href":"https:\/\/info.openlane.eu\/pt-pt\/wp-json\/wp\/v2\/pages"}],"about":[{"href":"https:\/\/info.openlane.eu\/pt-pt\/wp-json\/wp\/v2\/types\/page"}],"author":[{"embeddable":true,"href":"https:\/\/info.openlane.eu\/pt-pt\/wp-json\/wp\/v2\/users\/3"}],"replies":[{"embeddable":true,"href":"https:\/\/info.openlane.eu\/pt-pt\/wp-json\/wp\/v2\/comments?post=33223"}],"version-history":[{"count":10,"href":"https:\/\/info.openlane.eu\/pt-pt\/wp-json\/wp\/v2\/pages\/33223\/revisions"}],"predecessor-version":[{"id":87741,"href":"https:\/\/info.openlane.eu\/pt-pt\/wp-json\/wp\/v2\/pages\/33223\/revisions\/87741"}],"up":[{"embeddable":true,"href":"https:\/\/info.openlane.eu\/pt-pt\/wp-json\/wp\/v2\/pages\/33204"}],"wp:attachment":[{"href":"https:\/\/info.openlane.eu\/pt-pt\/wp-json\/wp\/v2\/media?parent=33223"}],"curies":[{"name":"wp","href":"https:\/\/api.w.org\/{rel}","templated":true}]}}