{"id":83195,"date":"2025-11-26T08:07:24","date_gmt":"2025-11-26T07:07:24","guid":{"rendered":"https:\/\/info.openlane.eu\/?page_id=83195"},"modified":"2026-04-08T10:24:08","modified_gmt":"2026-04-08T08:24:08","slug":"archive-2024","status":"publish","type":"page","link":"https:\/\/info.openlane.eu\/ro\/help\/newsletters\/archive-2024\/","title":{"rendered":"Arhiva 2024"},"content":{"rendered":"<section class=\"l-section wpb_row us_custom_19737bc8 height_medium\"><div class=\"l-section-h i-cf\"><div class=\"g-cols vc_row via_grid cols_1 laptops-cols_inherit tablets-cols_inherit mobiles-cols_1 valign_top type_default stacking_default\"><div class=\"wpb_column vc_column_container\"><div class=\"vc_column-inner\"><div class=\"wpb_text_column\"><div class=\"wpb_wrapper\"><div class=\"g-breadcrumbs\"><div class=\"g-breadcrumbs-item\"><a href=\"https:\/\/info.openlane.eu\/ro\/\" title=\"Centrul de informare\">Centrul de informare<\/a><\/div><div class=\"g-breadcrumbs-separator\">\/<\/div><\/div>\n<\/div><\/div><div class=\"w-separator size_small\"><\/div><div class=\"g-cols wpb_row via_grid cols_1 laptops-cols_inherit tablets-cols_inherit mobiles-cols_1 valign_top type_default stacking_default\" style=\"--columns-gap:3rem;\"><div class=\"wpb_column vc_column_container\"><div class=\"vc_column-inner\"><div class=\"wpb_text_column\"><div class=\"wpb_wrapper\"><h1>Buletine informative<\/h1>\n<p>Pe aceast\u0103 pagin\u0103, ve\u021bi g\u0103si toate buletinele noastre informative, \u00eencep\u00e2nd cu cele mai recente.<\/p>\n<\/div><\/div><div class=\"w-separator size_small\"><\/div><div class=\"wpb_text_column\"><div class=\"wpb_wrapper\">\n<form role=\"search\" method=\"get\" class=\"search-form\" action=\"https:\/\/info.openlane.eu\/ro\/search\/\">\n    <label>\n        <input type=\"search\" class=\"search-field\" placeholder=\"Ce c\u0103uta\u021bi?\" name=\"_keyword\" value=\"\" data-rlvlive=\"true\" data-rlvparentel=\"#rlvlive\" data-rlvconfig=\"default\" required minlength=\"3\">\n    <\/label>\n    <button type=\"submit\" class=\"search-submit\"><i class=\"fas fa-search\"><\/i><\/button>\n    <div id=\"rlvlive\"><\/div>\n<\/form>\n<\/div><\/div><div class=\"w-separator size_small\"><\/div><div class=\"w-hwrapper filter--buttons valign_middle align_left\" style=\"--hwrapper-gap:1rem\"><div class=\"w-btn-wrapper align_none\"><a class=\"w-btn us-btn-style_8\" href=\"https:\/\/info.openlane.eu\/ro\/help\/newsletters\/\"><span class=\"w-btn-label\">2026<\/span><\/a><\/div><div class=\"w-btn-wrapper align_none\"><a class=\"w-btn us-btn-style_8\" href=\"https:\/\/info.openlane.eu\/ro\/help\/newsletters\/archive-2025\/\"><span class=\"w-btn-label\">2025<\/span><\/a><\/div><div class=\"w-btn-wrapper align_none\"><a class=\"w-btn us-btn-style_8 active\" href=\"https:\/\/info.openlane.eu\/ro\/help\/newsletters\/archive-2024\/\"><span class=\"w-btn-label\">2024<\/span><\/a><\/div><div class=\"w-btn-wrapper align_none\"><a class=\"w-btn us-btn-style_8\" href=\"https:\/\/info.openlane.eu\/ro\/help\/newsletters\/archive-2023\/\"><span class=\"w-btn-label\">2023<\/span><\/a><\/div><div class=\"w-btn-wrapper align_none\"><a class=\"w-btn us-btn-style_8\" href=\"https:\/\/info.openlane.eu\/ro\/help\/newsletters\/archive-2022\/\"><span class=\"w-btn-label\">2022<\/span><\/a><\/div><div class=\"w-btn-wrapper align_none\"><a class=\"w-btn us-btn-style_8\" href=\"https:\/\/info.openlane.eu\/ro\/help\/newsletters\/archive-2021\/\"><span class=\"w-btn-label\">2021<\/span><\/a><\/div><div class=\"w-btn-wrapper align_none\"><a class=\"w-btn us-btn-style_8\" href=\"https:\/\/info.openlane.eu\/ro\/help\/newsletters\/archive-2020\/\"><span class=\"w-btn-label\">2020<\/span><\/a><\/div><\/div><\/div><\/div><\/div><div class=\"w-separator size_medium\"><\/div><div class=\"g-cols wpb_row via_grid cols_1 laptops-cols_inherit tablets-cols_inherit mobiles-cols_1 valign_top type_default stacking_default\" style=\"--columns-gap:3rem;\" id=\"grid--newsletter\"><div class=\"wpb_column vc_column_container\"><div class=\"vc_column-inner\"><div class=\"wpb_text_column\"><div class=\"wpb_wrapper\"><ul>\n<li>11.07.2024<\/li>\n<li>Upgrade pentru sec\u021biunea &#8216;Contul meu&#8217; | Gestionarea ofertan\u021bilor &#8216;Ofertan\u021bii mei&#8217;<\/li>\n<\/ul>\n<\/div><\/div><div class=\"wpb_text_column\"><div class=\"wpb_wrapper\"><ul>\n<li>30.05.2024<\/li>\n<li>Actualizare OPENLANE | ChatBot 24\/7 | Tutoriale Video | Arval Special | V\u00e2nzare din depozit<\/li>\n<\/ul>\n<\/div><\/div><div class=\"wpb_text_column\"><div class=\"wpb_wrapper\"><ul>\n<li>30.04.2024<\/li>\n<li>C\u0103utarea vehiculelor dup\u0103 loca\u021bie<\/li>\n<\/ul>\n<\/div><\/div><div class=\"wpb_text_column\"><div class=\"wpb_wrapper\"><ul>\n<li>02.04.2024<\/li>\n<li>Loca\u021bie nou\u0103 de ridicare \u00een Germania: Kraftverkehr Kempers<\/li>\n<\/ul>\n<\/div><\/div><div class=\"wpb_text_column\"><div class=\"wpb_wrapper\"><ul>\n<li>21.03.2024<\/li>\n<li>Asisten\u021b\u0103 mai rapid\u0103 | Program Live chat &amp; Asisten\u021b\u0103 prin Telefon<\/li>\n<\/ul>\n<\/div><\/div><div class=\"wpb_text_column\"><div class=\"wpb_wrapper\"><ul>\n<li>20.03.2024<\/li>\n<li>Descoperi\u021bi pagina &#8216;Comenzile mele&#8217;<\/li>\n<\/ul>\n<\/div><\/div><div class=\"wpb_text_column\"><div class=\"wpb_wrapper\"><ul>\n<li>24.01.2024<\/li>\n<li>Actualizare OPENLANE | Live Chat | Ma\u0219ina Anului<\/li>\n<\/ul>\n<\/div><\/div><\/div><\/div><\/div><\/div><\/div><\/div><\/div><\/section>\n","protected":false},"excerpt":{"rendered":"<p>Pe aceast\u0103 pagin\u0103, ve\u021bi g\u0103si toate buletinele noastre informative sortate dup\u0103 Prenume.<\/p>\n","protected":false},"author":3,"featured_media":0,"parent":33048,"menu_order":0,"comment_status":"closed","ping_status":"closed","template":"","meta":{"_acf_changed":false,"footnotes":""},"class_list":["post-83195","page","type-page","status-publish","hentry"],"acf":[],"yoast_head":"<!-- This site is optimized with the Yoast SEO Premium plugin v26.9 (Yoast SEO v27.4) - https:\/\/yoast.com\/product\/yoast-seo-premium-wordpress\/ -->\n<title>R\u0103m\u00e2ne\u021bi la curent cu V\u00e2nz\u0103tor &amp; buletine informative pentru cump\u0103r\u0103tori | OPENLANE<\/title>\n<meta name=\"description\" content=\"Explora\u021bi buletinele informative adaptate pentru v\u00e2nz\u0103tori \u0219i cump\u0103r\u0103tori pe OPENLANE. R\u0103m\u00e2ne\u021bi la curent cu cele mai recente actualiz\u0103ri, sfaturi \u0219i informa\u021bii de pia\u021b\u0103 pentru a \u00eembun\u0103t\u0103\u021bi experien\u021ba de cump\u0103rare \u0219i v\u00e2nzare.\" \/>\n<meta name=\"robots\" content=\"index, follow, max-snippet:-1, max-image-preview:large, max-video-preview:-1\" \/>\n<link rel=\"canonical\" href=\"https:\/\/info.openlane.eu\/ro\/help\/newsletters\/archive-2024\/\" \/>\n<meta property=\"og:locale\" content=\"ro_RO\" \/>\n<meta property=\"og:type\" content=\"article\" \/>\n<meta property=\"og:title\" content=\"Arhiva 2024\" \/>\n<meta property=\"og:description\" content=\"Explora\u021bi buletinele informative adaptate pentru v\u00e2nz\u0103tori \u0219i cump\u0103r\u0103tori pe OPENLANE. R\u0103m\u00e2ne\u021bi la curent cu cele mai recente actualiz\u0103ri, sfaturi \u0219i informa\u021bii de pia\u021b\u0103 pentru a \u00eembun\u0103t\u0103\u021bi experien\u021ba de cump\u0103rare \u0219i v\u00e2nzare.\" \/>\n<meta property=\"og:url\" content=\"https:\/\/info.openlane.eu\/ro\/help\/newsletters\/archive-2024\/\" \/>\n<meta property=\"og:site_name\" content=\"OPENLANE\" \/>\n<meta property=\"article:publisher\" content=\"https:\/\/www.facebook.com\/OPENLANE.Europe\" \/>\n<meta property=\"article:modified_time\" content=\"2026-04-08T08:24:08+00:00\" \/>\n<meta property=\"og:image\" content=\"https:\/\/info.openlane.eu\/wp-content\/uploads\/2025\/12\/logo-1200x675-1.png\" \/>\n\t<meta property=\"og:image:width\" content=\"1200\" \/>\n\t<meta property=\"og:image:height\" content=\"675\" \/>\n\t<meta property=\"og:image:type\" content=\"image\/png\" \/>\n<meta name=\"twitter:card\" content=\"summary_large_image\" \/>\n<meta name=\"twitter:site\" content=\"@OPENLANE_Europe\" \/>\n<meta name=\"twitter:label1\" content=\"Timp estimat pentru citire\" \/>\n\t<meta name=\"twitter:data1\" content=\"1 minut\" \/>\n<script type=\"application\/ld+json\" class=\"yoast-schema-graph\">{\"@context\":\"https:\\\/\\\/schema.org\",\"@graph\":[{\"@type\":\"WebPage\",\"@id\":\"https:\\\/\\\/info.openlane.eu\\\/ro\\\/help\\\/newsletters\\\/archive-2024\\\/\",\"url\":\"https:\\\/\\\/info.openlane.eu\\\/ro\\\/help\\\/newsletters\\\/archive-2024\\\/\",\"name\":\"R\u0103m\u00e2ne\u021bi la curent cu V\u00e2nz\u0103tor & buletine informative pentru cump\u0103r\u0103tori | OPENLANE\",\"isPartOf\":{\"@id\":\"https:\\\/\\\/info.openlane.eu\\\/ro\\\/#website\"},\"datePublished\":\"2025-11-26T07:07:24+00:00\",\"dateModified\":\"2026-04-08T08:24:08+00:00\",\"description\":\"Explora\u021bi buletinele informative adaptate pentru v\u00e2nz\u0103tori \u0219i cump\u0103r\u0103tori pe OPENLANE. R\u0103m\u00e2ne\u021bi la curent cu cele mai recente actualiz\u0103ri, sfaturi \u0219i informa\u021bii de pia\u021b\u0103 pentru a \u00eembun\u0103t\u0103\u021bi experien\u021ba de cump\u0103rare \u0219i v\u00e2nzare.\",\"breadcrumb\":{\"@id\":\"https:\\\/\\\/info.openlane.eu\\\/ro\\\/help\\\/newsletters\\\/archive-2024\\\/#breadcrumb\"},\"inLanguage\":\"ro-RO\",\"potentialAction\":[{\"@type\":\"ReadAction\",\"target\":[\"https:\\\/\\\/info.openlane.eu\\\/ro\\\/help\\\/newsletters\\\/archive-2024\\\/\"]}]},{\"@type\":\"BreadcrumbList\",\"@id\":\"https:\\\/\\\/info.openlane.eu\\\/ro\\\/help\\\/newsletters\\\/archive-2024\\\/#breadcrumb\",\"itemListElement\":[{\"@type\":\"ListItem\",\"position\":1,\"name\":\"Home\",\"item\":\"https:\\\/\\\/info.openlane.eu\\\/ro\\\/\"},{\"@type\":\"ListItem\",\"position\":2,\"name\":\"Ajutor\",\"item\":\"https:\\\/\\\/info.openlane.eu\\\/ro\\\/help\\\/\"},{\"@type\":\"ListItem\",\"position\":3,\"name\":\"Buletine informative\",\"item\":\"https:\\\/\\\/info.openlane.eu\\\/ro\\\/help\\\/newsletters\\\/\"},{\"@type\":\"ListItem\",\"position\":4,\"name\":\"Arhiva 2024\"}]},{\"@type\":\"WebSite\",\"@id\":\"https:\\\/\\\/info.openlane.eu\\\/ro\\\/#website\",\"url\":\"https:\\\/\\\/info.openlane.eu\\\/ro\\\/\",\"name\":\"OPENLANE\",\"description\":\"Online used car auction website\",\"publisher\":{\"@id\":\"https:\\\/\\\/info.openlane.eu\\\/ro\\\/#organization\"},\"potentialAction\":[{\"@type\":\"SearchAction\",\"target\":{\"@type\":\"EntryPoint\",\"urlTemplate\":\"https:\\\/\\\/info.openlane.eu\\\/ro\\\/?s={search_term_string}\"},\"query-input\":{\"@type\":\"PropertyValueSpecification\",\"valueRequired\":true,\"valueName\":\"search_term_string\"}}],\"inLanguage\":\"ro-RO\"},{\"@type\":\"Organization\",\"@id\":\"https:\\\/\\\/info.openlane.eu\\\/ro\\\/#organization\",\"name\":\"OPENLANE\",\"url\":\"https:\\\/\\\/info.openlane.eu\\\/ro\\\/\",\"logo\":{\"@type\":\"ImageObject\",\"inLanguage\":\"ro-RO\",\"@id\":\"https:\\\/\\\/info.openlane.eu\\\/ro\\\/#\\\/schema\\\/logo\\\/image\\\/\",\"url\":\"https:\\\/\\\/info.openlane.eu\\\/wp-content\\\/uploads\\\/2025\\\/12\\\/openlane-RGB-on-Wht.png\",\"contentUrl\":\"https:\\\/\\\/info.openlane.eu\\\/wp-content\\\/uploads\\\/2025\\\/12\\\/openlane-RGB-on-Wht.png\",\"width\":615,\"height\":159,\"caption\":\"OPENLANE\"},\"image\":{\"@id\":\"https:\\\/\\\/info.openlane.eu\\\/ro\\\/#\\\/schema\\\/logo\\\/image\\\/\"},\"sameAs\":[\"https:\\\/\\\/www.facebook.com\\\/OPENLANE.Europe\",\"https:\\\/\\\/x.com\\\/OPENLANE_Europe\",\"https:\\\/\\\/www.linkedin.com\\\/company\\\/openlane-europe\",\"https:\\\/\\\/www.instagram.com\\\/openlane_europe\\\/\"],\"description\":\"Our purpose is to make used car wholesale easy so our customers can be more successful. We sell high-quality second-hand vehicles exclusively and directly to car dealers and traders. All cars come with quality car descriptions and inspections. Our digital marketplace is the fresh wave carrying the automotive industry into the digital age. We give car traders more opportunities, more flexibility and more freedom than can be found anywhere else. Our strong commitment to quality and service drives us to continuously improve our offerings to suit the industry\u2019s ever-evolving needs. We aim to be the best and we strive to help our customers do the same. With flexible, modular and end-to-end remarketing solutions, and customer service in more than 20 languages, we offer innovative, tech-driven solutions and services that help customers to buy and sell with ease across Europe.\",\"email\":\"info@openlane.eu\",\"telephone\":\"+32 (0)16 38 00 68\",\"legalName\":\"OPENLANE Europe NV\",\"vatID\":\"BE0867129223\",\"numberOfEmployees\":{\"@type\":\"QuantitativeValue\",\"minValue\":\"201\",\"maxValue\":\"500\"}}]}<\/script>\n<!-- \/ Yoast SEO Premium plugin. -->","yoast_head_json":{"title":"R\u0103m\u00e2ne\u021bi la curent cu V\u00e2nz\u0103tor & buletine informative pentru cump\u0103r\u0103tori | OPENLANE","description":"Explora\u021bi buletinele informative adaptate pentru v\u00e2nz\u0103tori \u0219i cump\u0103r\u0103tori pe OPENLANE. R\u0103m\u00e2ne\u021bi la curent cu cele mai recente actualiz\u0103ri, sfaturi \u0219i informa\u021bii de pia\u021b\u0103 pentru a \u00eembun\u0103t\u0103\u021bi experien\u021ba de cump\u0103rare \u0219i v\u00e2nzare.","robots":{"index":"index","follow":"follow","max-snippet":"max-snippet:-1","max-image-preview":"max-image-preview:large","max-video-preview":"max-video-preview:-1"},"canonical":"https:\/\/info.openlane.eu\/ro\/help\/newsletters\/archive-2024\/","og_locale":"ro_RO","og_type":"article","og_title":"Arhiva 2024","og_description":"Explora\u021bi buletinele informative adaptate pentru v\u00e2nz\u0103tori \u0219i cump\u0103r\u0103tori pe OPENLANE. R\u0103m\u00e2ne\u021bi la curent cu cele mai recente actualiz\u0103ri, sfaturi \u0219i informa\u021bii de pia\u021b\u0103 pentru a \u00eembun\u0103t\u0103\u021bi experien\u021ba de cump\u0103rare \u0219i v\u00e2nzare.","og_url":"https:\/\/info.openlane.eu\/ro\/help\/newsletters\/archive-2024\/","og_site_name":"OPENLANE","article_publisher":"https:\/\/www.facebook.com\/OPENLANE.Europe","article_modified_time":"2026-04-08T08:24:08+00:00","og_image":[{"width":1200,"height":675,"url":"https:\/\/info.openlane.eu\/wp-content\/uploads\/2025\/12\/logo-1200x675-1.png","type":"image\/png"}],"twitter_card":"summary_large_image","twitter_site":"@OPENLANE_Europe","twitter_misc":{"Timp estimat pentru citire":"1 minut"},"schema":{"@context":"https:\/\/schema.org","@graph":[{"@type":"WebPage","@id":"https:\/\/info.openlane.eu\/ro\/help\/newsletters\/archive-2024\/","url":"https:\/\/info.openlane.eu\/ro\/help\/newsletters\/archive-2024\/","name":"R\u0103m\u00e2ne\u021bi la curent cu V\u00e2nz\u0103tor & buletine informative pentru cump\u0103r\u0103tori | OPENLANE","isPartOf":{"@id":"https:\/\/info.openlane.eu\/ro\/#website"},"datePublished":"2025-11-26T07:07:24+00:00","dateModified":"2026-04-08T08:24:08+00:00","description":"Explora\u021bi buletinele informative adaptate pentru v\u00e2nz\u0103tori \u0219i cump\u0103r\u0103tori pe OPENLANE. R\u0103m\u00e2ne\u021bi la curent cu cele mai recente actualiz\u0103ri, sfaturi \u0219i informa\u021bii de pia\u021b\u0103 pentru a \u00eembun\u0103t\u0103\u021bi experien\u021ba de cump\u0103rare \u0219i v\u00e2nzare.","breadcrumb":{"@id":"https:\/\/info.openlane.eu\/ro\/help\/newsletters\/archive-2024\/#breadcrumb"},"inLanguage":"ro-RO","potentialAction":[{"@type":"ReadAction","target":["https:\/\/info.openlane.eu\/ro\/help\/newsletters\/archive-2024\/"]}]},{"@type":"BreadcrumbList","@id":"https:\/\/info.openlane.eu\/ro\/help\/newsletters\/archive-2024\/#breadcrumb","itemListElement":[{"@type":"ListItem","position":1,"name":"Home","item":"https:\/\/info.openlane.eu\/ro\/"},{"@type":"ListItem","position":2,"name":"Ajutor","item":"https:\/\/info.openlane.eu\/ro\/help\/"},{"@type":"ListItem","position":3,"name":"Buletine informative","item":"https:\/\/info.openlane.eu\/ro\/help\/newsletters\/"},{"@type":"ListItem","position":4,"name":"Arhiva 2024"}]},{"@type":"WebSite","@id":"https:\/\/info.openlane.eu\/ro\/#website","url":"https:\/\/info.openlane.eu\/ro\/","name":"OPENLANE","description":"Online used car auction website","publisher":{"@id":"https:\/\/info.openlane.eu\/ro\/#organization"},"potentialAction":[{"@type":"SearchAction","target":{"@type":"EntryPoint","urlTemplate":"https:\/\/info.openlane.eu\/ro\/?s={search_term_string}"},"query-input":{"@type":"PropertyValueSpecification","valueRequired":true,"valueName":"search_term_string"}}],"inLanguage":"ro-RO"},{"@type":"Organization","@id":"https:\/\/info.openlane.eu\/ro\/#organization","name":"OPENLANE","url":"https:\/\/info.openlane.eu\/ro\/","logo":{"@type":"ImageObject","inLanguage":"ro-RO","@id":"https:\/\/info.openlane.eu\/ro\/#\/schema\/logo\/image\/","url":"https:\/\/info.openlane.eu\/wp-content\/uploads\/2025\/12\/openlane-RGB-on-Wht.png","contentUrl":"https:\/\/info.openlane.eu\/wp-content\/uploads\/2025\/12\/openlane-RGB-on-Wht.png","width":615,"height":159,"caption":"OPENLANE"},"image":{"@id":"https:\/\/info.openlane.eu\/ro\/#\/schema\/logo\/image\/"},"sameAs":["https:\/\/www.facebook.com\/OPENLANE.Europe","https:\/\/x.com\/OPENLANE_Europe","https:\/\/www.linkedin.com\/company\/openlane-europe","https:\/\/www.instagram.com\/openlane_europe\/"],"description":"Our purpose is to make used car wholesale easy so our customers can be more successful. We sell high-quality second-hand vehicles exclusively and directly to car dealers and traders. All cars come with quality car descriptions and inspections. Our digital marketplace is the fresh wave carrying the automotive industry into the digital age. We give car traders more opportunities, more flexibility and more freedom than can be found anywhere else. Our strong commitment to quality and service drives us to continuously improve our offerings to suit the industry\u2019s ever-evolving needs. We aim to be the best and we strive to help our customers do the same. With flexible, modular and end-to-end remarketing solutions, and customer service in more than 20 languages, we offer innovative, tech-driven solutions and services that help customers to buy and sell with ease across Europe.","email":"info@openlane.eu","telephone":"+32 (0)16 38 00 68","legalName":"OPENLANE Europe NV","vatID":"BE0867129223","numberOfEmployees":{"@type":"QuantitativeValue","minValue":"201","maxValue":"500"}}]}},"_links":{"self":[{"href":"https:\/\/info.openlane.eu\/ro\/wp-json\/wp\/v2\/pages\/83195","targetHints":{"allow":["GET"]}}],"collection":[{"href":"https:\/\/info.openlane.eu\/ro\/wp-json\/wp\/v2\/pages"}],"about":[{"href":"https:\/\/info.openlane.eu\/ro\/wp-json\/wp\/v2\/types\/page"}],"author":[{"embeddable":true,"href":"https:\/\/info.openlane.eu\/ro\/wp-json\/wp\/v2\/users\/3"}],"replies":[{"embeddable":true,"href":"https:\/\/info.openlane.eu\/ro\/wp-json\/wp\/v2\/comments?post=83195"}],"version-history":[{"count":6,"href":"https:\/\/info.openlane.eu\/ro\/wp-json\/wp\/v2\/pages\/83195\/revisions"}],"predecessor-version":[{"id":87653,"href":"https:\/\/info.openlane.eu\/ro\/wp-json\/wp\/v2\/pages\/83195\/revisions\/87653"}],"up":[{"embeddable":true,"href":"https:\/\/info.openlane.eu\/ro\/wp-json\/wp\/v2\/pages\/33048"}],"wp:attachment":[{"href":"https:\/\/info.openlane.eu\/ro\/wp-json\/wp\/v2\/media?parent=83195"}],"curies":[{"name":"wp","href":"https:\/\/api.w.org\/{rel}","templated":true}]}}