{"id":33537,"date":"2024-08-27T10:46:31","date_gmt":"2024-08-27T08:46:31","guid":{"rendered":"https:\/\/info.openlane.eu\/archive-2021\/"},"modified":"2026-04-14T13:58:04","modified_gmt":"2026-04-14T11:58:04","slug":"archive-2021","status":"publish","type":"page","link":"https:\/\/info.openlane.eu\/sl\/help\/newsletters\/archive-2021\/","title":{"rendered":"Arhiv 2021"},"content":{"rendered":"<section class=\"l-section wpb_row height_medium\"><div class=\"l-section-h i-cf\"><div class=\"g-cols vc_row via_grid cols_1 laptops-cols_inherit tablets-cols_inherit mobiles-cols_1 valign_top type_default stacking_default\"><div class=\"wpb_column vc_column_container\"><div class=\"vc_column-inner\"><div class=\"wpb_text_column\"><div class=\"wpb_wrapper\"><div class=\"g-breadcrumbs\"><div class=\"g-breadcrumbs-item\"><a href=\"https:\/\/info.openlane.eu\/sl\/\" title=\"Informacijsko sredi\u0161\u010de\">Informacijsko sredi\u0161\u010de<\/a><\/div><div class=\"g-breadcrumbs-separator\">\/<\/div><\/div>\n<\/div><\/div><div class=\"w-separator size_small\"><\/div><div class=\"g-cols wpb_row via_grid cols_1 laptops-cols_inherit tablets-cols_inherit mobiles-cols_1 valign_top type_default stacking_default\" style=\"--columns-gap:3rem;\"><div class=\"wpb_column vc_column_container\"><div class=\"vc_column-inner\"><div class=\"wpb_text_column\"><div class=\"wpb_wrapper\"><h1>Novice<\/h1>\n<p>Na tej strani so na voljo vse na\u0161e novice iz 2021. Najnovej\u0161e so na vrhu.<\/p>\n<\/div><\/div><div class=\"w-separator size_small\"><\/div><div class=\"wpb_text_column\"><div class=\"wpb_wrapper\">\n<form role=\"search\" method=\"get\" class=\"search-form\" action=\"https:\/\/info.openlane.eu\/sl\/search\/\">\n    <label>\n        <input type=\"search\" class=\"search-field\" placeholder=\"Kaj i\u0161\u010dete?\" name=\"_keyword\" value=\"\" data-rlvlive=\"true\" data-rlvparentel=\"#rlvlive\" data-rlvconfig=\"default\" required minlength=\"3\">\n    <\/label>\n    <button type=\"submit\" class=\"search-submit\"><i class=\"fas fa-search\"><\/i><\/button>\n    <div id=\"rlvlive\"><\/div>\n<\/form>\n<\/div><\/div><div class=\"w-separator size_small\"><\/div><div class=\"w-hwrapper filter--buttons valign_middle align_left\" style=\"--hwrapper-gap:1rem\"><div class=\"w-btn-wrapper align_none\"><a class=\"w-btn us-btn-style_8\" href=\"https:\/\/info.openlane.eu\/sl\/help\/newsletters\/\"><span class=\"w-btn-label\">2026<\/span><\/a><\/div><div class=\"w-btn-wrapper align_none\"><a class=\"w-btn us-btn-style_8\" href=\"https:\/\/info.openlane.eu\/sl\/help\/newsletters\/archive-2025\/\"><span class=\"w-btn-label\">2025<\/span><\/a><\/div><div class=\"w-btn-wrapper align_none\"><a class=\"w-btn us-btn-style_8\" href=\"https:\/\/info.openlane.eu\/sl\/help\/newsletters\/archive-2024\/\"><span class=\"w-btn-label\">2024<\/span><\/a><\/div><div class=\"w-btn-wrapper align_none\"><a class=\"w-btn us-btn-style_8\" href=\"https:\/\/info.openlane.eu\/sl\/help\/newsletters\/archive-2023\/\"><span class=\"w-btn-label\">2023<\/span><\/a><\/div><div class=\"w-btn-wrapper align_none\"><a class=\"w-btn us-btn-style_8\" href=\"https:\/\/info.openlane.eu\/sl\/help\/newsletters\/archive-2022\/\"><span class=\"w-btn-label\">2022<\/span><\/a><\/div><div class=\"w-btn-wrapper align_none\"><a class=\"w-btn us-btn-style_8 active\" href=\"https:\/\/info.openlane.eu\/sl\/help\/newsletters\/archive-2021\/\"><span class=\"w-btn-label\">2021<\/span><\/a><\/div><div class=\"w-btn-wrapper align_none\"><a class=\"w-btn us-btn-style_8\" href=\"https:\/\/info.openlane.eu\/sl\/help\/newsletters\/archive-2020\/\"><span class=\"w-btn-label\">2020<\/span><\/a><\/div><\/div><\/div><\/div><\/div><div class=\"w-separator size_medium\"><\/div><div class=\"g-cols wpb_row via_grid cols_1 laptops-cols_inherit tablets-cols_inherit mobiles-cols_1 valign_top type_default stacking_default\" style=\"--columns-gap:3rem;\" id=\"grid--newsletter\"><div class=\"wpb_column vc_column_container\"><div class=\"vc_column-inner\"><div class=\"wpb_text_column\"><div class=\"wpb_wrapper\"><ul>\n<li>23\/12\/2021<\/li>\n<li>Nov iskalni filter vam prina\u0161a hitrej\u0161e iskanje in bolj\u0161e mo\u017enosti za zmago | OPENLANE<\/li>\n<\/ul>\n<\/div><\/div><div class=\"wpb_text_column\"><div class=\"wpb_wrapper\"><ul>\n<li>22\/12\/2021<\/li>\n<li>Bo\u017ei\u010dne \u017eelje OPENLANE<\/li>\n<\/ul>\n<\/div><\/div><div class=\"wpb_text_column\"><div class=\"wpb_wrapper\"><ul>\n<li>14\/12\/2021<\/li>\n<li>Blog &#8211; Vodik in CNG\/LPG avtomobili | Francoska prevzemna lokacija | Zgodbe o uspehu strank | Priljubljeni avtomobili v va\u0161i dr\u017eavi<\/li>\n<\/ul>\n<\/div><\/div><div class=\"wpb_text_column\"><div class=\"wpb_wrapper\"><ul>\n<li>26\/11\/2021<\/li>\n<li>OPENLANE | Posebna dra\u017eba na \u010drni petek &#8211; dodatna nagrada za zmagovalce!<\/li>\n<\/ul>\n<\/div><\/div><div class=\"wpb_text_column\"><div class=\"wpb_wrapper\"><ul>\n<li>16\/11\/2021<\/li>\n<li>OPENLANE: Prihajajo\u010de spremembe v ceni<\/li>\n<\/ul>\n<\/div><\/div><div class=\"wpb_text_column\"><div class=\"wpb_wrapper\"><ul>\n<li>30\/06\/2021<\/li>\n<li>Italijanski elektri\u010dni avtomobili: ni\u010d ve\u010d Leasing na bateriji! | 5 najbolje prodajanih modelov avtomobilov<\/li>\n<\/ul>\n<\/div><\/div><div class=\"wpb_text_column\"><div class=\"wpb_wrapper\"><ul>\n<li>25\/05\/2021<\/li>\n<li>Sporo\u010dilo za javnost: OPENLANE bele\u017ei mo\u010dno rast prodaje avtomobilov | Kako pla\u010dati vozilo? | Raz\u0161irjene dra\u017ebe<\/li>\n<\/ul>\n<\/div><\/div><div class=\"wpb_text_column\"><div class=\"wpb_wrapper\"><ul>\n<li>27\/04\/2021<\/li>\n<li>Ali lahko spremenim naslov dostave za \u017ee naro\u010den prevoz? | Kako lahko spremenim geslo?<\/li>\n<\/ul>\n<\/div><\/div><div class=\"wpb_text_column\"><div class=\"wpb_wrapper\"><ul>\n<li>15\/04\/2021<\/li>\n<li>Posodobitve na\u0161ih pogojev in dolo\u010dil | OPENLANE<\/li>\n<\/ul>\n<\/div><\/div><div class=\"wpb_text_column\"><div class=\"wpb_wrapper\"><ul>\n<li>23\/03\/2021<\/li>\n<li>Elektri\u010dni avtomobili: prenosi lizinga akumulatorjev | I\u0161\u010dete rabljene avtomobile po ugodni ceni? | Kdaj lahko pokli\u010dem slu\u017ebo za pomo\u010d strankam? | Zmagovalni avto leta<\/li>\n<\/ul>\n<\/div><\/div><div class=\"wpb_text_column\"><div class=\"wpb_wrapper\"><ul>\n<li>23\/02\/2021<\/li>\n<li>Kon\u010dna dostava dokumentov | Prevzem vozil | Kupi zdaj in Ultimo<\/li>\n<\/ul>\n<\/div><\/div><div class=\"wpb_text_column\"><div class=\"wpb_wrapper\"><ul>\n<li>19\/01\/2021<\/li>\n<li>Kmalu&#8230; | Napoved datuma dobave | Avto leta 2021: kandidati<\/li>\n<\/ul>\n<\/div><\/div><\/div><\/div><\/div><\/div><\/div><\/div><\/div><\/section><section class=\"l-section wpb_row height_medium\"><div class=\"l-section-h i-cf\"><div class=\"g-cols vc_row via_grid cols_1 laptops-cols_inherit tablets-cols_inherit mobiles-cols_1 valign_top type_default stacking_default\"><div class=\"wpb_column vc_column_container\"><div class=\"vc_column-inner\"><div class=\"wpb_text_column\"><div class=\"wpb_wrapper\"><\/div><\/div><\/div><\/div><\/div><\/div><\/section>\n","protected":false},"excerpt":{"rendered":"Informacijsko sredi\u0161\u010de\/ Novice Na tej strani so na voljo vse na\u0161e novice iz 2021. Najnovej\u0161e so na vrhu. 2026202520242023202220212020 23\/12\/2021 Nov iskalni filter vam prina\u0161a hitrej\u0161e iskanje in bolj\u0161e mo\u017enosti za zmago | OPENLANE 22\/12\/2021 Bo\u017ei\u010dne \u017eelje OPENLANE 14\/12\/2021 Blog &#8211; Vodik in CNG\/LPG avtomobili | Francoska prevzemna lokacija | Zgodbe o uspehu strank |...","protected":false},"author":3,"featured_media":0,"parent":33518,"menu_order":0,"comment_status":"closed","ping_status":"closed","template":"","meta":{"_acf_changed":false,"footnotes":""},"class_list":["post-33537","page","type-page","status-publish","hentry"],"acf":[],"yoast_head":"<!-- This site is optimized with the Yoast SEO Premium plugin v26.9 (Yoast SEO v27.4) - https:\/\/yoast.com\/product\/yoast-seo-premium-wordpress\/ -->\n<title>Bodite na teko\u010dem z novicami za kupce in prodajalce | OPENLANE<\/title>\n<meta name=\"description\" content=\"Razi\u0161\u010dite novice, prilagojene prodajalcem in kupcem, na portalu OPENLANE. Bodite obve\u0161\u010deni o najnovej\u0161ih posodobitvah, nasvetih in tr\u017enih informacijah, ki izbolj\u0161ujejo va\u0161o izku\u0161njo pri nakupu in prodaji.\" \/>\n<meta name=\"robots\" content=\"index, follow, max-snippet:-1, max-image-preview:large, max-video-preview:-1\" \/>\n<link rel=\"canonical\" href=\"https:\/\/info.openlane.eu\/sl\/help\/newsletters\/archive-2021\/\" \/>\n<meta property=\"og:locale\" content=\"sl_SI\" \/>\n<meta property=\"og:type\" content=\"article\" \/>\n<meta property=\"og:title\" content=\"Arhiv 2021\" \/>\n<meta property=\"og:description\" content=\"Razi\u0161\u010dite novice, prilagojene prodajalcem in kupcem, na portalu OPENLANE. Bodite obve\u0161\u010deni o najnovej\u0161ih posodobitvah, nasvetih in tr\u017enih informacijah, ki izbolj\u0161ujejo va\u0161o izku\u0161njo pri nakupu in prodaji.\" \/>\n<meta property=\"og:url\" content=\"https:\/\/info.openlane.eu\/sl\/help\/newsletters\/archive-2021\/\" \/>\n<meta property=\"og:site_name\" content=\"OPENLANE\" \/>\n<meta property=\"article:publisher\" content=\"https:\/\/www.facebook.com\/OPENLANE.Europe\" \/>\n<meta property=\"article:modified_time\" content=\"2026-04-14T11:58:04+00:00\" \/>\n<meta property=\"og:image\" content=\"https:\/\/info.openlane.eu\/wp-content\/uploads\/2025\/12\/logo-1200x675-1.png\" \/>\n\t<meta property=\"og:image:width\" content=\"1200\" \/>\n\t<meta property=\"og:image:height\" content=\"675\" \/>\n\t<meta property=\"og:image:type\" content=\"image\/png\" \/>\n<meta name=\"twitter:card\" content=\"summary_large_image\" \/>\n<meta name=\"twitter:site\" content=\"@OPENLANE_Europe\" \/>\n<meta name=\"twitter:label1\" content=\"Est. reading time\" \/>\n\t<meta name=\"twitter:data1\" content=\"1 minuta\" \/>\n<script type=\"application\/ld+json\" class=\"yoast-schema-graph\">{\"@context\":\"https:\\\/\\\/schema.org\",\"@graph\":[{\"@type\":\"WebPage\",\"@id\":\"https:\\\/\\\/info.openlane.eu\\\/sl\\\/help\\\/newsletters\\\/archive-2021\\\/\",\"url\":\"https:\\\/\\\/info.openlane.eu\\\/sl\\\/help\\\/newsletters\\\/archive-2021\\\/\",\"name\":\"Bodite na teko\u010dem z novicami za kupce in prodajalce | OPENLANE\",\"isPartOf\":{\"@id\":\"https:\\\/\\\/info.openlane.eu\\\/sl\\\/#website\"},\"datePublished\":\"2024-08-27T08:46:31+00:00\",\"dateModified\":\"2026-04-14T11:58:04+00:00\",\"description\":\"Razi\u0161\u010dite novice, prilagojene prodajalcem in kupcem, na portalu OPENLANE. Bodite obve\u0161\u010deni o najnovej\u0161ih posodobitvah, nasvetih in tr\u017enih informacijah, ki izbolj\u0161ujejo va\u0161o izku\u0161njo pri nakupu in prodaji.\",\"breadcrumb\":{\"@id\":\"https:\\\/\\\/info.openlane.eu\\\/sl\\\/help\\\/newsletters\\\/archive-2021\\\/#breadcrumb\"},\"inLanguage\":\"sl-SI\",\"potentialAction\":[{\"@type\":\"ReadAction\",\"target\":[\"https:\\\/\\\/info.openlane.eu\\\/sl\\\/help\\\/newsletters\\\/archive-2021\\\/\"]}]},{\"@type\":\"BreadcrumbList\",\"@id\":\"https:\\\/\\\/info.openlane.eu\\\/sl\\\/help\\\/newsletters\\\/archive-2021\\\/#breadcrumb\",\"itemListElement\":[{\"@type\":\"ListItem\",\"position\":1,\"name\":\"Home\",\"item\":\"https:\\\/\\\/info.openlane.eu\\\/sl\\\/\"},{\"@type\":\"ListItem\",\"position\":2,\"name\":\"Pomo\u010d\",\"item\":\"https:\\\/\\\/info.openlane.eu\\\/sl\\\/help\\\/\"},{\"@type\":\"ListItem\",\"position\":3,\"name\":\"Novice\",\"item\":\"https:\\\/\\\/info.openlane.eu\\\/sl\\\/help\\\/newsletters\\\/\"},{\"@type\":\"ListItem\",\"position\":4,\"name\":\"Arhiv 2021\"}]},{\"@type\":\"WebSite\",\"@id\":\"https:\\\/\\\/info.openlane.eu\\\/sl\\\/#website\",\"url\":\"https:\\\/\\\/info.openlane.eu\\\/sl\\\/\",\"name\":\"OPENLANE\",\"description\":\"Online used car auction website\",\"publisher\":{\"@id\":\"https:\\\/\\\/info.openlane.eu\\\/sl\\\/#organization\"},\"potentialAction\":[{\"@type\":\"SearchAction\",\"target\":{\"@type\":\"EntryPoint\",\"urlTemplate\":\"https:\\\/\\\/info.openlane.eu\\\/sl\\\/?s={search_term_string}\"},\"query-input\":{\"@type\":\"PropertyValueSpecification\",\"valueRequired\":true,\"valueName\":\"search_term_string\"}}],\"inLanguage\":\"sl-SI\"},{\"@type\":\"Organization\",\"@id\":\"https:\\\/\\\/info.openlane.eu\\\/sl\\\/#organization\",\"name\":\"OPENLANE\",\"url\":\"https:\\\/\\\/info.openlane.eu\\\/sl\\\/\",\"logo\":{\"@type\":\"ImageObject\",\"inLanguage\":\"sl-SI\",\"@id\":\"https:\\\/\\\/info.openlane.eu\\\/sl\\\/#\\\/schema\\\/logo\\\/image\\\/\",\"url\":\"https:\\\/\\\/info.openlane.eu\\\/wp-content\\\/uploads\\\/2025\\\/12\\\/openlane-RGB-on-Wht.png\",\"contentUrl\":\"https:\\\/\\\/info.openlane.eu\\\/wp-content\\\/uploads\\\/2025\\\/12\\\/openlane-RGB-on-Wht.png\",\"width\":615,\"height\":159,\"caption\":\"OPENLANE\"},\"image\":{\"@id\":\"https:\\\/\\\/info.openlane.eu\\\/sl\\\/#\\\/schema\\\/logo\\\/image\\\/\"},\"sameAs\":[\"https:\\\/\\\/www.facebook.com\\\/OPENLANE.Europe\",\"https:\\\/\\\/x.com\\\/OPENLANE_Europe\",\"https:\\\/\\\/www.linkedin.com\\\/company\\\/openlane-europe\",\"https:\\\/\\\/www.instagram.com\\\/openlane_europe\\\/\"],\"description\":\"Our purpose is to make used car wholesale easy so our customers can be more successful. We sell high-quality second-hand vehicles exclusively and directly to car dealers and traders. All cars come with quality car descriptions and inspections. Our digital marketplace is the fresh wave carrying the automotive industry into the digital age. We give car traders more opportunities, more flexibility and more freedom than can be found anywhere else. Our strong commitment to quality and service drives us to continuously improve our offerings to suit the industry\u2019s ever-evolving needs. We aim to be the best and we strive to help our customers do the same. With flexible, modular and end-to-end remarketing solutions, and customer service in more than 20 languages, we offer innovative, tech-driven solutions and services that help customers to buy and sell with ease across Europe.\",\"email\":\"info@openlane.eu\",\"telephone\":\"+32 (0)16 38 00 68\",\"legalName\":\"OPENLANE Europe NV\",\"vatID\":\"BE0867129223\",\"numberOfEmployees\":{\"@type\":\"QuantitativeValue\",\"minValue\":\"201\",\"maxValue\":\"500\"}}]}<\/script>\n<!-- \/ Yoast SEO Premium plugin. -->","yoast_head_json":{"title":"Bodite na teko\u010dem z novicami za kupce in prodajalce | OPENLANE","description":"Razi\u0161\u010dite novice, prilagojene prodajalcem in kupcem, na portalu OPENLANE. Bodite obve\u0161\u010deni o najnovej\u0161ih posodobitvah, nasvetih in tr\u017enih informacijah, ki izbolj\u0161ujejo va\u0161o izku\u0161njo pri nakupu in prodaji.","robots":{"index":"index","follow":"follow","max-snippet":"max-snippet:-1","max-image-preview":"max-image-preview:large","max-video-preview":"max-video-preview:-1"},"canonical":"https:\/\/info.openlane.eu\/sl\/help\/newsletters\/archive-2021\/","og_locale":"sl_SI","og_type":"article","og_title":"Arhiv 2021","og_description":"Razi\u0161\u010dite novice, prilagojene prodajalcem in kupcem, na portalu OPENLANE. Bodite obve\u0161\u010deni o najnovej\u0161ih posodobitvah, nasvetih in tr\u017enih informacijah, ki izbolj\u0161ujejo va\u0161o izku\u0161njo pri nakupu in prodaji.","og_url":"https:\/\/info.openlane.eu\/sl\/help\/newsletters\/archive-2021\/","og_site_name":"OPENLANE","article_publisher":"https:\/\/www.facebook.com\/OPENLANE.Europe","article_modified_time":"2026-04-14T11:58:04+00:00","og_image":[{"width":1200,"height":675,"url":"https:\/\/info.openlane.eu\/wp-content\/uploads\/2025\/12\/logo-1200x675-1.png","type":"image\/png"}],"twitter_card":"summary_large_image","twitter_site":"@OPENLANE_Europe","twitter_misc":{"Est. reading time":"1 minuta"},"schema":{"@context":"https:\/\/schema.org","@graph":[{"@type":"WebPage","@id":"https:\/\/info.openlane.eu\/sl\/help\/newsletters\/archive-2021\/","url":"https:\/\/info.openlane.eu\/sl\/help\/newsletters\/archive-2021\/","name":"Bodite na teko\u010dem z novicami za kupce in prodajalce | OPENLANE","isPartOf":{"@id":"https:\/\/info.openlane.eu\/sl\/#website"},"datePublished":"2024-08-27T08:46:31+00:00","dateModified":"2026-04-14T11:58:04+00:00","description":"Razi\u0161\u010dite novice, prilagojene prodajalcem in kupcem, na portalu OPENLANE. Bodite obve\u0161\u010deni o najnovej\u0161ih posodobitvah, nasvetih in tr\u017enih informacijah, ki izbolj\u0161ujejo va\u0161o izku\u0161njo pri nakupu in prodaji.","breadcrumb":{"@id":"https:\/\/info.openlane.eu\/sl\/help\/newsletters\/archive-2021\/#breadcrumb"},"inLanguage":"sl-SI","potentialAction":[{"@type":"ReadAction","target":["https:\/\/info.openlane.eu\/sl\/help\/newsletters\/archive-2021\/"]}]},{"@type":"BreadcrumbList","@id":"https:\/\/info.openlane.eu\/sl\/help\/newsletters\/archive-2021\/#breadcrumb","itemListElement":[{"@type":"ListItem","position":1,"name":"Home","item":"https:\/\/info.openlane.eu\/sl\/"},{"@type":"ListItem","position":2,"name":"Pomo\u010d","item":"https:\/\/info.openlane.eu\/sl\/help\/"},{"@type":"ListItem","position":3,"name":"Novice","item":"https:\/\/info.openlane.eu\/sl\/help\/newsletters\/"},{"@type":"ListItem","position":4,"name":"Arhiv 2021"}]},{"@type":"WebSite","@id":"https:\/\/info.openlane.eu\/sl\/#website","url":"https:\/\/info.openlane.eu\/sl\/","name":"OPENLANE","description":"Online used car auction website","publisher":{"@id":"https:\/\/info.openlane.eu\/sl\/#organization"},"potentialAction":[{"@type":"SearchAction","target":{"@type":"EntryPoint","urlTemplate":"https:\/\/info.openlane.eu\/sl\/?s={search_term_string}"},"query-input":{"@type":"PropertyValueSpecification","valueRequired":true,"valueName":"search_term_string"}}],"inLanguage":"sl-SI"},{"@type":"Organization","@id":"https:\/\/info.openlane.eu\/sl\/#organization","name":"OPENLANE","url":"https:\/\/info.openlane.eu\/sl\/","logo":{"@type":"ImageObject","inLanguage":"sl-SI","@id":"https:\/\/info.openlane.eu\/sl\/#\/schema\/logo\/image\/","url":"https:\/\/info.openlane.eu\/wp-content\/uploads\/2025\/12\/openlane-RGB-on-Wht.png","contentUrl":"https:\/\/info.openlane.eu\/wp-content\/uploads\/2025\/12\/openlane-RGB-on-Wht.png","width":615,"height":159,"caption":"OPENLANE"},"image":{"@id":"https:\/\/info.openlane.eu\/sl\/#\/schema\/logo\/image\/"},"sameAs":["https:\/\/www.facebook.com\/OPENLANE.Europe","https:\/\/x.com\/OPENLANE_Europe","https:\/\/www.linkedin.com\/company\/openlane-europe","https:\/\/www.instagram.com\/openlane_europe\/"],"description":"Our purpose is to make used car wholesale easy so our customers can be more successful. We sell high-quality second-hand vehicles exclusively and directly to car dealers and traders. All cars come with quality car descriptions and inspections. Our digital marketplace is the fresh wave carrying the automotive industry into the digital age. We give car traders more opportunities, more flexibility and more freedom than can be found anywhere else. Our strong commitment to quality and service drives us to continuously improve our offerings to suit the industry\u2019s ever-evolving needs. We aim to be the best and we strive to help our customers do the same. With flexible, modular and end-to-end remarketing solutions, and customer service in more than 20 languages, we offer innovative, tech-driven solutions and services that help customers to buy and sell with ease across Europe.","email":"info@openlane.eu","telephone":"+32 (0)16 38 00 68","legalName":"OPENLANE Europe NV","vatID":"BE0867129223","numberOfEmployees":{"@type":"QuantitativeValue","minValue":"201","maxValue":"500"}}]}},"_links":{"self":[{"href":"https:\/\/info.openlane.eu\/sl\/wp-json\/wp\/v2\/pages\/33537","targetHints":{"allow":["GET"]}}],"collection":[{"href":"https:\/\/info.openlane.eu\/sl\/wp-json\/wp\/v2\/pages"}],"about":[{"href":"https:\/\/info.openlane.eu\/sl\/wp-json\/wp\/v2\/types\/page"}],"author":[{"embeddable":true,"href":"https:\/\/info.openlane.eu\/sl\/wp-json\/wp\/v2\/users\/3"}],"replies":[{"embeddable":true,"href":"https:\/\/info.openlane.eu\/sl\/wp-json\/wp\/v2\/comments?post=33537"}],"version-history":[{"count":7,"href":"https:\/\/info.openlane.eu\/sl\/wp-json\/wp\/v2\/pages\/33537\/revisions"}],"predecessor-version":[{"id":87745,"href":"https:\/\/info.openlane.eu\/sl\/wp-json\/wp\/v2\/pages\/33537\/revisions\/87745"}],"up":[{"embeddable":true,"href":"https:\/\/info.openlane.eu\/sl\/wp-json\/wp\/v2\/pages\/33518"}],"wp:attachment":[{"href":"https:\/\/info.openlane.eu\/sl\/wp-json\/wp\/v2\/media?parent=33537"}],"curies":[{"name":"wp","href":"https:\/\/api.w.org\/{rel}","templated":true}]}}