{"id":33582,"date":"2024-10-14T15:09:49","date_gmt":"2024-10-14T13:09:49","guid":{"rendered":"https:\/\/info.openlane.eu\/vehicle-description\/"},"modified":"2024-12-30T12:20:34","modified_gmt":"2024-12-30T11:20:34","slug":"vehicle-description","status":"publish","type":"page","link":"https:\/\/info.openlane.eu\/sl\/start-to-sell\/openlane-sell\/vehicle-description\/","title":{"rendered":"Opis vozila"},"content":{"rendered":"<section class=\"l-section wpb_row height_medium\"><div class=\"l-section-h i-cf\"><div class=\"g-cols vc_row via_grid cols_1 laptops-cols_inherit tablets-cols_inherit mobiles-cols_1 valign_top type_default stacking_default\"><div class=\"wpb_column vc_column_container\"><div class=\"vc_column-inner\"><div class=\"wpb_text_column\"><div class=\"wpb_wrapper\"><div class=\"g-breadcrumbs\"><div class=\"g-breadcrumbs-item\"><a href=\"https:\/\/info.openlane.eu\/sl\/\" title=\"Informacijsko sredi\u0161\u010de\">Informacijsko sredi\u0161\u010de<\/a><\/div><div class=\"g-breadcrumbs-separator\">\/<\/div><\/div>\n<\/div><\/div><div class=\"w-separator size_small\"><\/div><div class=\"g-cols wpb_row via_grid cols_1 laptops-cols_inherit tablets-cols_inherit mobiles-cols_1 valign_top type_default stacking_default\" style=\"--columns-gap:3rem;\"><div class=\"wpb_column vc_column_container\"><div class=\"vc_column-inner\"><div class=\"wpb_text_column\"><div class=\"wpb_wrapper\"><h1>Opis vozila<\/h1>\n<p><strong>V svetu spletne prodaje avtomobilov je zagotavljanje visokokakovostnih in natan\u010dnih opisov vozil klju\u010dnega pomena, \u0161e posebej pri rabljenih avtomobilih. Kupci morajo imeti jasen vpogled v stanje vozila, da se izognejo neprijetnim presene\u010denjem. Natan\u010den opis pomaga pri hitrej\u0161i prodaji, saj pove\u010duje zaupanje kupcev, zmanj\u0161a tveganje za vra\u010dilo vozil ter prepre\u010di te\u017eave s ponovno dra\u017ebo, \u010de vozilo ne izpolni pri\u010dakovanj. S tem ne le prihranite \u010das, ampak tudi zagotavljate bolj\u0161o izku\u0161njo za kupce in bolj gladek prodajni postopek.<\/strong><\/p>\n<\/div><\/div><\/div><\/div><\/div><\/div><\/div><\/div><\/div><\/section><section class=\"l-section wpb_row height_medium color_alternate\"><div class=\"l-section-h i-cf\"><div class=\"g-cols vc_row via_grid cols_1 laptops-cols_inherit tablets-cols_inherit mobiles-cols_1 valign_top type_default stacking_default\"><div class=\"wpb_column vc_column_container\"><div class=\"vc_column-inner\"><div class=\"g-cols wpb_row via_grid cols_1 laptops-cols_inherit tablets-cols_inherit mobiles-cols_1 valign_top type_default stacking_default\" style=\"--columns-gap:3rem;\"><div class=\"wpb_column vc_column_container\"><div class=\"vc_column-inner\"><div class=\"wpb_text_column\"><div class=\"wpb_wrapper\"><div class=\"g-cols wpb_row via_grid cols_1 laptops-cols_inherit tablets-cols_inherit mobiles-cols_1 valign_top type_default stacking_default\">\n<div class=\"wpb_column vc_column_container\">\n<div class=\"vc_column-inner\">\n<div class=\"wpb_text_column\">\n<div class=\"wpb_wrapper\">\n<h2>Modul za zanesljive opise vozil za ve\u010dkratno uporabo<\/h2>\n<p><span data-contrast=\"auto\" xml_lang=\"EN-US\" lang=\"EN-US\" class=\"TextRun SCXW65823026 BCX0\"> <span class=\"NormalTextRun SCXW65823026 BCX0\">OPENLANE Sell &#8220;Opisi vozil&#8221; vam ponuja prilagodljive na\u010dine za hitro ustvarjanje zanesljivih opisov vozil za ve\u010dkratno uporabo: \u00a0<\/span><\/span><span class=\"EOP SCXW65823026 BCX0\" data-ccp-props=\"{}\"><\/span><\/p>\n<\/div>\n<\/div>\n<\/div>\n<\/div>\n<\/div>\n<\/div><\/div><div class=\"w-separator size_medium\"><\/div><div class=\"w-hwrapper counter--section valign_top stack_on_mobiles align_none\" style=\"--hwrapper-gap:1.5rem\"><div class=\"wpb_text_column counter--number\"><div class=\"wpb_wrapper\"><p><span data-metadata=\"&amp;lt;!--(figmeta)eyJmaWxlS2V5IjoicjVDUFlXREM4OEVxUW5GQVNua2RRNyIsInBhc3RlSUQiOjE1MTEwNTM0OTIsImRhdGFUeXBlIjoic2NlbmUifQo=(\/figmeta)--&amp;gt;\"> <\/span>1<\/p>\n<\/div><\/div><div class=\"wpb_text_column\"><div class=\"wpb_wrapper\"><h5><span data-contrast=\"auto\" xml_lang=\"EN-US\" lang=\"EN-US\" class=\"TextRun SCXW207586338 BCX0\"> Aplikacija <span class=\"NormalTextRun SCXW207586338 BCX0\">OPENLANE Inspect<\/span><\/span><\/h5>\n<div class=\"wpb_text_column\">\n<div class=\"wpb_wrapper\">\n<div class=\"wpb_text_column wpb_content_element vc_custom_1693211853578\">\n<div class=\"wpb_wrapper\"><span data-contrast=\"auto\" xml_lang=\"EN-US\" lang=\"EN-US\" class=\"TextRun SCXW207586338 BCX0\"> <span class=\"NormalTextRun SCXW207586338 BCX0\">Na\u0161a mobilna aplikacija je bila razvita v podjetju, da bi Narediti pregledi vozil postali enostavni. Zlahka dostopen, ko ga potrebujete &#8211; na spletu ali zunaj njega -, je na voljo za<span><\/span><\/span><\/span><span data-contrast=\"auto\" xml_lang=\"EN-US\" lang=\"EN-US\" class=\"TextRun Underlined SCXW207586338 BCX0\"> <span class=\"NormalTextRun CommentStart CommentHighlightPipeRestV2 CommentHighlightRest SCXW207586338 BCX0\"><a href=\"https:\/\/apps.apple.com\/be\/app\/openlane-inspect\/id1576661081\" target=\"_blank\" rel=\"noopener\">iOS<\/a> in <a href=\"https:\/\/play.google.com\/store\/apps\/details?id=eu.adesa.inspect&amp;hl=en_GB&amp;pli=1\" target=\"_blank\" rel=\"noopener\">Google Play<\/a> za uporabnike sistema Android<\/span><\/span><span data-contrast=\"auto\" xml_lang=\"EN-US\" lang=\"EN-US\" class=\"TextRun SCXW207586338 BCX0\"><span class=\"NormalTextRun CommentHighlightPipeRestV2 SCXW207586338 BCX0\">. Ponuja navodila korak za korakom pri ustvarjanju<span><\/span><\/span>\u00a0<span class=\"NormalTextRun SpellingErrorV2Themed SCXW207586338 BCX0\">standardiziranih opisov vozil<\/span><span class=\"NormalTextRun SCXW207586338 BCX0\">, ki jih je mogo\u010de ponovno uporabiti. In\u0161pekcijske preglede, opravljene prek sistema OPENLANE Inspect, lahko nalo\u017eite neposredno v sistem OPENLANE Sell.<\/span><\/span><\/div>\n<\/div>\n<\/div>\n<\/div>\n<\/div><\/div><\/div><div class=\"w-image align_center\"><div class=\"w-image-h\"><img decoding=\"async\" width=\"1024\" height=\"366\" data-src=\"https:\/\/info.openlane.eu\/wp-content\/uploads\/2024\/09\/openlane-inspect-banner-1024x366.webp\" class=\"attachment-large size-large lazyload\" alt=\"OPENLANE Car inspections\" data-srcset=\"https:\/\/info.openlane.eu\/wp-content\/uploads\/2024\/09\/openlane-inspect-banner-1024x366.webp 1024w, https:\/\/info.openlane.eu\/wp-content\/uploads\/2024\/09\/openlane-inspect-banner-300x107.webp 300w, https:\/\/info.openlane.eu\/wp-content\/uploads\/2024\/09\/openlane-inspect-banner.webp 1030w\" data-sizes=\"auto, (max-width: 1024px) 100vw, 1024px\" src=\"data:image\/svg+xml;base64,PHN2ZyB3aWR0aD0iMSIgaGVpZ2h0PSIxIiB4bWxucz0iaHR0cDovL3d3dy53My5vcmcvMjAwMC9zdmciPjwvc3ZnPg==\" style=\"--smush-placeholder-width: 1024px; --smush-placeholder-aspect-ratio: 1024\/366;\" \/><\/div><\/div><div class=\"w-separator size_medium\"><\/div><div class=\"w-hwrapper counter--section valign_top stack_on_mobiles align_none\" style=\"--hwrapper-gap:1.5rem\"><div class=\"wpb_text_column counter--number\"><div class=\"wpb_wrapper\"><p><span data-metadata=\"&amp;lt;!--(figmeta)eyJmaWxlS2V5IjoicjVDUFlXREM4OEVxUW5GQVNua2RRNyIsInBhc3RlSUQiOjE1MTEwNTM0OTIsImRhdGFUeXBlIjoic2NlbmUifQo=(\/figmeta)--&amp;gt;\"> <\/span>2<\/p>\n<\/div><\/div><div class=\"wpb_text_column\"><div class=\"wpb_wrapper\"><h5><span data-contrast=\"auto\" xml_lang=\"EN-US\" lang=\"EN-US\" class=\"TextRun SCXW250735256 BCX0\"> <span class=\"NormalTextRun SCXW250735256 BCX0\">Pregled s strani usposobljenega in\u0161pektorja OPENLANE<\/span><\/span><\/h5>\n<div class=\"wpb_text_column\">\n<div class=\"wpb_wrapper\">\n<div class=\"wpb_text_column wpb_content_element vc_custom_1693211853578\">\n<div class=\"wpb_wrapper\">Za majhen stro\u0161ek, ki zna\u0161a 30 EUR na vozilo, plus fiksno pristojbino za lokacijo, se lahko dogovorite, da eden od na\u0161ih zaupanja vrednih strokovnjakov pregleda va\u0161e vozilo na kraju samem ali na najbli\u017ejem prevzemnem mestu OPENLANE. Opis vozila bo na voljo na va\u0161em portalu OPENLANE Sell takoj po pregledu.<\/div>\n<\/div>\n<\/div>\n<\/div>\n<\/div><\/div><\/div><div class=\"w-separator size_medium\"><\/div><div class=\"w-hwrapper counter--section valign_top stack_on_mobiles align_none\" style=\"--hwrapper-gap:1.5rem\"><div class=\"wpb_text_column counter--number\"><div class=\"wpb_wrapper\"><p><span data-metadata=\"&amp;lt;!--(figmeta)eyJmaWxlS2V5IjoicjVDUFlXREM4OEVxUW5GQVNua2RRNyIsInBhc3RlSUQiOjE1MTEwNTM0OTIsImRhdGFUeXBlIjoic2NlbmUifQo=(\/figmeta)--&amp;gt;\"> <\/span>3<\/p>\n<\/div><\/div><div class=\"wpb_text_column\"><div class=\"wpb_wrapper\"><h5><span data-contrast=\"auto\" xml_lang=\"EN-US\" lang=\"EN-US\" class=\"TextRun SCXW125412093 BCX0\"> <span class=\"NormalTextRun SCXW125412093 BCX0\">Zagotovite svoj opis<\/span><\/span><span data-contrast=\"auto\" xml_lang=\"EN-US\" lang=\"EN-US\" class=\"TextRun SCXW125412093 BCX0\"><span class=\"NormalTextRun SCXW125412093 BCX0\"><\/span><\/span><\/h5>\n<div class=\"wpb_text_column\">\n<div class=\"wpb_wrapper\">\n<div class=\"wpb_text_column wpb_content_element vc_custom_1693211853578\">\n<div class=\"wpb_wrapper\"><span class=\"NormalTextRun SCXW125412093 BCX0\">Ustvarite svoj opis neposredno v programu OPENLANE Sell ali nalo\u017eite datoteko CSV.<\/span><\/div>\n<\/div>\n<\/div>\n<\/div>\n<\/div><\/div><\/div><div class=\"w-separator size_medium\"><\/div><div class=\"w-hwrapper counter--section valign_top stack_on_mobiles align_none\" style=\"--hwrapper-gap:1.5rem\"><div class=\"wpb_text_column counter--number\"><div class=\"wpb_wrapper\"><p><span data-metadata=\"&amp;lt;!--(figmeta)eyJmaWxlS2V5IjoicjVDUFlXREM4OEVxUW5GQVNua2RRNyIsInBhc3RlSUQiOjE1MTEwNTM0OTIsImRhdGFUeXBlIjoic2NlbmUifQo=(\/figmeta)--&amp;gt;\"> <\/span>4<\/p>\n<\/div><\/div><div class=\"wpb_text_column\"><div class=\"wpb_wrapper\"><h5><span data-contrast=\"auto\" xml_lang=\"EN-US\" lang=\"EN-US\" class=\"TextRun SCXW125412093 BCX0\"> Pri pripravi opisa se lahko <span class=\"NormalTextRun SCXW125412093 BCX0\">zanesete na OPENLANE\u00a0<\/span><\/span><\/h5>\n<div class=\"wpb_text_column\">\n<div class=\"wpb_wrapper\">\n<div class=\"wpb_text_column wpb_content_element vc_custom_1693211853578\">\n<div class=\"wpb_wrapper\"><span class=\"NormalTextRun SCXW125412093 BCX0\">Vi zagotovite podatke, mi pa standardiziran opis vozila, ki ga je mogo\u010de ponovno uporabiti. <\/span><span class=\"NormalTextRun SCXW125412093 BCX0\"><\/span><span class=\"NormalTextRun SCXW125412093 BCX0\"><span><\/span>S programsko<span><\/span><\/span>\u00a0<span class=\"NormalTextRun SCXW125412093 BCX0\">opremo se lahko pove\u017eete<\/span><span class=\"NormalTextRun SCXW125412093 BCX0\"><span>\u00a0<\/span>tudi prek povezave API.<\/span><\/div>\n<\/div>\n<\/div>\n<\/div>\n<\/div><\/div><\/div><\/div><\/div><\/div><\/div><\/div><\/div><\/div><\/section><section class=\"l-section wpb_row height_medium\"><div class=\"l-section-h i-cf\"><div class=\"g-cols vc_row via_grid cols_1 laptops-cols_inherit tablets-cols_inherit mobiles-cols_1 valign_top type_default stacking_default\"><div class=\"wpb_column vc_column_container\"><div class=\"vc_column-inner\"><div class=\"g-cols wpb_row via_grid cols_1 laptops-cols_inherit tablets-cols_inherit mobiles-cols_1 valign_top type_default stacking_default\" style=\"--columns-gap:3rem;\"><div class=\"wpb_column vc_column_container\"><div class=\"vc_column-inner\"><div class=\"wpb_text_column\"><div class=\"wpb_wrapper\"><h2><span data-contrast=\"auto\" xml_lang=\"EN-US\" lang=\"EN-US\" class=\"TextRun SCXW250524143 BCX0\"><span class=\"NormalTextRun SCXW250524143 BCX0\">Va\u0161e koristi<\/span><\/span><\/h2>\n<p><span data-contrast=\"auto\" xml_lang=\"EN-US\" lang=\"EN-US\" class=\"TextRun SCXW47737156 BCX0\"> <span class=\"NormalTextRun SCXW47737156 BCX0\">OPENLANE Sell vam prihrani \u010das in trud.<span>\u00a0<\/span><\/span><span class=\"NormalTextRun SCXW47737156 BCX0\">To je<\/span><span class=\"NormalTextRun SCXW47737156 BCX0\"><span>\u00a0<\/span>najhitrej\u0161i in najla\u017eji na\u010din za ustvarjanje<span><\/span><\/span>\u00a0<span class=\"NormalTextRun SCXW47737156 BCX0\">natan\u010dnih<\/span><span class=\"NormalTextRun SCXW47737156 BCX0\">,<span><\/span><\/span>\u00a0<span class=\"NormalTextRun SpellingErrorV2Themed SCXW47737156 BCX0\">standardiziranih opisov<\/span><span class=\"NormalTextRun SCXW47737156 BCX0\"><span>\u00a0<\/span>vozil<\/span><span class=\"NormalTextRun SCXW47737156 BCX0\">, ki jih lahko<span><\/span><\/span>\u00a0<span class=\"NormalTextRun SCXW47737156 BCX0\">vedno znova uporabite.<\/span><\/span><span class=\"EOP SCXW47737156 BCX0\" data-ccp-props=\"{}\">\u00a0<\/span><\/p>\n<\/div><\/div><div class=\"w-separator size_small\"><\/div><div class=\"w-btn-wrapper align_none\"><a class=\"w-btn us-btn-style_1\" target=\"_blank\" href=\"https:\/\/www.openlane.eu\/sl\/register\"><span class=\"w-btn-label\">Preizkusite OPENLANE Sell<\/span><\/a><\/div><\/div><\/div><\/div><\/div><\/div><\/div><\/div><\/section>\n","protected":false},"excerpt":{"rendered":"Informacijsko sredi\u0161\u010de\/ Opis vozila V svetu spletne prodaje avtomobilov je zagotavljanje visokokakovostnih in natan\u010dnih opisov vozil klju\u010dnega pomena, \u0161e posebej pri rabljenih avtomobilih. Kupci morajo imeti jasen vpogled v stanje vozila, da se izognejo neprijetnim presene\u010denjem. Natan\u010den opis pomaga pri hitrej\u0161i prodaji, saj pove\u010duje zaupanje kupcev, zmanj\u0161a tveganje za vra\u010dilo vozil ter prepre\u010di te\u017eave s...","protected":false},"author":3,"featured_media":0,"parent":33520,"menu_order":1,"comment_status":"closed","ping_status":"closed","template":"","meta":{"_acf_changed":false,"footnotes":""},"class_list":["post-33582","page","type-page","status-publish","hentry"],"acf":[],"yoast_head":"<!-- This site is optimized with the Yoast SEO Premium plugin v26.9 (Yoast SEO v27.4) - https:\/\/yoast.com\/product\/yoast-seo-premium-wordpress\/ -->\n<title>Opisi vozil za nemoteno prodajo brez te\u017eav | OPENLANE<\/title>\n<meta name=\"description\" content=\"Razi\u0161\u010dite modul z opisi vozil iz OPENLANE Sell. Hitro ustvarite natan\u010dne opise vozil na ve\u010d prilagodljivih na\u010dinov.\" \/>\n<meta name=\"robots\" content=\"index, follow, max-snippet:-1, max-image-preview:large, max-video-preview:-1\" \/>\n<link rel=\"canonical\" href=\"https:\/\/info.openlane.eu\/sl\/start-to-sell\/openlane-sell\/vehicle-description\/\" \/>\n<meta property=\"og:locale\" content=\"sl_SI\" \/>\n<meta property=\"og:type\" content=\"article\" \/>\n<meta property=\"og:title\" content=\"Opis vozila\" \/>\n<meta property=\"og:description\" content=\"Razi\u0161\u010dite modul z opisi vozil iz OPENLANE Sell. Hitro ustvarite natan\u010dne opise vozil na ve\u010d prilagodljivih na\u010dinov.\" \/>\n<meta property=\"og:url\" content=\"https:\/\/info.openlane.eu\/sl\/start-to-sell\/openlane-sell\/vehicle-description\/\" \/>\n<meta property=\"og:site_name\" content=\"OPENLANE\" \/>\n<meta property=\"article:publisher\" content=\"https:\/\/www.facebook.com\/OPENLANE.Europe\" \/>\n<meta property=\"article:modified_time\" content=\"2024-12-30T11:20:34+00:00\" \/>\n<meta property=\"og:image\" content=\"https:\/\/info.openlane.eu\/wp-content\/uploads\/2025\/12\/logo-1200x675-1.png\" \/>\n\t<meta property=\"og:image:width\" content=\"1200\" \/>\n\t<meta property=\"og:image:height\" content=\"675\" \/>\n\t<meta property=\"og:image:type\" content=\"image\/png\" \/>\n<meta name=\"twitter:card\" content=\"summary_large_image\" \/>\n<meta name=\"twitter:site\" content=\"@OPENLANE_Europe\" \/>\n<meta name=\"twitter:label1\" content=\"Est. reading time\" \/>\n\t<meta name=\"twitter:data1\" content=\"2 minuti\" \/>\n<script type=\"application\/ld+json\" class=\"yoast-schema-graph\">{\"@context\":\"https:\\\/\\\/schema.org\",\"@graph\":[{\"@type\":\"WebPage\",\"@id\":\"https:\\\/\\\/info.openlane.eu\\\/sl\\\/start-to-sell\\\/openlane-sell\\\/vehicle-description\\\/\",\"url\":\"https:\\\/\\\/info.openlane.eu\\\/sl\\\/start-to-sell\\\/openlane-sell\\\/vehicle-description\\\/\",\"name\":\"Opisi vozil za nemoteno prodajo brez te\u017eav | OPENLANE\",\"isPartOf\":{\"@id\":\"https:\\\/\\\/info.openlane.eu\\\/sl\\\/#website\"},\"datePublished\":\"2024-10-14T13:09:49+00:00\",\"dateModified\":\"2024-12-30T11:20:34+00:00\",\"description\":\"Razi\u0161\u010dite modul z opisi vozil iz OPENLANE Sell. Hitro ustvarite natan\u010dne opise vozil na ve\u010d prilagodljivih na\u010dinov.\",\"breadcrumb\":{\"@id\":\"https:\\\/\\\/info.openlane.eu\\\/sl\\\/start-to-sell\\\/openlane-sell\\\/vehicle-description\\\/#breadcrumb\"},\"inLanguage\":\"sl-SI\",\"potentialAction\":[{\"@type\":\"ReadAction\",\"target\":[\"https:\\\/\\\/info.openlane.eu\\\/sl\\\/start-to-sell\\\/openlane-sell\\\/vehicle-description\\\/\"]}]},{\"@type\":\"BreadcrumbList\",\"@id\":\"https:\\\/\\\/info.openlane.eu\\\/sl\\\/start-to-sell\\\/openlane-sell\\\/vehicle-description\\\/#breadcrumb\",\"itemListElement\":[{\"@type\":\"ListItem\",\"position\":1,\"name\":\"Home\",\"item\":\"https:\\\/\\\/info.openlane.eu\\\/sl\\\/\"},{\"@type\":\"ListItem\",\"position\":2,\"name\":\"Za\u010dnite prodajati\",\"item\":\"https:\\\/\\\/info.openlane.eu\\\/sl\\\/start-to-sell\\\/\"},{\"@type\":\"ListItem\",\"position\":3,\"name\":\"OPENLANE Sell\",\"item\":\"https:\\\/\\\/info.openlane.eu\\\/sl\\\/start-to-sell\\\/openlane-sell\\\/\"},{\"@type\":\"ListItem\",\"position\":4,\"name\":\"Opis vozila\"}]},{\"@type\":\"WebSite\",\"@id\":\"https:\\\/\\\/info.openlane.eu\\\/sl\\\/#website\",\"url\":\"https:\\\/\\\/info.openlane.eu\\\/sl\\\/\",\"name\":\"OPENLANE\",\"description\":\"Online used car auction website\",\"publisher\":{\"@id\":\"https:\\\/\\\/info.openlane.eu\\\/sl\\\/#organization\"},\"potentialAction\":[{\"@type\":\"SearchAction\",\"target\":{\"@type\":\"EntryPoint\",\"urlTemplate\":\"https:\\\/\\\/info.openlane.eu\\\/sl\\\/?s={search_term_string}\"},\"query-input\":{\"@type\":\"PropertyValueSpecification\",\"valueRequired\":true,\"valueName\":\"search_term_string\"}}],\"inLanguage\":\"sl-SI\"},{\"@type\":\"Organization\",\"@id\":\"https:\\\/\\\/info.openlane.eu\\\/sl\\\/#organization\",\"name\":\"OPENLANE\",\"url\":\"https:\\\/\\\/info.openlane.eu\\\/sl\\\/\",\"logo\":{\"@type\":\"ImageObject\",\"inLanguage\":\"sl-SI\",\"@id\":\"https:\\\/\\\/info.openlane.eu\\\/sl\\\/#\\\/schema\\\/logo\\\/image\\\/\",\"url\":\"https:\\\/\\\/info.openlane.eu\\\/wp-content\\\/uploads\\\/2025\\\/12\\\/openlane-RGB-on-Wht.png\",\"contentUrl\":\"https:\\\/\\\/info.openlane.eu\\\/wp-content\\\/uploads\\\/2025\\\/12\\\/openlane-RGB-on-Wht.png\",\"width\":615,\"height\":159,\"caption\":\"OPENLANE\"},\"image\":{\"@id\":\"https:\\\/\\\/info.openlane.eu\\\/sl\\\/#\\\/schema\\\/logo\\\/image\\\/\"},\"sameAs\":[\"https:\\\/\\\/www.facebook.com\\\/OPENLANE.Europe\",\"https:\\\/\\\/x.com\\\/OPENLANE_Europe\",\"https:\\\/\\\/www.linkedin.com\\\/company\\\/openlane-europe\",\"https:\\\/\\\/www.instagram.com\\\/openlane_europe\\\/\"],\"description\":\"Our purpose is to make used car wholesale easy so our customers can be more successful. We sell high-quality second-hand vehicles exclusively and directly to car dealers and traders. All cars come with quality car descriptions and inspections. Our digital marketplace is the fresh wave carrying the automotive industry into the digital age. We give car traders more opportunities, more flexibility and more freedom than can be found anywhere else. Our strong commitment to quality and service drives us to continuously improve our offerings to suit the industry\u2019s ever-evolving needs. We aim to be the best and we strive to help our customers do the same. With flexible, modular and end-to-end remarketing solutions, and customer service in more than 20 languages, we offer innovative, tech-driven solutions and services that help customers to buy and sell with ease across Europe.\",\"email\":\"info@openlane.eu\",\"telephone\":\"+32 (0)16 38 00 68\",\"legalName\":\"OPENLANE Europe NV\",\"vatID\":\"BE0867129223\",\"numberOfEmployees\":{\"@type\":\"QuantitativeValue\",\"minValue\":\"201\",\"maxValue\":\"500\"}}]}<\/script>\n<!-- \/ Yoast SEO Premium plugin. -->","yoast_head_json":{"title":"Opisi vozil za nemoteno prodajo brez te\u017eav | OPENLANE","description":"Razi\u0161\u010dite modul z opisi vozil iz OPENLANE Sell. Hitro ustvarite natan\u010dne opise vozil na ve\u010d prilagodljivih na\u010dinov.","robots":{"index":"index","follow":"follow","max-snippet":"max-snippet:-1","max-image-preview":"max-image-preview:large","max-video-preview":"max-video-preview:-1"},"canonical":"https:\/\/info.openlane.eu\/sl\/start-to-sell\/openlane-sell\/vehicle-description\/","og_locale":"sl_SI","og_type":"article","og_title":"Opis vozila","og_description":"Razi\u0161\u010dite modul z opisi vozil iz OPENLANE Sell. Hitro ustvarite natan\u010dne opise vozil na ve\u010d prilagodljivih na\u010dinov.","og_url":"https:\/\/info.openlane.eu\/sl\/start-to-sell\/openlane-sell\/vehicle-description\/","og_site_name":"OPENLANE","article_publisher":"https:\/\/www.facebook.com\/OPENLANE.Europe","article_modified_time":"2024-12-30T11:20:34+00:00","og_image":[{"width":1200,"height":675,"url":"https:\/\/info.openlane.eu\/wp-content\/uploads\/2025\/12\/logo-1200x675-1.png","type":"image\/png"}],"twitter_card":"summary_large_image","twitter_site":"@OPENLANE_Europe","twitter_misc":{"Est. reading time":"2 minuti"},"schema":{"@context":"https:\/\/schema.org","@graph":[{"@type":"WebPage","@id":"https:\/\/info.openlane.eu\/sl\/start-to-sell\/openlane-sell\/vehicle-description\/","url":"https:\/\/info.openlane.eu\/sl\/start-to-sell\/openlane-sell\/vehicle-description\/","name":"Opisi vozil za nemoteno prodajo brez te\u017eav | OPENLANE","isPartOf":{"@id":"https:\/\/info.openlane.eu\/sl\/#website"},"datePublished":"2024-10-14T13:09:49+00:00","dateModified":"2024-12-30T11:20:34+00:00","description":"Razi\u0161\u010dite modul z opisi vozil iz OPENLANE Sell. Hitro ustvarite natan\u010dne opise vozil na ve\u010d prilagodljivih na\u010dinov.","breadcrumb":{"@id":"https:\/\/info.openlane.eu\/sl\/start-to-sell\/openlane-sell\/vehicle-description\/#breadcrumb"},"inLanguage":"sl-SI","potentialAction":[{"@type":"ReadAction","target":["https:\/\/info.openlane.eu\/sl\/start-to-sell\/openlane-sell\/vehicle-description\/"]}]},{"@type":"BreadcrumbList","@id":"https:\/\/info.openlane.eu\/sl\/start-to-sell\/openlane-sell\/vehicle-description\/#breadcrumb","itemListElement":[{"@type":"ListItem","position":1,"name":"Home","item":"https:\/\/info.openlane.eu\/sl\/"},{"@type":"ListItem","position":2,"name":"Za\u010dnite prodajati","item":"https:\/\/info.openlane.eu\/sl\/start-to-sell\/"},{"@type":"ListItem","position":3,"name":"OPENLANE Sell","item":"https:\/\/info.openlane.eu\/sl\/start-to-sell\/openlane-sell\/"},{"@type":"ListItem","position":4,"name":"Opis vozila"}]},{"@type":"WebSite","@id":"https:\/\/info.openlane.eu\/sl\/#website","url":"https:\/\/info.openlane.eu\/sl\/","name":"OPENLANE","description":"Online used car auction website","publisher":{"@id":"https:\/\/info.openlane.eu\/sl\/#organization"},"potentialAction":[{"@type":"SearchAction","target":{"@type":"EntryPoint","urlTemplate":"https:\/\/info.openlane.eu\/sl\/?s={search_term_string}"},"query-input":{"@type":"PropertyValueSpecification","valueRequired":true,"valueName":"search_term_string"}}],"inLanguage":"sl-SI"},{"@type":"Organization","@id":"https:\/\/info.openlane.eu\/sl\/#organization","name":"OPENLANE","url":"https:\/\/info.openlane.eu\/sl\/","logo":{"@type":"ImageObject","inLanguage":"sl-SI","@id":"https:\/\/info.openlane.eu\/sl\/#\/schema\/logo\/image\/","url":"https:\/\/info.openlane.eu\/wp-content\/uploads\/2025\/12\/openlane-RGB-on-Wht.png","contentUrl":"https:\/\/info.openlane.eu\/wp-content\/uploads\/2025\/12\/openlane-RGB-on-Wht.png","width":615,"height":159,"caption":"OPENLANE"},"image":{"@id":"https:\/\/info.openlane.eu\/sl\/#\/schema\/logo\/image\/"},"sameAs":["https:\/\/www.facebook.com\/OPENLANE.Europe","https:\/\/x.com\/OPENLANE_Europe","https:\/\/www.linkedin.com\/company\/openlane-europe","https:\/\/www.instagram.com\/openlane_europe\/"],"description":"Our purpose is to make used car wholesale easy so our customers can be more successful. We sell high-quality second-hand vehicles exclusively and directly to car dealers and traders. All cars come with quality car descriptions and inspections. Our digital marketplace is the fresh wave carrying the automotive industry into the digital age. We give car traders more opportunities, more flexibility and more freedom than can be found anywhere else. Our strong commitment to quality and service drives us to continuously improve our offerings to suit the industry\u2019s ever-evolving needs. We aim to be the best and we strive to help our customers do the same. With flexible, modular and end-to-end remarketing solutions, and customer service in more than 20 languages, we offer innovative, tech-driven solutions and services that help customers to buy and sell with ease across Europe.","email":"info@openlane.eu","telephone":"+32 (0)16 38 00 68","legalName":"OPENLANE Europe NV","vatID":"BE0867129223","numberOfEmployees":{"@type":"QuantitativeValue","minValue":"201","maxValue":"500"}}]}},"_links":{"self":[{"href":"https:\/\/info.openlane.eu\/sl\/wp-json\/wp\/v2\/pages\/33582","targetHints":{"allow":["GET"]}}],"collection":[{"href":"https:\/\/info.openlane.eu\/sl\/wp-json\/wp\/v2\/pages"}],"about":[{"href":"https:\/\/info.openlane.eu\/sl\/wp-json\/wp\/v2\/types\/page"}],"author":[{"embeddable":true,"href":"https:\/\/info.openlane.eu\/sl\/wp-json\/wp\/v2\/users\/3"}],"replies":[{"embeddable":true,"href":"https:\/\/info.openlane.eu\/sl\/wp-json\/wp\/v2\/comments?post=33582"}],"version-history":[{"count":5,"href":"https:\/\/info.openlane.eu\/sl\/wp-json\/wp\/v2\/pages\/33582\/revisions"}],"predecessor-version":[{"id":57729,"href":"https:\/\/info.openlane.eu\/sl\/wp-json\/wp\/v2\/pages\/33582\/revisions\/57729"}],"up":[{"embeddable":true,"href":"https:\/\/info.openlane.eu\/sl\/wp-json\/wp\/v2\/pages\/33520"}],"wp:attachment":[{"href":"https:\/\/info.openlane.eu\/sl\/wp-json\/wp\/v2\/media?parent=33582"}],"curies":[{"name":"wp","href":"https:\/\/api.w.org\/{rel}","templated":true}]}}