{"id":33617,"date":"2024-08-27T11:00:32","date_gmt":"2024-08-27T09:00:32","guid":{"rendered":"https:\/\/info.openlane.eu\/archive-2023\/"},"modified":"2026-04-09T15:07:04","modified_gmt":"2026-04-09T13:07:04","slug":"archive-2023","status":"publish","type":"page","link":"https:\/\/info.openlane.eu\/tr\/help\/newsletters\/archive-2023\/","title":{"rendered":"Ar\u015fiv 2023"},"content":{"rendered":"<section class=\"l-section wpb_row height_medium\"><div class=\"l-section-h i-cf\"><div class=\"g-cols vc_row via_grid cols_1 laptops-cols_inherit tablets-cols_inherit mobiles-cols_1 valign_top type_default stacking_default\"><div class=\"wpb_column vc_column_container\"><div class=\"vc_column-inner\"><div class=\"wpb_text_column\"><div class=\"wpb_wrapper\"><div class=\"g-breadcrumbs\"><div class=\"g-breadcrumbs-item\"><a href=\"https:\/\/info.openlane.eu\/tr\/\" title=\"Bilgi Merkezi\">Bilgi Merkezi<\/a><\/div><div class=\"g-breadcrumbs-separator\">\/<\/div><\/div>\n<\/div><\/div><div class=\"w-separator size_small\"><\/div><div class=\"g-cols wpb_row via_grid cols_1 laptops-cols_inherit tablets-cols_inherit mobiles-cols_1 valign_top type_default stacking_default\" style=\"--columns-gap:3rem;\"><div class=\"wpb_column vc_column_container\"><div class=\"vc_column-inner\"><div class=\"wpb_text_column\"><div class=\"wpb_wrapper\"><h1>Haber B\u00fcltenleri<\/h1>\n<p>Bu sayfada, 2023&#8217;teki t\u00fcm haber b\u00fcltenlerimizi bulabilirsiniz.<\/p>\n<\/div><\/div><div class=\"w-separator size_small\"><\/div><div class=\"wpb_text_column\"><div class=\"wpb_wrapper\">\n<form role=\"search\" method=\"get\" class=\"search-form\" action=\"https:\/\/info.openlane.eu\/tr\/search\/\">\n    <label>\n        <input type=\"search\" class=\"search-field\" placeholder=\"Ne ar\u0131yorsunuz?\" name=\"_keyword\" value=\"\" data-rlvlive=\"true\" data-rlvparentel=\"#rlvlive\" data-rlvconfig=\"default\" required minlength=\"3\">\n    <\/label>\n    <button type=\"submit\" class=\"search-submit\"><i class=\"fas fa-search\"><\/i><\/button>\n    <div id=\"rlvlive\"><\/div>\n<\/form>\n<\/div><\/div><div class=\"w-separator size_small\"><\/div><div class=\"w-hwrapper filter--buttons valign_middle align_left\" style=\"--hwrapper-gap:1rem\"><div class=\"w-btn-wrapper align_none\"><a class=\"w-btn us-btn-style_8\" href=\"https:\/\/info.openlane.eu\/tr\/help\/newsletters\/\"><span class=\"w-btn-label\">2026<\/span><\/a><\/div><div class=\"w-btn-wrapper align_none\"><a class=\"w-btn us-btn-style_8\" href=\"https:\/\/info.openlane.eu\/tr\/help\/newsletters\/archive-2025\/\"><span class=\"w-btn-label\">2025<\/span><\/a><\/div><div class=\"w-btn-wrapper align_none\"><a class=\"w-btn us-btn-style_8\" href=\"https:\/\/info.openlane.eu\/tr\/help\/newsletters\/archive-2024\/\"><span class=\"w-btn-label\">2024<\/span><\/a><\/div><div class=\"w-btn-wrapper align_none\"><a class=\"w-btn us-btn-style_8 active\" href=\"https:\/\/info.openlane.eu\/tr\/help\/newsletters\/archive-2023\/\"><span class=\"w-btn-label\">2023<\/span><\/a><\/div><div class=\"w-btn-wrapper align_none\"><a class=\"w-btn us-btn-style_8\" href=\"https:\/\/info.openlane.eu\/tr\/help\/newsletters\/archive-2022\/\"><span class=\"w-btn-label\">2022<\/span><\/a><\/div><div class=\"w-btn-wrapper align_none\"><a class=\"w-btn us-btn-style_8\" href=\"https:\/\/info.openlane.eu\/tr\/help\/newsletters\/archive-2021\/\"><span class=\"w-btn-label\">2021<\/span><\/a><\/div><div class=\"w-btn-wrapper align_none\"><a class=\"w-btn us-btn-style_8\" href=\"https:\/\/info.openlane.eu\/tr\/help\/newsletters\/archive-2020\/\"><span class=\"w-btn-label\">2020<\/span><\/a><\/div><\/div><\/div><\/div><\/div><div class=\"w-separator size_medium\"><\/div><div class=\"g-cols wpb_row via_grid cols_1 laptops-cols_inherit tablets-cols_inherit mobiles-cols_1 valign_top type_default stacking_default\" style=\"--columns-gap:3rem;\" id=\"grid--newsletter\"><div class=\"wpb_column vc_column_container\"><div class=\"vc_column-inner\"><div class=\"wpb_text_column\"><div class=\"wpb_wrapper\"><ul>\n<li>29\/12\/2023<\/li>\n<li>Mutlu Y\u0131llar! OPENLANE&#8217;in 2023&#8217;teki 5 \u00f6nemli olay\u0131n\u0131 yeniden ya\u015fay\u0131n<\/li>\n<\/ul>\n<\/div><\/div><div class=\"wpb_text_column\"><div class=\"wpb_wrapper\"><ul>\n<li>22\/12\/2023<\/li>\n<li>\u00dccretlerimizde yakla\u015fan de\u011fi\u015fiklikler | \u0130sve\u00e7 arabalar\u0131 i\u00e7in teslim alma politikas\u0131 hat\u0131rlatmas\u0131<\/li>\n<\/ul>\n<\/div><\/div><div class=\"wpb_text_column\"><div class=\"wpb_wrapper\"><ul>\n<li>21\/12\/2023<\/li>\n<li>Doland\u0131r\u0131c\u0131l\u0131k uygulamalar\u0131na kar\u015f\u0131 dikkatli olun<\/li>\n<\/ul>\n<\/div><\/div><div class=\"wpb_text_column\"><div class=\"wpb_wrapper\"><ul>\n<li>22\/11\/2023<\/li>\n<li>OPENLANE&#8217;e merhaba deyin | ADESA art\u0131k OPENLANE!<\/li>\n<\/ul>\n<\/div><\/div><div class=\"wpb_text_column\"><div class=\"wpb_wrapper\"><ul>\n<li>13\/10\/2023<\/li>\n<li>Merkez Genk: yeni adres<\/li>\n<\/ul>\n<\/div><\/div><div class=\"wpb_text_column\"><div class=\"wpb_wrapper\"><ul>\n<li>26\/09\/2023<\/li>\n<li>Yeni &#8216;Taleplerim&#8217; sayfas\u0131 talepleri kolayl\u0131kla y\u00f6netmenizi sa\u011flar | Sorun \u00e7\u00f6z\u00fcld\u00fc<\/li>\n<\/ul>\n<\/div><\/div><div class=\"wpb_text_column\"><div class=\"wpb_wrapper\"><ul>\n<li>07\/09\/2023<\/li>\n<li>Yeni &#8216;Taleplerim&#8217; sayfas\u0131 talepleri kolayl\u0131kla y\u00f6netmenizi sa\u011flar<\/li>\n<\/ul>\n<\/div><\/div><div class=\"wpb_text_column\"><div class=\"wpb_wrapper\"><ul>\n<li>17\/08\/2023<\/li>\n<li>&#8216;Hesab\u0131m&#8217; i\u00e7in g\u00fcncelleme | &#8216;Belgelerim&#8217; yeniden tasarland\u0131<\/li>\n<\/ul>\n<\/div><\/div><div class=\"wpb_text_column\"><div class=\"wpb_wrapper\"><ul>\n<li>09\/08\/2023<\/li>\n<li>&#8216;Hesab\u0131m&#8217; i\u00e7in g\u00fcncelleme<\/li>\n<\/ul>\n<\/div><\/div><div class=\"wpb_text_column\"><div class=\"wpb_wrapper\"><ul>\n<li>18\/07\/2023<\/li>\n<li>\u0130sve\u00e7&#8217;te iki yeni teslim alma merkezi!<\/li>\n<\/ul>\n<\/div><\/div><div class=\"wpb_text_column\"><div class=\"wpb_wrapper\"><ul>\n<li>20\/06\/2023<\/li>\n<li>Ula\u015f\u0131m | al\u0131c\u0131 anketi: sonu\u00e7lar | 3 SSS<\/li>\n<\/ul>\n<\/div><\/div><div class=\"wpb_text_column\"><div class=\"wpb_wrapper\"><ul>\n<li>31\/05\/2023<\/li>\n<li>\u00d6NEML\u0130: sahte OPENLANE e-postalar\u0131 ve WhatsApp mesajlar\u0131 dola\u015f\u0131yor<\/li>\n<\/ul>\n<\/div><\/div><div class=\"wpb_text_column\"><div class=\"wpb_wrapper\"><ul>\n<li>31\/03\/2023<\/li>\n<li>Daha kolay g\u00f6rev y\u00f6netimi i\u00e7in kullan\u0131c\u0131 hesab\u0131nda g\u00fcncelleme | Koltuk say\u0131s\u0131 ve AWD | 7\/24 Stoktan sat\u0131\u015f | Alman bayi arabalar\u0131<\/li>\n<\/ul>\n<\/div><\/div><div class=\"wpb_text_column\"><div class=\"wpb_wrapper\"><ul>\n<li>16\/03\/2023<\/li>\n<li>&#8216;\u00d6nerilerim&#8217; sayfas\u0131: ilgi alanlar\u0131n\u0131za uygun bir araba se\u00e7imi<\/li>\n<\/ul>\n<\/div><\/div><div class=\"wpb_text_column\"><div class=\"wpb_wrapper\"><ul>\n<li>15\/03\/2023<\/li>\n<li>Optimo en uygun \u00f6deme ve inceleme hizmetiniz geri d\u00f6nd\u00fc!<\/li>\n<\/ul>\n<\/div><\/div><div class=\"wpb_text_column\"><div class=\"wpb_wrapper\"><ul>\n<li>06\/03\/2023<\/li>\n<li>7\/24 sabit fiyatlarla stok ara\u00e7 sat\u0131n al\u0131n<\/li>\n<\/ul>\n<\/div><\/div><div class=\"wpb_text_column\"><div class=\"wpb_wrapper\"><ul>\n<li>24\/02\/2023<\/li>\n<li>YEN\u0130: dijital fiyat pazarl\u0131\u011f\u0131 \u00f6zelli\u011fi<\/li>\n<\/ul>\n<\/div><\/div><div class=\"wpb_text_column\"><div class=\"wpb_wrapper\"><ul>\n<li>19\/01\/2023<\/li>\n<li>OPENLANE tek bir Avrupa platformunda birle\u015fiyor<\/li>\n<\/ul>\n<\/div><\/div><\/div><\/div><\/div><\/div><\/div><\/div><\/div><\/section>\n","protected":false},"excerpt":{"rendered":"Bilgi Merkezi\/ Haber B\u00fcltenleri Bu sayfada, 2023&#8217;teki t\u00fcm haber b\u00fcltenlerimizi bulabilirsiniz. 2026202520242023202220212020 29\/12\/2023 Mutlu Y\u0131llar! OPENLANE&#8217;in 2023&#8217;teki 5 \u00f6nemli olay\u0131n\u0131 yeniden ya\u015fay\u0131n 22\/12\/2023 \u00dccretlerimizde yakla\u015fan de\u011fi\u015fiklikler | \u0130sve\u00e7 arabalar\u0131 i\u00e7in teslim alma politikas\u0131 hat\u0131rlatmas\u0131 21\/12\/2023 Doland\u0131r\u0131c\u0131l\u0131k uygulamalar\u0131na kar\u015f\u0131 dikkatli olun 22\/11\/2023 OPENLANE&#8217;e merhaba deyin | ADESA art\u0131k OPENLANE! 13\/10\/2023 Merkez Genk: yeni adres 26\/09\/2023 Yeni...","protected":false},"author":3,"featured_media":0,"parent":33596,"menu_order":0,"comment_status":"closed","ping_status":"closed","template":"","meta":{"_acf_changed":false,"footnotes":""},"class_list":["post-33617","page","type-page","status-publish","hentry"],"acf":[],"yoast_head":"<!-- This site is optimized with the Yoast SEO Premium plugin v26.9 (Yoast SEO v27.4) - https:\/\/yoast.com\/product\/yoast-seo-premium-wordpress\/ -->\n<title>Sat\u0131c\u0131 &amp; al\u0131c\u0131 haber b\u00fcltenleri ile g\u00fcncel kal\u0131n | OPENLANE<\/title>\n<meta name=\"description\" content=\"OPENLANE&#039;de sat\u0131c\u0131lar ve al\u0131c\u0131lar i\u00e7in \u00f6zel olarak haz\u0131rlanm\u0131\u015f haber b\u00fcltenlerini ke\u015ffedin. Sat\u0131n alma ve sat\u0131\u015f deneyimini geli\u015ftirmek i\u00e7in en son g\u00fcncellemeler, ipu\u00e7lar\u0131 ve piyasa bilgileri ile haberdar olun.\" \/>\n<meta name=\"robots\" content=\"index, follow, max-snippet:-1, max-image-preview:large, max-video-preview:-1\" \/>\n<link rel=\"canonical\" href=\"https:\/\/info.openlane.eu\/tr\/help\/newsletters\/archive-2023\/\" \/>\n<meta property=\"og:locale\" content=\"tr_TR\" \/>\n<meta property=\"og:type\" content=\"article\" \/>\n<meta property=\"og:title\" content=\"Ar\u015fiv 2023\" \/>\n<meta property=\"og:description\" content=\"OPENLANE&#039;de sat\u0131c\u0131lar ve al\u0131c\u0131lar i\u00e7in \u00f6zel olarak haz\u0131rlanm\u0131\u015f haber b\u00fcltenlerini ke\u015ffedin. Sat\u0131n alma ve sat\u0131\u015f deneyimini geli\u015ftirmek i\u00e7in en son g\u00fcncellemeler, ipu\u00e7lar\u0131 ve piyasa bilgileri ile haberdar olun.\" \/>\n<meta property=\"og:url\" content=\"https:\/\/info.openlane.eu\/tr\/help\/newsletters\/archive-2023\/\" \/>\n<meta property=\"og:site_name\" content=\"OPENLANE\" \/>\n<meta property=\"article:publisher\" content=\"https:\/\/www.facebook.com\/OPENLANE.Europe\" \/>\n<meta property=\"article:modified_time\" content=\"2026-04-09T13:07:04+00:00\" \/>\n<meta property=\"og:image\" content=\"https:\/\/info.openlane.eu\/wp-content\/uploads\/2025\/12\/logo-1200x675-1.png\" \/>\n\t<meta property=\"og:image:width\" content=\"1200\" \/>\n\t<meta property=\"og:image:height\" content=\"675\" \/>\n\t<meta property=\"og:image:type\" content=\"image\/png\" \/>\n<meta name=\"twitter:card\" content=\"summary_large_image\" \/>\n<meta name=\"twitter:site\" content=\"@OPENLANE_Europe\" \/>\n<meta name=\"twitter:label1\" content=\"Tahmini okuma s\u00fcresi\" \/>\n\t<meta name=\"twitter:data1\" content=\"1 dakika\" \/>\n<script type=\"application\/ld+json\" class=\"yoast-schema-graph\">{\"@context\":\"https:\\\/\\\/schema.org\",\"@graph\":[{\"@type\":\"WebPage\",\"@id\":\"https:\\\/\\\/info.openlane.eu\\\/tr\\\/help\\\/newsletters\\\/archive-2023\\\/\",\"url\":\"https:\\\/\\\/info.openlane.eu\\\/tr\\\/help\\\/newsletters\\\/archive-2023\\\/\",\"name\":\"Sat\u0131c\u0131 & al\u0131c\u0131 haber b\u00fcltenleri ile g\u00fcncel kal\u0131n | OPENLANE\",\"isPartOf\":{\"@id\":\"https:\\\/\\\/info.openlane.eu\\\/tr\\\/#website\"},\"datePublished\":\"2024-08-27T09:00:32+00:00\",\"dateModified\":\"2026-04-09T13:07:04+00:00\",\"description\":\"OPENLANE'de sat\u0131c\u0131lar ve al\u0131c\u0131lar i\u00e7in \u00f6zel olarak haz\u0131rlanm\u0131\u015f haber b\u00fcltenlerini ke\u015ffedin. Sat\u0131n alma ve sat\u0131\u015f deneyimini geli\u015ftirmek i\u00e7in en son g\u00fcncellemeler, ipu\u00e7lar\u0131 ve piyasa bilgileri ile haberdar olun.\",\"breadcrumb\":{\"@id\":\"https:\\\/\\\/info.openlane.eu\\\/tr\\\/help\\\/newsletters\\\/archive-2023\\\/#breadcrumb\"},\"inLanguage\":\"tr\",\"potentialAction\":[{\"@type\":\"ReadAction\",\"target\":[\"https:\\\/\\\/info.openlane.eu\\\/tr\\\/help\\\/newsletters\\\/archive-2023\\\/\"]}]},{\"@type\":\"BreadcrumbList\",\"@id\":\"https:\\\/\\\/info.openlane.eu\\\/tr\\\/help\\\/newsletters\\\/archive-2023\\\/#breadcrumb\",\"itemListElement\":[{\"@type\":\"ListItem\",\"position\":1,\"name\":\"Home\",\"item\":\"https:\\\/\\\/info.openlane.eu\\\/tr\\\/\"},{\"@type\":\"ListItem\",\"position\":2,\"name\":\"Yard\u0131m\",\"item\":\"https:\\\/\\\/info.openlane.eu\\\/tr\\\/help\\\/\"},{\"@type\":\"ListItem\",\"position\":3,\"name\":\"Haber B\u00fcltenleri\",\"item\":\"https:\\\/\\\/info.openlane.eu\\\/tr\\\/help\\\/newsletters\\\/\"},{\"@type\":\"ListItem\",\"position\":4,\"name\":\"Ar\u015fiv 2023\"}]},{\"@type\":\"WebSite\",\"@id\":\"https:\\\/\\\/info.openlane.eu\\\/tr\\\/#website\",\"url\":\"https:\\\/\\\/info.openlane.eu\\\/tr\\\/\",\"name\":\"OPENLANE\",\"description\":\"Online used car auction website\",\"publisher\":{\"@id\":\"https:\\\/\\\/info.openlane.eu\\\/tr\\\/#organization\"},\"potentialAction\":[{\"@type\":\"SearchAction\",\"target\":{\"@type\":\"EntryPoint\",\"urlTemplate\":\"https:\\\/\\\/info.openlane.eu\\\/tr\\\/?s={search_term_string}\"},\"query-input\":{\"@type\":\"PropertyValueSpecification\",\"valueRequired\":true,\"valueName\":\"search_term_string\"}}],\"inLanguage\":\"tr\"},{\"@type\":\"Organization\",\"@id\":\"https:\\\/\\\/info.openlane.eu\\\/tr\\\/#organization\",\"name\":\"OPENLANE\",\"url\":\"https:\\\/\\\/info.openlane.eu\\\/tr\\\/\",\"logo\":{\"@type\":\"ImageObject\",\"inLanguage\":\"tr\",\"@id\":\"https:\\\/\\\/info.openlane.eu\\\/tr\\\/#\\\/schema\\\/logo\\\/image\\\/\",\"url\":\"https:\\\/\\\/info.openlane.eu\\\/wp-content\\\/uploads\\\/2025\\\/12\\\/openlane-RGB-on-Wht.png\",\"contentUrl\":\"https:\\\/\\\/info.openlane.eu\\\/wp-content\\\/uploads\\\/2025\\\/12\\\/openlane-RGB-on-Wht.png\",\"width\":615,\"height\":159,\"caption\":\"OPENLANE\"},\"image\":{\"@id\":\"https:\\\/\\\/info.openlane.eu\\\/tr\\\/#\\\/schema\\\/logo\\\/image\\\/\"},\"sameAs\":[\"https:\\\/\\\/www.facebook.com\\\/OPENLANE.Europe\",\"https:\\\/\\\/x.com\\\/OPENLANE_Europe\",\"https:\\\/\\\/www.linkedin.com\\\/company\\\/openlane-europe\",\"https:\\\/\\\/www.instagram.com\\\/openlane_europe\\\/\"],\"description\":\"Our purpose is to make used car wholesale easy so our customers can be more successful. We sell high-quality second-hand vehicles exclusively and directly to car dealers and traders. All cars come with quality car descriptions and inspections. Our digital marketplace is the fresh wave carrying the automotive industry into the digital age. We give car traders more opportunities, more flexibility and more freedom than can be found anywhere else. Our strong commitment to quality and service drives us to continuously improve our offerings to suit the industry\u2019s ever-evolving needs. We aim to be the best and we strive to help our customers do the same. With flexible, modular and end-to-end remarketing solutions, and customer service in more than 20 languages, we offer innovative, tech-driven solutions and services that help customers to buy and sell with ease across Europe.\",\"email\":\"info@openlane.eu\",\"telephone\":\"+32 (0)16 38 00 68\",\"legalName\":\"OPENLANE Europe NV\",\"vatID\":\"BE0867129223\",\"numberOfEmployees\":{\"@type\":\"QuantitativeValue\",\"minValue\":\"201\",\"maxValue\":\"500\"}}]}<\/script>\n<!-- \/ Yoast SEO Premium plugin. -->","yoast_head_json":{"title":"Sat\u0131c\u0131 & al\u0131c\u0131 haber b\u00fcltenleri ile g\u00fcncel kal\u0131n | OPENLANE","description":"OPENLANE'de sat\u0131c\u0131lar ve al\u0131c\u0131lar i\u00e7in \u00f6zel olarak haz\u0131rlanm\u0131\u015f haber b\u00fcltenlerini ke\u015ffedin. Sat\u0131n alma ve sat\u0131\u015f deneyimini geli\u015ftirmek i\u00e7in en son g\u00fcncellemeler, ipu\u00e7lar\u0131 ve piyasa bilgileri ile haberdar olun.","robots":{"index":"index","follow":"follow","max-snippet":"max-snippet:-1","max-image-preview":"max-image-preview:large","max-video-preview":"max-video-preview:-1"},"canonical":"https:\/\/info.openlane.eu\/tr\/help\/newsletters\/archive-2023\/","og_locale":"tr_TR","og_type":"article","og_title":"Ar\u015fiv 2023","og_description":"OPENLANE'de sat\u0131c\u0131lar ve al\u0131c\u0131lar i\u00e7in \u00f6zel olarak haz\u0131rlanm\u0131\u015f haber b\u00fcltenlerini ke\u015ffedin. Sat\u0131n alma ve sat\u0131\u015f deneyimini geli\u015ftirmek i\u00e7in en son g\u00fcncellemeler, ipu\u00e7lar\u0131 ve piyasa bilgileri ile haberdar olun.","og_url":"https:\/\/info.openlane.eu\/tr\/help\/newsletters\/archive-2023\/","og_site_name":"OPENLANE","article_publisher":"https:\/\/www.facebook.com\/OPENLANE.Europe","article_modified_time":"2026-04-09T13:07:04+00:00","og_image":[{"width":1200,"height":675,"url":"https:\/\/info.openlane.eu\/wp-content\/uploads\/2025\/12\/logo-1200x675-1.png","type":"image\/png"}],"twitter_card":"summary_large_image","twitter_site":"@OPENLANE_Europe","twitter_misc":{"Tahmini okuma s\u00fcresi":"1 dakika"},"schema":{"@context":"https:\/\/schema.org","@graph":[{"@type":"WebPage","@id":"https:\/\/info.openlane.eu\/tr\/help\/newsletters\/archive-2023\/","url":"https:\/\/info.openlane.eu\/tr\/help\/newsletters\/archive-2023\/","name":"Sat\u0131c\u0131 & al\u0131c\u0131 haber b\u00fcltenleri ile g\u00fcncel kal\u0131n | OPENLANE","isPartOf":{"@id":"https:\/\/info.openlane.eu\/tr\/#website"},"datePublished":"2024-08-27T09:00:32+00:00","dateModified":"2026-04-09T13:07:04+00:00","description":"OPENLANE'de sat\u0131c\u0131lar ve al\u0131c\u0131lar i\u00e7in \u00f6zel olarak haz\u0131rlanm\u0131\u015f haber b\u00fcltenlerini ke\u015ffedin. Sat\u0131n alma ve sat\u0131\u015f deneyimini geli\u015ftirmek i\u00e7in en son g\u00fcncellemeler, ipu\u00e7lar\u0131 ve piyasa bilgileri ile haberdar olun.","breadcrumb":{"@id":"https:\/\/info.openlane.eu\/tr\/help\/newsletters\/archive-2023\/#breadcrumb"},"inLanguage":"tr","potentialAction":[{"@type":"ReadAction","target":["https:\/\/info.openlane.eu\/tr\/help\/newsletters\/archive-2023\/"]}]},{"@type":"BreadcrumbList","@id":"https:\/\/info.openlane.eu\/tr\/help\/newsletters\/archive-2023\/#breadcrumb","itemListElement":[{"@type":"ListItem","position":1,"name":"Home","item":"https:\/\/info.openlane.eu\/tr\/"},{"@type":"ListItem","position":2,"name":"Yard\u0131m","item":"https:\/\/info.openlane.eu\/tr\/help\/"},{"@type":"ListItem","position":3,"name":"Haber B\u00fcltenleri","item":"https:\/\/info.openlane.eu\/tr\/help\/newsletters\/"},{"@type":"ListItem","position":4,"name":"Ar\u015fiv 2023"}]},{"@type":"WebSite","@id":"https:\/\/info.openlane.eu\/tr\/#website","url":"https:\/\/info.openlane.eu\/tr\/","name":"OPENLANE","description":"Online used car auction website","publisher":{"@id":"https:\/\/info.openlane.eu\/tr\/#organization"},"potentialAction":[{"@type":"SearchAction","target":{"@type":"EntryPoint","urlTemplate":"https:\/\/info.openlane.eu\/tr\/?s={search_term_string}"},"query-input":{"@type":"PropertyValueSpecification","valueRequired":true,"valueName":"search_term_string"}}],"inLanguage":"tr"},{"@type":"Organization","@id":"https:\/\/info.openlane.eu\/tr\/#organization","name":"OPENLANE","url":"https:\/\/info.openlane.eu\/tr\/","logo":{"@type":"ImageObject","inLanguage":"tr","@id":"https:\/\/info.openlane.eu\/tr\/#\/schema\/logo\/image\/","url":"https:\/\/info.openlane.eu\/wp-content\/uploads\/2025\/12\/openlane-RGB-on-Wht.png","contentUrl":"https:\/\/info.openlane.eu\/wp-content\/uploads\/2025\/12\/openlane-RGB-on-Wht.png","width":615,"height":159,"caption":"OPENLANE"},"image":{"@id":"https:\/\/info.openlane.eu\/tr\/#\/schema\/logo\/image\/"},"sameAs":["https:\/\/www.facebook.com\/OPENLANE.Europe","https:\/\/x.com\/OPENLANE_Europe","https:\/\/www.linkedin.com\/company\/openlane-europe","https:\/\/www.instagram.com\/openlane_europe\/"],"description":"Our purpose is to make used car wholesale easy so our customers can be more successful. We sell high-quality second-hand vehicles exclusively and directly to car dealers and traders. All cars come with quality car descriptions and inspections. Our digital marketplace is the fresh wave carrying the automotive industry into the digital age. We give car traders more opportunities, more flexibility and more freedom than can be found anywhere else. Our strong commitment to quality and service drives us to continuously improve our offerings to suit the industry\u2019s ever-evolving needs. We aim to be the best and we strive to help our customers do the same. With flexible, modular and end-to-end remarketing solutions, and customer service in more than 20 languages, we offer innovative, tech-driven solutions and services that help customers to buy and sell with ease across Europe.","email":"info@openlane.eu","telephone":"+32 (0)16 38 00 68","legalName":"OPENLANE Europe NV","vatID":"BE0867129223","numberOfEmployees":{"@type":"QuantitativeValue","minValue":"201","maxValue":"500"}}]}},"_links":{"self":[{"href":"https:\/\/info.openlane.eu\/tr\/wp-json\/wp\/v2\/pages\/33617","targetHints":{"allow":["GET"]}}],"collection":[{"href":"https:\/\/info.openlane.eu\/tr\/wp-json\/wp\/v2\/pages"}],"about":[{"href":"https:\/\/info.openlane.eu\/tr\/wp-json\/wp\/v2\/types\/page"}],"author":[{"embeddable":true,"href":"https:\/\/info.openlane.eu\/tr\/wp-json\/wp\/v2\/users\/3"}],"replies":[{"embeddable":true,"href":"https:\/\/info.openlane.eu\/tr\/wp-json\/wp\/v2\/comments?post=33617"}],"version-history":[{"count":11,"href":"https:\/\/info.openlane.eu\/tr\/wp-json\/wp\/v2\/pages\/33617\/revisions"}],"predecessor-version":[{"id":87684,"href":"https:\/\/info.openlane.eu\/tr\/wp-json\/wp\/v2\/pages\/33617\/revisions\/87684"}],"up":[{"embeddable":true,"href":"https:\/\/info.openlane.eu\/tr\/wp-json\/wp\/v2\/pages\/33596"}],"wp:attachment":[{"href":"https:\/\/info.openlane.eu\/tr\/wp-json\/wp\/v2\/media?parent=33617"}],"curies":[{"name":"wp","href":"https:\/\/api.w.org\/{rel}","templated":true}]}}