{"id":33648,"date":"2024-10-01T10:14:22","date_gmt":"2024-10-01T08:14:22","guid":{"rendered":"https:\/\/info.openlane.eu\/?page_id=33648"},"modified":"2024-12-24T20:08:54","modified_gmt":"2024-12-24T19:08:54","slug":"releases-for-sellers","status":"publish","type":"page","link":"https:\/\/info.openlane.eu\/tr\/help\/releases-for-sellers\/","title":{"rendered":"Sat\u0131c\u0131lar i\u00e7in yay\u0131nlar"},"content":{"rendered":"<section class=\"l-section wpb_row height_medium\"><div class=\"l-section-h i-cf\"><div class=\"g-cols vc_row via_grid cols_1 laptops-cols_inherit tablets-cols_inherit mobiles-cols_1 valign_top type_default stacking_default\"><div class=\"wpb_column vc_column_container\"><div class=\"vc_column-inner\"><div class=\"wpb_text_column\"><div class=\"wpb_wrapper\"><div class=\"g-breadcrumbs\"><div class=\"g-breadcrumbs-item\"><a href=\"https:\/\/info.openlane.eu\/tr\/\" title=\"Bilgi Merkezi\">Bilgi Merkezi<\/a><\/div><div class=\"g-breadcrumbs-separator\">\/<\/div><\/div>\n<\/div><\/div><div class=\"w-separator size_small\"><\/div><div class=\"g-cols wpb_row via_grid cols_1 laptops-cols_inherit tablets-cols_inherit mobiles-cols_1 valign_top type_default stacking_default\" style=\"--columns-gap:3rem;\"><div class=\"wpb_column vc_column_container\"><div class=\"vc_column-inner\"><div class=\"wpb_text_column\"><div class=\"wpb_wrapper\"><h1>B\u00fcltenler<\/h1>\n<p>Bu sayfada, t\u00fcm b\u00fcltenlerimizi tarihe g\u00f6re s\u0131ralanm\u0131\u015f olarak bulabilirsiniz.<\/p>\n<\/div><\/div><div class=\"w-separator size_small\"><\/div><div class=\"wpb_text_column\"><div class=\"wpb_wrapper\">\n<form role=\"search\" method=\"get\" class=\"search-form\" action=\"https:\/\/info.openlane.eu\/tr\/search\/\">\n    <label>\n        <input type=\"search\" class=\"search-field\" placeholder=\"Ne ar\u0131yorsunuz?\" name=\"_keyword\" value=\"\" data-rlvlive=\"true\" data-rlvparentel=\"#rlvlive\" data-rlvconfig=\"default\" required minlength=\"3\">\n    <\/label>\n    <button type=\"submit\" class=\"search-submit\"><i class=\"fas fa-search\"><\/i><\/button>\n    <div id=\"rlvlive\"><\/div>\n<\/form>\n<\/div><\/div><div class=\"w-separator size_small\"><\/div><div class=\"w-hwrapper filter--buttons valign_middle align_left\" style=\"--hwrapper-gap:1rem\"><div class=\"w-btn-wrapper align_none\"><a class=\"w-btn us-btn-style_8\" href=\"https:\/\/info.openlane.eu\/tr\/help\/releases-for-buyers\/\"><span class=\"w-btn-label\">Al\u0131c\u0131lar i\u00e7in<\/span><\/a><\/div><div class=\"w-btn-wrapper align_none\"><a class=\"w-btn us-btn-style_8 active\" href=\"https:\/\/info.openlane.eu\/tr\/help\/releases-for-sellers\/\"><span class=\"w-btn-label\">Sat\u0131c\u0131lar i\u00e7in<\/span><\/a><\/div><\/div><\/div><\/div><\/div><div class=\"w-separator size_medium\"><\/div><div class=\"g-cols wpb_row via_grid cols_1 laptops-cols_inherit tablets-cols_inherit mobiles-cols_1 valign_top type_default stacking_default\" style=\"--columns-gap:3rem;\" id=\"grid--releases\"><div class=\"wpb_column vc_column_container\"><div class=\"vc_column-inner\"><div class=\"w-hwrapper valign_top stack_on_mobiles align_none\"><div class=\"wpb_text_column release--year\"><div class=\"wpb_wrapper\"><p>xx\/xx\/xxxx<\/p>\n<\/div><\/div><div class=\"w-vwrapper release--content align_none valign_top\" style=\"--vwrapper-gap:0rem\"><div class=\"wpb_text_column\"><div class=\"wpb_wrapper\"><h5>24 saat chatbot deste\u011fi art\u0131k mevcut!<\/h5>\n<p>Sohbet <strong>robotumuzun art\u0131k sorular\u0131n\u0131zda size yard\u0131mc\u0131 olmak ve ihtiyac\u0131n\u0131z oldu\u011funda an\u0131nda destek sunmak<\/strong> i\u00e7in hizmet verdi\u011fini duyurmaktan heyecan duyuyoruz. <strong>\u00c7al\u0131\u015fma saatlerinde<\/strong>, sorununuz \u00e7\u00f6z\u00fclmezse chatbot&#8217;tan ki\u015fiselle\u015ftirilmi\u015f yard\u0131m i\u00e7in sizi bir m\u00fc\u015fteri hizmeti temsilcisine ba\u011flamas\u0131n\u0131 isteyebilirsiniz. \u00c7al\u0131\u015fma saatleri <strong>d\u0131\u015f\u0131nda yard\u0131ma ihtiyac\u0131n\u0131z varsa, daha fazla yard\u0131m<\/strong> i\u00e7in m\u00fc\u015fteri hizmeti adresimizin m\u00fcmk\u00fcn olan en k\u0131sa s\u00fcrede e-posta veya telefon \u00e7a\u011fr\u0131s\u0131 yoluyla yan\u0131t verece\u011fi bir bilet a\u00e7abilirsiniz.<\/p>\n<\/div><\/div><\/div><\/div><\/div><\/div><\/div><\/div><\/div><\/div><\/div><\/section><section class=\"l-section wpb_row height_medium\"><div class=\"l-section-h i-cf\"><div class=\"g-cols vc_row via_grid cols_1 laptops-cols_inherit tablets-cols_inherit mobiles-cols_1 valign_top type_default stacking_default\"><div class=\"wpb_column vc_column_container\"><div class=\"vc_column-inner\"><div class=\"wpb_text_column\"><div class=\"wpb_wrapper\"><\/div><\/div><\/div><\/div><\/div><\/div><\/section>\n","protected":false},"excerpt":{"rendered":"Bilgi Merkezi\/ B\u00fcltenler Bu sayfada, t\u00fcm b\u00fcltenlerimizi tarihe g\u00f6re s\u0131ralanm\u0131\u015f olarak bulabilirsiniz. Al\u0131c\u0131lar i\u00e7inSat\u0131c\u0131lar i\u00e7inxx\/xx\/xxxx 24 saat chatbot deste\u011fi art\u0131k mevcut! Sohbet robotumuzun art\u0131k sorular\u0131n\u0131zda size yard\u0131mc\u0131 olmak ve ihtiyac\u0131n\u0131z oldu\u011funda an\u0131nda destek sunmak i\u00e7in hizmet verdi\u011fini duyurmaktan heyecan duyuyoruz. \u00c7al\u0131\u015fma saatlerinde, sorununuz \u00e7\u00f6z\u00fclmezse chatbot&#8217;tan ki\u015fiselle\u015ftirilmi\u015f yard\u0131m i\u00e7in sizi bir m\u00fc\u015fteri hizmeti temsilcisine ba\u011flamas\u0131n\u0131 isteyebilirsiniz....","protected":false},"author":3,"featured_media":0,"parent":33594,"menu_order":0,"comment_status":"closed","ping_status":"closed","template":"","meta":{"_acf_changed":false,"footnotes":""},"class_list":["post-33648","page","type-page","status-publish","hentry"],"acf":[],"yoast_head":"<!-- This site is optimized with the Yoast SEO Premium plugin v26.9 (Yoast SEO v27.4) - https:\/\/yoast.com\/product\/yoast-seo-premium-wordpress\/ -->\n<title>En son g\u00fcncellemelerimizi ve yay\u0131nlar\u0131m\u0131z\u0131 ke\u015ffedin | OPENLANE<\/title>\n<meta name=\"description\" content=\"OPENLANE&#039;in en son s\u00fcr\u00fcmleriyle g\u00fcncel kal\u0131n. Sat\u0131n alma ve sat\u0131\u015f deneyimini iyile\u015ftirmek i\u00e7in tasarlanan yeni \u00f6zellikleri, geli\u015ftirmeleri ve g\u00fcncellemeleri ke\u015ffedin.\" \/>\n<meta name=\"robots\" content=\"index, follow, max-snippet:-1, max-image-preview:large, max-video-preview:-1\" \/>\n<link rel=\"canonical\" href=\"https:\/\/info.openlane.eu\/tr\/help\/releases-for-sellers\/\" \/>\n<meta property=\"og:locale\" content=\"tr_TR\" \/>\n<meta property=\"og:type\" content=\"article\" \/>\n<meta property=\"og:title\" content=\"Sat\u0131c\u0131lar i\u00e7in yay\u0131nlar\" \/>\n<meta property=\"og:description\" content=\"OPENLANE&#039;in en son s\u00fcr\u00fcmleriyle g\u00fcncel kal\u0131n. Sat\u0131n alma ve sat\u0131\u015f deneyimini iyile\u015ftirmek i\u00e7in tasarlanan yeni \u00f6zellikleri, geli\u015ftirmeleri ve g\u00fcncellemeleri ke\u015ffedin.\" \/>\n<meta property=\"og:url\" content=\"https:\/\/info.openlane.eu\/tr\/help\/releases-for-sellers\/\" \/>\n<meta property=\"og:site_name\" content=\"OPENLANE\" \/>\n<meta property=\"article:publisher\" content=\"https:\/\/www.facebook.com\/OPENLANE.Europe\" \/>\n<meta property=\"article:modified_time\" content=\"2024-12-24T19:08:54+00:00\" \/>\n<meta property=\"og:image\" content=\"https:\/\/info.openlane.eu\/wp-content\/uploads\/2025\/12\/logo-1200x675-1.png\" \/>\n\t<meta property=\"og:image:width\" content=\"1200\" \/>\n\t<meta property=\"og:image:height\" content=\"675\" \/>\n\t<meta property=\"og:image:type\" content=\"image\/png\" \/>\n<meta name=\"twitter:card\" content=\"summary_large_image\" \/>\n<meta name=\"twitter:site\" content=\"@OPENLANE_Europe\" \/>\n<meta name=\"twitter:label1\" content=\"Tahmini okuma s\u00fcresi\" \/>\n\t<meta name=\"twitter:data1\" content=\"1 dakika\" \/>\n<script type=\"application\/ld+json\" class=\"yoast-schema-graph\">{\"@context\":\"https:\\\/\\\/schema.org\",\"@graph\":[{\"@type\":\"WebPage\",\"@id\":\"https:\\\/\\\/info.openlane.eu\\\/tr\\\/help\\\/releases-for-sellers\\\/\",\"url\":\"https:\\\/\\\/info.openlane.eu\\\/tr\\\/help\\\/releases-for-sellers\\\/\",\"name\":\"En son g\u00fcncellemelerimizi ve yay\u0131nlar\u0131m\u0131z\u0131 ke\u015ffedin | OPENLANE\",\"isPartOf\":{\"@id\":\"https:\\\/\\\/info.openlane.eu\\\/tr\\\/#website\"},\"datePublished\":\"2024-10-01T08:14:22+00:00\",\"dateModified\":\"2024-12-24T19:08:54+00:00\",\"description\":\"OPENLANE'in en son s\u00fcr\u00fcmleriyle g\u00fcncel kal\u0131n. Sat\u0131n alma ve sat\u0131\u015f deneyimini iyile\u015ftirmek i\u00e7in tasarlanan yeni \u00f6zellikleri, geli\u015ftirmeleri ve g\u00fcncellemeleri ke\u015ffedin.\",\"breadcrumb\":{\"@id\":\"https:\\\/\\\/info.openlane.eu\\\/tr\\\/help\\\/releases-for-sellers\\\/#breadcrumb\"},\"inLanguage\":\"tr\",\"potentialAction\":[{\"@type\":\"ReadAction\",\"target\":[\"https:\\\/\\\/info.openlane.eu\\\/tr\\\/help\\\/releases-for-sellers\\\/\"]}]},{\"@type\":\"BreadcrumbList\",\"@id\":\"https:\\\/\\\/info.openlane.eu\\\/tr\\\/help\\\/releases-for-sellers\\\/#breadcrumb\",\"itemListElement\":[{\"@type\":\"ListItem\",\"position\":1,\"name\":\"Home\",\"item\":\"https:\\\/\\\/info.openlane.eu\\\/tr\\\/\"},{\"@type\":\"ListItem\",\"position\":2,\"name\":\"Yard\u0131m\",\"item\":\"https:\\\/\\\/info.openlane.eu\\\/tr\\\/help\\\/\"},{\"@type\":\"ListItem\",\"position\":3,\"name\":\"Sat\u0131c\u0131lar i\u00e7in yay\u0131nlar\"}]},{\"@type\":\"WebSite\",\"@id\":\"https:\\\/\\\/info.openlane.eu\\\/tr\\\/#website\",\"url\":\"https:\\\/\\\/info.openlane.eu\\\/tr\\\/\",\"name\":\"OPENLANE\",\"description\":\"Online used car auction website\",\"publisher\":{\"@id\":\"https:\\\/\\\/info.openlane.eu\\\/tr\\\/#organization\"},\"potentialAction\":[{\"@type\":\"SearchAction\",\"target\":{\"@type\":\"EntryPoint\",\"urlTemplate\":\"https:\\\/\\\/info.openlane.eu\\\/tr\\\/?s={search_term_string}\"},\"query-input\":{\"@type\":\"PropertyValueSpecification\",\"valueRequired\":true,\"valueName\":\"search_term_string\"}}],\"inLanguage\":\"tr\"},{\"@type\":\"Organization\",\"@id\":\"https:\\\/\\\/info.openlane.eu\\\/tr\\\/#organization\",\"name\":\"OPENLANE\",\"url\":\"https:\\\/\\\/info.openlane.eu\\\/tr\\\/\",\"logo\":{\"@type\":\"ImageObject\",\"inLanguage\":\"tr\",\"@id\":\"https:\\\/\\\/info.openlane.eu\\\/tr\\\/#\\\/schema\\\/logo\\\/image\\\/\",\"url\":\"https:\\\/\\\/info.openlane.eu\\\/wp-content\\\/uploads\\\/2025\\\/12\\\/openlane-RGB-on-Wht.png\",\"contentUrl\":\"https:\\\/\\\/info.openlane.eu\\\/wp-content\\\/uploads\\\/2025\\\/12\\\/openlane-RGB-on-Wht.png\",\"width\":615,\"height\":159,\"caption\":\"OPENLANE\"},\"image\":{\"@id\":\"https:\\\/\\\/info.openlane.eu\\\/tr\\\/#\\\/schema\\\/logo\\\/image\\\/\"},\"sameAs\":[\"https:\\\/\\\/www.facebook.com\\\/OPENLANE.Europe\",\"https:\\\/\\\/x.com\\\/OPENLANE_Europe\",\"https:\\\/\\\/www.linkedin.com\\\/company\\\/openlane-europe\",\"https:\\\/\\\/www.instagram.com\\\/openlane_europe\\\/\"],\"description\":\"Our purpose is to make used car wholesale easy so our customers can be more successful. We sell high-quality second-hand vehicles exclusively and directly to car dealers and traders. All cars come with quality car descriptions and inspections. Our digital marketplace is the fresh wave carrying the automotive industry into the digital age. We give car traders more opportunities, more flexibility and more freedom than can be found anywhere else. Our strong commitment to quality and service drives us to continuously improve our offerings to suit the industry\u2019s ever-evolving needs. We aim to be the best and we strive to help our customers do the same. With flexible, modular and end-to-end remarketing solutions, and customer service in more than 20 languages, we offer innovative, tech-driven solutions and services that help customers to buy and sell with ease across Europe.\",\"email\":\"info@openlane.eu\",\"telephone\":\"+32 (0)16 38 00 68\",\"legalName\":\"OPENLANE Europe NV\",\"vatID\":\"BE0867129223\",\"numberOfEmployees\":{\"@type\":\"QuantitativeValue\",\"minValue\":\"201\",\"maxValue\":\"500\"}}]}<\/script>\n<!-- \/ Yoast SEO Premium plugin. -->","yoast_head_json":{"title":"En son g\u00fcncellemelerimizi ve yay\u0131nlar\u0131m\u0131z\u0131 ke\u015ffedin | OPENLANE","description":"OPENLANE'in en son s\u00fcr\u00fcmleriyle g\u00fcncel kal\u0131n. Sat\u0131n alma ve sat\u0131\u015f deneyimini iyile\u015ftirmek i\u00e7in tasarlanan yeni \u00f6zellikleri, geli\u015ftirmeleri ve g\u00fcncellemeleri ke\u015ffedin.","robots":{"index":"index","follow":"follow","max-snippet":"max-snippet:-1","max-image-preview":"max-image-preview:large","max-video-preview":"max-video-preview:-1"},"canonical":"https:\/\/info.openlane.eu\/tr\/help\/releases-for-sellers\/","og_locale":"tr_TR","og_type":"article","og_title":"Sat\u0131c\u0131lar i\u00e7in yay\u0131nlar","og_description":"OPENLANE'in en son s\u00fcr\u00fcmleriyle g\u00fcncel kal\u0131n. Sat\u0131n alma ve sat\u0131\u015f deneyimini iyile\u015ftirmek i\u00e7in tasarlanan yeni \u00f6zellikleri, geli\u015ftirmeleri ve g\u00fcncellemeleri ke\u015ffedin.","og_url":"https:\/\/info.openlane.eu\/tr\/help\/releases-for-sellers\/","og_site_name":"OPENLANE","article_publisher":"https:\/\/www.facebook.com\/OPENLANE.Europe","article_modified_time":"2024-12-24T19:08:54+00:00","og_image":[{"width":1200,"height":675,"url":"https:\/\/info.openlane.eu\/wp-content\/uploads\/2025\/12\/logo-1200x675-1.png","type":"image\/png"}],"twitter_card":"summary_large_image","twitter_site":"@OPENLANE_Europe","twitter_misc":{"Tahmini okuma s\u00fcresi":"1 dakika"},"schema":{"@context":"https:\/\/schema.org","@graph":[{"@type":"WebPage","@id":"https:\/\/info.openlane.eu\/tr\/help\/releases-for-sellers\/","url":"https:\/\/info.openlane.eu\/tr\/help\/releases-for-sellers\/","name":"En son g\u00fcncellemelerimizi ve yay\u0131nlar\u0131m\u0131z\u0131 ke\u015ffedin | OPENLANE","isPartOf":{"@id":"https:\/\/info.openlane.eu\/tr\/#website"},"datePublished":"2024-10-01T08:14:22+00:00","dateModified":"2024-12-24T19:08:54+00:00","description":"OPENLANE'in en son s\u00fcr\u00fcmleriyle g\u00fcncel kal\u0131n. Sat\u0131n alma ve sat\u0131\u015f deneyimini iyile\u015ftirmek i\u00e7in tasarlanan yeni \u00f6zellikleri, geli\u015ftirmeleri ve g\u00fcncellemeleri ke\u015ffedin.","breadcrumb":{"@id":"https:\/\/info.openlane.eu\/tr\/help\/releases-for-sellers\/#breadcrumb"},"inLanguage":"tr","potentialAction":[{"@type":"ReadAction","target":["https:\/\/info.openlane.eu\/tr\/help\/releases-for-sellers\/"]}]},{"@type":"BreadcrumbList","@id":"https:\/\/info.openlane.eu\/tr\/help\/releases-for-sellers\/#breadcrumb","itemListElement":[{"@type":"ListItem","position":1,"name":"Home","item":"https:\/\/info.openlane.eu\/tr\/"},{"@type":"ListItem","position":2,"name":"Yard\u0131m","item":"https:\/\/info.openlane.eu\/tr\/help\/"},{"@type":"ListItem","position":3,"name":"Sat\u0131c\u0131lar i\u00e7in yay\u0131nlar"}]},{"@type":"WebSite","@id":"https:\/\/info.openlane.eu\/tr\/#website","url":"https:\/\/info.openlane.eu\/tr\/","name":"OPENLANE","description":"Online used car auction website","publisher":{"@id":"https:\/\/info.openlane.eu\/tr\/#organization"},"potentialAction":[{"@type":"SearchAction","target":{"@type":"EntryPoint","urlTemplate":"https:\/\/info.openlane.eu\/tr\/?s={search_term_string}"},"query-input":{"@type":"PropertyValueSpecification","valueRequired":true,"valueName":"search_term_string"}}],"inLanguage":"tr"},{"@type":"Organization","@id":"https:\/\/info.openlane.eu\/tr\/#organization","name":"OPENLANE","url":"https:\/\/info.openlane.eu\/tr\/","logo":{"@type":"ImageObject","inLanguage":"tr","@id":"https:\/\/info.openlane.eu\/tr\/#\/schema\/logo\/image\/","url":"https:\/\/info.openlane.eu\/wp-content\/uploads\/2025\/12\/openlane-RGB-on-Wht.png","contentUrl":"https:\/\/info.openlane.eu\/wp-content\/uploads\/2025\/12\/openlane-RGB-on-Wht.png","width":615,"height":159,"caption":"OPENLANE"},"image":{"@id":"https:\/\/info.openlane.eu\/tr\/#\/schema\/logo\/image\/"},"sameAs":["https:\/\/www.facebook.com\/OPENLANE.Europe","https:\/\/x.com\/OPENLANE_Europe","https:\/\/www.linkedin.com\/company\/openlane-europe","https:\/\/www.instagram.com\/openlane_europe\/"],"description":"Our purpose is to make used car wholesale easy so our customers can be more successful. We sell high-quality second-hand vehicles exclusively and directly to car dealers and traders. All cars come with quality car descriptions and inspections. Our digital marketplace is the fresh wave carrying the automotive industry into the digital age. We give car traders more opportunities, more flexibility and more freedom than can be found anywhere else. Our strong commitment to quality and service drives us to continuously improve our offerings to suit the industry\u2019s ever-evolving needs. We aim to be the best and we strive to help our customers do the same. With flexible, modular and end-to-end remarketing solutions, and customer service in more than 20 languages, we offer innovative, tech-driven solutions and services that help customers to buy and sell with ease across Europe.","email":"info@openlane.eu","telephone":"+32 (0)16 38 00 68","legalName":"OPENLANE Europe NV","vatID":"BE0867129223","numberOfEmployees":{"@type":"QuantitativeValue","minValue":"201","maxValue":"500"}}]}},"_links":{"self":[{"href":"https:\/\/info.openlane.eu\/tr\/wp-json\/wp\/v2\/pages\/33648","targetHints":{"allow":["GET"]}}],"collection":[{"href":"https:\/\/info.openlane.eu\/tr\/wp-json\/wp\/v2\/pages"}],"about":[{"href":"https:\/\/info.openlane.eu\/tr\/wp-json\/wp\/v2\/types\/page"}],"author":[{"embeddable":true,"href":"https:\/\/info.openlane.eu\/tr\/wp-json\/wp\/v2\/users\/3"}],"replies":[{"embeddable":true,"href":"https:\/\/info.openlane.eu\/tr\/wp-json\/wp\/v2\/comments?post=33648"}],"version-history":[{"count":4,"href":"https:\/\/info.openlane.eu\/tr\/wp-json\/wp\/v2\/pages\/33648\/revisions"}],"predecessor-version":[{"id":55685,"href":"https:\/\/info.openlane.eu\/tr\/wp-json\/wp\/v2\/pages\/33648\/revisions\/55685"}],"up":[{"embeddable":true,"href":"https:\/\/info.openlane.eu\/tr\/wp-json\/wp\/v2\/pages\/33594"}],"wp:attachment":[{"href":"https:\/\/info.openlane.eu\/tr\/wp-json\/wp\/v2\/media?parent=33648"}],"curies":[{"name":"wp","href":"https:\/\/api.w.org\/{rel}","templated":true}]}}